{"id":15895,"date":"2022-10-20T20:01:51","date_gmt":"2022-10-20T19:01:51","guid":{"rendered":"https:\/\/mamaterra.lt\/parduotuve\/bez-kategorii\/doterra-buleczki-masci-ciemnoniebieskiej-10-szt-po-2-ml-kazda\/"},"modified":"2022-10-20T20:01:51","modified_gmt":"2022-10-20T19:01:51","slug":"doterra-deep-blue-masc-buleczki-10-szt-x-2ml","status":"publish","type":"product","link":"https:\/\/mamaterra.lt\/pl\/parduotuve\/olejki-eteryczne\/doterra-deep-blue-masc-buleczki-10-szt-x-2ml\/","title":{"rendered":"doTERRA Bu\u0142eczki ma\u015bci ciemnoniebieskiej (10 szt. po 2 ml ka\u017cda)"},"content":{"rendered":"<p><strong>10 bu\u0142eczek 2 ml kremu <span style=\"font-size: 16px; font-style: normal;\">\u0142agodz\u0105cego Deep Blue\u00ae Rub Samples<\/span><\/strong><\/p>\n<p><span style=\"font-size: 16px; font-style: normal; font-weight: 400;\">Wypr\u00f3buj docelowy komfort ma\u015bci \u0142agodz\u0105cej doTERRA Deep Blue Rub w wygodnym 10-pakowym pude\u0142ku. Ciesz si\u0119 jego koj\u0105c\u0105 moc\u0105 w zawodach sportowych, na si\u0142owni lub w podr\u00f3\u017cy.<\/span><\/p>\n<p>Z\u0142o\u017cony z opatentowanej mieszanki naturalnych ekstrakt\u00f3w ro\u015blinnych i innych silnych sk\u0142adnik\u00f3w, Deep Blue Rub zapewnia koj\u0105ce uczucie ch\u0142odu i ciep\u0142a w obszarach problemowych. Wykonany z najpopularniejszej mieszanki olejk\u00f3w eterycznych doTERRA Deep Blue, na kt\u00f3r\u0105 sk\u0142adaj\u0105 si\u0119 bor\u00f3wki brusznica, kamfora, mi\u0119ta pieprzowa, buk b\u0142\u0119kitny, matricaria (niemiecki rumianek), szalotka, ylang ylang i otomanty, ciemnoniebieski Rub jest nieodzownym dodatkiem do szafki \u0142azienkowej i torby sportowej. Deep Blue Rub miesza si\u0119 z nawil\u017caj\u0105cymi emolientami, kt\u00f3re nadaj\u0105 sk\u00f3rze uczucie mi\u0119kko\u015bci i oleisto\u015bci. Jest wybierany przez masa\u017cyst\u00f3w i specjalist\u00f3w sportowych, kt\u00f3rzy obecnie u\u017cywaj\u0105 w swojej praktyce mieszanki olejk\u00f3w eterycznych doTERRA Deep Blue.<\/p>\n<p><strong>Instrukcja u\u017cytkowania<\/strong><br \/>\nWmasuj krem w bol\u0105ce<span style=\"font-size: 16px;\"> miejsca. <\/span>  <\/p>\n<p><span style=\"font-size: 16px;\">Je\u015bli chcesz bardziej intensywnej procedury, na\u0142\u00f3\u017c na sk\u00f3r\u0119 ciemnoniebiesk\u0105 mieszank\u0119 olejk\u00f3w eterycznych przed na\u0142o\u017ceniem kremu.<\/span><\/p>\n<p><strong>Ostrze\u017cenia<\/strong><br \/>\nTylko do u\u017cytku zewn\u0119trznego. Mo\u017cliwa wra\u017cliwo\u015b\u0107 sk\u00f3ry. Unika\u0107 kontaktu z oczami. Nie stosowa\u0107 na rany lub uszkodzon\u0105 sk\u00f3r\u0119. Nie nak\u0142adaj ciasnego banda\u017ca po aplikacji ani nie u\u017cywaj go z podk\u0142adk\u0105 rozgrzewaj\u0105c\u0105. Przechowywa\u0107 w miejscu niedost\u0119pnym dla dzieci, aby unikn\u0105\u0107 przypadkowego po\u0142kni\u0119cia. W przypadku po\u0142kni\u0119cia nale\u017cy natychmiast zwr\u00f3ci\u0107 si\u0119 o pomoc lekarsk\u0105 lub Centrum Kontroli Zatru\u0107.<\/p>\n<p>Sk\u0142adniki<br \/>\nWoda (Aqua), olej z li\u015bci Gaultheria procumbens (Wintergreen), olej z cynamonowca kamforowego (kamforowego), mentol, alkohol cetearylowy, olej Prunus amygdalus dulcis (Sweet Almond), kwas stearynowy, stearynian glicerolu, stearynian PEG-100, olejek z mi\u0119ty pieprzowej, olejek z li\u015bci eukaliptusa (eukaliptusa), tr\u00f3jgliceryd kaprylu i kaprylu, glikol butylenowy, olej z kwiat\u00f3w Cananga odorata (Ylang Ylang), ekstrakt z owoc\u00f3w Capsicum frutescents, olej Chamomilla recutita (Matricaria), kwiat Tanacetum annuum (wrotyczu niebieskiego),  olej z li\u015bci i \u0142odyg, Helichrysum italicum (Helichrysum) olej z kwiat\u00f3w, li\u015bci i \u0142odyg, Alantoina, ekstrakt z owoc\u00f3w Gardenia florida, ekstrakt z kwiat\u00f3w Osmanthus fragrans (Osmantus), sproszkowany sok z li\u015bci aloesu barbadensis, ekstrakt z chlorelli vulgaris, palmitynian retinylu, skwalan, Ceteareth-20, kopolimer akrylanu hydroksyetylu i akrylodimetylotaurynianu sodu, dimetikon, fenoksyetanol, glikol kaprylowy, akrylan\/C10-30 alkiloakrylan crucolypolymer, guma ksantanowa, gliceryna etyloheksylowa, glikol heksaleng,  polisorbat 60, maltodekstryna, s\u00f3l sodowa PCA, tetraglutaminian sodu, izostearynian sorbitanu, sodu wodorotlenek<\/p>\n<p>&nbsp;<\/p>\n<p>&nbsp;<\/p>\n","protected":false},"excerpt":{"rendered":"<p>10 bu\u0142eczek 2 ml kremu <span style=\"font-size: 16px; font-style: normal; font-weight: 400;\">\u0142agodz\u0105cego Deep Blue\u00ae Rub Samples<\/span><\/p>\n<p><span style=\"font-size: 16px; font-style: normal; font-weight: 400;\">Wypr\u00f3buj docelowy komfort ma\u015bci \u0142agodz\u0105cej doTERRA Deep Blue Rub w wygodnym 10-pakowym pude\u0142ku. Ciesz si\u0119 jego koj\u0105c\u0105 moc\u0105 w zawodach sportowych, na si\u0142owni lub w podr\u00f3\u017cy.<\/span><\/p>\n","protected":false},"featured_media":14397,"template":"","meta":{"site-sidebar-layout":"default","site-content-layout":"default","ast-site-content-layout":"default","site-content-style":"default","site-sidebar-style":"default","ast-global-header-display":"","ast-banner-title-visibility":"","ast-main-header-display":"","ast-hfb-above-header-display":"","ast-hfb-below-header-display":"","ast-hfb-mobile-header-display":"","site-post-title":"","ast-breadcrumbs-content":"","ast-featured-img":"","footer-sml-layout":"","ast-disable-related-posts":"","theme-transparent-header-meta":"default","adv-header-id-meta":"","stick-header-meta":"","header-above-stick-meta":"","header-main-stick-meta":"","header-below-stick-meta":"","astra-migrate-meta-layouts":"default","ast-page-background-enabled":"default","ast-page-background-meta":{"desktop":{"background-color":"","background-image":"","background-repeat":"repeat","background-position":"center center","background-size":"auto","background-attachment":"scroll","background-type":"","background-media":"","overlay-type":"","overlay-color":"","overlay-opacity":"","overlay-gradient":""},"tablet":{"background-color":"","background-image":"","background-repeat":"repeat","background-position":"center center","background-size":"auto","background-attachment":"scroll","background-type":"","background-media":"","overlay-type":"","overlay-color":"","overlay-opacity":"","overlay-gradient":""},"mobile":{"background-color":"","background-image":"","background-repeat":"repeat","background-position":"center center","background-size":"auto","background-attachment":"scroll","background-type":"","background-media":"","overlay-type":"","overlay-color":"","overlay-opacity":"","overlay-gradient":""}},"ast-content-background-meta":{"desktop":{"background-color":"var(--ast-global-color-5)","background-image":"","background-repeat":"repeat","background-position":"center center","background-size":"auto","background-attachment":"scroll","background-type":"","background-media":"","overlay-type":"","overlay-color":"","overlay-opacity":"","overlay-gradient":""},"tablet":{"background-color":"var(--ast-global-color-5)","background-image":"","background-repeat":"repeat","background-position":"center center","background-size":"auto","background-attachment":"scroll","background-type":"","background-media":"","overlay-type":"","overlay-color":"","overlay-opacity":"","overlay-gradient":""},"mobile":{"background-color":"var(--ast-global-color-5)","background-image":"","background-repeat":"repeat","background-position":"center center","background-size":"auto","background-attachment":"scroll","background-type":"","background-media":"","overlay-type":"","overlay-color":"","overlay-opacity":"","overlay-gradient":""}}},"product_brand":[],"product_cat":[1698],"product_tag":[1507],"class_list":{"0":"post-15895","1":"product","2":"type-product","3":"status-publish","4":"has-post-thumbnail","6":"product_cat-olejki-eteryczne","7":"product_tag-deep-blue-pl","8":"desktop-align-left","9":"tablet-align-left","10":"mobile-align-left","12":"first","13":"instock","14":"taxable","15":"shipping-taxable","16":"purchasable","17":"product-type-simple"},"_links":{"self":[{"href":"https:\/\/mamaterra.lt\/pl\/wp-json\/wp\/v2\/product\/15895","targetHints":{"allow":["GET"]}}],"collection":[{"href":"https:\/\/mamaterra.lt\/pl\/wp-json\/wp\/v2\/product"}],"about":[{"href":"https:\/\/mamaterra.lt\/pl\/wp-json\/wp\/v2\/types\/product"}],"wp:featuredmedia":[{"embeddable":true,"href":"https:\/\/mamaterra.lt\/pl\/wp-json\/wp\/v2\/media\/14397"}],"wp:attachment":[{"href":"https:\/\/mamaterra.lt\/pl\/wp-json\/wp\/v2\/media?parent=15895"}],"wp:term":[{"taxonomy":"product_brand","embeddable":true,"href":"https:\/\/mamaterra.lt\/pl\/wp-json\/wp\/v2\/product_brand?post=15895"},{"taxonomy":"product_cat","embeddable":true,"href":"https:\/\/mamaterra.lt\/pl\/wp-json\/wp\/v2\/product_cat?post=15895"},{"taxonomy":"product_tag","embeddable":true,"href":"https:\/\/mamaterra.lt\/pl\/wp-json\/wp\/v2\/product_tag?post=15895"}],"curies":[{"name":"wp","href":"https:\/\/api.w.org\/{rel}","templated":true}]}}