{"id":15882,"date":"2022-11-01T19:41:08","date_gmt":"2022-11-01T18:41:08","guid":{"rendered":"https:\/\/mamaterra.lt\/parduotuve\/bez-kategorii\/zestaw-do-produkcji-swiec-i-olejek-eteryczny-madagascar-vanilla-pure-doterra-5ml\/"},"modified":"2022-11-01T19:41:08","modified_gmt":"2022-11-01T18:41:08","slug":"swiece-gotowanie-zestaw-i-madagaskar-wanilia-pure-doterra-olejek-5ml","status":"publish","type":"product","link":"https:\/\/mamaterra.lt\/pl\/parduotuve\/olejki-eteryczne\/czyste-olejki-eteryczne\/swiece-gotowanie-zestaw-i-madagaskar-wanilia-pure-doterra-olejek-5ml\/","title":{"rendered":"Zestaw do produkcji \u015bwiec i olejek eteryczny MADAGASCAR VANILLA Pure doTERRA 5ml"},"content":{"rendered":"<p><strong>Zestaw do produkcji \u015bwiec i olejek eteryczny MADAGASCAR VANILLA Pure doTERRA 5ml<\/strong><\/p>\n<p>&nbsp;<\/p>\n<p>Ten \u015bwi\u0105teczny prezent roz\u015bwietli zimowe noce! Dostr\u00f3j si\u0119 do kreatywno\u015bci \u2013 w tym zestawie znajdziesz wszystko, czego potrzebujesz do zrobienia \u015bwiec i hipnotyzuj\u0105cy zapach MADAGASCAR VANILLA.<\/p>\n<p>1 plastikowy dzbanek pomiarowy i torba r\u0119kodzie\u0142a z 600 g wosku sojowego, aby zrobi\u0107 trzy \u015bwiece | 3 szklane s\u0142oiki z drewnianymi pokrywkami, kt\u00f3re mog\u0105 pomie\u015bci\u0107 oko\u0142o 200 g wosku sojowego, naturalne, etykiety, drewniane sto\u0142y i drewniane patyczki | Dostarczane w pude\u0142ku upominkowym<\/p>\n<p>Jak zrobi\u0107 \u015bwiece, zobacz film poni\u017cej<\/p>\n<p><a href=\"https:\/\/www.youtube.com\/watch?v=05bu_zqe7M4&amp;t=74s\">(30) DIY doTERRA &#8211; \u015awi\u0105teczne \u015bwiece &#8211; YouTube<\/a><\/p>\n<p><strong>MADAGASCAR VANILLA Pure doTERRA Olejek eteryczny<\/strong><\/p>\n<p>Wanilia planifolia | 5ml<\/p>\n<p>&nbsp;<\/p>\n<p><strong>Vanilla (MADAGASCAR VANILLA) Pure doTERRA Essential Oil Opis:<\/strong><\/p>\n<p>Znajomy i nostalgiczny. Ekscytuj\u0105ce i romantyczne. Bujny i ciep\u0142y, s\u0142odki i przytulny olejek eteryczny doTERRA wanilia (MADAGASCAR VANILLA).<\/p>\n<p>Od czas\u00f3w staro\u017cytnych Aztek\u00f3w, cenionych i cz\u0119sto u\u017cywanych w perfumach, wanilia jest jednym z najpopularniejszych zapach\u00f3w na \u015bwiecie i jednym z tych, kt\u00f3rych wydobycie jest drogie.<\/p>\n<p>Wieloletnia ro\u015blina pn\u0105ca, kt\u00f3ra dorasta do 75 st\u00f3p, ro\u015blina Vanilla planifolia nale\u017cy do rodziny storczyk\u00f3w o \u017c\u00f3\u0142to-bia\u0142ych kwiatach, z kt\u00f3rych wyrastaj\u0105 bezwonne str\u0105ki lub fasola.<\/p>\n<p>Interesuj\u0105cy fakt na temat wanilii z Madagaskaru: Istnieje mniej ni\u017c 1% szans, \u017ce kwiat wanilii sam si\u0119 zapyli, wi\u0119c rolnicy musz\u0105 zapyla\u0107 ka\u017cdy kwiat r\u0119cznie rano, kiedy kwitnie, a kwiat wanilii zwykle kwitnie tylko w jeden dzie\u0144 roku!<\/p>\n<p>Ro\u015blina wanilii potrzebuje trzech lub czterech lat, aby rozpocz\u0105\u0107 upraw\u0119 fasoli, kt\u00f3rej zbiory musz\u0105 by\u0107 r\u00f3wnie\u017c zbierane r\u0119cznie. Fasola przechodzi czasoch\u0142onny i pracoch\u0142onny proces, a\u017c uzyska w\u0142asny aromat i smak. Nast\u0119pnie s\u0105 mielone i, aby zachowa\u0107 naturalny aromat wanilii, spr\u0119\u017cony CO2 jest stosowany w dwuetapowym procesie ekstrakcji, kt\u00f3ry zbiera aromatyczne sk\u0142adniki ziaren w celu utworzenia absolutu. \u0141\u0105cz\u0105c ten absolut z frakcjonowanym olejem kokosowym, otrzymujemy doTERRA Madagascar Vanilla.<\/p>\n<p><strong>Wanilia (MADAGASCAR VANILLA) Czysty olejek eteryczny doTERRA wykorzystuje:<\/strong><\/p>\n<ul>\n<li>Wype\u0142nij sw\u00f3j dom pocieszaj\u0105c\u0105 magi\u0105, dodaj\u0105c wanili\u0119 Madagaskaru do ulubionej mieszanki dyfuzor\u00f3w.<\/li>\n<li>Nadaj porannej kawie, herbacie i koktajlowi przyjemnie \u0142agodny smak z odrobin\u0105 wanilii Madagaskaru.<\/li>\n<li>U\u017cyj jako uroczego osobistego zapachu lub dodaj kilka kropli do olejku do k\u0105pieli lub balsamu do cia\u0142a, aby cieszy\u0107 si\u0119 luksusow\u0105 chwil\u0105, wdychaj\u0105c wykwintny aromat wanilii Madagaskaru.<\/li>\n<\/ul>\n<p><strong>Wanilia (MADAGASCAR VANILLA) Zastosowanie czystego olejku eterycznego doTERRA do stworzenia naturalnych perfum:<\/strong><\/p>\n<ol>\n<li>W butelce o pojemno\u015bci 10 ml z aplikatorem kulkowym doda\u0107\n<ul>\n<li>5 kropli wanilii Madagaskaru<\/li>\n<li>3 krople lawendy<\/li>\n<li>3 krople Wild Orange<\/li>\n<li>2 krople Santalwood<\/li>\n<\/ul>\n<\/li>\n<li>Nape\u0142nij do g\u00f3ry frakcjonowanym olejem kokosowym<\/li>\n<\/ol>\n<p>&nbsp;<\/p>\n<p>&nbsp;<\/p>\n<p>Obejrzyj film o tym olejku eterycznym doTERRA.<\/p>\n<p><iframe title=\"Odtwarzacz wideo YouTube\" src=\"https:\/\/www.youtube-nocookie.com\/embed\/53_ph9e7SbI\" width=\"560\" height=\"315\" frameborder=\"0\" allowfullscreen=\"allowfullscreen\"><\/iframe><\/p>\n","protected":false},"excerpt":{"rendered":"<ul>\n<li>Ten \u015bwi\u0105teczny prezent roz\u015bwietli zimowe noce! Dostr\u00f3j si\u0119 do kreatywno\u015bci \u2013 w tym zestawie znajdziesz wszystko, czego potrzebujesz do zrobienia \u015bwiec i hipnotyzuj\u0105cy zapach Madagaskaru (MADAGASCAR VANILLA).<\/li>\n<li>Wype\u0142nij sw\u00f3j dom pocieszaj\u0105c\u0105 magi\u0105, dodaj\u0105c MADAGASCAR VANILLA do ulubionej mieszanki dyfuzor\u00f3w<\/li>\n<li>Nadaj porannej kawie, herbacie, koktajlowi przyjemnie \u0142agodny smak, gdy tylko dotkniesz wanilii Madagaskaru<\/li>\n<li>U\u017cyj jako uroczego osobistego zapachu lub dodaj kilka kropli do olejku do k\u0105pieli lub balsamu do cia\u0142a, aby cieszy\u0107 si\u0119 luksusow\u0105 chwil\u0105, wdychaj\u0105c wykwintny aromat wanilii Madagaskaru<\/li>\n<\/ul>\n","protected":false},"featured_media":14532,"template":"","meta":{"site-sidebar-layout":"default","site-content-layout":"default","ast-site-content-layout":"default","site-content-style":"default","site-sidebar-style":"default","ast-global-header-display":"","ast-banner-title-visibility":"","ast-main-header-display":"","ast-hfb-above-header-display":"","ast-hfb-below-header-display":"","ast-hfb-mobile-header-display":"","site-post-title":"","ast-breadcrumbs-content":"","ast-featured-img":"","footer-sml-layout":"","ast-disable-related-posts":"","theme-transparent-header-meta":"default","adv-header-id-meta":"","stick-header-meta":"","header-above-stick-meta":"","header-main-stick-meta":"","header-below-stick-meta":"","astra-migrate-meta-layouts":"default","ast-page-background-enabled":"default","ast-page-background-meta":{"desktop":{"background-color":"","background-image":"","background-repeat":"repeat","background-position":"center center","background-size":"auto","background-attachment":"scroll","background-type":"","background-media":"","overlay-type":"","overlay-color":"","overlay-opacity":"","overlay-gradient":""},"tablet":{"background-color":"","background-image":"","background-repeat":"repeat","background-position":"center center","background-size":"auto","background-attachment":"scroll","background-type":"","background-media":"","overlay-type":"","overlay-color":"","overlay-opacity":"","overlay-gradient":""},"mobile":{"background-color":"","background-image":"","background-repeat":"repeat","background-position":"center center","background-size":"auto","background-attachment":"scroll","background-type":"","background-media":"","overlay-type":"","overlay-color":"","overlay-opacity":"","overlay-gradient":""}},"ast-content-background-meta":{"desktop":{"background-color":"var(--ast-global-color-5)","background-image":"","background-repeat":"repeat","background-position":"center center","background-size":"auto","background-attachment":"scroll","background-type":"","background-media":"","overlay-type":"","overlay-color":"","overlay-opacity":"","overlay-gradient":""},"tablet":{"background-color":"var(--ast-global-color-5)","background-image":"","background-repeat":"repeat","background-position":"center center","background-size":"auto","background-attachment":"scroll","background-type":"","background-media":"","overlay-type":"","overlay-color":"","overlay-opacity":"","overlay-gradient":""},"mobile":{"background-color":"var(--ast-global-color-5)","background-image":"","background-repeat":"repeat","background-position":"center center","background-size":"auto","background-attachment":"scroll","background-type":"","background-media":"","overlay-type":"","overlay-color":"","overlay-opacity":"","overlay-gradient":""}}},"product_brand":[],"product_cat":[1704,1688,1692,1695],"product_tag":[716,1079,1533],"class_list":{"0":"post-15882","1":"product","2":"type-product","3":"status-publish","4":"has-post-thumbnail","6":"product_cat-czyste-olejki-eteryczne","7":"product_cat-prezenty","8":"product_cat-prezenty-dla-kobiet","9":"product_cat-prezenty-dla-mezczyzn","10":"product_tag-5ml-pl-2","11":"product_tag-madagascar-vanilla-pl","12":"product_tag-olejki-eteryczne","13":"desktop-align-left","14":"tablet-align-left","15":"mobile-align-left","17":"first","18":"instock","19":"taxable","20":"shipping-taxable","21":"purchasable","22":"product-type-simple"},"_links":{"self":[{"href":"https:\/\/mamaterra.lt\/pl\/wp-json\/wp\/v2\/product\/15882","targetHints":{"allow":["GET"]}}],"collection":[{"href":"https:\/\/mamaterra.lt\/pl\/wp-json\/wp\/v2\/product"}],"about":[{"href":"https:\/\/mamaterra.lt\/pl\/wp-json\/wp\/v2\/types\/product"}],"wp:featuredmedia":[{"embeddable":true,"href":"https:\/\/mamaterra.lt\/pl\/wp-json\/wp\/v2\/media\/14532"}],"wp:attachment":[{"href":"https:\/\/mamaterra.lt\/pl\/wp-json\/wp\/v2\/media?parent=15882"}],"wp:term":[{"taxonomy":"product_brand","embeddable":true,"href":"https:\/\/mamaterra.lt\/pl\/wp-json\/wp\/v2\/product_brand?post=15882"},{"taxonomy":"product_cat","embeddable":true,"href":"https:\/\/mamaterra.lt\/pl\/wp-json\/wp\/v2\/product_cat?post=15882"},{"taxonomy":"product_tag","embeddable":true,"href":"https:\/\/mamaterra.lt\/pl\/wp-json\/wp\/v2\/product_tag?post=15882"}],"curies":[{"name":"wp","href":"https:\/\/api.w.org\/{rel}","templated":true}]}}