{"id":15872,"date":"2022-11-01T18:15:23","date_gmt":"2022-11-01T17:15:23","guid":{"rendered":"https:\/\/mamaterra.lt\/parduotuve\/bez-kategorii\/doterra-zel-do-mycia-ciala-forest-breeze-250ml-z-biszkoptem-amorphophallus\/"},"modified":"2023-12-14T20:42:23","modified_gmt":"2023-12-14T19:42:23","slug":"doterra-forest-breeze-body-cleanser-250ml","status":"publish","type":"product","link":"https:\/\/mamaterra.lt\/pl\/parduotuve\/prezenty\/prezenty-dla-mezczyzn\/doterra-forest-breeze-body-cleanser-250ml\/","title":{"rendered":"doTERRA \u017bel do mycia cia\u0142a Forest Breeze 250ml"},"content":{"rendered":"<p><strong>doTERRA \u017bel do mycia cia\u0142a Forest Breeze 250ml\u00a0<\/strong><\/p>\n<p>Po d\u0142ugim dniu zrelaksuj si\u0119 z tym zestawem oczyszczaj\u0105co-odm\u0142adzaj\u0105cym, kt\u00f3ry daje poczucie odnowy i \u015bwie\u017co\u015bci.<\/p>\n<p>Ten \u015brodek do mycia cia\u0142a, kt\u00f3ry zawiera olejki eteryczne z mieszanki natury Forest Breeze, aby pom\u00f3c stworzy\u0107 atmosfer\u0119 daj\u0105c\u0105 witalno\u015b\u0107, zawiera \u015brodki powierzchniowo czynne, kt\u00f3re delikatnie oczyszczaj\u0105 i pozwalaj\u0105 cieszy\u0107 si\u0119 orze\u017awiaj\u0105c\u0105 b\u0142ogo\u015bci\u0105 natury w domu.<\/p>\n","protected":false},"excerpt":{"rendered":"<p>doTERRA \u017bel do mycia cia\u0142a Forest Breeze 250ml\u00a0 Po d\u0142ugim dniu zrelaksuj si\u0119 z tym zestawem oczyszczaj\u0105co-odm\u0142adzaj\u0105cym, kt\u00f3ry daje poczucie odnowy i \u015bwie\u017co\u015bci. Ten \u015brodek do mycia cia\u0142a, kt\u00f3ry zawiera olejki eteryczne z mieszanki natury Forest Breeze, aby pom\u00f3c stworzy\u0107 atmosfer\u0119 daj\u0105c\u0105 witalno\u015b\u0107, zawiera \u015brodki powierzchniowo czynne, kt\u00f3re delikatnie oczyszczaj\u0105 i pozwalaj\u0105 cieszy\u0107 si\u0119 orze\u017awiaj\u0105c\u0105 [&hellip;]<\/p>\n","protected":false},"featured_media":14517,"template":"","meta":{"site-sidebar-layout":"default","site-content-layout":"default","ast-site-content-layout":"default","site-content-style":"default","site-sidebar-style":"default","ast-global-header-display":"","ast-banner-title-visibility":"","ast-main-header-display":"","ast-hfb-above-header-display":"","ast-hfb-below-header-display":"","ast-hfb-mobile-header-display":"","site-post-title":"","ast-breadcrumbs-content":"","ast-featured-img":"","footer-sml-layout":"","ast-disable-related-posts":"","theme-transparent-header-meta":"default","adv-header-id-meta":"","stick-header-meta":"","header-above-stick-meta":"","header-main-stick-meta":"","header-below-stick-meta":"","astra-migrate-meta-layouts":"set","ast-page-background-enabled":"default","ast-page-background-meta":{"desktop":{"background-color":"","background-image":"","background-repeat":"repeat","background-position":"center center","background-size":"auto","background-attachment":"scroll","background-type":"","background-media":"","overlay-type":"","overlay-color":"","overlay-opacity":"","overlay-gradient":""},"tablet":{"background-color":"","background-image":"","background-repeat":"repeat","background-position":"center center","background-size":"auto","background-attachment":"scroll","background-type":"","background-media":"","overlay-type":"","overlay-color":"","overlay-opacity":"","overlay-gradient":""},"mobile":{"background-color":"","background-image":"","background-repeat":"repeat","background-position":"center center","background-size":"auto","background-attachment":"scroll","background-type":"","background-media":"","overlay-type":"","overlay-color":"","overlay-opacity":"","overlay-gradient":""}},"ast-content-background-meta":{"desktop":{"background-color":"var(--ast-global-color-5)","background-image":"","background-repeat":"repeat","background-position":"center center","background-size":"auto","background-attachment":"scroll","background-type":"","background-media":"","overlay-type":"","overlay-color":"","overlay-opacity":"","overlay-gradient":""},"tablet":{"background-color":"var(--ast-global-color-5)","background-image":"","background-repeat":"repeat","background-position":"center center","background-size":"auto","background-attachment":"scroll","background-type":"","background-media":"","overlay-type":"","overlay-color":"","overlay-opacity":"","overlay-gradient":""},"mobile":{"background-color":"var(--ast-global-color-5)","background-image":"","background-repeat":"repeat","background-position":"center center","background-size":"auto","background-attachment":"scroll","background-type":"","background-media":"","overlay-type":"","overlay-color":"","overlay-opacity":"","overlay-gradient":""}}},"product_brand":[],"product_cat":[1711,1688,1695],"product_tag":[],"class_list":{"0":"post-15872","1":"product","2":"type-product","3":"status-publish","4":"has-post-thumbnail","6":"product_cat-higiena-i-pielegnacja-skory","7":"product_cat-prezenty","8":"product_cat-prezenty-dla-mezczyzn","9":"desktop-align-left","10":"tablet-align-left","11":"mobile-align-left","13":"first","14":"instock","15":"taxable","16":"shipping-taxable","17":"purchasable","18":"product-type-simple"},"_links":{"self":[{"href":"https:\/\/mamaterra.lt\/pl\/wp-json\/wp\/v2\/product\/15872","targetHints":{"allow":["GET"]}}],"collection":[{"href":"https:\/\/mamaterra.lt\/pl\/wp-json\/wp\/v2\/product"}],"about":[{"href":"https:\/\/mamaterra.lt\/pl\/wp-json\/wp\/v2\/types\/product"}],"wp:featuredmedia":[{"embeddable":true,"href":"https:\/\/mamaterra.lt\/pl\/wp-json\/wp\/v2\/media\/14517"}],"wp:attachment":[{"href":"https:\/\/mamaterra.lt\/pl\/wp-json\/wp\/v2\/media?parent=15872"}],"wp:term":[{"taxonomy":"product_brand","embeddable":true,"href":"https:\/\/mamaterra.lt\/pl\/wp-json\/wp\/v2\/product_brand?post=15872"},{"taxonomy":"product_cat","embeddable":true,"href":"https:\/\/mamaterra.lt\/pl\/wp-json\/wp\/v2\/product_cat?post=15872"},{"taxonomy":"product_tag","embeddable":true,"href":"https:\/\/mamaterra.lt\/pl\/wp-json\/wp\/v2\/product_tag?post=15872"}],"curies":[{"name":"wp","href":"https:\/\/api.w.org\/{rel}","templated":true}]}}