{"id":15867,"date":"2021-04-19T09:21:55","date_gmt":"2021-04-19T08:21:55","guid":{"rendered":"https:\/\/mamaterra.lt\/parduotuve\/bez-kategorii\/doterra-yarrow-pom-body-rejuvenating-serum-100ml\/"},"modified":"2021-04-19T09:21:55","modified_gmt":"2021-04-19T08:21:55","slug":"doterra-krwawnik-pospolity-pom-cialo-odmladzajace-serum-100ml","status":"publish","type":"product","link":"https:\/\/mamaterra.lt\/pl\/parduotuve\/higiena-i-pielegnacja-skory\/yarrow-pom-produkty\/doterra-krwawnik-pospolity-pom-cialo-odmladzajace-serum-100ml\/","title":{"rendered":"doTERRA Yarrow| Pom Body Rejuvenating Serum 100ml"},"content":{"rendered":"<p><strong>| doTERRA Yarrow Pom Body Rejuvenating Serum  <\/strong><\/p>\n<p>100 ml<\/p>\n<p>&nbsp;<\/p>\n<p><strong>| doTERRA Yarrow G\u0142\u00f3wne w\u0142a\u015bciwo\u015bci serum odm\u0142adzaj\u0105ce cia\u0142o Pom:<\/strong><\/p>\n<p>Krwawnik pospolity | Pom body-renewing serum to luksusowe serum o jedwabistej konsystencji, bogate w substancje biologicznie czynne i bia\u0142ka chroni\u0105ce sk\u00f3r\u0119, kt\u00f3re zapewniaj\u0105 sk\u00f3rze najbardziej piel\u0119gnacyjn\u0105 piel\u0119gnacj\u0119 i zapewniaj\u0105 jej pi\u0119kno. Olejek eteryczny z krwawnika pospolitego i t\u0142oczony na zimno olej z nasion granatu maj\u0105 dzia\u0142anie synergistyczne i pomagaj\u0105 sk\u00f3rze wygl\u0105da\u0107 m\u0142odo.<\/p>\n<p>Inne olejki eteryczne z rumianku roma\u0144skiego CPTG\u2122, mandarynki pachn\u0105ce, mi\u0119ty pieprzowej i kanang \u0142agodz\u0105 sk\u00f3r\u0119 i tworz\u0105 pozytywny i relaksuj\u0105cy nastr\u00f3j. Oleje jojoba, s\u0142onecznikowy, winogronowy i z ziaren arganowych g\u0142\u0119boko od\u017cywiaj\u0105 sk\u00f3r\u0119. Ekstrakt z ziaren kawy i estry granatu mog\u0105 nada\u0107 sk\u00f3rze blask i poprawi\u0107 jej wygl\u0105d, aby \u015bwieci\u0107 jasno od g\u0142owy do czubk\u00f3w palc\u00f3w.<\/p>\n<ul>\n<li>Olejek eteryczny z krwawnika nadaje sk\u00f3rze zdrowy i m\u0142odzie\u0144czy wygl\u0105d<\/li>\n<li>Oleje jojoba, s\u0142onecznikowy, awokado, pestki winogron i pestek arganu nawil\u017caj\u0105 sk\u00f3r\u0119<\/li>\n<li>Ekstrakt z ziaren kawy od\u017cywia sk\u00f3r\u0119 i nadaje jej g\u0142adko\u015b\u0107<\/li>\n<li>Krwawnik pospolity| Serum odnawiaj\u0105ce cia\u0142o Pom jest bogate w silne substancje biologicznie czynne i bia\u0142ka chroni\u0105ce sk\u00f3r\u0119<\/li>\n<\/ul>\n<p>&nbsp;<\/p>\n<p><strong>DoTERRA Yarrow | \u2013 wi\u0119cej informacji Obejrzyj serum odm\u0142adzaj\u0105ce cia\u0142o Pom na dole<\/strong> filmu.<\/p>\n<p><iframe title=\"Wszystkie NOWE | doTERRA Yarrow Olejek eteryczny z pompon\u00f3w\" src=\"https:\/\/www.youtube.com\/embed\/WHBZla3s_gM\" width=\"946\" height=\"532\" frameborder=\"0\" allowfullscreen=\"allowfullscreen\"><\/iframe><\/p>\n","protected":false},"excerpt":{"rendered":"<ul>\n<li>Olejek eteryczny z krwawnika nadaje sk\u00f3rze zdrowy i m\u0142odzie\u0144czy wygl\u0105d<\/li>\n<li>Oleje jojoba, s\u0142onecznikowy, awokado, pestki winogron i pestek arganu nawil\u017caj\u0105 sk\u00f3r\u0119<\/li>\n<li>Ekstrakt z ziaren kawy od\u017cywia sk\u00f3r\u0119 i nadaje jej g\u0142adko\u015b\u0107<\/li>\n<li>Krwawnik pospolity| Serum odnawiaj\u0105ce cia\u0142o Pom jest bogate w silne substancje biologicznie czynne i bia\u0142ka chroni\u0105ce sk\u00f3r\u0119<\/li>\n<\/ul>\n","protected":false},"featured_media":12423,"template":"","meta":{"site-sidebar-layout":"default","site-content-layout":"default","ast-site-content-layout":"default","site-content-style":"default","site-sidebar-style":"default","ast-global-header-display":"","ast-banner-title-visibility":"","ast-main-header-display":"","ast-hfb-above-header-display":"","ast-hfb-below-header-display":"","ast-hfb-mobile-header-display":"","site-post-title":"","ast-breadcrumbs-content":"","ast-featured-img":"","footer-sml-layout":"","ast-disable-related-posts":"","theme-transparent-header-meta":"default","adv-header-id-meta":"","stick-header-meta":"","header-above-stick-meta":"","header-main-stick-meta":"","header-below-stick-meta":"","astra-migrate-meta-layouts":"default","ast-page-background-enabled":"default","ast-page-background-meta":{"desktop":{"background-color":"","background-image":"","background-repeat":"repeat","background-position":"center center","background-size":"auto","background-attachment":"scroll","background-type":"","background-media":"","overlay-type":"","overlay-color":"","overlay-opacity":"","overlay-gradient":""},"tablet":{"background-color":"","background-image":"","background-repeat":"repeat","background-position":"center center","background-size":"auto","background-attachment":"scroll","background-type":"","background-media":"","overlay-type":"","overlay-color":"","overlay-opacity":"","overlay-gradient":""},"mobile":{"background-color":"","background-image":"","background-repeat":"repeat","background-position":"center center","background-size":"auto","background-attachment":"scroll","background-type":"","background-media":"","overlay-type":"","overlay-color":"","overlay-opacity":"","overlay-gradient":""}},"ast-content-background-meta":{"desktop":{"background-color":"var(--ast-global-color-5)","background-image":"","background-repeat":"repeat","background-position":"center center","background-size":"auto","background-attachment":"scroll","background-type":"","background-media":"","overlay-type":"","overlay-color":"","overlay-opacity":"","overlay-gradient":""},"tablet":{"background-color":"var(--ast-global-color-5)","background-image":"","background-repeat":"repeat","background-position":"center center","background-size":"auto","background-attachment":"scroll","background-type":"","background-media":"","overlay-type":"","overlay-color":"","overlay-opacity":"","overlay-gradient":""},"mobile":{"background-color":"var(--ast-global-color-5)","background-image":"","background-repeat":"repeat","background-position":"center center","background-size":"auto","background-attachment":"scroll","background-type":"","background-media":"","overlay-type":"","overlay-color":"","overlay-opacity":"","overlay-gradient":""}}},"product_brand":[],"product_cat":[1711,1717],"product_tag":[796,1599,1408],"class_list":{"0":"post-15867","1":"product","2":"type-product","3":"status-publish","4":"has-post-thumbnail","6":"product_cat-higiena-i-pielegnacja-skory","7":"product_cat-yarrow-pom-produkty","8":"product_tag-100ml-pl","9":"product_tag-serum-pl","10":"product_tag-yarrow-pom-pl","11":"desktop-align-left","12":"tablet-align-left","13":"mobile-align-left","15":"first","16":"instock","17":"taxable","18":"shipping-taxable","19":"purchasable","20":"product-type-simple"},"_links":{"self":[{"href":"https:\/\/mamaterra.lt\/pl\/wp-json\/wp\/v2\/product\/15867","targetHints":{"allow":["GET"]}}],"collection":[{"href":"https:\/\/mamaterra.lt\/pl\/wp-json\/wp\/v2\/product"}],"about":[{"href":"https:\/\/mamaterra.lt\/pl\/wp-json\/wp\/v2\/types\/product"}],"wp:featuredmedia":[{"embeddable":true,"href":"https:\/\/mamaterra.lt\/pl\/wp-json\/wp\/v2\/media\/12423"}],"wp:attachment":[{"href":"https:\/\/mamaterra.lt\/pl\/wp-json\/wp\/v2\/media?parent=15867"}],"wp:term":[{"taxonomy":"product_brand","embeddable":true,"href":"https:\/\/mamaterra.lt\/pl\/wp-json\/wp\/v2\/product_brand?post=15867"},{"taxonomy":"product_cat","embeddable":true,"href":"https:\/\/mamaterra.lt\/pl\/wp-json\/wp\/v2\/product_cat?post=15867"},{"taxonomy":"product_tag","embeddable":true,"href":"https:\/\/mamaterra.lt\/pl\/wp-json\/wp\/v2\/product_tag?post=15867"}],"curies":[{"name":"wp","href":"https:\/\/api.w.org\/{rel}","templated":true}]}}