{"id":15866,"date":"2021-04-19T09:08:49","date_gmt":"2021-04-19T08:08:49","guid":{"rendered":"https:\/\/mamaterra.lt\/parduotuve\/bez-kategorii\/serum-nawilzajace-doterra-verage-immortelle-15-ml\/"},"modified":"2021-04-19T09:08:49","modified_gmt":"2021-04-19T08:08:49","slug":"opadajaca-surowica-doterra-verage-immortelle-15-ml","status":"publish","type":"product","link":"https:\/\/mamaterra.lt\/pl\/parduotuve\/higiena-i-pielegnacja-skory\/doterra-verage-pl\/opadajaca-surowica-doterra-verage-immortelle-15-ml\/","title":{"rendered":"Serum nawil\u017caj\u0105ce doTERRA VERAGE\u2122 IMMORTELLE 15 ml"},"content":{"rendered":"<p><strong>Serum nawil\u017caj\u0105ce doTERRA VERAGE\u2122 IMMORTELLE<\/strong><\/p>\n<p>15 ml<\/p>\n<p>&nbsp;<\/p>\n<p><strong>Serum nawil\u017caj\u0105ce doTERRA VERAGE\u2122 IMMORTELLE G\u0142\u00f3wne zalety:<\/strong><\/p>\n<p>Do\u015bwiadcz przeciwstarzeniowego dzia\u0142ania nawil\u017caj\u0105cego serum Verage Immortelle. Ten skuteczny \u015brodek \u0142\u0105czy olejki eteryczne CPTG z ekstraktami ro\u015blinnymi, aby sk\u00f3ra by\u0142a g\u0142adsza i wygl\u0105da\u0142a m\u0142odziej.<\/p>\n<ul>\n<li>Z olejkami eterycznymi CPTG, kt\u00f3re tworz\u0105 popularn\u0105 mieszank\u0119 salubelle doterra i nadaj\u0105 sk\u00f3rze blask<\/li>\n<li>Utrzymuje optymaln\u0105 r\u00f3wnowag\u0119 lipidow\u0105, dzi\u0119ki czemu sk\u00f3ra jest g\u0142adsza i wygl\u0105da m\u0142odziej<\/li>\n<\/ul>\n<p><strong>Sk\u0142adniki do piel\u0119gnacji sk\u00f3ry DoTERRA Verage Korzy\u015bci udowodnione w badaniach klinicznych:<\/strong><\/p>\n<ul>\n<li>Nadaje sk\u00f3rze g\u0142adko\u015b\u0107<\/li>\n<li>Pomaga zmniejszy\u0107 zaczerwienienie sk\u00f3ry<\/li>\n<li>Sk\u00f3ra wygl\u0105da m\u0142odzie\u0144czo<\/li>\n<li>Zmniejsza pory<\/li>\n<li>Nadaje r\u00f3wnomierny koloryt sk\u00f3rze<\/li>\n<\/ul>\n<p>&nbsp;<\/p>\n<p>Aby uzyska\u0107 wi\u0119cej informacji na temat <strong>doTERRA VERAGE\u2122 IMMORTELLE<\/strong> , zobacz film poni\u017cej.<\/p>\n<p><iframe title=\"Odnawiaj\u0105ca, upi\u0119kszaj\u0105ca, przeciwstarzeniowa mieszanka przeciwstarzeniowa immortelle\" src=\"https:\/\/www.youtube.com\/embed\/enNzMOYA3I8\" width=\"946\" height=\"532\" frameborder=\"0\" allowfullscreen=\"allowfullscreen\"><\/iframe><\/p>\n","protected":false},"excerpt":{"rendered":"<ul>\n<li>Z olejkami eterycznymi CPTG, kt\u00f3re tworz\u0105 popularn\u0105 mieszank\u0119 salubelle doterra i nadaj\u0105 sk\u00f3rze blask<\/li>\n<li>Utrzymuje optymaln\u0105 r\u00f3wnowag\u0119 lipidow\u0105, dzi\u0119ki czemu sk\u00f3ra jest g\u0142adsza i wygl\u0105da m\u0142odziej<\/li>\n<\/ul>\n","protected":false},"featured_media":12663,"template":"","meta":{"site-sidebar-layout":"default","site-content-layout":"default","ast-site-content-layout":"default","site-content-style":"default","site-sidebar-style":"default","ast-global-header-display":"","ast-banner-title-visibility":"","ast-main-header-display":"","ast-hfb-above-header-display":"","ast-hfb-below-header-display":"","ast-hfb-mobile-header-display":"","site-post-title":"","ast-breadcrumbs-content":"","ast-featured-img":"","footer-sml-layout":"","ast-disable-related-posts":"","theme-transparent-header-meta":"default","adv-header-id-meta":"","stick-header-meta":"","header-above-stick-meta":"","header-main-stick-meta":"","header-below-stick-meta":"","astra-migrate-meta-layouts":"default","ast-page-background-enabled":"default","ast-page-background-meta":{"desktop":{"background-color":"","background-image":"","background-repeat":"repeat","background-position":"center center","background-size":"auto","background-attachment":"scroll","background-type":"","background-media":"","overlay-type":"","overlay-color":"","overlay-opacity":"","overlay-gradient":""},"tablet":{"background-color":"","background-image":"","background-repeat":"repeat","background-position":"center center","background-size":"auto","background-attachment":"scroll","background-type":"","background-media":"","overlay-type":"","overlay-color":"","overlay-opacity":"","overlay-gradient":""},"mobile":{"background-color":"","background-image":"","background-repeat":"repeat","background-position":"center center","background-size":"auto","background-attachment":"scroll","background-type":"","background-media":"","overlay-type":"","overlay-color":"","overlay-opacity":"","overlay-gradient":""}},"ast-content-background-meta":{"desktop":{"background-color":"var(--ast-global-color-5)","background-image":"","background-repeat":"repeat","background-position":"center center","background-size":"auto","background-attachment":"scroll","background-type":"","background-media":"","overlay-type":"","overlay-color":"","overlay-opacity":"","overlay-gradient":""},"tablet":{"background-color":"var(--ast-global-color-5)","background-image":"","background-repeat":"repeat","background-position":"center center","background-size":"auto","background-attachment":"scroll","background-type":"","background-media":"","overlay-type":"","overlay-color":"","overlay-opacity":"","overlay-gradient":""},"mobile":{"background-color":"var(--ast-global-color-5)","background-image":"","background-repeat":"repeat","background-position":"center center","background-size":"auto","background-attachment":"scroll","background-type":"","background-media":"","overlay-type":"","overlay-color":"","overlay-opacity":"","overlay-gradient":""}}},"product_brand":[],"product_cat":[1723,1711],"product_tag":[729,1149,1599,1404],"class_list":{"0":"post-15866","1":"product","2":"type-product","3":"status-publish","4":"has-post-thumbnail","6":"product_cat-doterra-verage-pl","7":"product_cat-higiena-i-pielegnacja-skory","8":"product_tag-15ml-pl","9":"product_tag-immortelle-pl","10":"product_tag-serum-pl","11":"product_tag-verage-pl","12":"desktop-align-left","13":"tablet-align-left","14":"mobile-align-left","16":"first","17":"instock","18":"taxable","19":"shipping-taxable","20":"purchasable","21":"product-type-simple"},"_links":{"self":[{"href":"https:\/\/mamaterra.lt\/pl\/wp-json\/wp\/v2\/product\/15866","targetHints":{"allow":["GET"]}}],"collection":[{"href":"https:\/\/mamaterra.lt\/pl\/wp-json\/wp\/v2\/product"}],"about":[{"href":"https:\/\/mamaterra.lt\/pl\/wp-json\/wp\/v2\/types\/product"}],"wp:featuredmedia":[{"embeddable":true,"href":"https:\/\/mamaterra.lt\/pl\/wp-json\/wp\/v2\/media\/12663"}],"wp:attachment":[{"href":"https:\/\/mamaterra.lt\/pl\/wp-json\/wp\/v2\/media?parent=15866"}],"wp:term":[{"taxonomy":"product_brand","embeddable":true,"href":"https:\/\/mamaterra.lt\/pl\/wp-json\/wp\/v2\/product_brand?post=15866"},{"taxonomy":"product_cat","embeddable":true,"href":"https:\/\/mamaterra.lt\/pl\/wp-json\/wp\/v2\/product_cat?post=15866"},{"taxonomy":"product_tag","embeddable":true,"href":"https:\/\/mamaterra.lt\/pl\/wp-json\/wp\/v2\/product_tag?post=15866"}],"curies":[{"name":"wp","href":"https:\/\/api.w.org\/{rel}","templated":true}]}}