{"id":15860,"date":"2021-04-19T09:13:17","date_gmt":"2021-04-19T08:13:17","guid":{"rendered":"https:\/\/mamaterra.lt\/parduotuve\/bez-kategorii\/skin-care-doterra-verage-collection-serum-nawilzajace-krem-nawilzajacy-tonik-i-zel-oczyszczajacy\/"},"modified":"2021-04-19T09:13:17","modified_gmt":"2021-04-19T08:13:17","slug":"pielegnacja-skory-doterra-verage-collection-kit","status":"publish","type":"product","link":"https:\/\/mamaterra.lt\/pl\/parduotuve\/higiena-i-pielegnacja-skory\/doterra-verage-pl\/pielegnacja-skory-doterra-verage-collection-kit\/","title":{"rendered":"Skin Care doTERRA VERAGE\u2122 Collection (serum nawil\u017caj\u0105ce, krem nawil\u017caj\u0105cy, tonik i \u017cel oczyszczaj\u0105cy)"},"content":{"rendered":"<p><strong>Skin Care doTERRA VERAGE\u2122 Collection (serum nawil\u017caj\u0105ce, krem nawil\u017caj\u0105cy, tonik i \u017cel oczyszczaj\u0105cy)<\/strong><\/p>\n<p>&nbsp;<\/p>\n<p><strong>Piel\u0119gnacja sk\u00f3ry DoTERRA Verage\u2122 Collection sk\u0142ada si\u0119 z nast\u0119puj\u0105cych 4 komponent\u00f3w:<\/strong><\/p>\n<ul>\n<li>Serum nawil\u017caj\u0105ce doTERRA VERAGE\u2122 IMMORTELLE 15 ml<\/li>\n<li>Krem nawil\u017caj\u0105cy doTERRA VERAGE\u2122 30ml<\/li>\n<li>\u017bel do mycia twarzy doTERRA VERAGE\u2122 60ml<\/li>\n<li>doTERRA VERAGE\u2122 Tonik 50ml<\/li>\n<\/ul>\n<p>Kolekcja, kt\u00f3ra obejmuje \u015brodek czyszcz\u0105cy i tonik doTERRA Verage, serum nawil\u017caj\u0105ce Immortelle i krem nawil\u017caj\u0105cy, dba o to, aby Twoja sk\u00f3ra by\u0142a niesamowita i wygl\u0105da\u0142a zdrowo.<\/p>\n<p><strong>Sk\u0142adniki do piel\u0119gnacji sk\u00f3ry DoTERRA Verage Korzy\u015bci udowodnione w badaniach klinicznych:<\/strong><\/p>\n<ul>\n<li>Nadaje sk\u00f3rze g\u0142adko\u015b\u0107<\/li>\n<li>Pomaga zmniejszy\u0107 zaczerwienienie sk\u00f3ry<\/li>\n<li>Sk\u00f3ra wygl\u0105da m\u0142odzie\u0144czo<\/li>\n<li>Zmniejsza pory<\/li>\n<li>Nadaje r\u00f3wnomierny koloryt sk\u00f3rze<\/li>\n<\/ul>\n<p>Wi\u0119cej informacji na temat kolekcji <strong>doTERRA VERAGE\u2122<\/strong> mo\u017cna znale\u017a\u0107 w poni\u017cszym filmie.<\/p>\n<p><iframe title=\"Odkryj naturaln\u0105 i skuteczn\u0105 lini\u0119 do piel\u0119gnacji sk\u00f3ry Ver\u00e1ge\" src=\"https:\/\/www.youtube.com\/embed\/2tl0iT4x3a8\" width=\"946\" height=\"532\" frameborder=\"0\" allowfullscreen=\"allowfullscreen\"><\/iframe><\/p>\n","protected":false},"excerpt":{"rendered":"<ul>\n<li>Serum nawil\u017caj\u0105ce doTERRA VERAGE\u2122 IMMORTELLE 15 ml<\/li>\n<li>Krem nawil\u017caj\u0105cy doTERRA VERAGE\u2122 30ml<\/li>\n<li>\u017bel do mycia twarzy doTERRA VERAGE\u2122 60ml<\/li>\n<li>doTERRA VERAGE\u2122 Tonik 50ml<\/li>\n<\/ul>\n","protected":false},"featured_media":12576,"template":"","meta":{"site-sidebar-layout":"default","site-content-layout":"default","ast-site-content-layout":"default","site-content-style":"default","site-sidebar-style":"default","ast-global-header-display":"","ast-banner-title-visibility":"","ast-main-header-display":"","ast-hfb-above-header-display":"","ast-hfb-below-header-display":"","ast-hfb-mobile-header-display":"","site-post-title":"","ast-breadcrumbs-content":"","ast-featured-img":"","footer-sml-layout":"","ast-disable-related-posts":"","theme-transparent-header-meta":"default","adv-header-id-meta":"","stick-header-meta":"","header-above-stick-meta":"","header-main-stick-meta":"","header-below-stick-meta":"","astra-migrate-meta-layouts":"default","ast-page-background-enabled":"default","ast-page-background-meta":{"desktop":{"background-color":"","background-image":"","background-repeat":"repeat","background-position":"center center","background-size":"auto","background-attachment":"scroll","background-type":"","background-media":"","overlay-type":"","overlay-color":"","overlay-opacity":"","overlay-gradient":""},"tablet":{"background-color":"","background-image":"","background-repeat":"repeat","background-position":"center center","background-size":"auto","background-attachment":"scroll","background-type":"","background-media":"","overlay-type":"","overlay-color":"","overlay-opacity":"","overlay-gradient":""},"mobile":{"background-color":"","background-image":"","background-repeat":"repeat","background-position":"center center","background-size":"auto","background-attachment":"scroll","background-type":"","background-media":"","overlay-type":"","overlay-color":"","overlay-opacity":"","overlay-gradient":""}},"ast-content-background-meta":{"desktop":{"background-color":"var(--ast-global-color-5)","background-image":"","background-repeat":"repeat","background-position":"center center","background-size":"auto","background-attachment":"scroll","background-type":"","background-media":"","overlay-type":"","overlay-color":"","overlay-opacity":"","overlay-gradient":""},"tablet":{"background-color":"var(--ast-global-color-5)","background-image":"","background-repeat":"repeat","background-position":"center center","background-size":"auto","background-attachment":"scroll","background-type":"","background-media":"","overlay-type":"","overlay-color":"","overlay-opacity":"","overlay-gradient":""},"mobile":{"background-color":"var(--ast-global-color-5)","background-image":"","background-repeat":"repeat","background-position":"center center","background-size":"auto","background-attachment":"scroll","background-type":"","background-media":"","overlay-type":"","overlay-color":"","overlay-opacity":"","overlay-gradient":""}}},"product_brand":[],"product_cat":[1723,1711],"product_tag":[1555,1572,1404],"class_list":{"0":"post-15860","1":"product","2":"type-product","3":"status-publish","4":"has-post-thumbnail","6":"product_cat-doterra-verage-pl","7":"product_cat-higiena-i-pielegnacja-skory","8":"product_tag-kolekcje","9":"product_tag-ochrona-skory","10":"product_tag-verage-pl","11":"desktop-align-left","12":"tablet-align-left","13":"mobile-align-left","15":"first","16":"instock","17":"sale","18":"taxable","19":"shipping-taxable","20":"purchasable","21":"product-type-simple"},"_links":{"self":[{"href":"https:\/\/mamaterra.lt\/pl\/wp-json\/wp\/v2\/product\/15860","targetHints":{"allow":["GET"]}}],"collection":[{"href":"https:\/\/mamaterra.lt\/pl\/wp-json\/wp\/v2\/product"}],"about":[{"href":"https:\/\/mamaterra.lt\/pl\/wp-json\/wp\/v2\/types\/product"}],"wp:featuredmedia":[{"embeddable":true,"href":"https:\/\/mamaterra.lt\/pl\/wp-json\/wp\/v2\/media\/12576"}],"wp:attachment":[{"href":"https:\/\/mamaterra.lt\/pl\/wp-json\/wp\/v2\/media?parent=15860"}],"wp:term":[{"taxonomy":"product_brand","embeddable":true,"href":"https:\/\/mamaterra.lt\/pl\/wp-json\/wp\/v2\/product_brand?post=15860"},{"taxonomy":"product_cat","embeddable":true,"href":"https:\/\/mamaterra.lt\/pl\/wp-json\/wp\/v2\/product_cat?post=15860"},{"taxonomy":"product_tag","embeddable":true,"href":"https:\/\/mamaterra.lt\/pl\/wp-json\/wp\/v2\/product_tag?post=15860"}],"curies":[{"name":"wp","href":"https:\/\/api.w.org\/{rel}","templated":true}]}}