{"id":15858,"date":"2021-04-19T09:31:28","date_gmt":"2021-04-19T08:31:28","guid":{"rendered":"https:\/\/mamaterra.lt\/parduotuve\/bez-kategorii\/szampon-ochronny-do-wlosow-doterra-salon-essentials-250ml\/"},"modified":"2021-04-19T09:31:28","modified_gmt":"2021-04-19T08:31:28","slug":"szampon-ochrona-do-wlosow-doterra-salon-essentials-250ml","status":"publish","type":"product","link":"https:\/\/mamaterra.lt\/pl\/parduotuve\/higiena-i-pielegnacja-skory\/produkty-do-pielegnacji-wlosow-salon-essentials\/szampon-ochrona-do-wlosow-doterra-salon-essentials-250ml\/","title":{"rendered":"Szampon ochronny do w\u0142os\u00f3w doTERRA SALON ESSENTIALS\u2122 250ml"},"content":{"rendered":"<p><strong>Szampon ochronny do w\u0142os\u00f3w doTERRA SALON ESSENTIALS\u2122<\/strong><\/p>\n<p>250 ml<\/p>\n<p>&nbsp;<\/p>\n<p><strong>Szampon do w\u0142os\u00f3w doterra SALON ESSENTIALS G\u0142\u00f3wne zalety\u2122:<\/strong><\/p>\n<p>Ciesz si\u0119 profesjonalnym produktem z\u0142o\u017conym z olejk\u00f3w eterycznych CPTG\u2122, \u0142agodnych \u015brodk\u00f3w czyszcz\u0105cych i ekstrakt\u00f3w ro\u015blinnych za pomoc\u0105 szamponu doterra Salon Essentials.<\/p>\n<ul>\n<li>Delikatnie si\u0119 pieni, a olejki eteryczne i ekstrakty ro\u015blinne z dzikich pomara\u0144czy i limonek skutecznie oczyszczaj\u0105<\/li>\n<li>Delikatnie usuwa brud nagromadzony na sk\u00f3rze g\u0142owy i w\u0142osach<\/li>\n<li>Delikatnie nawil\u017ca w\u0142osy, staje si\u0119 mi\u0119kki i przyjemny w dotyku, jakby tylko od fryzjera<\/li>\n<\/ul>\n<p class=\"p1\"><strong>Podstawowe zalety kompozycji produkt\u00f3w do piel\u0119gnacji w\u0142os\u00f3w:<\/strong><\/p>\n<ul>\n<li>Pomaga chroni\u0107 farbowane w\u0142osy<\/li>\n<li>W\u0142osy wygl\u0105daj\u0105 mi\u0119kko, l\u015bni\u0105co i przyjemnie w dotyku, jak u fryzjera<\/li>\n<li>Zmniejsza uszkodzenia w\u0142os\u00f3w podczas ich tworzenia<\/li>\n<li>Utrzymuje sk\u00f3r\u0119 g\u0142owy w czysto\u015bci i zdrowiu<\/li>\n<li>Mocne i g\u0142adkie w\u0142osy<\/li>\n<li>Zapobiega \u0142amaniu si\u0119 w\u0142os\u00f3w<\/li>\n<li>Opatentowane mieszanki olejk\u00f3w eterycznych nadaj\u0105 w\u0142osom i sk\u00f3rze g\u0142owy zdrowy wygl\u0105d<\/li>\n<\/ul>\n<p>Aby uzyska\u0107 wi\u0119cej informacji na temat dyfuzora Lumas, zobacz film poni\u017cej.<\/p>\n<p><iframe title=\"doTERRA Salon Essentials\u00ae Szampon ochronny i od\u017cywka wyg\u0142adzaj\u0105ca\" src=\"https:\/\/www.youtube.com\/embed\/OKhgVdzJXAo\" width=\"946\" height=\"532\" frameborder=\"0\" allowfullscreen=\"allowfullscreen\"><\/iframe><\/p>\n","protected":false},"excerpt":{"rendered":"<ul>\n<li>Delikatnie si\u0119 pieni, a olejki eteryczne i ekstrakty ro\u015blinne z dzikich pomara\u0144czy i limonek skutecznie oczyszczaj\u0105<\/li>\n<li>Delikatnie usuwa brud nagromadzony na sk\u00f3rze g\u0142owy i w\u0142osach<\/li>\n<li>Delikatnie nawil\u017ca w\u0142osy, staje si\u0119 mi\u0119kki i przyjemny w dotyku, jakby tylko od fryzjera<\/li>\n<\/ul>\n","protected":false},"featured_media":12816,"template":"","meta":{"site-sidebar-layout":"default","site-content-layout":"default","ast-site-content-layout":"default","site-content-style":"default","site-sidebar-style":"default","ast-global-header-display":"","ast-banner-title-visibility":"","ast-main-header-display":"","ast-hfb-above-header-display":"","ast-hfb-below-header-display":"","ast-hfb-mobile-header-display":"","site-post-title":"","ast-breadcrumbs-content":"","ast-featured-img":"","footer-sml-layout":"","ast-disable-related-posts":"","theme-transparent-header-meta":"default","adv-header-id-meta":"","stick-header-meta":"","header-above-stick-meta":"","header-main-stick-meta":"","header-below-stick-meta":"","astra-migrate-meta-layouts":"default","ast-page-background-enabled":"default","ast-page-background-meta":{"desktop":{"background-color":"","background-image":"","background-repeat":"repeat","background-position":"center center","background-size":"auto","background-attachment":"scroll","background-type":"","background-media":"","overlay-type":"","overlay-color":"","overlay-opacity":"","overlay-gradient":""},"tablet":{"background-color":"","background-image":"","background-repeat":"repeat","background-position":"center center","background-size":"auto","background-attachment":"scroll","background-type":"","background-media":"","overlay-type":"","overlay-color":"","overlay-opacity":"","overlay-gradient":""},"mobile":{"background-color":"","background-image":"","background-repeat":"repeat","background-position":"center center","background-size":"auto","background-attachment":"scroll","background-type":"","background-media":"","overlay-type":"","overlay-color":"","overlay-opacity":"","overlay-gradient":""}},"ast-content-background-meta":{"desktop":{"background-color":"var(--ast-global-color-5)","background-image":"","background-repeat":"repeat","background-position":"center center","background-size":"auto","background-attachment":"scroll","background-type":"","background-media":"","overlay-type":"","overlay-color":"","overlay-opacity":"","overlay-gradient":""},"tablet":{"background-color":"var(--ast-global-color-5)","background-image":"","background-repeat":"repeat","background-position":"center center","background-size":"auto","background-attachment":"scroll","background-type":"","background-media":"","overlay-type":"","overlay-color":"","overlay-opacity":"","overlay-gradient":""},"mobile":{"background-color":"var(--ast-global-color-5)","background-image":"","background-repeat":"repeat","background-position":"center center","background-size":"auto","background-attachment":"scroll","background-type":"","background-media":"","overlay-type":"","overlay-color":"","overlay-opacity":"","overlay-gradient":""}}},"product_brand":[],"product_cat":[1711,1713],"product_tag":[834,1423,1678],"class_list":{"0":"post-15858","1":"product","2":"type-product","3":"status-publish","4":"has-post-thumbnail","6":"product_cat-higiena-i-pielegnacja-skory","7":"product_cat-produkty-do-pielegnacji-wlosow-salon-essentials","8":"product_tag-250-ml-pl","9":"product_tag-salon-essentials-pl","10":"product_tag-szampon","11":"desktop-align-left","12":"tablet-align-left","13":"mobile-align-left","15":"first","16":"outofstock","17":"taxable","18":"shipping-taxable","19":"purchasable","20":"product-type-simple"},"_links":{"self":[{"href":"https:\/\/mamaterra.lt\/pl\/wp-json\/wp\/v2\/product\/15858","targetHints":{"allow":["GET"]}}],"collection":[{"href":"https:\/\/mamaterra.lt\/pl\/wp-json\/wp\/v2\/product"}],"about":[{"href":"https:\/\/mamaterra.lt\/pl\/wp-json\/wp\/v2\/types\/product"}],"wp:featuredmedia":[{"embeddable":true,"href":"https:\/\/mamaterra.lt\/pl\/wp-json\/wp\/v2\/media\/12816"}],"wp:attachment":[{"href":"https:\/\/mamaterra.lt\/pl\/wp-json\/wp\/v2\/media?parent=15858"}],"wp:term":[{"taxonomy":"product_brand","embeddable":true,"href":"https:\/\/mamaterra.lt\/pl\/wp-json\/wp\/v2\/product_brand?post=15858"},{"taxonomy":"product_cat","embeddable":true,"href":"https:\/\/mamaterra.lt\/pl\/wp-json\/wp\/v2\/product_cat?post=15858"},{"taxonomy":"product_tag","embeddable":true,"href":"https:\/\/mamaterra.lt\/pl\/wp-json\/wp\/v2\/product_tag?post=15858"}],"curies":[{"name":"wp","href":"https:\/\/api.w.org\/{rel}","templated":true}]}}