{"id":15854,"date":"2021-04-19T09:32:59","date_gmt":"2021-04-19T08:32:59","guid":{"rendered":"https:\/\/mamaterra.lt\/parduotuve\/bez-kategorii\/serum-do-wlosow-od-nasady-do-koncowek-doterra-salon-essentials-30ml\/"},"modified":"2021-04-19T09:32:59","modified_gmt":"2021-04-19T08:32:59","slug":"serum-dla-wlosow-od-nasady-do-koncowek-doterra-salon-essentials-30ml","status":"publish","type":"product","link":"https:\/\/mamaterra.lt\/pl\/parduotuve\/higiena-i-pielegnacja-skory\/produkty-do-pielegnacji-wlosow-salon-essentials\/serum-dla-wlosow-od-nasady-do-koncowek-doterra-salon-essentials-30ml\/","title":{"rendered":"Serum do w\u0142os\u00f3w od nasady do ko\u0144c\u00f3wek doTERRA SALON ESSENTIALS\u2122 30ml"},"content":{"rendered":"<p><strong>Serum do w\u0142os\u00f3w od nasady do ko\u0144c\u00f3wek doTERRA SALON ESSENTIALS\u2122  <\/strong><\/p>\n<p>30 ml<\/p>\n<p>&nbsp;<\/p>\n<p><strong>Serum do w\u0142os\u00f3w od nasady do czubka doTERRA SALON ESSENTIALS G\u0142\u00f3wne zalety\u2122:<\/strong><\/p>\n<p>Serum do w\u0142os\u00f3w od nasady do ko\u0144c\u00f3wek ma korzystny wp\u0142yw na sk\u00f3r\u0119 g\u0142owy i nadaje w\u0142osom maksymaln\u0105 si\u0142\u0119 i blask.<\/p>\n<ul>\n<li>Z olejkami eterycznymi z lawendy, mi\u0119ty pieprzowej, majeranku, cedru, lawendy, rozmarynu, niaouli i eukaliptusa<\/li>\n<li>Nawil\u017ca sk\u00f3r\u0119 g\u0142owy i w\u0142osy<\/li>\n<\/ul>\n<p class=\"p1\"><strong>Podstawowe zalety kompozycji produkt\u00f3w do piel\u0119gnacji w\u0142os\u00f3w:<\/strong><\/p>\n<ul>\n<li>Pomaga chroni\u0107 farbowane w\u0142osy<\/li>\n<li>W\u0142osy wygl\u0105daj\u0105 mi\u0119kko, l\u015bni\u0105co i przyjemnie w dotyku, jak u fryzjera<\/li>\n<li>Zmniejsza uszkodzenia w\u0142os\u00f3w podczas ich tworzenia<\/li>\n<li>Utrzymuje sk\u00f3r\u0119 g\u0142owy w czysto\u015bci i zdrowiu<\/li>\n<li>Mocne i g\u0142adkie w\u0142osy<\/li>\n<li>Zapobiega \u0142amaniu si\u0119 w\u0142os\u00f3w<\/li>\n<li>Opatentowane mieszanki olejk\u00f3w eterycznych nadaj\u0105 w\u0142osom i sk\u00f3rze g\u0142owy zdrowy wygl\u0105d<\/li>\n<\/ul>\n<p>&nbsp;<\/p>\n<p>Wi\u0119cej o <strong>serum doTERRA SALLON ESSENTALS.<\/strong><\/p>\n<p><iframe title=\"Najlepszy spos\u00f3b na u\u017cycie doTERRA Root To Tip Serum\" src=\"https:\/\/www.youtube.com\/embed\/HOqdQkLrTV0\" width=\"946\" height=\"532\" frameborder=\"0\" allowfullscreen=\"allowfullscreen\"><\/iframe><\/p>\n","protected":false},"excerpt":{"rendered":"<ul>\n<li>Z olejkami eterycznymi z lawendy, mi\u0119ty pieprzowej, majeranku, cedru, lawendy, rozmarynu, niaouli i eukaliptusa<\/li>\n<li>Nawil\u017ca sk\u00f3r\u0119 g\u0142owy i w\u0142osy<\/li>\n<\/ul>\n","protected":false},"featured_media":12453,"template":"","meta":{"site-sidebar-layout":"default","site-content-layout":"default","ast-site-content-layout":"default","site-content-style":"default","site-sidebar-style":"default","ast-global-header-display":"","ast-banner-title-visibility":"","ast-main-header-display":"","ast-hfb-above-header-display":"","ast-hfb-below-header-display":"","ast-hfb-mobile-header-display":"","site-post-title":"","ast-breadcrumbs-content":"","ast-featured-img":"","footer-sml-layout":"","ast-disable-related-posts":"","theme-transparent-header-meta":"default","adv-header-id-meta":"","stick-header-meta":"","header-above-stick-meta":"","header-main-stick-meta":"","header-below-stick-meta":"","astra-migrate-meta-layouts":"default","ast-page-background-enabled":"default","ast-page-background-meta":{"desktop":{"background-color":"","background-image":"","background-repeat":"repeat","background-position":"center center","background-size":"auto","background-attachment":"scroll","background-type":"","background-media":"","overlay-type":"","overlay-color":"","overlay-opacity":"","overlay-gradient":""},"tablet":{"background-color":"","background-image":"","background-repeat":"repeat","background-position":"center center","background-size":"auto","background-attachment":"scroll","background-type":"","background-media":"","overlay-type":"","overlay-color":"","overlay-opacity":"","overlay-gradient":""},"mobile":{"background-color":"","background-image":"","background-repeat":"repeat","background-position":"center center","background-size":"auto","background-attachment":"scroll","background-type":"","background-media":"","overlay-type":"","overlay-color":"","overlay-opacity":"","overlay-gradient":""}},"ast-content-background-meta":{"desktop":{"background-color":"var(--ast-global-color-5)","background-image":"","background-repeat":"repeat","background-position":"center center","background-size":"auto","background-attachment":"scroll","background-type":"","background-media":"","overlay-type":"","overlay-color":"","overlay-opacity":"","overlay-gradient":""},"tablet":{"background-color":"var(--ast-global-color-5)","background-image":"","background-repeat":"repeat","background-position":"center center","background-size":"auto","background-attachment":"scroll","background-type":"","background-media":"","overlay-type":"","overlay-color":"","overlay-opacity":"","overlay-gradient":""},"mobile":{"background-color":"var(--ast-global-color-5)","background-image":"","background-repeat":"repeat","background-position":"center center","background-size":"auto","background-attachment":"scroll","background-type":"","background-media":"","overlay-type":"","overlay-color":"","overlay-opacity":"","overlay-gradient":""}}},"product_brand":[],"product_cat":[1711,1713],"product_tag":[757,1423,1599],"class_list":{"0":"post-15854","1":"product","2":"type-product","3":"status-publish","4":"has-post-thumbnail","6":"product_cat-higiena-i-pielegnacja-skory","7":"product_cat-produkty-do-pielegnacji-wlosow-salon-essentials","8":"product_tag-30-ml-pl","9":"product_tag-salon-essentials-pl","10":"product_tag-serum-pl","11":"desktop-align-left","12":"tablet-align-left","13":"mobile-align-left","15":"first","16":"instock","17":"sale","18":"taxable","19":"shipping-taxable","20":"purchasable","21":"product-type-simple"},"_links":{"self":[{"href":"https:\/\/mamaterra.lt\/pl\/wp-json\/wp\/v2\/product\/15854","targetHints":{"allow":["GET"]}}],"collection":[{"href":"https:\/\/mamaterra.lt\/pl\/wp-json\/wp\/v2\/product"}],"about":[{"href":"https:\/\/mamaterra.lt\/pl\/wp-json\/wp\/v2\/types\/product"}],"wp:featuredmedia":[{"embeddable":true,"href":"https:\/\/mamaterra.lt\/pl\/wp-json\/wp\/v2\/media\/12453"}],"wp:attachment":[{"href":"https:\/\/mamaterra.lt\/pl\/wp-json\/wp\/v2\/media?parent=15854"}],"wp:term":[{"taxonomy":"product_brand","embeddable":true,"href":"https:\/\/mamaterra.lt\/pl\/wp-json\/wp\/v2\/product_brand?post=15854"},{"taxonomy":"product_cat","embeddable":true,"href":"https:\/\/mamaterra.lt\/pl\/wp-json\/wp\/v2\/product_cat?post=15854"},{"taxonomy":"product_tag","embeddable":true,"href":"https:\/\/mamaterra.lt\/pl\/wp-json\/wp\/v2\/product_tag?post=15854"}],"curies":[{"name":"wp","href":"https:\/\/api.w.org\/{rel}","templated":true}]}}