{"id":15849,"date":"2022-12-05T15:48:54","date_gmt":"2022-12-05T14:48:54","guid":{"rendered":"https:\/\/mamaterra.lt\/parduotuve\/bez-kategorii\/doterra-nawilzajacy-krem-do-twarzy-z-olejkami-eterycznymi-krem-nawilzajacy-48g\/"},"modified":"2022-12-05T15:48:54","modified_gmt":"2022-12-05T14:48:54","slug":"doterra-nawilzajacy-krem-do-twarzy-z-olejkami-nawilzajacym-krem-48g","status":"publish","type":"product","link":"https:\/\/mamaterra.lt\/pl\/parduotuve\/olejki-eteryczne\/doterra-nawilzajacy-krem-do-twarzy-z-olejkami-nawilzajacym-krem-48g\/","title":{"rendered":"doTERRA Nawil\u017caj\u0105cy krem do twarzy z olejkami eterycznymi (krem nawil\u017caj\u0105cy) 48g"},"content":{"rendered":"<p><strong>doTERRA Nawil\u017caj\u0105cy krem do twarzy z olejkami eterycznymi (krem nawil\u017caj\u0105cy)<\/strong><\/p>\n<p>48 g<\/p>\n<p>&nbsp;<\/p>\n<p><strong>Nawil\u017caj\u0105cy krem do twarzy doTERRA z olejkami eterycznymi (krem nawil\u017caj\u0105cy) Opis og\u00f3lny:<\/strong><\/p>\n<p>Krem nawil\u017caj\u0105cy doTERRA to intensywny \u015brodek nawil\u017caj\u0105cy, na kt\u00f3ry Twoja sk\u00f3ra tak bardzo czeka\u0142a. Jest bogaty w sk\u0142adniki bogate w emolienty i probiotyki, kt\u00f3re intensywnie nawil\u017caj\u0105 i od\u017cywiaj\u0105 sk\u00f3r\u0119. Nasz krem nawil\u017caj\u0105cy pomaga ukry\u0107 nier\u00f3wno\u015bci sk\u00f3ry, odnawia barier\u0119 ochronn\u0105 m\u0142odo wygl\u0105daj\u0105cej sk\u00f3ry, a w jego formule le\u017cy wybuch aktywnego nawil\u017cenia, kt\u00f3re nie pozostawia t\u0142ustych pozosta\u0142o\u015bci na sk\u00f3rze. Starannie dobrane sk\u0142adniki maj\u0105 na celu odm\u0142odzenie sk\u00f3ry, a tak\u017ce pomagaj\u0105 ukry\u0107 widoczne oznaki starzenia, zar\u00f3wno naturalne, jak i \u015brodowiskowe. Ponadto probiotyki wzmacniaj\u0105 naturaln\u0105 barier\u0119 sk\u00f3ry, pomagaj\u0105 poprawi\u0107 og\u00f3lny stan zdrowia i pi\u0119kno sk\u00f3ry. Stosowa\u0107 codziennie i wieczorem.<\/p>\n<p>&nbsp;<\/p>\n<p><strong>Nawil\u017caj\u0105cy krem do twarzy doTERRA z olejkami eterycznymi (krem nawil\u017caj\u0105cy) G\u0142\u00f3wne zalety:<\/strong><\/p>\n<ul>\n<li>Mas\u0142o z nasion kakaowca jest bogatym w sk\u0142adniki od\u017cywcze emolientem, kt\u00f3ry pomaga nawil\u017cy\u0107 sk\u00f3r\u0119<\/li>\n<li>Ekstrakt z Laminaria digitata (algi brunatnej) pozyskiwany jest z alg bogatych w aminokwasy i polipeptydy, a w po\u0142\u0105czeniu z ekstraktem z zaj\u0105ca pospolitego koi sk\u00f3r\u0119<\/li>\n<li>Olejki eteryczne z lawendy, boswellii, ja\u015bminu i dziobka, a tak\u017ce inne naturalne sk\u0142adniki, pomagaj\u0105 od\u017cywia\u0107 i nawil\u017ca\u0107 sk\u00f3r\u0119<\/li>\n<\/ul>\n<p>&nbsp;<\/p>\n<p><strong>doTERRA Nawil\u017caj\u0105cy krem do twarzy z olejkami eterycznymi (krem nawil\u017caj\u0105cy) Zastosowanie:<\/strong><\/p>\n<ul>\n<li>W\u0142\u0105cz krem nawil\u017caj\u0105cy do codziennej rutyny, aby zapewni\u0107 sk\u00f3rze aktywne nawil\u017cenie i poprawi\u0107 og\u00f3lny wygl\u0105d sk\u00f3ry twarzy<\/li>\n<li>Ka\u017cdego ranka, po wzi\u0119ciu prysznica lub umyciu twarzy, na\u0142\u00f3\u017c krem nawil\u017caj\u0105cy na sk\u00f3r\u0119 twarzy i szyi<\/li>\n<li>Na\u0142\u00f3\u017c na czyst\u0105 twarz przed p\u00f3j\u015bciem spa\u0107 i pozw\u00f3l produktowi odm\u0142odzi\u0107 i nawil\u017cy\u0107 sk\u00f3r\u0119 podczas snu<\/li>\n<li>Najlepsze rezultaty uzyskasz w po\u0142\u0105czeniu z innymi produktami do codziennej piel\u0119gnacji sk\u00f3ry doterra<\/li>\n<\/ul>\n<p>&nbsp;<\/p>\n<p>&nbsp;<\/p>\n","protected":false},"excerpt":{"rendered":"<ul>\n<li>Mas\u0142o z nasion kakaowca jest bogatym w sk\u0142adniki od\u017cywcze emolientem, kt\u00f3ry pomaga nawil\u017cy\u0107 sk\u00f3r\u0119<\/li>\n<li>Ekstrakt z Laminaria digitata (algi brunatnej) pozyskiwany jest z alg bogatych w aminokwasy i polipeptydy, a w po\u0142\u0105czeniu z ekstraktem z zaj\u0105ca pospolitego koi sk\u00f3r\u0119<\/li>\n<li>Olejki eteryczne z lawendy, boswellii, ja\u015bminu i dziobka, a tak\u017ce inne naturalne sk\u0142adniki, pomagaj\u0105 od\u017cywia\u0107 i nawil\u017ca\u0107 sk\u00f3r\u0119<\/li>\n<\/ul>\n","protected":false},"featured_media":23710,"template":"","meta":{"site-sidebar-layout":"default","site-content-layout":"default","ast-site-content-layout":"default","site-content-style":"default","site-sidebar-style":"default","ast-global-header-display":"","ast-banner-title-visibility":"","ast-main-header-display":"","ast-hfb-above-header-display":"","ast-hfb-below-header-display":"","ast-hfb-mobile-header-display":"","site-post-title":"","ast-breadcrumbs-content":"","ast-featured-img":"","footer-sml-layout":"","ast-disable-related-posts":"","theme-transparent-header-meta":"default","adv-header-id-meta":"","stick-header-meta":"","header-above-stick-meta":"","header-main-stick-meta":"","header-below-stick-meta":"","astra-migrate-meta-layouts":"default","ast-page-background-enabled":"default","ast-page-background-meta":{"desktop":{"background-color":"","background-image":"","background-repeat":"repeat","background-position":"center center","background-size":"auto","background-attachment":"scroll","background-type":"","background-media":"","overlay-type":"","overlay-color":"","overlay-opacity":"","overlay-gradient":""},"tablet":{"background-color":"","background-image":"","background-repeat":"repeat","background-position":"center center","background-size":"auto","background-attachment":"scroll","background-type":"","background-media":"","overlay-type":"","overlay-color":"","overlay-opacity":"","overlay-gradient":""},"mobile":{"background-color":"","background-image":"","background-repeat":"repeat","background-position":"center center","background-size":"auto","background-attachment":"scroll","background-type":"","background-media":"","overlay-type":"","overlay-color":"","overlay-opacity":"","overlay-gradient":""}},"ast-content-background-meta":{"desktop":{"background-color":"var(--ast-global-color-5)","background-image":"","background-repeat":"repeat","background-position":"center center","background-size":"auto","background-attachment":"scroll","background-type":"","background-media":"","overlay-type":"","overlay-color":"","overlay-opacity":"","overlay-gradient":""},"tablet":{"background-color":"var(--ast-global-color-5)","background-image":"","background-repeat":"repeat","background-position":"center center","background-size":"auto","background-attachment":"scroll","background-type":"","background-media":"","overlay-type":"","overlay-color":"","overlay-opacity":"","overlay-gradient":""},"mobile":{"background-color":"var(--ast-global-color-5)","background-image":"","background-repeat":"repeat","background-position":"center center","background-size":"auto","background-attachment":"scroll","background-type":"","background-media":"","overlay-type":"","overlay-color":"","overlay-opacity":"","overlay-gradient":""}}},"product_brand":[],"product_cat":[1711,1698],"product_tag":[],"class_list":{"0":"post-15849","1":"product","2":"type-product","3":"status-publish","4":"has-post-thumbnail","6":"product_cat-higiena-i-pielegnacja-skory","7":"product_cat-olejki-eteryczne","8":"desktop-align-left","9":"tablet-align-left","10":"mobile-align-left","12":"first","13":"instock","14":"taxable","15":"shipping-taxable","16":"purchasable","17":"product-type-simple"},"_links":{"self":[{"href":"https:\/\/mamaterra.lt\/pl\/wp-json\/wp\/v2\/product\/15849","targetHints":{"allow":["GET"]}}],"collection":[{"href":"https:\/\/mamaterra.lt\/pl\/wp-json\/wp\/v2\/product"}],"about":[{"href":"https:\/\/mamaterra.lt\/pl\/wp-json\/wp\/v2\/types\/product"}],"wp:featuredmedia":[{"embeddable":true,"href":"https:\/\/mamaterra.lt\/pl\/wp-json\/wp\/v2\/media\/23710"}],"wp:attachment":[{"href":"https:\/\/mamaterra.lt\/pl\/wp-json\/wp\/v2\/media?parent=15849"}],"wp:term":[{"taxonomy":"product_brand","embeddable":true,"href":"https:\/\/mamaterra.lt\/pl\/wp-json\/wp\/v2\/product_brand?post=15849"},{"taxonomy":"product_cat","embeddable":true,"href":"https:\/\/mamaterra.lt\/pl\/wp-json\/wp\/v2\/product_cat?post=15849"},{"taxonomy":"product_tag","embeddable":true,"href":"https:\/\/mamaterra.lt\/pl\/wp-json\/wp\/v2\/product_tag?post=15849"}],"curies":[{"name":"wp","href":"https:\/\/api.w.org\/{rel}","templated":true}]}}