{"id":15848,"date":"2022-11-14T10:38:11","date_gmt":"2022-11-14T09:38:11","guid":{"rendered":"https:\/\/mamaterra.lt\/parduotuve\/bez-kategorii\/doterra-osmanthus-touch-mieszanka-olejkow-eterycznych-10ml\/"},"modified":"2022-11-14T10:38:11","modified_gmt":"2022-11-14T09:38:11","slug":"doterra-osmantus-touch-blend-olejek-10ml","status":"publish","type":"product","link":"https:\/\/mamaterra.lt\/pl\/parduotuve\/olejki-eteryczne\/czyste-olejki-eteryczne\/doterra-osmantus-touch-blend-olejek-10ml\/","title":{"rendered":"DoTERRA OSMANTHUS TOUCH mieszanka olejk\u00f3w eterycznych 10ml"},"content":{"rendered":"<p><strong>DoTERRA OSMANTHUS TOUCH Mieszanka olejk\u00f3w eterycznych<\/strong><\/p>\n<p>10ml<\/p>\n<p>&nbsp;<\/p>\n<p><strong>DoTERRA OSMANTHUS TOUCH Blend olejk\u00f3w eterycznych Opis og\u00f3lny:<\/strong><\/p>\n<p>Osmanka uprawiana w Azji Wschodniej to ma\u0142y wiecznie zielony krzew lub ma\u0142e drzewo. Nale\u017cy do tej samej rodziny botanicznej co ja\u015bmin i bzu. Z\u0142o\u017cony aromat Osmanthus Touch jest bujny, s\u0142odki i wyj\u0105tkowo owocowy. G\u0142\u00f3wnym sk\u0142adnikiem chemicznym ekstraktu osmantowego jest trans-beta-jonon. Mo\u017cesz rozpozna\u0107 zapach tafty, poniewa\u017c jest cz\u0119sto stosowany w doskona\u0142ych perfumach i produktach perfumeryjnych.<\/p>\n<p>Wst\u0119pnie rozcie\u0144czona butelka Osmanthus Touch jest idealna do u\u017cytku lokalnego. Po prostu zastosuj do wybranego miejsca! Nak\u0142adaj na nadgarstki i szyj\u0119, aby pachnie\u0107 hipnotyzuj\u0105co osobi\u015bcie, lub na twarz i szyj\u0119, aby utrzyma\u0107 zdrowy wygl\u0105d sk\u00f3ry.<\/p>\n<p>Osmanthus Touch daje koj\u0105cy, s\u0142odki aromat podczas medytacji lub jogi. Zapach mo\u017ce by\u0107 przydatny podczas masa\u017cu, poniewa\u017c pomaga stworzy\u0107 uspokajaj\u0105c\u0105, koj\u0105c\u0105 atmosfer\u0119. Mo\u017cesz r\u00f3wnie\u017c cieszy\u0107 si\u0119 aromatem Osmanthus Touch, tocz\u0105c go na bi\u017cuterii dyfuzorowej, naturalnym dolomitie lub kamieniach dyfuzyjnych lawy.<\/p>\n<ul>\n<li>Uwodzicielski, s\u0142odki aromat otomanskiego absolutu jest niezwykle hipnotyzuj\u0105cy.<\/li>\n<li>Jest rozcie\u0144czany frakcjonowanym olejem kokosowym, co czyni go wygodnym i niezwykle \u0142atwym w u\u017cyciu miejscowym.<\/li>\n<\/ul>\n<p>&nbsp;<\/p>\n<p><strong>DoTERRA OSMANTHUS TOUCH Sk\u0142adniki mieszanki olejk\u00f3w eterycznych:<\/strong><\/p>\n<p>Do tej pory doTERRA przedstawia\u0142a Osmantus wy\u0142\u0105cznie jako sk\u0142adnik mieszanin. Mo\u017cna go znale\u017a\u0107 w nast\u0119puj\u0105cych produktach doTERRA:<\/p>\n<ul>\n<li>doTERRA w klimatyzatorze niezmywalnym<\/li>\n<li>Granatowy\u00ae<\/li>\n<li>Pi\u0119kna nawil\u017caj\u0105ca mgie\u0142ka do cia\u0142a<\/li>\n<li>DoTERRA Balance\u00ae<\/li>\n<li>doTERRA Brave\u00ae<\/li>\n<li>doTERRA Arise<\/li>\n<li>Podniesienie<\/li>\n<li>Konsola\u00ae doTERRA<\/li>\n<\/ul>\n<p>&nbsp;<\/p>\n<p><strong>DoTERRA OSMANTHUS TOUCH Wskaz\u00f3wki dotycz\u0105ce stosowania mieszanki olejk\u00f3w eterycznych:<\/strong><\/p>\n<ol>\n<li>Nak\u0142adaj na twarz, aby utrzyma\u0107 nawil\u017cenie sk\u00f3ry.<\/li>\n<li>Stosowa\u0107 jako cz\u0119\u015b\u0107 masa\u017cu ca\u0142ego cia\u0142a.<\/li>\n<li>Na\u0142\u00f3\u017c na nadgarstki i wdech, aby poczu\u0107 pozytywny efekt aromatu.<\/li>\n<\/ol>\n","protected":false},"excerpt":{"rendered":"<ul>\n<li>Uwodzicielski, s\u0142odki aromat Absolutu Osmantyjskiego jest niesamowicie hipnotyzuj\u0105cy<\/li>\n<li>Jest rozcie\u0144czany frakcjonowanym olejem kokosowym, co czyni go wygodnym i niezwykle \u0142atwym w u\u017cyciu miejscowym<\/li>\n<\/ul>\n","protected":false},"featured_media":14592,"template":"","meta":{"site-sidebar-layout":"default","site-content-layout":"default","ast-site-content-layout":"default","site-content-style":"default","site-sidebar-style":"default","ast-global-header-display":"","ast-banner-title-visibility":"","ast-main-header-display":"","ast-hfb-above-header-display":"","ast-hfb-below-header-display":"","ast-hfb-mobile-header-display":"","site-post-title":"","ast-breadcrumbs-content":"","ast-featured-img":"","footer-sml-layout":"","ast-disable-related-posts":"","theme-transparent-header-meta":"default","adv-header-id-meta":"","stick-header-meta":"","header-above-stick-meta":"","header-main-stick-meta":"","header-below-stick-meta":"","astra-migrate-meta-layouts":"default","ast-page-background-enabled":"default","ast-page-background-meta":{"desktop":{"background-color":"","background-image":"","background-repeat":"repeat","background-position":"center center","background-size":"auto","background-attachment":"scroll","background-type":"","background-media":"","overlay-type":"","overlay-color":"","overlay-opacity":"","overlay-gradient":""},"tablet":{"background-color":"","background-image":"","background-repeat":"repeat","background-position":"center center","background-size":"auto","background-attachment":"scroll","background-type":"","background-media":"","overlay-type":"","overlay-color":"","overlay-opacity":"","overlay-gradient":""},"mobile":{"background-color":"","background-image":"","background-repeat":"repeat","background-position":"center center","background-size":"auto","background-attachment":"scroll","background-type":"","background-media":"","overlay-type":"","overlay-color":"","overlay-opacity":"","overlay-gradient":""}},"ast-content-background-meta":{"desktop":{"background-color":"var(--ast-global-color-5)","background-image":"","background-repeat":"repeat","background-position":"center center","background-size":"auto","background-attachment":"scroll","background-type":"","background-media":"","overlay-type":"","overlay-color":"","overlay-opacity":"","overlay-gradient":""},"tablet":{"background-color":"var(--ast-global-color-5)","background-image":"","background-repeat":"repeat","background-position":"center center","background-size":"auto","background-attachment":"scroll","background-type":"","background-media":"","overlay-type":"","overlay-color":"","overlay-opacity":"","overlay-gradient":""},"mobile":{"background-color":"var(--ast-global-color-5)","background-image":"","background-repeat":"repeat","background-position":"center center","background-size":"auto","background-attachment":"scroll","background-type":"","background-media":"","overlay-type":"","overlay-color":"","overlay-opacity":"","overlay-gradient":""}}},"product_brand":[],"product_cat":[1704,1698,1752],"product_tag":[1535],"class_list":{"0":"post-15848","1":"product","2":"type-product","3":"status-publish","4":"has-post-thumbnail","6":"product_cat-czyste-olejki-eteryczne","7":"product_cat-olejki-eteryczne","8":"product_cat-radzenia-sobie-ze-stresem","9":"product_tag-mieszanki-olejkow-eterycznych","10":"desktop-align-left","11":"tablet-align-left","12":"mobile-align-left","14":"first","15":"instock","16":"taxable","17":"shipping-taxable","18":"purchasable","19":"product-type-simple"},"_links":{"self":[{"href":"https:\/\/mamaterra.lt\/pl\/wp-json\/wp\/v2\/product\/15848","targetHints":{"allow":["GET"]}}],"collection":[{"href":"https:\/\/mamaterra.lt\/pl\/wp-json\/wp\/v2\/product"}],"about":[{"href":"https:\/\/mamaterra.lt\/pl\/wp-json\/wp\/v2\/types\/product"}],"wp:featuredmedia":[{"embeddable":true,"href":"https:\/\/mamaterra.lt\/pl\/wp-json\/wp\/v2\/media\/14592"}],"wp:attachment":[{"href":"https:\/\/mamaterra.lt\/pl\/wp-json\/wp\/v2\/media?parent=15848"}],"wp:term":[{"taxonomy":"product_brand","embeddable":true,"href":"https:\/\/mamaterra.lt\/pl\/wp-json\/wp\/v2\/product_brand?post=15848"},{"taxonomy":"product_cat","embeddable":true,"href":"https:\/\/mamaterra.lt\/pl\/wp-json\/wp\/v2\/product_cat?post=15848"},{"taxonomy":"product_tag","embeddable":true,"href":"https:\/\/mamaterra.lt\/pl\/wp-json\/wp\/v2\/product_tag?post=15848"}],"curies":[{"name":"wp","href":"https:\/\/api.w.org\/{rel}","templated":true}]}}