{"id":15847,"date":"2022-11-12T19:02:37","date_gmt":"2022-11-12T18:02:37","guid":{"rendered":"https:\/\/mamaterra.lt\/parduotuve\/bez-kategorii\/doterra-terragreens-fruit-vegetable-powder-suplement-300g\/"},"modified":"2022-12-30T09:11:58","modified_gmt":"2022-12-30T08:11:58","slug":"doterra-terragreens-owoce-i-warzywa-suplement-proszek-300g","status":"publish","type":"product","link":"https:\/\/mamaterra.lt\/pl\/parduotuve\/trawienie\/doterra-terragreens-owoce-i-warzywa-suplement-proszek-300g\/","title":{"rendered":"doTERRA TerraGreens Fruit &amp; Vegetable Powder Suplement 300g"},"content":{"rendered":"<p><strong>doTERRA TerraGreens Fruit &amp; Vegetable Supplement &#8211; Proszek<\/strong><br \/>\n300g<\/p>\n<p>&nbsp;<\/p>\n<p><strong>doTERRA TerraGreens Fruit and Vegetable Supplement Opis:<\/strong><br \/>\nMo\u017ce przyty\u0142a\u015b kilka kilogram\u00f3w? A mo\u017ce zaburzenia trawienia? By\u0107 mo\u017ce jesz za ma\u0142o owoc\u00f3w i warzyw, aby dostarczy\u0107 organizmowi niezb\u0119dnych substancji?<br \/>\nSuplement doTERRA TerraGreens w\u0142a\u015bnie dla Ciebie!<\/p>\n<p>&nbsp;<\/p>\n<p><strong>Sk\u0142adniki suplementu owocowo-warzywnego doTERRA TerraGreens:<\/strong><\/p>\n<ul>\n<li>Kapusta, mniszek lekarski, szpinak, pietruszka, jarz\u0119bina, broku\u0142y, pszenica, lucerna, j\u0119czmie\u0144, owies, ananas, guawa, mango, jagoda goji i acerola w proszku.<\/li>\n<li>doTERRA TeraGreens sk\u0142ada si\u0119 z dw\u00f3ch czystych olejk\u00f3w eterycznych doTERRA: cytryny i imbiru.<\/li>\n<li>Sk\u0142adniki pomocnicze: lecytyna s\u0142onecznikowa (bez GMO), kwas cytrynowy, guma guar, \u017cywica arabska, ekstrakt stewii, guma ksantanowa.<\/li>\n<\/ul>\n<p><strong>doTERRA TerraGreens Fruit and Vegetable Supplement U\u017cywa:<\/strong><\/p>\n<ul>\n<li>Dodaj 1 \u0142y\u017ck\u0119 sto\u0142ow\u0105 tego proszku do ma\u015blanki, jogurtu, soku, mo\u017cesz doda\u0107 do potraw -wi\u0119c otrzymasz dzienn\u0105 stawk\u0119 zieleni.<\/li>\n<li>Stosowa\u0107 tylko raz dziennie.<\/li>\n<\/ul>\n","protected":false},"excerpt":{"rendered":"<ul>\n<li>TerraGreens &#8211; warzywa, owoce, galaretki&#8230;<\/li>\n<li>doTERRA TeraGreens sk\u0142ada si\u0119 z dw\u00f3ch czystych olejk\u00f3w eterycznych doterra: cytrynowego, imbirowego<\/li>\n<li>Doskona\u0142a &#8222;utrata wagi&#8221;<\/li>\n<li>\n<\/li>\n<\/ul>\n","protected":false},"featured_media":14589,"template":"","meta":{"site-sidebar-layout":"default","site-content-layout":"default","ast-site-content-layout":"default","site-content-style":"default","site-sidebar-style":"default","ast-global-header-display":"","ast-banner-title-visibility":"","ast-main-header-display":"","ast-hfb-above-header-display":"","ast-hfb-below-header-display":"","ast-hfb-mobile-header-display":"","site-post-title":"","ast-breadcrumbs-content":"","ast-featured-img":"","footer-sml-layout":"","ast-disable-related-posts":"","theme-transparent-header-meta":"default","adv-header-id-meta":"","stick-header-meta":"","header-above-stick-meta":"","header-main-stick-meta":"","header-below-stick-meta":"","astra-migrate-meta-layouts":"default","ast-page-background-enabled":"default","ast-page-background-meta":{"desktop":{"background-color":"","background-image":"","background-repeat":"repeat","background-position":"center center","background-size":"auto","background-attachment":"scroll","background-type":"","background-media":"","overlay-type":"","overlay-color":"","overlay-opacity":"","overlay-gradient":""},"tablet":{"background-color":"","background-image":"","background-repeat":"repeat","background-position":"center center","background-size":"auto","background-attachment":"scroll","background-type":"","background-media":"","overlay-type":"","overlay-color":"","overlay-opacity":"","overlay-gradient":""},"mobile":{"background-color":"","background-image":"","background-repeat":"repeat","background-position":"center center","background-size":"auto","background-attachment":"scroll","background-type":"","background-media":"","overlay-type":"","overlay-color":"","overlay-opacity":"","overlay-gradient":""}},"ast-content-background-meta":{"desktop":{"background-color":"var(--ast-global-color-5)","background-image":"","background-repeat":"repeat","background-position":"center center","background-size":"auto","background-attachment":"scroll","background-type":"","background-media":"","overlay-type":"","overlay-color":"","overlay-opacity":"","overlay-gradient":""},"tablet":{"background-color":"var(--ast-global-color-5)","background-image":"","background-repeat":"repeat","background-position":"center center","background-size":"auto","background-attachment":"scroll","background-type":"","background-media":"","overlay-type":"","overlay-color":"","overlay-opacity":"","overlay-gradient":""},"mobile":{"background-color":"var(--ast-global-color-5)","background-image":"","background-repeat":"repeat","background-position":"center center","background-size":"auto","background-attachment":"scroll","background-type":"","background-media":"","overlay-type":"","overlay-color":"","overlay-opacity":"","overlay-gradient":""}}},"product_brand":[],"product_cat":[1758],"product_tag":[840,1575,1398],"class_list":{"0":"post-15847","1":"product","2":"type-product","3":"status-publish","4":"has-post-thumbnail","6":"product_cat-trawienie","7":"product_tag-300g-pl","8":"product_tag-suplementy","9":"product_tag-teragreens-pl","10":"desktop-align-left","11":"tablet-align-left","12":"mobile-align-left","14":"first","15":"instock","16":"sale","17":"taxable","18":"shipping-taxable","19":"purchasable","20":"product-type-simple"},"_links":{"self":[{"href":"https:\/\/mamaterra.lt\/pl\/wp-json\/wp\/v2\/product\/15847","targetHints":{"allow":["GET"]}}],"collection":[{"href":"https:\/\/mamaterra.lt\/pl\/wp-json\/wp\/v2\/product"}],"about":[{"href":"https:\/\/mamaterra.lt\/pl\/wp-json\/wp\/v2\/types\/product"}],"wp:featuredmedia":[{"embeddable":true,"href":"https:\/\/mamaterra.lt\/pl\/wp-json\/wp\/v2\/media\/14589"}],"wp:attachment":[{"href":"https:\/\/mamaterra.lt\/pl\/wp-json\/wp\/v2\/media?parent=15847"}],"wp:term":[{"taxonomy":"product_brand","embeddable":true,"href":"https:\/\/mamaterra.lt\/pl\/wp-json\/wp\/v2\/product_brand?post=15847"},{"taxonomy":"product_cat","embeddable":true,"href":"https:\/\/mamaterra.lt\/pl\/wp-json\/wp\/v2\/product_cat?post=15847"},{"taxonomy":"product_tag","embeddable":true,"href":"https:\/\/mamaterra.lt\/pl\/wp-json\/wp\/v2\/product_tag?post=15847"}],"curies":[{"name":"wp","href":"https:\/\/api.w.org\/{rel}","templated":true}]}}