{"id":15837,"date":"2022-12-22T12:47:42","date_gmt":"2022-12-22T11:47:42","guid":{"rendered":"https:\/\/mamaterra.lt\/parduotuve\/bez-kategorii\/doterra-guaiacwood-olejek-eteryczny-15ml\/"},"modified":"2024-03-10T16:55:50","modified_gmt":"2024-03-10T15:55:50","slug":"doterra-guaiacwood-olejek-eteryczny-15ml","status":"publish","type":"product","link":"https:\/\/mamaterra.lt\/pl\/parduotuve\/olejki-eteryczne\/czyste-olejki-eteryczne\/doterra-guaiacwood-olejek-eteryczny-15ml\/","title":{"rendered":"doTERRA GUAIACWOOD Olejek Eteryczny 15ml"},"content":{"rendered":"<p><strong>doTERRA GUAIACWOOD Olejek eteryczny<\/strong><\/p>\n<p>15ml<\/p>\n<p>&nbsp;<\/p>\n<p>doTERRA dostarcza olejek eteryczny z drewna gwajskiego z Paragwaju w spos\u00f3b zr\u00f3wnowa\u017cony i etyczny. Wsp\u00f3\u0142pracuj\u0105c z naszymi dostawcami, zmieniamy przysz\u0142o\u015b\u0107 zagro\u017conych las\u00f3w Gran Chaco, jednego z najwi\u0119kszych miejsc na \u015bwiecie o wysokiej r\u00f3\u017cnorodno\u015bci biologicznej.<\/p>\n<p>Olejek eteryczny jest destylowany par\u0105 z rdzenia Bulnesia sarmientoi i mieszany z frakcjonowanym olejem kokosowym (frakcjonowany olej kokosowy), uzyskuj\u0105c w ten spos\u00f3b olejek eteryczny z drewna gwajackiego doTERRA. Ze wzgl\u0119du na ziemisty ziemski aromat drewna z delikatn\u0105 s\u0142odycz\u0105, dobrze znany olej mo\u017ce pom\u00f3c stworzy\u0107 koj\u0105c\u0105 i spokojn\u0105 atmosfer\u0119.<\/p>\n<p>&nbsp;<\/p>\n<p><strong>Olejek eteryczny doTERRA GUAIACWOOD \u2013 najwa\u017cniejsze zalety<\/strong><\/p>\n<ul>\n<li>Tradycyjnie stosowany w lokalnych ameryka\u0144skich praktykach, takich jak medytacja lub ceremonie piel\u0119gnowania dobrego samopoczucia.<\/li>\n<li>Stosowany w produktach zapachowych i piel\u0119gnacyjnych ze wzgl\u0119du na lekki s\u0142odki ziemisty aromat.<\/li>\n<li>Zmieszany z frakcjonowanym olejem kokosowym (frakcjonowany olej kokosowy) mo\u017ce pom\u00f3c z\u0142agodzi\u0107 drobne podra\u017cnienia sk\u00f3ry i utrzyma\u0107 naturalny poziom nawil\u017cenia sk\u00f3ry.<\/li>\n<li>Zapach drewna mo\u017cna scharakteryzowa\u0107 ziemistym, koj\u0105cym, spokojnym aromatem.<\/li>\n<\/ul>\n<p>&nbsp;<\/p>\n<p>Przeczytaj wi\u0119cej o tej mieszance <strong><br \/>\n<a href=\"https:\/\/mamaterra.lt\/doterra-metapwr-eteriniu-alieju-misinys\/\" target=\"_blank\" rel=\"noopener\">tutaj<\/a><br \/>\n<\/strong> (litewski)<\/p>\n","protected":false},"excerpt":{"rendered":"<ul>\n<li>Tradycyjnie stosowany w lokalnych ameryka\u0144skich praktykach, takich jak medytacja lub ceremonie piel\u0119gnowania dobrego samopoczucia.<\/li>\n<li>Stosowany w produktach zapachowych i piel\u0119gnacyjnych ze wzgl\u0119du na lekki s\u0142odki ziemisty aromat.<\/li>\n<li>Zmieszany z frakcjonowanym olejem kokosowym (frakcjonowany olej kokosowy) mo\u017ce pom\u00f3c z\u0142agodzi\u0107 drobne podra\u017cnienia sk\u00f3ry i utrzyma\u0107 naturalny poziom nawil\u017cenia sk\u00f3ry.<\/li>\n<li>Zapach drewna mo\u017cna scharakteryzowa\u0107 ziemistym, koj\u0105cym, spokojnym aromatem.<\/li>\n<\/ul>\n","protected":false},"featured_media":0,"template":"","meta":{"site-sidebar-layout":"default","site-content-layout":"default","ast-site-content-layout":"default","site-content-style":"default","site-sidebar-style":"default","ast-global-header-display":"","ast-banner-title-visibility":"","ast-main-header-display":"","ast-hfb-above-header-display":"","ast-hfb-below-header-display":"","ast-hfb-mobile-header-display":"","site-post-title":"","ast-breadcrumbs-content":"","ast-featured-img":"","footer-sml-layout":"","ast-disable-related-posts":"","theme-transparent-header-meta":"default","adv-header-id-meta":"","stick-header-meta":"","header-above-stick-meta":"","header-main-stick-meta":"","header-below-stick-meta":"","astra-migrate-meta-layouts":"set","ast-page-background-enabled":"default","ast-page-background-meta":{"desktop":{"background-color":"","background-image":"","background-repeat":"repeat","background-position":"center center","background-size":"auto","background-attachment":"scroll","background-type":"","background-media":"","overlay-type":"","overlay-color":"","overlay-opacity":"","overlay-gradient":""},"tablet":{"background-color":"","background-image":"","background-repeat":"repeat","background-position":"center center","background-size":"auto","background-attachment":"scroll","background-type":"","background-media":"","overlay-type":"","overlay-color":"","overlay-opacity":"","overlay-gradient":""},"mobile":{"background-color":"","background-image":"","background-repeat":"repeat","background-position":"center center","background-size":"auto","background-attachment":"scroll","background-type":"","background-media":"","overlay-type":"","overlay-color":"","overlay-opacity":"","overlay-gradient":""}},"ast-content-background-meta":{"desktop":{"background-color":"var(--ast-global-color-5)","background-image":"","background-repeat":"repeat","background-position":"center center","background-size":"auto","background-attachment":"scroll","background-type":"","background-media":"","overlay-type":"","overlay-color":"","overlay-opacity":"","overlay-gradient":""},"tablet":{"background-color":"var(--ast-global-color-5)","background-image":"","background-repeat":"repeat","background-position":"center center","background-size":"auto","background-attachment":"scroll","background-type":"","background-media":"","overlay-type":"","overlay-color":"","overlay-opacity":"","overlay-gradient":""},"mobile":{"background-color":"var(--ast-global-color-5)","background-image":"","background-repeat":"repeat","background-position":"center center","background-size":"auto","background-attachment":"scroll","background-type":"","background-media":"","overlay-type":"","overlay-color":"","overlay-opacity":"","overlay-gradient":""}}},"product_brand":[],"product_cat":[1704,1728,1738,1711,1735,1750,1698,1752],"product_tag":[1499,1805,1533,1632,1807,1802],"class_list":{"0":"post-15837","1":"product","2":"type-product","3":"status-publish","5":"product_cat-czyste-olejki-eteryczne","6":"product_cat-dla-wzmocnienia-odpornosci","7":"product_cat-do-spania","8":"product_cat-higiena-i-pielegnacja-skory","9":"product_cat-masaz","10":"product_cat-oczyszczanie-powietrza","11":"product_cat-olejki-eteryczne","12":"product_cat-radzenia-sobie-ze-stresem","13":"product_tag-guaiacwood-pl","14":"product_tag-kojacy","15":"product_tag-olejki-eteryczne","16":"product_tag-perfumy","17":"product_tag-produkcja-perfum","18":"product_tag-skora","19":"desktop-align-left","20":"tablet-align-left","21":"mobile-align-left","23":"first","24":"instock","25":"taxable","26":"shipping-taxable","27":"purchasable","28":"product-type-simple"},"_links":{"self":[{"href":"https:\/\/mamaterra.lt\/pl\/wp-json\/wp\/v2\/product\/15837","targetHints":{"allow":["GET"]}}],"collection":[{"href":"https:\/\/mamaterra.lt\/pl\/wp-json\/wp\/v2\/product"}],"about":[{"href":"https:\/\/mamaterra.lt\/pl\/wp-json\/wp\/v2\/types\/product"}],"wp:attachment":[{"href":"https:\/\/mamaterra.lt\/pl\/wp-json\/wp\/v2\/media?parent=15837"}],"wp:term":[{"taxonomy":"product_brand","embeddable":true,"href":"https:\/\/mamaterra.lt\/pl\/wp-json\/wp\/v2\/product_brand?post=15837"},{"taxonomy":"product_cat","embeddable":true,"href":"https:\/\/mamaterra.lt\/pl\/wp-json\/wp\/v2\/product_cat?post=15837"},{"taxonomy":"product_tag","embeddable":true,"href":"https:\/\/mamaterra.lt\/pl\/wp-json\/wp\/v2\/product_tag?post=15837"}],"curies":[{"name":"wp","href":"https:\/\/api.w.org\/{rel}","templated":true}]}}