{"id":15836,"date":"2022-12-01T12:56:13","date_gmt":"2022-12-01T11:56:13","guid":{"rendered":"https:\/\/mamaterra.lt\/parduotuve\/bez-kategorii\/doterra-rose-hydrolat-spray-100ml\/"},"modified":"2024-06-01T13:49:47","modified_gmt":"2024-06-01T12:49:47","slug":"doterra-rose-hydrolat-mgla-opryskiwacz-100ml","status":"publish","type":"product","link":"https:\/\/mamaterra.lt\/pl\/parduotuve\/prezenty\/prezenty-dla-kobiet\/doterra-rose-hydrolat-mgla-opryskiwacz-100ml\/","title":{"rendered":"doTERRA Rose Hydrolat Spray 100ml"},"content":{"rendered":"<p><b>doTERRA Rose Hydrolat Spray (Rose Hydrosol Mist) <\/b><\/p>\n<p>100 ml<\/p>\n<p>&nbsp;<\/p>\n<p><b>doTERRA Rose Hydrolat Spray (Rose Hydrosol Mist) Opis og\u00f3lny:<\/b><\/p>\n<p>doTERRA Rose Hydrosol Mist <b>(Rose Hydrosol Mist) dostarczany z Europy o wspania\u0142ym zapachu,<\/b> to naprawd\u0119 ekstrawagancki produkt oferowany przez ograniczony czas, kt\u00f3rego nie chcesz przegapi\u0107. Cz\u0142onkowie naszej rodziny w Europie mog\u0105 by\u0107 <b>jednymi z pierwszych cz\u0142onk\u00f3w spo\u0142eczno\u015bci doTERRA, kt\u00f3rzy<\/b> odczuj\u0105 jej imponuj\u0105ce korzy\u015bci!<\/p>\n<div><\/div>\n<div>\n<p>Ten<b> lekki, szybkoschn\u0105cy spray <\/b>oczyszcza, nawil\u017ca i tonizuje \u2013 dzi\u0119ki niemu Twoja rutyna piel\u0119gnacyjna osi\u0105gnie nowy poziom. Zapakowany w cudown\u0105 butelk\u0119 z matowego szk\u0142a i wiele <b>korzystnych w\u0142a\u015bciwo\u015bci<\/b> naszego ulubionego olejku eterycznego Rose (Rose), doTERRA Rose Hydrosol <b>Mist (Rose Hydrosol Spray) <\/b>zawiera 100 ml czystej b\u0142ogo\u015bci.<\/p>\n<p>Ten wspania\u0142y produkt uciele\u015bnia esencj\u0119 rozpieszczania siebie. Lub mo\u017ce sta\u0107 si\u0119 najlepszym prezentem podarowanym w tym roku!<\/p>\n<\/div>\n<p>&nbsp;<\/p>\n<p>&nbsp;<\/p>\n","protected":false},"excerpt":{"rendered":"<ul>\n<li>Pi\u0119knie pachn\u0105cy spray, kt\u00f3ry od\u015bwie\u017ca sk\u00f3r\u0119 i poprawia nastr\u00f3j przez ca\u0142y dzie\u0144.<\/li>\n<li>Stworzony na bazie wody kwiatowej Rosa damascena, posiada znajomy kwiatowy zapach r\u00f3\u017c.<\/li>\n<li>Luksusowy dodatek do codziennej piel\u0119gnacji sk\u00f3ry.<\/li>\n<\/ul>\n","protected":false},"featured_media":14658,"template":"","meta":{"site-sidebar-layout":"default","site-content-layout":"default","ast-site-content-layout":"default","site-content-style":"default","site-sidebar-style":"default","ast-global-header-display":"","ast-banner-title-visibility":"","ast-main-header-display":"","ast-hfb-above-header-display":"","ast-hfb-below-header-display":"","ast-hfb-mobile-header-display":"","site-post-title":"","ast-breadcrumbs-content":"","ast-featured-img":"","footer-sml-layout":"","ast-disable-related-posts":"","theme-transparent-header-meta":"default","adv-header-id-meta":"","stick-header-meta":"","header-above-stick-meta":"","header-main-stick-meta":"","header-below-stick-meta":"","astra-migrate-meta-layouts":"set","ast-page-background-enabled":"default","ast-page-background-meta":{"desktop":{"background-color":"","background-image":"","background-repeat":"repeat","background-position":"center center","background-size":"auto","background-attachment":"scroll","background-type":"","background-media":"","overlay-type":"","overlay-color":"","overlay-opacity":"","overlay-gradient":""},"tablet":{"background-color":"","background-image":"","background-repeat":"repeat","background-position":"center center","background-size":"auto","background-attachment":"scroll","background-type":"","background-media":"","overlay-type":"","overlay-color":"","overlay-opacity":"","overlay-gradient":""},"mobile":{"background-color":"","background-image":"","background-repeat":"repeat","background-position":"center center","background-size":"auto","background-attachment":"scroll","background-type":"","background-media":"","overlay-type":"","overlay-color":"","overlay-opacity":"","overlay-gradient":""}},"ast-content-background-meta":{"desktop":{"background-color":"var(--ast-global-color-5)","background-image":"","background-repeat":"repeat","background-position":"center center","background-size":"auto","background-attachment":"scroll","background-type":"","background-media":"","overlay-type":"","overlay-color":"","overlay-opacity":"","overlay-gradient":""},"tablet":{"background-color":"var(--ast-global-color-5)","background-image":"","background-repeat":"repeat","background-position":"center center","background-size":"auto","background-attachment":"scroll","background-type":"","background-media":"","overlay-type":"","overlay-color":"","overlay-opacity":"","overlay-gradient":""},"mobile":{"background-color":"var(--ast-global-color-5)","background-image":"","background-repeat":"repeat","background-position":"center center","background-size":"auto","background-attachment":"scroll","background-type":"","background-media":"","overlay-type":"","overlay-color":"","overlay-opacity":"","overlay-gradient":""}}},"product_brand":[],"product_cat":[1740,1711,1688,1692],"product_tag":[],"class_list":{"0":"post-15836","1":"product","2":"type-product","3":"status-publish","4":"has-post-thumbnail","6":"product_cat-dla-kobiet","7":"product_cat-higiena-i-pielegnacja-skory","8":"product_cat-prezenty","9":"product_cat-prezenty-dla-kobiet","10":"desktop-align-left","11":"tablet-align-left","12":"mobile-align-left","14":"first","15":"instock","16":"taxable","17":"shipping-taxable","18":"purchasable","19":"product-type-simple"},"_links":{"self":[{"href":"https:\/\/mamaterra.lt\/pl\/wp-json\/wp\/v2\/product\/15836","targetHints":{"allow":["GET"]}}],"collection":[{"href":"https:\/\/mamaterra.lt\/pl\/wp-json\/wp\/v2\/product"}],"about":[{"href":"https:\/\/mamaterra.lt\/pl\/wp-json\/wp\/v2\/types\/product"}],"wp:featuredmedia":[{"embeddable":true,"href":"https:\/\/mamaterra.lt\/pl\/wp-json\/wp\/v2\/media\/14658"}],"wp:attachment":[{"href":"https:\/\/mamaterra.lt\/pl\/wp-json\/wp\/v2\/media?parent=15836"}],"wp:term":[{"taxonomy":"product_brand","embeddable":true,"href":"https:\/\/mamaterra.lt\/pl\/wp-json\/wp\/v2\/product_brand?post=15836"},{"taxonomy":"product_cat","embeddable":true,"href":"https:\/\/mamaterra.lt\/pl\/wp-json\/wp\/v2\/product_cat?post=15836"},{"taxonomy":"product_tag","embeddable":true,"href":"https:\/\/mamaterra.lt\/pl\/wp-json\/wp\/v2\/product_tag?post=15836"}],"curies":[{"name":"wp","href":"https:\/\/api.w.org\/{rel}","templated":true}]}}