{"id":15486,"date":"2022-12-15T13:36:17","date_gmt":"2022-12-15T12:36:17","guid":{"rendered":"https:\/\/mamaterra.lt\/parduotuve\/bez-kategorii\/doterra-thai-cuisine-thai-blend-olejkow-eterycznych-15ml\/"},"modified":"2022-12-15T13:36:17","modified_gmt":"2022-12-15T12:36:17","slug":"doterra-thai-essential-oil-blend-15ml","status":"publish","type":"product","link":"https:\/\/mamaterra.lt\/pl\/parduotuve\/olejki-eteryczne\/mieszanki-olejkow-eterycznych\/doterra-thai-essential-oil-blend-15ml\/","title":{"rendered":"doTERRA Thai Cuisine (Thai) Blend olejk\u00f3w eterycznych 15ml"},"content":{"rendered":"<p><strong>doTERRA Thai Cuisine (Thai) Mieszanka olejk\u00f3w eterycznych<\/strong><\/p>\n<p>15ml<\/p>\n<p>&nbsp;<\/p>\n<p><strong>doTERRA Thai Cuisine (Thai) Blend olejk\u00f3w eterycznych Og\u00f3lny opis:<\/strong><\/p>\n<p>Mieszanka kuchni tajskiej zabierze Ci\u0119 na pachn\u0105cy tajski targ i ciche pola ry\u017cowe. Tw\u00f3rz dania o smaku kraju u\u015bmiechu, u\u017cywaj\u0105c tej mieszanki kolendry (nasiona kolendry), Galangal (alpinista), kminek (kminek), trawa cytrynowa (trawa cytrynowa), mi\u0119ta (zimne), limonka Kaffir (p\u00f3\u017ane drzewo cytrynowe), imbir (imbir), bazylia (bazylia) i r\u00f3\u017cowy (r\u00f3\u017cowy) frakcjonowany olej kokosowy (w frakcjonowanym oleju kokosowym). Mieszanka kuchni tajskiej \u0142\u0105czy w sobie s\u0142ono\u015b\u0107, s\u0142odycz, kwaskowato\u015b\u0107 i pikantno\u015b\u0107, nadaj\u0105c kuchni tajskiej niepowtarzalny smak.<\/p>\n<p>&nbsp;<\/p>\n<p><strong>DoTERRA Thai Cuisine (Thai) Blend olejk\u00f3w eterycznych G\u0142\u00f3wne zalety:<\/strong><\/p>\n<ul>\n<li>Idealny do aromatyzowania makaron\u00f3w, ry\u017cu, zup i mi\u0119sa.<\/li>\n<li>\u0141atwo daj \u0142adunek pachn\u0105cych smak\u00f3w ka\u017cdemu pikantnemu lub s\u0142odkiemu daniu.<\/li>\n<li>Przechowuj w szafce kuchennej dla \u0142atwo\u015bci u\u017cytkowania!<\/li>\n<li>Aby uzyska\u0107 najlepsze wyniki, udekoruj ju\u017c ugotowane jedzenie.<\/li>\n<\/ul>\n<p>&nbsp;<\/p>\n<p><strong>doTERRA Thai Cuisine (Thai) Blend olejk\u00f3w eterycznych Sk\u0142adniki og\u00f3lne:<\/strong><\/p>\n<p>Frakcjonowany olej kokosowy (frakcjonowany olej kokosowy), olej z kolendry, olej galangalny (alpinistyczny), olej kminkowy (kminkowy), olej z trawy cytrynowej (trawa cytrynowa), olejek mi\u0119towy (mi\u0119towy), olej z limonki Kaffir (p\u00f3\u017ane drzewo cytrynowe), olejek imbirowy (imbirowy), olej bazyliowy (bazylia), olej z r\u00f3\u017cowego pieprzu (r\u00f3\u017cowy).<\/p>\n<p>&nbsp;<\/p>\n<p>&nbsp;<\/p>\n","protected":false},"excerpt":{"rendered":"<ul>\n<li>Idealny do aromatyzowania makaron\u00f3w, ry\u017cu, zup i mi\u0119sa.<\/li>\n<li>\u0141atwo daj \u0142adunek pachn\u0105cych smak\u00f3w ka\u017cdemu pikantnemu lub s\u0142odkiemu daniu.<\/li>\n<li>Przechowuj w szafce kuchennej dla \u0142atwo\u015bci u\u017cytkowania!<\/li>\n<\/ul>\n","protected":false},"featured_media":14715,"template":"","meta":{"site-sidebar-layout":"default","site-content-layout":"default","ast-site-content-layout":"default","site-content-style":"default","site-sidebar-style":"default","ast-global-header-display":"","ast-banner-title-visibility":"","ast-main-header-display":"","ast-hfb-above-header-display":"","ast-hfb-below-header-display":"","ast-hfb-mobile-header-display":"","site-post-title":"","ast-breadcrumbs-content":"","ast-featured-img":"","footer-sml-layout":"","ast-disable-related-posts":"","theme-transparent-header-meta":"default","adv-header-id-meta":"","stick-header-meta":"","header-above-stick-meta":"","header-main-stick-meta":"","header-below-stick-meta":"","astra-migrate-meta-layouts":"default","ast-page-background-enabled":"default","ast-page-background-meta":{"desktop":{"background-color":"","background-image":"","background-repeat":"repeat","background-position":"center center","background-size":"auto","background-attachment":"scroll","background-type":"","background-media":"","overlay-type":"","overlay-color":"","overlay-opacity":"","overlay-gradient":""},"tablet":{"background-color":"","background-image":"","background-repeat":"repeat","background-position":"center center","background-size":"auto","background-attachment":"scroll","background-type":"","background-media":"","overlay-type":"","overlay-color":"","overlay-opacity":"","overlay-gradient":""},"mobile":{"background-color":"","background-image":"","background-repeat":"repeat","background-position":"center center","background-size":"auto","background-attachment":"scroll","background-type":"","background-media":"","overlay-type":"","overlay-color":"","overlay-opacity":"","overlay-gradient":""}},"ast-content-background-meta":{"desktop":{"background-color":"var(--ast-global-color-5)","background-image":"","background-repeat":"repeat","background-position":"center center","background-size":"auto","background-attachment":"scroll","background-type":"","background-media":"","overlay-type":"","overlay-color":"","overlay-opacity":"","overlay-gradient":""},"tablet":{"background-color":"var(--ast-global-color-5)","background-image":"","background-repeat":"repeat","background-position":"center center","background-size":"auto","background-attachment":"scroll","background-type":"","background-media":"","overlay-type":"","overlay-color":"","overlay-opacity":"","overlay-gradient":""},"mobile":{"background-color":"var(--ast-global-color-5)","background-image":"","background-repeat":"repeat","background-position":"center center","background-size":"auto","background-attachment":"scroll","background-type":"","background-media":"","overlay-type":"","overlay-color":"","overlay-opacity":"","overlay-gradient":""}}},"product_brand":[],"product_cat":[1702,1692],"product_tag":[],"class_list":{"0":"post-15486","1":"product","2":"type-product","3":"status-publish","4":"has-post-thumbnail","6":"product_cat-mieszanki-olejkow-eterycznych","7":"product_cat-prezenty-dla-kobiet","8":"desktop-align-left","9":"tablet-align-left","10":"mobile-align-left","12":"first","13":"outofstock","14":"taxable","15":"shipping-taxable","16":"purchasable","17":"product-type-simple"},"_links":{"self":[{"href":"https:\/\/mamaterra.lt\/pl\/wp-json\/wp\/v2\/product\/15486","targetHints":{"allow":["GET"]}}],"collection":[{"href":"https:\/\/mamaterra.lt\/pl\/wp-json\/wp\/v2\/product"}],"about":[{"href":"https:\/\/mamaterra.lt\/pl\/wp-json\/wp\/v2\/types\/product"}],"wp:featuredmedia":[{"embeddable":true,"href":"https:\/\/mamaterra.lt\/pl\/wp-json\/wp\/v2\/media\/14715"}],"wp:attachment":[{"href":"https:\/\/mamaterra.lt\/pl\/wp-json\/wp\/v2\/media?parent=15486"}],"wp:term":[{"taxonomy":"product_brand","embeddable":true,"href":"https:\/\/mamaterra.lt\/pl\/wp-json\/wp\/v2\/product_brand?post=15486"},{"taxonomy":"product_cat","embeddable":true,"href":"https:\/\/mamaterra.lt\/pl\/wp-json\/wp\/v2\/product_cat?post=15486"},{"taxonomy":"product_tag","embeddable":true,"href":"https:\/\/mamaterra.lt\/pl\/wp-json\/wp\/v2\/product_tag?post=15486"}],"curies":[{"name":"wp","href":"https:\/\/api.w.org\/{rel}","templated":true}]}}