{"id":15075,"date":"2021-09-03T10:27:20","date_gmt":"2021-09-03T09:27:20","guid":{"rendered":"https:\/\/mamaterra.lt\/polityka-prywatnosci\/"},"modified":"2024-03-03T19:00:41","modified_gmt":"2024-03-03T18:00:41","slug":"polityka-prywatnosci","status":"publish","type":"page","link":"https:\/\/mamaterra.lt\/pl\/polityka-prywatnosci\/","title":{"rendered":"Polityka prywatno\u015bci"},"content":{"rendered":"\t\t<div data-elementor-type=\"wp-post\" data-elementor-id=\"15075\" class=\"elementor elementor-15075 elementor-2040\" data-elementor-post-type=\"page\">\n\t\t\t\t\t\t<section class=\"elementor-section elementor-top-section elementor-element elementor-element-e1a8f78 elementor-section-content-middle elementor-section-height-min-height elementor-section-boxed elementor-section-height-default elementor-section-items-middle\" data-id=\"e1a8f78\" data-element_type=\"section\" data-e-type=\"section\" data-settings=\"{&quot;background_background&quot;:&quot;classic&quot;}\">\n\t\t\t\t\t\t\t<div class=\"elementor-background-overlay\"><\/div>\n\t\t\t\t\t\t\t<div class=\"elementor-container elementor-column-gap-no\">\n\t\t\t\t\t<div class=\"elementor-column elementor-col-100 elementor-top-column elementor-element elementor-element-f204210\" data-id=\"f204210\" data-element_type=\"column\" data-e-type=\"column\" data-settings=\"{&quot;background_background&quot;:&quot;classic&quot;}\">\n\t\t\t<div class=\"elementor-widget-wrap elementor-element-populated\">\n\t\t\t\t\t\t<section class=\"elementor-section elementor-inner-section elementor-element elementor-element-c7c639a elementor-section-height-min-height elementor-section-boxed elementor-section-height-default\" data-id=\"c7c639a\" data-element_type=\"section\" data-e-type=\"section\">\n\t\t\t\t\t\t\t<div class=\"elementor-background-overlay\"><\/div>\n\t\t\t\t\t\t\t<div class=\"elementor-container elementor-column-gap-default\">\n\t\t\t\t\t<div class=\"elementor-column elementor-col-100 elementor-inner-column elementor-element elementor-element-4e18b6f\" data-id=\"4e18b6f\" data-element_type=\"column\" data-e-type=\"column\" data-settings=\"{&quot;background_background&quot;:&quot;classic&quot;}\">\n\t\t\t<div class=\"elementor-widget-wrap elementor-element-populated\">\n\t\t\t\t\t\t<div class=\"elementor-element elementor-element-626ce7d elementor-widget elementor-widget-heading\" data-id=\"626ce7d\" data-element_type=\"widget\" data-e-type=\"widget\" data-widget_type=\"heading.default\">\n\t\t\t\t<div class=\"elementor-widget-container\">\n\t\t\t\t\t<h1 class=\"elementor-heading-title elementor-size-default\">Polityka prywatno\u015bci<\/h1>\t\t\t\t<\/div>\n\t\t\t\t<\/div>\n\t\t\t\t<div class=\"elementor-element elementor-element-e2ae439 elementor-align-center elementor-widget elementor-widget-breadcrumbs\" data-id=\"e2ae439\" data-element_type=\"widget\" data-e-type=\"widget\" data-widget_type=\"breadcrumbs.default\">\n\t\t\t\t<div class=\"elementor-widget-container\">\n\t\t\t\t\t<p id=\"breadcrumbs\"><span><span><a href=\"https:\/\/mamaterra.lt\/pl\/\">Strona g\u0142\u00f3wna<\/a><\/span><\/span><\/p>\t\t\t\t<\/div>\n\t\t\t\t<\/div>\n\t\t\t\t\t<\/div>\n\t\t<\/div>\n\t\t\t\t\t<\/div>\n\t\t<\/section>\n\t\t\t\t\t<\/div>\n\t\t<\/div>\n\t\t\t\t\t<\/div>\n\t\t<\/section>\n\t\t\t\t<section class=\"elementor-section elementor-top-section elementor-element elementor-element-7d139c00 elementor-section-boxed elementor-section-height-default elementor-section-height-default\" data-id=\"7d139c00\" data-element_type=\"section\" data-e-type=\"section\" data-settings=\"{&quot;background_background&quot;:&quot;classic&quot;}\">\n\t\t\t\t\t\t\t<div class=\"elementor-background-overlay\"><\/div>\n\t\t\t\t\t\t\t<div class=\"elementor-container elementor-column-gap-default\">\n\t\t\t\t\t<div class=\"elementor-column elementor-col-100 elementor-top-column elementor-element elementor-element-5f9ac8ab\" data-id=\"5f9ac8ab\" data-element_type=\"column\" data-e-type=\"column\" data-settings=\"{&quot;background_background&quot;:&quot;classic&quot;}\">\n\t\t\t<div class=\"elementor-widget-wrap elementor-element-populated\">\n\t\t\t\t\t\t<div class=\"elementor-element elementor-element-50d2f331 elementor-widget elementor-widget-heading\" data-id=\"50d2f331\" data-element_type=\"widget\" data-e-type=\"widget\" data-widget_type=\"heading.default\">\n\t\t\t\t<div class=\"elementor-widget-container\">\n\t\t\t\t\t<h1 class=\"elementor-heading-title elementor-size-default\">Polityka prywatno\u015bci<\/h1>\t\t\t\t<\/div>\n\t\t\t\t<\/div>\n\t\t\t\t<div class=\"elementor-element elementor-element-566e357 elementor-widget elementor-widget-text-editor\" data-id=\"566e357\" data-element_type=\"widget\" data-e-type=\"widget\" data-widget_type=\"text-editor.default\">\n\t\t\t\t<div class=\"elementor-widget-container\">\n\t\t\t\t\t\t\t\t\t<p>Ostatnia aktualizacja 01\/01\/2022<\/p>\n\t\t\t\t\t\t\t\t<\/div>\n\t\t\t\t<\/div>\n\t\t\t\t<div class=\"elementor-element elementor-element-2d248356 elementor-widget elementor-widget-text-editor\" data-id=\"2d248356\" data-element_type=\"widget\" data-e-type=\"widget\" data-widget_type=\"text-editor.default\">\n\t\t\t\t<div class=\"elementor-widget-container\">\n\t\t\t\t\t\t\t\t\t<ol><li><strong>DLACZEGO ZBIERAMY INFORMACJE O U\u017bYTKOWNIKU?<\/strong><strong><br><\/strong><ol><li>Administrator wype\u0142nia obowi\u0105zki wynikaj\u0105ce z og\u00f3lnego rozporz\u0105dzenia o ochronie danych (dalej RODO), gromadz\u0105c i przetwarzaj\u0105c dane osobowe wy\u0142\u0105cznie w jasno okre\u015blonych celach i na uzasadnionych podstawach, aktualizuj\u0105c dane osobowe, bezpiecznie je przechowuj\u0105c i niszcz\u0105c, nie gromadz\u0105c i nie przechowuj\u0105c zbyt wielu danych oraz zapewniaj\u0105c stosowanie odpowiednich \u015brodk\u00f3w technicznych i organizacyjnych w celu ochrony danych osobowych (Administrator &#8211; w\u0142a\u015bciciel sklepu internetowego mamaTERRA).<\/li><li>W sklepie internetowym mamaTERRA mo\u017cna r\u00f3wnie\u017c kupowa\u0107 towary bez konieczno\u015bci zak\u0142adania konta. W takim przypadku Administrator gromadzi dane techniczne u\u017cywanego sprz\u0119tu (takie jak model sprz\u0119tu, identyfikator).<\/li><li>Mo\u017cesz utworzy\u0107 konto w naszym sklepie internetowym podczas dokonywania nowego zakupu. Nale\u017cy poda\u0107 dane niezb\u0119dne do dokonania zakupu, tj. imi\u0119, nazwisko, adres e-mail, adres pocztowy, adres dostawy i numer telefonu towaru.<\/li><li>Wyra\u017caj\u0105c zgod\u0119 na niniejsz\u0105 Polityk\u0119 prywatno\u015bci i podaj\u0105c swoje dane osobowe, potwierdzasz, \u017ce udzielasz nam zgody na przetwarzanie Twoich danych osobowych w celu dostarczania Ci towar\u00f3w i us\u0142ug oferowanych w sklepie internetowym mamaTERRA.<\/li><li>Mo\u017cemy r\u00f3wnie\u017c przetwarza\u0107 Twoje dane, w tym adres e-mail, imi\u0119, nazwisko, adres w celach marketingowych sklepu. B\u0119dziemy wysy\u0142a\u0107 biuletyny tylko wtedy, gdy u\u017cytkownik wska\u017ce w momencie rejestracji, \u017ce chce otrzymywa\u0107 biuletyn. U\u017cytkownik mo\u017ce w dowolnym momencie zrezygnowa\u0107 z subskrypcji biuletynu, klikaj\u0105c przycisk <strong>link &#8222;anuluj subskrypcj\u0119&#8221;, <\/strong>kt\u00f3ry znajduje si\u0119 na dole ka\u017cdego przychodz\u0105cego listu<\/li><li>Podstaw\u0105 prawn\u0105 gromadzenia i przetwarzania Twoich danych osobowych w ramach dzia\u0142alno\u015bci Administrator\u00f3w jest zawarta z Tob\u0105 umowa dotycz\u0105ca korzystania ze sklepu internetowego mamaTERRA i\/lub dobrowolnie udzielona przez Ciebie, konkretna, wyra\u017ana i jednoznaczna zgoda na takie gromadzenie i przetwarzanie danych..<br><br><\/li><\/ol><\/li><li><strong style=\"font-style: inherit;\"><strong>OGRANICZENIE WIEKOWE<\/strong><\/strong><ol><li>Korzysta\u0107 i kupowa\u0107 w sklepie internetowym mamaTERRA mog\u0105 osoby w ka\u017cdym wieku, kt\u00f3re mog\u0105 dokonywa\u0107 transakcji takiego zakupu.<\/li><li>W przypadku, gdy u\u017cytkownik ma mniej ni\u017c 16 lat, zalecamy skonsultowanie si\u0119 z rodzicami i\/lub opiekunami w przypadku zakupu towar\u00f3w.<br><br><\/li><\/ol><\/li><li><strong style=\"font-style: inherit;\"><strong>KORZYSTANIE Z PLIK\u00d3W COOKIE<\/strong><\/strong><ol><li>Korzystaj\u0105c z plik\u00f3w cookie, staramy si\u0119 zapewni\u0107 komfortowe przegl\u0105danie stron. Niekt\u00f3re z nich s\u0105 niezb\u0119dne do dzia\u0142ania niekt\u00f3rych sekcji witryny, inne maj\u0105 na celu gromadzenie informacji i wykorzystywanie statystyk, aby\u015bmy mogli ulepszy\u0107 witryn\u0119 w przysz\u0142o\u015bci Sesyjne pliki cookie s\u0105 usuwane natychmiast po zamkni\u0119ciu przegl\u0105darki, trwa\u0142e pliki cookie s\u0105 przechowywane na komputerze do momentu ich usuni\u0119cia lub wyga\u015bni\u0119cia.<\/li><li>Pliki cookie s\u0105 kilku rodzaj\u00f3w, niekt\u00f3re s\u0105 niezb\u0119dne do zapewnienia prawid\u0142owego funkcjonowania strony internetowej, inne maj\u0105 na celu popraw\u0119 funkcjonowania strony internetowej:<ol><li>Pliki cookie s\u0105 niezb\u0119dne do dzia\u0142ania strony internetowej:<ul><li>Zaprojektowany, aby pami\u0119ta\u0107, co zosta\u0142o umieszczone w koszyku.<\/li><\/ul><\/li><li>Funkcjonalne pliki cookie:<ul><li>Aby zapami\u0119ta\u0107 dane logowania.<\/li><li>Zaprojektowany, aby zapewni\u0107 bezpiecze\u0144stwo danych i login\u00f3w.<\/li><li>Zaprojektowany, aby zapewni\u0107 sp\u00f3jne dzia\u0142anie strony internetowej.<\/li><li>Aby poprawi\u0107 wydajno\u015b\u0107 strony internetowej.<\/li><\/ul><\/li><li>Pliki cookie s\u0105 wykorzystywane do nast\u0119puj\u0105cych cel\u00f3w:<ul><li>Rozpoznawanie u\u017cytkownika, aby w przysz\u0142o\u015bci nie trzeba by\u0142o zbiera\u0107 powtarzaj\u0105cych si\u0119 informacji.<\/li><li>Rozpoznanie, ilu unikalnych u\u017cytkownik\u00f3w przegl\u0105da witryn\u0119, pomaga zapewni\u0107 jej p\u0142ynne i szybkie dzia\u0142anie.<\/li><li>Aby analizowa\u0107 zebrane informacje o przegl\u0105daniu unikalnych u\u017cytkownik\u00f3w, pomaga to dostosowa\u0107 dzia\u0142anie strony internetowej do Twoich potrzeb.3<\/li><\/ul><\/li><li>Ta strona korzysta r\u00f3wnie\u017c z plik\u00f3w cookie Google Analytics. Te pliki cookie umo\u017cliwiaj\u0105 analiz\u0119 sposobu korzystania z witryny przez u\u017cytkownika. Zasadniczo wszystkie informacje gromadzone przez te pliki cookie s\u0105 przesy\u0142ane i przechowywane na serwerze Google zlokalizowanym w USA. Dzi\u0119ki plikom cookie Google Analytics b\u0119dziemy mogli oceni\u0107 spos\u00f3b korzystania z witryny, okre\u015bli\u0107 aktywno\u015b\u0107 witryny i poprawi\u0107 jej wydajno\u015b\u0107 na podstawie zebranych danych. Je\u015bli chcesz, aby pliki cookie Google Analytics nie by\u0142y u\u017cywane podczas Twojej wizyty, mo\u017cesz pobra\u0107 i zainstalowa\u0107 wtyczk\u0119 do przegl\u0105darki, kt\u00f3r\u0105 mo\u017cna znale\u017a\u0107 pod adresem <a href=\"https:\/\/tools.google.com\/dlpage\/gaoptout?hl=en\"><strong>tutaj<\/strong><\/a>.<\/li><\/ol><\/li><li>Je\u015bli u\u017cytkownik zdecyduje si\u0119 odrzuci\u0107 pliki cookie podczas korzystania z witryny, musimy ostrzec, \u017ce niekt\u00f3re sekcje witryny mog\u0105 nie dzia\u0142a\u0107. Na przyk\u0142ad us\u0142uga koszyka na zakupy mo\u017ce nie dzia\u0142a\u0107 p\u0142ynnie.<\/li><li>Je\u015bli chcesz usun\u0105\u0107 pliki cookie zainstalowane na komputerze podczas poprzedniej wizyty, poszukaj sekcji &#8222;Pomoc&#8221; w przegl\u0105darce, gdzie znajdziesz niezb\u0119dne informacje.<\/li><li>Wszystkie informacje na temat plik\u00f3w cookie, do czego s\u0142u\u017c\u0105, jak nimi zarz\u0105dza\u0107 i je usuwa\u0107, mo\u017cna znale\u017a\u0107 na stronie internetowej <a href=\"http:\/\/www.aboutcookies.org\/\"> www.aboutcookies.org<\/a><br><br><\/li><\/ol><\/li><li><strong><strong>JAK D\u0141UGO B\u0118D\u0104 PRZECHOWYWANE INFORMACJE O U\u017bYTKOWNIKU? <\/strong><\/strong><ol><li>Dane osobowe, kt\u00f3re przetwarzamy w jakimkolwiek celu lub celach, nie mog\u0105 by\u0107 przechowywane d\u0142u\u017cej ni\u017c jest to konieczne do tego celu lub cel\u00f3w.<\/li><li>W celu \u015bwiadczenia us\u0142ug naszego sklepu internetowego podane przez u\u017cytkownika dane b\u0119d\u0105 przechowywane przez okres 3 (trzech) lat od momentu podania nam niezb\u0119dnych informacji lub od momentu ostatniego skorzystania z naszych us\u0142ug.<\/li><li>W celach marketingowych podane przez u\u017cytkownika dane b\u0119d\u0105 przechowywane przez 2 (dwa) lata od momentu podania nam niezb\u0119dnych informacji lub od momentu ostatniego skorzystania z naszych us\u0142ug, lub do momentu odmowy przetwarzania danych w celach marketingowych.<\/li><li>Powy\u017csze pliki cookie b\u0119d\u0105 przechowywane przez okres do 2 lat od momentu ostatniej wizyty na stronie internetowej.<\/li><li>Dok\u0142adamy uzasadnionych stara\u0144, aby zapewni\u0107 bezpiecze\u0144stwo danych osobowych u\u017cytkownika. Po up\u0142ywie odpowiedniego okresu przechowywania danych zobowi\u0105zujemy si\u0119 do zniszczenia przekazanych przez u\u017cytkownika informacji.<br><br><\/li><\/ol><\/li><li><strong><strong>PRAWA U\u017bYTKOWNIKA <\/strong><\/strong><ol><li>Z wyj\u0105tkiem przypadk\u00f3w, w kt\u00f3rych RODO lub odpowiednie przepisy prawa przewiduj\u0105 wyj\u0105tki, u\u017cytkownikowi przys\u0142uguj\u0105 nast\u0119puj\u0105ce prawa w odniesieniu do jego danych osobowych<ol><li>Prawo dost\u0119pu do danych osobowych. U\u017cytkownik ma prawo skontaktowa\u0107 si\u0119 z Administratorem z bezp\u0142atnym wnioskiem o dost\u0119p do swoich danych osobowych. Upon receipt of this request, controller will provide you with a copy of the information related to you, as well as explain why and how it processes this information.<\/li><li>Prawo do \u017c\u0105dania od Administratora sprostowania, uzupe\u0142nienia lub usuni\u0119cia danych osobowych, je\u017celi s\u0105 one nieprawid\u0142owe lub niekompletne.<\/li><li>Prawo do \u017c\u0105dania usuni\u0119cia danych osobowych, gdy Administrator nie musi ju\u017c przechowywa\u0107 takich danych (&#8222;prawo do bycia zapomnianym&#8221;).<\/li><li>Prawo do ograniczenia przetwarzania danych, gdy u\u017cytkownik kwestionuje prawid\u0142owo\u015b\u0107 danych, przetwarzanie jest niezgodne z prawem, a u\u017cytkownik nie zgadza si\u0119 na usuni\u0119cie danych, nie potrzebujemy ju\u017c danych do cel\u00f3w ich przetwarzania, ale potrzebujemy ich do ustalenia lub dochodzenia roszcze\u0144 prawnych lub, gdy u\u017cytkownik sprzeciwia si\u0119 przetwarzaniu, sprawdzenie, czy uzasadnione powody przetwarzania maj\u0105 pierwsze\u0144stwo przed powodami podanymi przez u\u017cytkownika, wymaga czasu.<\/li><li>Prawo do \u017c\u0105dania udost\u0119pnienia danych osobowych oraz, je\u015bli to mo\u017cliwe, do przekazania tych danych bezpo\u015brednio innemu administratorowi danych.<\/li><li>Prawo do wycofania zgody na przetwarzanie danych osobowych w dowolnym momencie, gdy przetwarzanie danych opiera si\u0119 na zgodzie u\u017cytkownika lub istnieniu uzasadnionego interesu.<\/li><li>Prawo do sprzeciwu wobec przetwarzania danych osobowych.<\/li><li>Prawo do z\u0142o\u017cenia skargi do odpowiedniego organu ochrony danych zgodnie z adresem miejsca zamieszkania lub miejsca pracy, a tak\u017ce zgodnie z miejscem przetwarzania danych przez Administratora, kt\u00f3rym jest Republika Litewska, lub miejscem naruszenia, kt\u00f3re mia\u0142o miejsce. Na Litwie s\u0142u\u017cb\u0105 t\u0105 jest Pa\u0144stwowy Inspektorat Ochrony Danych Osobowych.<\/li><li>U\u017cytkownik ma prawo w dowolnym momencie za\u017c\u0105da\u0107 zaprzestania wykorzystywania jego danych osobowych do cel\u00f3w marketingowych.<\/li><li>U\u017cytkownik ma prawo sprzeciwi\u0107 si\u0119 decyzji opartej wy\u0142\u0105cznie na zautomatyzowanym przetwarzaniu, w tym profilowaniu, kt\u00f3ra mia\u0142aby dla niego konsekwencje prawne lub mia\u0142aby na niego znacz\u0105cy wp\u0142yw.<\/li><\/ol><\/li><li>Odpowiednie dzia\u0142ania zostan\u0105 podj\u0119te nie p\u00f3\u017aniej ni\u017c w ci\u0105gu trzydziestu (30) dni kalendarzowych od daty odwo\u0142ania. Przekazywanie informacji mo\u017ce odbywa\u0107 si\u0119 bezp\u0142atnie nie cz\u0119\u015bciej ni\u017c raz w roku kalendarzowym.<\/li><li>Je\u015bli chcesz skorzysta\u0107 ze swoich praw, mo\u017cesz skontaktowa\u0107 si\u0119 z nami za po\u015brednictwem poczty elektronicznej <a href=\"mailto:info@mamaterra.lt\" target=\"_blank\" rel=\"noopener\">info@mamaterra.lt<\/a><br><br><\/li><\/ol><\/li><li><strong><strong>US\u0141UGI STRON TRZECICH <\/strong><\/strong><ol><li>Dane osobowe u\u017cytkownika b\u0119d\u0105 traktowane jako \u015bci\u015ble poufne i b\u0119d\u0105 udost\u0119pniane wy\u0142\u0105cznie dostawcom us\u0142ug, kt\u00f3rzy zawarli umowy z Administratorem. Informacje, kt\u00f3re ujawniamy stronom trzecim wymienionym poni\u017cej, nie s\u0105 nadmierne w stosunku do us\u0142ug \u015bwiadczonych przez nast\u0119puj\u0105ce strony trzecie:<ol><li>W celu dostarczenia przez Administratora zam\u00f3wionych przez Ciebie towar\u00f3w, Administrator korzysta z us\u0142ug podmiot\u00f3w trzecich &#8211; kurier\u00f3w \u015bwiadcz\u0105cych us\u0142ugi dostawy. W celu dostawy towaru Administrator przekazuje kurierom nast\u0119puj\u0105ce dane osobowe U\u017cytkownika: imi\u0119, nazwisko, numer telefonu, adres e-mail, adres pocztowy oraz adres dostawy towaru.<\/li><li>W celu dokonania p\u0142atno\u015bci za zam\u00f3wienia z\u0142o\u017cone przez u\u017cytkownika, u\u017cytkownik korzysta z us\u0142ug p\u0142atniczych \u015bwiadczonych przez strony trzecie i przekazuje dane odpowiednim dostawcom us\u0142ug p\u0142atniczych. Po dokonaniu p\u0142atno\u015bci Administrator otrzymuje jedynie informacj\u0119 potwierdzaj\u0105c\u0105 dokonanie p\u0142atno\u015bci.<\/li><li>W celu wysy\u0142ania biuletyn\u00f3w korzystamy z profesjonalnej platformy do wysy\u0142ania biuletyn\u00f3w innej firmy.<\/li><\/ol><\/li><li>Nasza Polityka Prywatno\u015bci ma zastosowanie wy\u0142\u0105cznie w przypadku prowadzenia i korzystania ze sklepu internetowego mamaTERRA. Je\u015bli opu\u015bcisz sklep internetowy mamaTERRA lub zostaniesz przekierowany do us\u0142ug stron trzecich, takich jak sekcja p\u0142atno\u015bci, nasza Polityka Prywatno\u015bci nie b\u0119dzie Ci\u0119 ju\u017c dotyczy\u0107.<\/li><li>Nie ponosimy \u017cadnej odpowiedzialno\u015bci za zawarto\u015b\u0107 stron internetowych lub aplikacji w innych krajach.<br><br><\/li><\/ol><\/li><li><strong><strong>UJAWNIENIE <\/strong><\/strong><ol><li>Staramy si\u0119 zapewni\u0107 poufno\u015b\u0107 przekazywanych nam informacji, dlatego w przypadku zwyk\u0142ej wiadomo\u015bci e-mail nie jeste\u015bmy w stanie tego zrobi\u0107. w celu korzystania ze sklepu, nie mamy prawa udost\u0119pnia\u0107 Twoich danych osobowych innym odbiorcom danych, je\u017celi nie jest to niezb\u0119dne do prawid\u0142owej realizacji us\u0142ug Administratora lub ochrony prawnie uzasadnionych interes\u00f3w.<\/li><li>W przypadku naruszenia przez u\u017cytkownika warunk\u00f3w korzystania ze sklepu lub, je\u015bli jest to wymagane przez prawo, mamy prawo ujawni\u0107 informacje o u\u017cytkowniku w\u0142a\u015bciwym organom. Mo\u017cemy ujawni\u0107 dane osobowe u\u017cytkownika profesjonalnym doradcom, kt\u00f3rzy s\u0105 niezb\u0119dni do uzyskania profesjonalnej porady, rozstrzygni\u0119cia lub obrony spor\u00f3w prawnych, zar\u00f3wno w post\u0119powaniu s\u0105dowym, jak i administracyjnym lub pozas\u0105dowym.<br><br><\/li><\/ol><\/li><li><strong>ZMIANY W POLITYCE PRYWATNO\u015aCI<\/strong><ol><li>Zastrzegamy sobie prawo do zmiany niniejszej Polityki prywatno\u015bci w dowolnym momencie bez wcze\u015bniejszego powiadomienia. Wszelkie nowe zmiany wchodz\u0105 w \u017cycie z chwil\u0105 ich opublikowania w sklepie internetowym mamaTERRA, dlatego nale\u017cy regularnie je przegl\u0105da\u0107.<\/li><li>Je\u015bli niniejsza Polityka prywatno\u015bci zostanie zaktualizowana, wy\u015blemy Ci powiadomienie e-mailem. Post.<\/li><li>Je\u015bli b\u0119dziemy chcieli wykorzysta\u0107 dane osobowe u\u017cytkownika w nowym celu, kt\u00f3ry nie jest obj\u0119ty niniejsz\u0105 Polityk\u0105 prywatno\u015bci, przed rozpocz\u0119ciem nowych czynno\u015bci przetwarzania przedstawimy komunikat wyja\u015bniaj\u0105cy to nowe wykorzystanie, wska\u017cemy odpowiednie cele i warunki przetwarzania. W przypadkach, w kt\u00f3rych b\u0119dzie to konieczne, b\u0119dziemy d\u0105\u017cy\u0107 do uzyskania uprzedniej zgody u\u017cytkownika na nowe wykorzystanie danych osobowych.<br><br><\/li><\/ol><\/li><li><strong><strong>ROZSTRZYGANIE SPOR\u00d3W <\/strong><\/strong><ol><li>Wszelkie spory zwi\u0105zane z Administratorem, jego Us\u0142ugami i dzia\u0142alno\u015bci\u0105 sklepu internetowego, kt\u00f3re s\u0105 rozwi\u0105zywane w drodze negocjacji mi\u0119dzy u\u017cytkownikiem a Administratorem, poprzez kontakt z administracj\u0105 sklepu internetowego za po\u015brednictwem poczty elektronicznej <a href=\"mailto:info@mamaterra.lt\" target=\"_blank\" rel=\"noopener\">info@mamaterra.lt<\/a>.<\/li><li>Ze wzgl\u0119du na fakt, \u017ce przetwarzanie danych odbywa si\u0119 na Litwie, za odpowiedzialny organ nadzorczy uznaje si\u0119 Pa\u0144stwow\u0105 Inspekcj\u0119 Ochrony Danych Republiki Litewskiej.<\/li><li>W przypadku skierowania sporu na drog\u0119 s\u0105dow\u0105, zastosowanie b\u0119d\u0105 mia\u0142y przepisy prawa Republiki Litewskiej, a sp\u00f3r zostanie rozpatrzony przez w\u0142a\u015bciwy s\u0105d Republiki Litewskiej.<br><br><\/li><\/ol><\/li><li><strong style=\"font-size: 16px;\">DANE KONTAKTOWE<\/strong><\/li><\/ol><p style=\"padding-left: 40px;\"><span style=\"font-size: 16px;\">Regina Rainien\u0117, Kranto 12th st., 18, LT-45285, Kaunas, Lithuania.<\/span><\/p><p style=\"text-align: left; padding-left: 40px;\"><strong style=\"font-style: inherit;\"><i>Manager&#8217;s <\/i>email. Adres e-mail do cel\u00f3w ochrony danych<\/strong><strong> <a href=\"mailto:info@mamaterra.lt\" target=\"_blank\" rel=\"noopener\">info@mamaterra.lt<\/a><\/strong><\/p><p style=\"text-align: left; padding-left: 40px;\"> <\/p>\t\t\t\t\t\t\t\t<\/div>\n\t\t\t\t<\/div>\n\t\t\t\t\t<\/div>\n\t\t<\/div>\n\t\t\t\t\t<\/div>\n\t\t<\/section>\n\t\t\t\t<\/div>\n\t\t","protected":false},"excerpt":{"rendered":"<p>Polityka prywatno\u015bci Polityka prywatno\u015bci Ostatnia aktualizacja 01\/01\/2022 DLACZEGO ZBIERAMY INFORMACJE O U\u017bYTKOWNIKU? Administrator wype\u0142nia obowi\u0105zki wynikaj\u0105ce z og\u00f3lnego rozporz\u0105dzenia o ochronie danych (dalej RODO), gromadz\u0105c i przetwarzaj\u0105c dane osobowe wy\u0142\u0105cznie w jasno okre\u015blonych celach i na uzasadnionych podstawach, aktualizuj\u0105c dane osobowe, bezpiecznie je przechowuj\u0105c i niszcz\u0105c, nie gromadz\u0105c i nie przechowuj\u0105c zbyt wielu danych oraz [&hellip;]<\/p>\n","protected":false},"author":1,"featured_media":0,"parent":0,"menu_order":0,"comment_status":"closed","ping_status":"closed","template":"","meta":{"site-sidebar-layout":"no-sidebar","site-content-layout":"page-builder","ast-site-content-layout":"default","site-content-style":"default","site-sidebar-style":"default","ast-global-header-display":"","ast-banner-title-visibility":"","ast-main-header-display":"","ast-hfb-above-header-display":"","ast-hfb-below-header-display":"","ast-hfb-mobile-header-display":"","site-post-title":"disabled","ast-breadcrumbs-content":"","ast-featured-img":"disabled","footer-sml-layout":"","ast-disable-related-posts":"","theme-transparent-header-meta":"enabled","adv-header-id-meta":"","stick-header-meta":"","header-above-stick-meta":"","header-main-stick-meta":"","header-below-stick-meta":"","astra-migrate-meta-layouts":"default","ast-page-background-enabled":"default","ast-page-background-meta":{"desktop":{"background-color":"","background-image":"","background-repeat":"repeat","background-position":"center center","background-size":"auto","background-attachment":"scroll","background-type":"","background-media":"","overlay-type":"","overlay-color":"","overlay-opacity":"","overlay-gradient":""},"tablet":{"background-color":"","background-image":"","background-repeat":"repeat","background-position":"center center","background-size":"auto","background-attachment":"scroll","background-type":"","background-media":"","overlay-type":"","overlay-color":"","overlay-opacity":"","overlay-gradient":""},"mobile":{"background-color":"","background-image":"","background-repeat":"repeat","background-position":"center center","background-size":"auto","background-attachment":"scroll","background-type":"","background-media":"","overlay-type":"","overlay-color":"","overlay-opacity":"","overlay-gradient":""}},"ast-content-background-meta":{"desktop":{"background-color":"var(--ast-global-color-5)","background-image":"","background-repeat":"repeat","background-position":"center center","background-size":"auto","background-attachment":"scroll","background-type":"","background-media":"","overlay-type":"","overlay-color":"","overlay-opacity":"","overlay-gradient":""},"tablet":{"background-color":"var(--ast-global-color-5)","background-image":"","background-repeat":"repeat","background-position":"center center","background-size":"auto","background-attachment":"scroll","background-type":"","background-media":"","overlay-type":"","overlay-color":"","overlay-opacity":"","overlay-gradient":""},"mobile":{"background-color":"var(--ast-global-color-5)","background-image":"","background-repeat":"repeat","background-position":"center center","background-size":"auto","background-attachment":"scroll","background-type":"","background-media":"","overlay-type":"","overlay-color":"","overlay-opacity":"","overlay-gradient":""}},"footnotes":""},"class_list":["post-15075","page","type-page","status-publish","hentry"],"_links":{"self":[{"href":"https:\/\/mamaterra.lt\/pl\/wp-json\/wp\/v2\/pages\/15075","targetHints":{"allow":["GET"]}}],"collection":[{"href":"https:\/\/mamaterra.lt\/pl\/wp-json\/wp\/v2\/pages"}],"about":[{"href":"https:\/\/mamaterra.lt\/pl\/wp-json\/wp\/v2\/types\/page"}],"author":[{"embeddable":true,"href":"https:\/\/mamaterra.lt\/pl\/wp-json\/wp\/v2\/users\/1"}],"replies":[{"embeddable":true,"href":"https:\/\/mamaterra.lt\/pl\/wp-json\/wp\/v2\/comments?post=15075"}],"version-history":[{"count":0,"href":"https:\/\/mamaterra.lt\/pl\/wp-json\/wp\/v2\/pages\/15075\/revisions"}],"wp:attachment":[{"href":"https:\/\/mamaterra.lt\/pl\/wp-json\/wp\/v2\/media?parent=15075"}],"curies":[{"name":"wp","href":"https:\/\/api.w.org\/{rel}","templated":true}]}}