{"id":15065,"date":"2021-09-03T10:27:35","date_gmt":"2021-09-03T09:27:35","guid":{"rendered":"https:\/\/mamaterra.lt\/dostawa\/"},"modified":"2024-03-01T20:11:35","modified_gmt":"2024-03-01T19:11:35","slug":"dostawa","status":"publish","type":"page","link":"https:\/\/mamaterra.lt\/pl\/dostawa\/","title":{"rendered":"Dostawa"},"content":{"rendered":"\t\t<div data-elementor-type=\"wp-post\" data-elementor-id=\"15065\" class=\"elementor elementor-15065 elementor-2042\" data-elementor-post-type=\"page\">\n\t\t\t\t\t\t<section class=\"elementor-section elementor-top-section elementor-element elementor-element-93db574 elementor-section-content-middle elementor-section-height-min-height elementor-section-boxed elementor-section-height-default elementor-section-items-middle\" data-id=\"93db574\" data-element_type=\"section\" data-e-type=\"section\" data-settings=\"{&quot;background_background&quot;:&quot;classic&quot;}\">\n\t\t\t\t\t\t\t<div class=\"elementor-background-overlay\"><\/div>\n\t\t\t\t\t\t\t<div class=\"elementor-container elementor-column-gap-no\">\n\t\t\t\t\t<div class=\"elementor-column elementor-col-100 elementor-top-column elementor-element elementor-element-3eac73d\" data-id=\"3eac73d\" data-element_type=\"column\" data-e-type=\"column\" data-settings=\"{&quot;background_background&quot;:&quot;classic&quot;}\">\n\t\t\t<div class=\"elementor-widget-wrap elementor-element-populated\">\n\t\t\t\t\t\t<section class=\"elementor-section elementor-inner-section elementor-element elementor-element-635c4d9 elementor-section-height-min-height elementor-section-boxed elementor-section-height-default\" data-id=\"635c4d9\" data-element_type=\"section\" data-e-type=\"section\">\n\t\t\t\t\t\t\t<div class=\"elementor-background-overlay\"><\/div>\n\t\t\t\t\t\t\t<div class=\"elementor-container elementor-column-gap-default\">\n\t\t\t\t\t<div class=\"elementor-column elementor-col-100 elementor-inner-column elementor-element elementor-element-4a97dc2\" data-id=\"4a97dc2\" data-element_type=\"column\" data-e-type=\"column\" data-settings=\"{&quot;background_background&quot;:&quot;classic&quot;}\">\n\t\t\t<div class=\"elementor-widget-wrap elementor-element-populated\">\n\t\t\t\t\t\t<div class=\"elementor-element elementor-element-6ff91c8 elementor-widget elementor-widget-heading\" data-id=\"6ff91c8\" data-element_type=\"widget\" data-e-type=\"widget\" data-widget_type=\"heading.default\">\n\t\t\t\t<div class=\"elementor-widget-container\">\n\t\t\t\t\t<h1 class=\"elementor-heading-title elementor-size-default\">Dostawa<\/h1>\t\t\t\t<\/div>\n\t\t\t\t<\/div>\n\t\t\t\t<div class=\"elementor-element elementor-element-8c48a75 elementor-align-center elementor-widget elementor-widget-breadcrumbs\" data-id=\"8c48a75\" data-element_type=\"widget\" data-e-type=\"widget\" data-widget_type=\"breadcrumbs.default\">\n\t\t\t\t<div class=\"elementor-widget-container\">\n\t\t\t\t\t<p id=\"breadcrumbs\"><span><span><a href=\"https:\/\/mamaterra.lt\/pl\/\">Strona g\u0142\u00f3wna<\/a><\/span><\/span><\/p>\t\t\t\t<\/div>\n\t\t\t\t<\/div>\n\t\t\t\t\t<\/div>\n\t\t<\/div>\n\t\t\t\t\t<\/div>\n\t\t<\/section>\n\t\t\t\t\t<\/div>\n\t\t<\/div>\n\t\t\t\t\t<\/div>\n\t\t<\/section>\n\t\t\t\t<section class=\"elementor-section elementor-top-section elementor-element elementor-element-1e251947 elementor-section-boxed elementor-section-height-default elementor-section-height-default\" data-id=\"1e251947\" data-element_type=\"section\" data-e-type=\"section\" data-settings=\"{&quot;background_background&quot;:&quot;classic&quot;}\">\n\t\t\t\t\t\t\t<div class=\"elementor-background-overlay\"><\/div>\n\t\t\t\t\t\t\t<div class=\"elementor-container elementor-column-gap-default\">\n\t\t\t\t\t<div class=\"elementor-column elementor-col-100 elementor-top-column elementor-element elementor-element-4901124c\" data-id=\"4901124c\" data-element_type=\"column\" data-e-type=\"column\" data-settings=\"{&quot;background_background&quot;:&quot;classic&quot;}\">\n\t\t\t<div class=\"elementor-widget-wrap elementor-element-populated\">\n\t\t\t\t\t\t<div class=\"elementor-element elementor-element-2594e508 elementor-widget elementor-widget-heading\" data-id=\"2594e508\" data-element_type=\"widget\" data-e-type=\"widget\" data-widget_type=\"heading.default\">\n\t\t\t\t<div class=\"elementor-widget-container\">\n\t\t\t\t\t<h1 class=\"elementor-heading-title elementor-size-default\">Wysy\u0142ka i zwrot produktu<\/h1>\t\t\t\t<\/div>\n\t\t\t\t<\/div>\n\t\t\t\t<div class=\"elementor-element elementor-element-2ae61bea elementor-widget elementor-widget-text-editor\" data-id=\"2ae61bea\" data-element_type=\"widget\" data-e-type=\"widget\" data-widget_type=\"text-editor.default\">\n\t\t\t\t<div class=\"elementor-widget-container\">\n\t\t\t\t\t\t\t\t\t<p>1.<strong> DOSTAWA \/ ODBI\u00d3R TOWAR\u00d3W<\/strong><\/p><ol><li style=\"list-style-type: none;\"><ol><li>When ordering the Goods, you can choose the method of delivery of the Goods, i.e. use the delivery service provided by the courier (third party).When ordering the Goods, you can choose the method of delivery of the Goods, i.e. use the delivery service provided by the courier (third party).When ordering the Goods, you can choose the method of delivery of the Goods, i.e. use the delivery service provided by the courier (third party).<\/li><li>The goods are delivered throughout Europe within 3-7 working days after confirmation of the order, and usually 1-3 working days in Lithuania. There is no option to choose a time.<\/li><li>Wybieraj\u0105c Us\u0142ug\u0119 Dostawy w momencie sk\u0142adania zam\u00f3wienia, zobowi\u0105zujesz si\u0119 do wskazania dok\u0142adnego miejsca dostawy Towaru.<\/li><li>Zobowi\u0105zujesz si\u0119 do samodzielnego odbioru Towaru lub wskazania w momencie sk\u0142adania zam\u00f3wienia osoby, kt\u00f3ra odbierze Towar. W przypadku, gdy Ty (lub wskazana inna osoba) nie mo\u017cesz odebra\u0107 Towaru, a Towar zostanie dostarczony pod wskazany adres i na podstawie innych danych podanych przez Kupuj\u0105cego, nie masz prawa do zg\u0142aszania Sp\u00f3\u0142ce roszcze\u0144 z tytu\u0142u dostawy Towaru do niew\u0142a\u015bciwego podmiotu.<\/li><li>Op\u0142ata za dostaw\u0119 jest obliczana w zale\u017cno\u015bci od wielko\u015bci z\u0142o\u017conego zam\u00f3wienia i miejsca dostawy:<ol><li>Za dostaw\u0119 towar\u00f3w do wszystkich miast Litwy naliczana jest dodatkowa op\u0142ata transportowa w wysoko\u015bci do 6 EUR (z VAT). The price is 4.5 euros for sending by parcel locker and 6 eur for sending by courier.<\/li><li>For the delivery of goods to the Curonian Spit (in Lithuania), a separate additional transportation fee is charged.<\/li><\/ol><\/li><li>When you wish to have the Goods delivered outside Lithuania, the terms of delivery of the order are coordinated by a separate agreement and it costs ~ 10,5 EUR.<\/li><li>If you place an order to other cities in Lithuania (not Vilnius and Kaunas), the Company or a third party delivers the Goods within 1-3 working days. W przypadku jakichkolwiek problem\u00f3w lub niedoboru towar\u00f3w, Sp\u00f3\u0142ka niezw\u0142ocznie powiadomi Ci\u0119 o mo\u017cliwym d\u0142u\u017cszym terminie dostawy Towar\u00f3w, a je\u015bli b\u0119dziesz z tego zadowolony, Sp\u00f3\u0142ka b\u0119dzie kontynuowa\u0107 dostaw\u0119 zam\u00f3wienia. W przypadku, gdy d\u0142u\u017cszy termin dostawy Towar\u00f3w dostarczonych przez Sp\u00f3\u0142k\u0119 nie satysfakcjonuje Pa\u0144stwa, z\u0142o\u017cone zam\u00f3wienie zostaje anulowane, a wp\u0142acona przez Pa\u0144stwa kwota pieni\u0119\u017cna zostaje zwr\u00f3cona zgodnie z procedur\u0105 okre\u015blon\u0105 w niniejszym Regulaminie.<\/li><li>We wszystkich przypadkach Sp\u00f3\u0142ka jest zwolniona z odpowiedzialno\u015bci za naruszenie warunk\u00f3w dostawy Towar\u00f3w, je\u015bli Towary nie zostan\u0105 dostarczone do Ciebie lub nie zostan\u0105 dostarczone na czas z Twojej winy lub z powodu okoliczno\u015bci niezale\u017cnych od Sp\u00f3\u0142ki.<\/li><li>Sp\u00f3\u0142ka nie ponosi odpowiedzialno\u015bci za jakiekolwiek dzia\u0142ania, zaniechania lub zdarzenia od momentu przekazania Towaru firmie \u015bwiadcz\u0105cej us\u0142ugi kurierskie (kurierowi). W przypadku, gdy otrzymana przez Ciebie przesy\u0142ka posiada wady zewn\u0119trzne, musisz poinformowa\u0107 o tym kuriera w momencie dostawy Towaru.<\/li><li>At the time of delivery of the goods to you or your authorized person, you (or your authorized person) must, together with the Seller or the courier who delivered the Goods to you, check the condition of the parcel and the Product(s) and sign the document of transfer and acceptance of the parcel (after the introduction of the quarantine regime in the country, the Seller may adjust the procedure described in this paragraph). Po podpisaniu przez Pa\u0144stwa dokumentu przekazania przesy\u0142ki uwa\u017ca si\u0119, \u017ce przesy\u0142ka i Towar zosta\u0142y przekazane w nale\u017cytej jako\u015bci, nie dosz\u0142o do naruszenia Towaru, kt\u00f3rego podstaw\u0105 jest wada niefabryczna, oraz nie ma rozbie\u017cno\u015bci w monta\u017cu Produktu\/\u00f3w.<\/li><li>W przypadku zauwa\u017cenia, \u017ce opakowanie przekazanej przesy\u0142ki jest uszkodzone, Towar (y) jest uszkodzony i\/lub Towar (y) jest w z\u0142ej konfiguracji, nale\u017cy zaznaczy\u0107 to w dokumencie przekazania przesy\u0142ki i w obecno\u015bci Sprzedawcy lub jego kuriera (osoby trzeciej) sporz\u0105dzi\u0107 akt naruszenia\/niezgodno\u015bci przesy\u0142ki o dowolnym kszta\u0142cie i\/lub Towaru\/\u00f3w. W przypadku niewykonania takich czynno\u015bci, Sp\u00f3\u0142ka jest zwolniona z odpowiedzialno\u015bci wobec Ciebie za naruszenia Towaru, jako\u015bci, monta\u017cu, opakowania, kt\u00f3rych nie zaznaczy\u0142e\u015b w dokumencie dostawy Produktu.<\/li><\/ol><\/li><\/ol><p>2. <strong>ZWROT I WYMIANA TOWARU<\/strong><\/p><ol><li style=\"list-style-type: none;\"><ol><li style=\"list-style-type: none;\"><ol><li>W przypadku zwrotu wadliwego Towaru, Sp\u00f3\u0142ka zobowi\u0105zuje si\u0119 do odebrania wadliwego Towaru i wymiany go na analogiczny towar. W przypadku, gdy Sp\u00f3\u0142ka nie posiada analogicznych Towar\u00f3w, Sp\u00f3\u0142ka zobowi\u0105zuje si\u0119 do zwrotu Pa\u0144stwu pieni\u0119dzy zap\u0142aconych za towar.<\/li><li>O wadliwym i uszkodzonym Towarze lub zaistnia\u0142ym b\u0142\u0119dzie nale\u017cy poinformowa\u0107 e-mailem na adres <a href=\"mailto:info@mamaterra.lt\" target=\"_blank\" rel=\"noopener\">info@mamaterra.lt<\/a> tego samego dnia kalendarzowego, w kt\u00f3rym Towar zosta\u0142 dostarczony.<\/li><li>Przy zwrocie lub wymianie Towaru zakupionego w naszym sklepie internetowym poprosimy Ci\u0119 o wype\u0142nienie przes\u0142anego listu zwrotu lub wymiany Towaru.<\/li><li>W zale\u017cno\u015bci od rodzaju Towar\u00f3w oferowanych przez Sp\u00f3\u0142k\u0119, maj\u0105 Pa\u0144stwo prawo z\u0142o\u017cy\u0107 reklamacj\u0119 do Sp\u00f3\u0142ki w tym samym dniu kalendarzowym od daty dostawy Towaru w tym samym dniu kalendarzowym od daty dostawy Towaru z powodu rozbie\u017cno\u015bci zauwa\u017conych i zarejestrowanych w ustawach. W takim przypadku Sp\u00f3\u0142ka zobowi\u0105zuje si\u0119 do rozpatrzenia reklamacji w ci\u0105gu 1 (jednego) dnia roboczego i w przypadku uzasadnionej reklamacji wymieni\u0107 je na towar spe\u0142niaj\u0105cy wymagania jako\u015bciowe lub zwr\u00f3ci\u0107 zap\u0142acone za Towar pieni\u0105dze.<\/li><li>We wszystkich przypadkach pieni\u0105dze za zwracany Towar s\u0105 przekazywane zleceniem p\u0142atniczym i wy\u0142\u0105cznie na rachunek bankowy p\u0142atnika.<\/li><li>Warunki zwrotu towaru nie maj\u0105 zastosowania do:<ol><li>Je\u015bli towar lub produkty zosta\u0142y uszkodzone;<\/li><li>Gdy zapakowany towar po dostawie zosta\u0142 rozpakowany i nie nadaje si\u0119 do zwrotu.<\/li><\/ol><\/li><\/ol><\/li><\/ol><\/li><\/ol>\t\t\t\t\t\t\t\t<\/div>\n\t\t\t\t<\/div>\n\t\t\t\t\t<\/div>\n\t\t<\/div>\n\t\t\t\t\t<\/div>\n\t\t<\/section>\n\t\t\t\t<\/div>\n\t\t","protected":false},"excerpt":{"rendered":"<p>Dostawa Wysy\u0142ka i zwrot produktu 1. DOSTAWA \/ ODBI\u00d3R TOWAR\u00d3W When ordering the Goods, you can choose the method of delivery of the Goods, i.e. use the delivery service provided by the courier (third party).When ordering the Goods, you can choose the method of delivery of the Goods, i.e. use the delivery service provided by [&hellip;]<\/p>\n","protected":false},"author":1,"featured_media":0,"parent":0,"menu_order":0,"comment_status":"closed","ping_status":"closed","template":"","meta":{"site-sidebar-layout":"no-sidebar","site-content-layout":"page-builder","ast-site-content-layout":"default","site-content-style":"default","site-sidebar-style":"default","ast-global-header-display":"","ast-banner-title-visibility":"","ast-main-header-display":"","ast-hfb-above-header-display":"","ast-hfb-below-header-display":"","ast-hfb-mobile-header-display":"","site-post-title":"disabled","ast-breadcrumbs-content":"","ast-featured-img":"disabled","footer-sml-layout":"","ast-disable-related-posts":"","theme-transparent-header-meta":"enabled","adv-header-id-meta":"","stick-header-meta":"","header-above-stick-meta":"","header-main-stick-meta":"","header-below-stick-meta":"","astra-migrate-meta-layouts":"default","ast-page-background-enabled":"default","ast-page-background-meta":{"desktop":{"background-color":"","background-image":"","background-repeat":"repeat","background-position":"center center","background-size":"auto","background-attachment":"scroll","background-type":"","background-media":"","overlay-type":"","overlay-color":"","overlay-opacity":"","overlay-gradient":""},"tablet":{"background-color":"","background-image":"","background-repeat":"repeat","background-position":"center center","background-size":"auto","background-attachment":"scroll","background-type":"","background-media":"","overlay-type":"","overlay-color":"","overlay-opacity":"","overlay-gradient":""},"mobile":{"background-color":"","background-image":"","background-repeat":"repeat","background-position":"center center","background-size":"auto","background-attachment":"scroll","background-type":"","background-media":"","overlay-type":"","overlay-color":"","overlay-opacity":"","overlay-gradient":""}},"ast-content-background-meta":{"desktop":{"background-color":"var(--ast-global-color-5)","background-image":"","background-repeat":"repeat","background-position":"center center","background-size":"auto","background-attachment":"scroll","background-type":"","background-media":"","overlay-type":"","overlay-color":"","overlay-opacity":"","overlay-gradient":""},"tablet":{"background-color":"var(--ast-global-color-5)","background-image":"","background-repeat":"repeat","background-position":"center center","background-size":"auto","background-attachment":"scroll","background-type":"","background-media":"","overlay-type":"","overlay-color":"","overlay-opacity":"","overlay-gradient":""},"mobile":{"background-color":"var(--ast-global-color-5)","background-image":"","background-repeat":"repeat","background-position":"center center","background-size":"auto","background-attachment":"scroll","background-type":"","background-media":"","overlay-type":"","overlay-color":"","overlay-opacity":"","overlay-gradient":""}},"footnotes":""},"class_list":["post-15065","page","type-page","status-publish","hentry"],"_links":{"self":[{"href":"https:\/\/mamaterra.lt\/pl\/wp-json\/wp\/v2\/pages\/15065","targetHints":{"allow":["GET"]}}],"collection":[{"href":"https:\/\/mamaterra.lt\/pl\/wp-json\/wp\/v2\/pages"}],"about":[{"href":"https:\/\/mamaterra.lt\/pl\/wp-json\/wp\/v2\/types\/page"}],"author":[{"embeddable":true,"href":"https:\/\/mamaterra.lt\/pl\/wp-json\/wp\/v2\/users\/1"}],"replies":[{"embeddable":true,"href":"https:\/\/mamaterra.lt\/pl\/wp-json\/wp\/v2\/comments?post=15065"}],"version-history":[{"count":0,"href":"https:\/\/mamaterra.lt\/pl\/wp-json\/wp\/v2\/pages\/15065\/revisions"}],"wp:attachment":[{"href":"https:\/\/mamaterra.lt\/pl\/wp-json\/wp\/v2\/media?parent=15065"}],"curies":[{"name":"wp","href":"https:\/\/api.w.org\/{rel}","templated":true}]}}