{"id":25987,"date":"2025-11-11T19:41:40","date_gmt":"2025-11-11T18:41:40","guid":{"rendered":"https:\/\/mamaterra.lt\/parduotuve\/uncategorized\/lumist-bubble-diffuser-bergamot-15-ml\/"},"modified":"2025-11-11T19:55:28","modified_gmt":"2025-11-11T18:55:28","slug":"lumist-bubble-diffuser-bergamot-15-ml","status":"publish","type":"product","link":"https:\/\/mamaterra.lt\/lv\/parduotuve\/davanas\/davanas-sievietem\/lumist-bubble-diffuser-bergamot-15-ml\/","title":{"rendered":"Lumist bubble diffuser + Bergamot 15 ml"},"content":{"rendered":"<p>\u013baujiet Lumist izgaismot ce\u013cu uz noz\u012bm\u012bgiem mierpilniem br\u012b\u017eiem. \u0160is mazais, kust\u012bbas aktiviz\u0113tais difuzors izplata klusu, maigu miglu, kas piepilda 10 kvadr\u0101tmetru lielu telpu. Tas ir kompakts ier\u012bce ar lielu jaudu. Ar diviem miglas re\u017e\u012bmiem (norm\u0101ls un gar\u0161) j\u016bs varat main\u012bt jebkuras telpas atmosf\u0113ru atbilsto\u0161i savam noska\u0146ojumam. \u0160is ekonomiskais difuzors ir piem\u0113rots 5 ml un 15 ml doTERRA \u0113terisko e\u013c\u013cu pudel\u0113m un neprasa \u016bdeni, tikai t\u012bru \u0113terisko e\u013c\u013cu baudu!<\/p>\n<p>Izm\u0113ri: 7,25 x 4,62 cm. T\u012br\u012b\u0161anas instrukcijas atrodamas difuzora lieto\u0161anas instrukcij\u0101.<\/p>\n<p><strong>Lieto\u0161ana<\/strong><br \/>\nNorm\u0101lais izsmidzin\u0101\u0161anas re\u017e\u012bms: izsmidzina 7 sekundes. Miega re\u017e\u012bms tiek aktiviz\u0113ts uz 3 min\u016bt\u0113m. P\u0113c 3 min\u016bt\u0113m izsmidzina katru reizi, kad tiek konstat\u0113ta kust\u012bba, p\u0113c tam p\u0101rsl\u0113dzas uz miega re\u017e\u012bmu uz 3 min\u016bt\u0113m.<br \/>\nIlgais izsmidzin\u0101\u0161anas re\u017e\u012bms: gaisma mirgo tr\u012bs reizes. Izsmidzina 10 sekundes. Miega re\u017e\u012bms tiek aktiviz\u0113ts uz 3 min\u016bt\u0113m. P\u0113c 3 min\u016bt\u0113m izsmidzina 7 sekundes katru reizi, kad tiek konstat\u0113ta kust\u012bba, p\u0113c tam p\u0101riet miega re\u017e\u012bm\u0101 uz 3 min\u016bt\u0113m.<\/p>\n<p><strong>Lieto\u0161anas instrukcijas<\/strong><\/p>\n<p>Lai izsl\u0113gtu gaismu, divreiz nospiediet iesl\u0113g\u0161anas pogu.<br \/>\nLai izsl\u0113gtu ier\u012bci, tr\u012bsreiz nospiediet iesl\u0113g\u0161anas pogu.<\/p>\n<div class=\"spotlight__foot-block-content\">\n<p>&nbsp;<\/p>\n<\/div>\n","protected":false},"excerpt":{"rendered":"<ul class=\"spotlight__list-custom custom-list\">\n<li>Mazais, kust\u012bbas aktiviz\u0113tais difuzors darbojas bez \u016bdens.<\/li>\n<li>Tas paliek neakt\u012bvs, l\u012bdz uztver kust\u012bbu.<\/li>\n<li>Integr\u0113ts infrasarkanais kust\u012bbas sensors ar darb\u012bbas r\u0101diusu l\u012bdz \u010detriem metriem un 120 gr\u0101du redzes le\u0146\u0137i.<\/li>\n<li>Divi re\u017e\u012bmi: norm\u0101ls un sp\u0113c\u012bgs, lai j\u016bs var\u0113tu rad\u012bt perfektu atmosf\u0113ru jebkur\u0101 telp\u0101.<\/li>\n<li>Komplekt\u0101 ietilpst C tipa USB vadu l\u0101d\u0113t\u0101js.<\/li>\n<\/ul>\n","protected":false},"featured_media":25981,"template":"","meta":{"site-sidebar-layout":"default","site-content-layout":"","ast-site-content-layout":"default","site-content-style":"default","site-sidebar-style":"default","ast-global-header-display":"","ast-banner-title-visibility":"","ast-main-header-display":"","ast-hfb-above-header-display":"","ast-hfb-below-header-display":"","ast-hfb-mobile-header-display":"","site-post-title":"","ast-breadcrumbs-content":"","ast-featured-img":"","footer-sml-layout":"","ast-disable-related-posts":"","theme-transparent-header-meta":"default","adv-header-id-meta":"","stick-header-meta":"","header-above-stick-meta":"","header-main-stick-meta":"","header-below-stick-meta":"","astra-migrate-meta-layouts":"set","ast-page-background-enabled":"default","ast-page-background-meta":{"desktop":{"background-color":"","background-image":"","background-repeat":"repeat","background-position":"center center","background-size":"auto","background-attachment":"scroll","background-type":"","background-media":"","overlay-type":"","overlay-color":"","overlay-opacity":"","overlay-gradient":""},"tablet":{"background-color":"","background-image":"","background-repeat":"repeat","background-position":"center center","background-size":"auto","background-attachment":"scroll","background-type":"","background-media":"","overlay-type":"","overlay-color":"","overlay-opacity":"","overlay-gradient":""},"mobile":{"background-color":"","background-image":"","background-repeat":"repeat","background-position":"center center","background-size":"auto","background-attachment":"scroll","background-type":"","background-media":"","overlay-type":"","overlay-color":"","overlay-opacity":"","overlay-gradient":""}},"ast-content-background-meta":{"desktop":{"background-color":"var(--ast-global-color-5)","background-image":"","background-repeat":"repeat","background-position":"center center","background-size":"auto","background-attachment":"scroll","background-type":"","background-media":"","overlay-type":"","overlay-color":"","overlay-opacity":"","overlay-gradient":""},"tablet":{"background-color":"var(--ast-global-color-5)","background-image":"","background-repeat":"repeat","background-position":"center center","background-size":"auto","background-attachment":"scroll","background-type":"","background-media":"","overlay-type":"","overlay-color":"","overlay-opacity":"","overlay-gradient":""},"mobile":{"background-color":"var(--ast-global-color-5)","background-image":"","background-repeat":"repeat","background-position":"center center","background-size":"auto","background-attachment":"scroll","background-type":"","background-media":"","overlay-type":"","overlay-color":"","overlay-opacity":"","overlay-gradient":""}}},"product_brand":[],"product_cat":[597,598,599,596,600],"product_tag":[],"class_list":{"0":"post-25987","1":"product","2":"type-product","3":"status-publish","4":"has-post-thumbnail","6":"product_cat-davanas","7":"product_cat-davanas-sievietem","8":"product_cat-davanas-viriesiem","9":"product_cat-difuzori","10":"product_cat-eteriskas-ellas","11":"desktop-align-left","12":"tablet-align-left","13":"mobile-align-left","15":"first","16":"instock","17":"sale","18":"taxable","19":"shipping-taxable","20":"purchasable","21":"product-type-simple"},"_links":{"self":[{"href":"https:\/\/mamaterra.lt\/lv\/wp-json\/wp\/v2\/product\/25987","targetHints":{"allow":["GET"]}}],"collection":[{"href":"https:\/\/mamaterra.lt\/lv\/wp-json\/wp\/v2\/product"}],"about":[{"href":"https:\/\/mamaterra.lt\/lv\/wp-json\/wp\/v2\/types\/product"}],"wp:featuredmedia":[{"embeddable":true,"href":"https:\/\/mamaterra.lt\/lv\/wp-json\/wp\/v2\/media\/25981"}],"wp:attachment":[{"href":"https:\/\/mamaterra.lt\/lv\/wp-json\/wp\/v2\/media?parent=25987"}],"wp:term":[{"taxonomy":"product_brand","embeddable":true,"href":"https:\/\/mamaterra.lt\/lv\/wp-json\/wp\/v2\/product_brand?post=25987"},{"taxonomy":"product_cat","embeddable":true,"href":"https:\/\/mamaterra.lt\/lv\/wp-json\/wp\/v2\/product_cat?post=25987"},{"taxonomy":"product_tag","embeddable":true,"href":"https:\/\/mamaterra.lt\/lv\/wp-json\/wp\/v2\/product_tag?post=25987"}],"curies":[{"name":"wp","href":"https:\/\/api.w.org\/{rel}","templated":true}]}}