{"id":25802,"date":"2025-09-01T20:56:19","date_gmt":"2025-09-01T19:56:19","guid":{"rendered":"https:\/\/mamaterra.lt\/?post_type=product&#038;p=25802"},"modified":"2026-03-04T20:04:49","modified_gmt":"2026-03-04T19:04:49","slug":"vaikiskas-difuzorius-vovere-balance-15ml","status":"publish","type":"product","link":"https:\/\/mamaterra.lt\/lv\/parduotuve\/difuzori\/vaikiskas-difuzorius-vovere-balance-15ml\/","title":{"rendered":"Vaiki\u0161kas difuzorius Vover\u0117 +Balance 15ml"},"content":{"rendered":"<div class=\"xdj266r x14z9mp xat24cr x1lziwak x1vvkbs x126k92a\"><\/div>\n<div class=\"x14z9mp xat24cr x1lziwak x1vvkbs xtlvy1s x126k92a\">\n<div dir=\"auto\">Vaiki\u0161kas belaidis difuzorius Vover\u0117<\/div>\n<\/div>\n<div class=\"x14z9mp xat24cr x1lziwak x1vvkbs xtlvy1s x126k92a\">\n<div dir=\"auto\">Jis tiekiamas su Balance mi\u0161iniu (15 ml) \u2013 \u0161is nuostabus, raminantis mi\u0161inys skleid\u017eia \u0161ilt\u0105, med\u017eio aromat\u0105, kuris lengvai sukuria ramyb\u0117s akimirkas.<\/div>\n<\/div>\n<div class=\"x14z9mp xat24cr x1lziwak x1vvkbs xtlvy1s x126k92a\">\n<div dir=\"auto\"><\/div>\n<\/div>\n<div class=\"x14z9mp xat24cr x1lziwak x1vvkbs xtlvy1s x126k92a\">\n<ul>\n<li dir=\"auto\">Keli laikma\u010dio ir ap\u0161vietimo nustatymai, pritaikomi prie nuotaikos. Pritemdyta ir ry\u0161ki \u0161ilta \u0161viesa, kuri\u0105 galima \u012fjungti arba i\u0161jungti.<\/li>\n<li dir=\"auto\"><span style=\"font-size: 16px;\">\u00a02\u20135 valandos nepertraukiamo arba iki 10 valand\u0173 pertraukiamo veikimo laikas<\/span><\/li>\n<li dir=\"auto\"><span style=\"font-size: 16px;\">\u00a0Turi Muzikines melodijas, tokias kaip j\u016bros bangos, lietus, v\u0117jas ar fortepijonas.<\/span><\/li>\n<li dir=\"auto\"><span style=\"font-size: 16px;\">\u00a0Automatinis apsauginis i\u0161jungimas.<\/span><\/li>\n<li dir=\"auto\"><span style=\"font-size: 16px;\">\u00a0Veikia bet kur, \u012fkraunamas. O tai dar vienas patogumas, kai galite atne\u0161ti ir i\u0161ne\u0161ti be joki\u0173 laid\u0173 jungin\u0117jimo.<\/span><\/li>\n<\/ul>\n<\/div>\n<div class=\"x14z9mp xat24cr x1lziwak x1vvkbs xtlvy1s x126k92a\">\n<div dir=\"auto\">Naudokite \u0161var\u0173 kambario temperat\u016bros vanden\u012f i\u0161 \u010diaupo. \u012esitikinkite, kad vandens lygis nevir\u0161ija \u017eymos.<\/div>\n<div dir=\"auto\">\u012ela\u0161inkite 5\u201312 doTERRA eterini\u0173 aliej\u0173 la\u0161\u0173. Nor\u0117dami stipresnio kvapo, galite \u012fla\u0161inti daugiau aliejaus. I\u0161bandykite \u012fvair\u0173 aliej\u0173 kiek\u012f ir atrasite, koks kiekis jums patinka labiausiai.<\/div>\n<div dir=\"auto\">*\u012esp\u0117jimai ir instrukcijos pateiktos difuzoriaus naudotojo vadove.<\/div>\n<div dir=\"auto\">Atsargumo priemon\u0117s<\/div>\n<\/div>\n<div class=\"x14z9mp xat24cr x1lziwak x1vvkbs xtlvy1s x126k92a\">\n<div dir=\"auto\">Valymas yra b\u016btinas \u017eingsnis, siekiant u\u017etikrinti, kad difuzoriuje nesikaupia aliejaus liku\u010diai, galintys j\u012f sugadinti. Naudinga periodi\u0161kai atlikti difuzoriaus valymo cikl\u0105. Jei naudojate difuzori\u0173 kiekvien\u0105 dien\u0105, valymo cikl\u0105 optimalu atlikti kart\u0105 per m\u0117nes\u012f. Nor\u0117dami tai padaryti, vadovaukit\u0117s \u0161iomis instrukcijomis.<\/div>\n<\/div>\n<div class=\"x14z9mp xat24cr x1lziwak x1vvkbs xtlvy1s x126k92a\">\n<div dir=\"auto\">1. \u012epilkite \u012f difuzori\u0173 \u0161varaus vandens iki pus\u0117s.<\/div>\n<div dir=\"auto\">2. \u012ela\u0161inkite 10 la\u0161\u0173 baltojo acto.<\/div>\n<div dir=\"auto\">3. Leiskite difuzoriui veikti apie 5 minutes, kad vandens ir acto mi\u0161inys pasiskirstyt\u0173 po vis\u0105 prietais\u0105 ir j\u012f i\u0161valyt\u0173.<\/div>\n<div dir=\"auto\">4. I\u0161pilkite vis\u0105 vanden\u012f.<\/div>\n<div dir=\"auto\">5. Naudodami acte pamirkyt\u0105 \u0161luost\u0119 i\u0161valykite difuzoriaus kampus ir sunkiai prieinamas vietas.<\/div>\n<div dir=\"auto\">6. I\u0161skalaukite \u0161variu vandeniu.<\/div>\n<div dir=\"auto\">7. Sausa \u0161luoste kruop\u0161\u010diai i\u0161valykite difuzori\u0173.<\/div>\n<\/div>\n","protected":false},"excerpt":{"rendered":"<ul>\n<li dir=\"auto\">Keli laikma\u010dio ir ap\u0161vietimo nustatymai, pritaikomi prie nuotaikos. Pritemdyta ir ry\u0161ki \u0161ilta \u0161viesa, kuri\u0105 galima \u012fjungti arba i\u0161jungti.<\/li>\n<li dir=\"auto\"><span style=\"font-size: 16px;\">\u00a02\u20135 valandos nepertraukiamo arba iki 10 valand\u0173 pertraukiamo veikimo laikas<\/span><\/li>\n<li dir=\"auto\"><span style=\"font-size: 16px;\">\u00a0Turi Muzikines melodijas, tokias kaip j\u016bros bangos, lietus, v\u0117jas ar fortepijonas.<\/span><\/li>\n<li dir=\"auto\"><span style=\"font-size: 16px;\">\u00a0Automatinis apsauginis i\u0161jungimas.<\/span><\/li>\n<li dir=\"auto\">Belaidis<\/li>\n<\/ul>\n","protected":false},"featured_media":25798,"template":"","meta":{"site-sidebar-layout":"default","site-content-layout":"","ast-site-content-layout":"default","site-content-style":"default","site-sidebar-style":"default","ast-global-header-display":"","ast-banner-title-visibility":"","ast-main-header-display":"","ast-hfb-above-header-display":"","ast-hfb-below-header-display":"","ast-hfb-mobile-header-display":"","site-post-title":"","ast-breadcrumbs-content":"","ast-featured-img":"","footer-sml-layout":"","ast-disable-related-posts":"","theme-transparent-header-meta":"default","adv-header-id-meta":"","stick-header-meta":"","header-above-stick-meta":"","header-main-stick-meta":"","header-below-stick-meta":"","astra-migrate-meta-layouts":"set","ast-page-background-enabled":"default","ast-page-background-meta":{"desktop":{"background-color":"","background-image":"","background-repeat":"repeat","background-position":"center center","background-size":"auto","background-attachment":"scroll","background-type":"","background-media":"","overlay-type":"","overlay-color":"","overlay-opacity":"","overlay-gradient":""},"tablet":{"background-color":"","background-image":"","background-repeat":"repeat","background-position":"center center","background-size":"auto","background-attachment":"scroll","background-type":"","background-media":"","overlay-type":"","overlay-color":"","overlay-opacity":"","overlay-gradient":""},"mobile":{"background-color":"","background-image":"","background-repeat":"repeat","background-position":"center center","background-size":"auto","background-attachment":"scroll","background-type":"","background-media":"","overlay-type":"","overlay-color":"","overlay-opacity":"","overlay-gradient":""}},"ast-content-background-meta":{"desktop":{"background-color":"var(--ast-global-color-5)","background-image":"","background-repeat":"repeat","background-position":"center center","background-size":"auto","background-attachment":"scroll","background-type":"","background-media":"","overlay-type":"","overlay-color":"","overlay-opacity":"","overlay-gradient":""},"tablet":{"background-color":"var(--ast-global-color-5)","background-image":"","background-repeat":"repeat","background-position":"center center","background-size":"auto","background-attachment":"scroll","background-type":"","background-media":"","overlay-type":"","overlay-color":"","overlay-opacity":"","overlay-gradient":""},"mobile":{"background-color":"var(--ast-global-color-5)","background-image":"","background-repeat":"repeat","background-position":"center center","background-size":"auto","background-attachment":"scroll","background-type":"","background-media":"","overlay-type":"","overlay-color":"","overlay-opacity":"","overlay-gradient":""}}},"product_brand":[],"product_cat":[619,596],"product_tag":[],"class_list":{"0":"post-25802","1":"product","2":"type-product","3":"status-publish","4":"has-post-thumbnail","6":"product_cat-berniem","7":"product_cat-difuzori","8":"desktop-align-left","9":"tablet-align-left","10":"mobile-align-left","12":"first","13":"instock","14":"taxable","15":"shipping-taxable","16":"purchasable","17":"product-type-simple"},"_links":{"self":[{"href":"https:\/\/mamaterra.lt\/lv\/wp-json\/wp\/v2\/product\/25802","targetHints":{"allow":["GET"]}}],"collection":[{"href":"https:\/\/mamaterra.lt\/lv\/wp-json\/wp\/v2\/product"}],"about":[{"href":"https:\/\/mamaterra.lt\/lv\/wp-json\/wp\/v2\/types\/product"}],"wp:featuredmedia":[{"embeddable":true,"href":"https:\/\/mamaterra.lt\/lv\/wp-json\/wp\/v2\/media\/25798"}],"wp:attachment":[{"href":"https:\/\/mamaterra.lt\/lv\/wp-json\/wp\/v2\/media?parent=25802"}],"wp:term":[{"taxonomy":"product_brand","embeddable":true,"href":"https:\/\/mamaterra.lt\/lv\/wp-json\/wp\/v2\/product_brand?post=25802"},{"taxonomy":"product_cat","embeddable":true,"href":"https:\/\/mamaterra.lt\/lv\/wp-json\/wp\/v2\/product_cat?post=25802"},{"taxonomy":"product_tag","embeddable":true,"href":"https:\/\/mamaterra.lt\/lv\/wp-json\/wp\/v2\/product_tag?post=25802"}],"curies":[{"name":"wp","href":"https:\/\/api.w.org\/{rel}","templated":true}]}}