{"id":25706,"date":"2025-08-02T16:21:37","date_gmt":"2025-08-02T15:21:37","guid":{"rendered":"https:\/\/mamaterra.lt\/parduotuve\/uncategorized\/frankincense-hydrosol-mist\/"},"modified":"2025-08-02T16:34:00","modified_gmt":"2025-08-02T15:34:00","slug":"frankincense-hydrosol-mist","status":"publish","type":"product","link":"https:\/\/mamaterra.lt\/lv\/parduotuve\/davanas\/davanas-sievietem\/frankincense-hydrosol-mist\/","title":{"rendered":"Frankincense Hydrosol Mist"},"content":{"rendered":"<h3 class=\"spotlight__head-title\">d\u014dTERRA\u2122 Frankincense Hydrosol Mist<\/h3>\n<h3 class=\"spotlight__head-latin-title\"><\/h3>\n<div class=\"spotlight__head-copy\">\n<p>Toniz\u0113. Baro. Atjauno. Gadsimtiem sena gudr\u012bba un bag\u0101t\u012bga formula apvienojas ar ikdienas grezn\u012bbu Frankincense Hydrosol Mist. \u0160is hidrosols, kas satur doTERRA CPTG\u2122 Frankincense \u0113terisk\u0101s e\u013c\u013cas atjaunojo\u0161o sp\u0113ku, izdala vieglu, maigu, \u0101tri uzs\u016bco\u0161os atjaunojo\u0161\u0101s svaiguma pl\u016bsmu, iesl\u0113dzot skaistumu uzlabojo\u0161u mirdzumu ultra-mitrino\u0161\u0101 migl\u0101. Frankincense e\u013c\u013ca ir iecien\u012bta t\u0101s sp\u0113jai samazin\u0101t \u0101das nepiln\u012bbas, un katrs ultra-smalk\u0101 miglas str\u016bkla izplata delik\u0101tu, ikonisku, sve\u0137ainu esenci, kas paz\u012bstama ar to, ka veicina apmierin\u0101t\u012bbas, miera, relaks\u0101cijas un visp\u0101r\u0113j\u0101s labsaj\u016btas saj\u016btu. Izstaro karalisko skaistumu un nevainojamu izskatu katru dienu ar Frankincense Hydrosol Mist.<\/p>\n<\/div>\n","protected":false},"excerpt":{"rendered":"<ul class=\"custom-list\">\n<li>Lietojiet uz sejas, \u0137erme\u0146a un matiem, lai ieg\u016btu mitru, t\u012bru un dzi\u013ci starojo\u0161u mitrumu.<\/li>\n<li>Lietojiet k\u0101 da\u013cu no savas \u0101das kop\u0161anas rut\u012bnas, lai \u0101da justos svaiga un sagatavota jaunai dienai.<\/li>\n<li>Lietojiet kop\u0101 ar t\u0113jas koka \u0113terisko e\u013c\u013cu, lai izbaud\u012btu visas t\u0101s priek\u0161roc\u012bbas.<\/li>\n<li>Izsmidziniet 20\u201325 cm att\u0101lum\u0101 no sejas, \u0137erme\u0146a un matiem p\u0113c vajadz\u012bbas. Var lietot k\u0101 toniku pirms un p\u0113c grima uzkl\u0101\u0161anas.<\/li>\n<\/ul>\n","protected":false},"featured_media":25700,"template":"","meta":{"site-sidebar-layout":"default","site-content-layout":"","ast-site-content-layout":"default","site-content-style":"default","site-sidebar-style":"default","ast-global-header-display":"","ast-banner-title-visibility":"","ast-main-header-display":"","ast-hfb-above-header-display":"","ast-hfb-below-header-display":"","ast-hfb-mobile-header-display":"","site-post-title":"","ast-breadcrumbs-content":"","ast-featured-img":"","footer-sml-layout":"","ast-disable-related-posts":"","theme-transparent-header-meta":"default","adv-header-id-meta":"","stick-header-meta":"","header-above-stick-meta":"","header-main-stick-meta":"","header-below-stick-meta":"","astra-migrate-meta-layouts":"set","ast-page-background-enabled":"default","ast-page-background-meta":{"desktop":{"background-color":"","background-image":"","background-repeat":"repeat","background-position":"center center","background-size":"auto","background-attachment":"scroll","background-type":"","background-media":"","overlay-type":"","overlay-color":"","overlay-opacity":"","overlay-gradient":""},"tablet":{"background-color":"","background-image":"","background-repeat":"repeat","background-position":"center center","background-size":"auto","background-attachment":"scroll","background-type":"","background-media":"","overlay-type":"","overlay-color":"","overlay-opacity":"","overlay-gradient":""},"mobile":{"background-color":"","background-image":"","background-repeat":"repeat","background-position":"center center","background-size":"auto","background-attachment":"scroll","background-type":"","background-media":"","overlay-type":"","overlay-color":"","overlay-opacity":"","overlay-gradient":""}},"ast-content-background-meta":{"desktop":{"background-color":"var(--ast-global-color-5)","background-image":"","background-repeat":"repeat","background-position":"center center","background-size":"auto","background-attachment":"scroll","background-type":"","background-media":"","overlay-type":"","overlay-color":"","overlay-opacity":"","overlay-gradient":""},"tablet":{"background-color":"var(--ast-global-color-5)","background-image":"","background-repeat":"repeat","background-position":"center center","background-size":"auto","background-attachment":"scroll","background-type":"","background-media":"","overlay-type":"","overlay-color":"","overlay-opacity":"","overlay-gradient":""},"mobile":{"background-color":"var(--ast-global-color-5)","background-image":"","background-repeat":"repeat","background-position":"center center","background-size":"auto","background-attachment":"scroll","background-type":"","background-media":"","overlay-type":"","overlay-color":"","overlay-opacity":"","overlay-gradient":""}}},"product_brand":[],"product_cat":[597,598,599,600,604],"product_tag":[],"class_list":{"0":"post-25706","1":"product","2":"type-product","3":"status-publish","4":"has-post-thumbnail","6":"product_cat-davanas","7":"product_cat-davanas-sievietem","8":"product_cat-davanas-viriesiem","9":"product_cat-eteriskas-ellas","10":"product_cat-higiena-un-adas-kopsana","11":"desktop-align-left","12":"tablet-align-left","13":"mobile-align-left","15":"first","16":"instock","17":"taxable","18":"shipping-taxable","19":"purchasable","20":"product-type-simple"},"_links":{"self":[{"href":"https:\/\/mamaterra.lt\/lv\/wp-json\/wp\/v2\/product\/25706","targetHints":{"allow":["GET"]}}],"collection":[{"href":"https:\/\/mamaterra.lt\/lv\/wp-json\/wp\/v2\/product"}],"about":[{"href":"https:\/\/mamaterra.lt\/lv\/wp-json\/wp\/v2\/types\/product"}],"wp:featuredmedia":[{"embeddable":true,"href":"https:\/\/mamaterra.lt\/lv\/wp-json\/wp\/v2\/media\/25700"}],"wp:attachment":[{"href":"https:\/\/mamaterra.lt\/lv\/wp-json\/wp\/v2\/media?parent=25706"}],"wp:term":[{"taxonomy":"product_brand","embeddable":true,"href":"https:\/\/mamaterra.lt\/lv\/wp-json\/wp\/v2\/product_brand?post=25706"},{"taxonomy":"product_cat","embeddable":true,"href":"https:\/\/mamaterra.lt\/lv\/wp-json\/wp\/v2\/product_cat?post=25706"},{"taxonomy":"product_tag","embeddable":true,"href":"https:\/\/mamaterra.lt\/lv\/wp-json\/wp\/v2\/product_tag?post=25706"}],"curies":[{"name":"wp","href":"https:\/\/api.w.org\/{rel}","templated":true}]}}