{"id":25499,"date":"2025-05-24T18:24:18","date_gmt":"2025-05-24T17:24:18","guid":{"rendered":"https:\/\/mamaterra.lt\/parduotuve\/uncategorized\/frankincense-stick-piestukas-su-naio-wood-aliejumi\/"},"modified":"2025-05-24T18:35:27","modified_gmt":"2025-05-24T17:35:27","slug":"frankincense-stick-zimulis-ar-naio-wood-ella","status":"publish","type":"product","link":"https:\/\/mamaterra.lt\/lv\/parduotuve\/eteriskas-ellas\/frankincense-stick-zimulis-ar-naio-wood-ella\/","title":{"rendered":"Frankincense Stick (Z\u012bmulis) ar Naio Wood e\u013c\u013ca"},"content":{"rendered":"<h6>Frankincense Stick (Z\u012bmulis) ar Naio Wood e\u013c\u013ca<\/h6>\n<p>&nbsp;<\/p>\n<p>Izbaudiet v\u012braka (bosv\u0113lijas) sp\u0113ku k\u0101 v\u0113l nekad agr\u0101k&#8230; \u0160\u012b viegli lietojam\u0101 z\u012bmu\u013ca neparast\u0101s priek\u0161roc\u012bbas ir revolucioniz\u0113ju\u0161as Frankincense (Boswellia) \u0113terisk\u0101s e\u013c\u013cas lieto\u0161anu, no jauna atkl\u0101jot t\u0101s atjaunojo\u0161\u0101s un skaistino\u0161\u0101s \u012bpa\u0161\u012bbas. \u0160\u012b neticam\u0101 z\u012bmu\u013ca sast\u0101v\u0101 ir Niao Wood (raganu lazdas) \u0113terisk\u0101 e\u013c\u013ca ar optim\u0101lu alfa bisabola saturu, un t\u0101 m\u012bkstino\u0161\u0101s un \u0101du barojo\u0161\u0101s sast\u0101vda\u013cas fiks\u0113 mitrumu un nodro\u0161ina nomierino\u0161u, komforta saj\u016btu veicino\u0161u arom\u0101tu. Atjaunojiet un saglab\u0101jiet \u0101das dabisko aizsargbarjeru, lai sejas \u0101da izskat\u012btos vesel\u012bga, ar \u0161o \u0101tri uzs\u016bco\u0161o un maigi uzkl\u0101jamo z\u012bmuli, kas satur sp\u0113c\u012bgu Frankincense (Boswellia) un Niao Wood (Muskusa) siner\u0123iju.<\/p>\n","protected":false},"excerpt":{"rendered":"<ul class=\"spotlight__list-custom custom-list\">\n<li>Kokosriekstu e\u013c\u013ca un saulespu\u0137u s\u0113klu vasks m\u012bkstino\u0161as vielas baro un m\u012bkstina \u0101du.<\/li>\n<li>Nemazg\u0101jams z\u012bmulis ar aplikatoru nodro\u0161ina nomierino\u0161u un kopjo\u0161u arom\u0101tu, lietojot katru reizi.<\/li>\n<li>Dro\u0161s jut\u012bgai \u0101dai, nesatur ftal\u0101tus un sint\u0113tiskas smar\u017evielas.<\/li>\n<\/ul>\n","protected":false},"featured_media":25493,"template":"","meta":{"site-sidebar-layout":"default","site-content-layout":"","ast-site-content-layout":"default","site-content-style":"default","site-sidebar-style":"default","ast-global-header-display":"","ast-banner-title-visibility":"","ast-main-header-display":"","ast-hfb-above-header-display":"","ast-hfb-below-header-display":"","ast-hfb-mobile-header-display":"","site-post-title":"","ast-breadcrumbs-content":"","ast-featured-img":"","footer-sml-layout":"","ast-disable-related-posts":"","theme-transparent-header-meta":"default","adv-header-id-meta":"","stick-header-meta":"","header-above-stick-meta":"","header-main-stick-meta":"","header-below-stick-meta":"","astra-migrate-meta-layouts":"set","ast-page-background-enabled":"default","ast-page-background-meta":{"desktop":{"background-color":"","background-image":"","background-repeat":"repeat","background-position":"center center","background-size":"auto","background-attachment":"scroll","background-type":"","background-media":"","overlay-type":"","overlay-color":"","overlay-opacity":"","overlay-gradient":""},"tablet":{"background-color":"","background-image":"","background-repeat":"repeat","background-position":"center center","background-size":"auto","background-attachment":"scroll","background-type":"","background-media":"","overlay-type":"","overlay-color":"","overlay-opacity":"","overlay-gradient":""},"mobile":{"background-color":"","background-image":"","background-repeat":"repeat","background-position":"center center","background-size":"auto","background-attachment":"scroll","background-type":"","background-media":"","overlay-type":"","overlay-color":"","overlay-opacity":"","overlay-gradient":""}},"ast-content-background-meta":{"desktop":{"background-color":"var(--ast-global-color-5)","background-image":"","background-repeat":"repeat","background-position":"center center","background-size":"auto","background-attachment":"scroll","background-type":"","background-media":"","overlay-type":"","overlay-color":"","overlay-opacity":"","overlay-gradient":""},"tablet":{"background-color":"var(--ast-global-color-5)","background-image":"","background-repeat":"repeat","background-position":"center center","background-size":"auto","background-attachment":"scroll","background-type":"","background-media":"","overlay-type":"","overlay-color":"","overlay-opacity":"","overlay-gradient":""},"mobile":{"background-color":"var(--ast-global-color-5)","background-image":"","background-repeat":"repeat","background-position":"center center","background-size":"auto","background-attachment":"scroll","background-type":"","background-media":"","overlay-type":"","overlay-color":"","overlay-opacity":"","overlay-gradient":""}}},"product_brand":[],"product_cat":[600],"product_tag":[],"class_list":{"0":"post-25499","1":"product","2":"type-product","3":"status-publish","4":"has-post-thumbnail","6":"product_cat-eteriskas-ellas","7":"desktop-align-left","8":"tablet-align-left","9":"mobile-align-left","11":"first","12":"instock","13":"taxable","14":"shipping-taxable","15":"purchasable","16":"product-type-simple"},"_links":{"self":[{"href":"https:\/\/mamaterra.lt\/lv\/wp-json\/wp\/v2\/product\/25499","targetHints":{"allow":["GET"]}}],"collection":[{"href":"https:\/\/mamaterra.lt\/lv\/wp-json\/wp\/v2\/product"}],"about":[{"href":"https:\/\/mamaterra.lt\/lv\/wp-json\/wp\/v2\/types\/product"}],"wp:featuredmedia":[{"embeddable":true,"href":"https:\/\/mamaterra.lt\/lv\/wp-json\/wp\/v2\/media\/25493"}],"wp:attachment":[{"href":"https:\/\/mamaterra.lt\/lv\/wp-json\/wp\/v2\/media?parent=25499"}],"wp:term":[{"taxonomy":"product_brand","embeddable":true,"href":"https:\/\/mamaterra.lt\/lv\/wp-json\/wp\/v2\/product_brand?post=25499"},{"taxonomy":"product_cat","embeddable":true,"href":"https:\/\/mamaterra.lt\/lv\/wp-json\/wp\/v2\/product_cat?post=25499"},{"taxonomy":"product_tag","embeddable":true,"href":"https:\/\/mamaterra.lt\/lv\/wp-json\/wp\/v2\/product_tag?post=25499"}],"curies":[{"name":"wp","href":"https:\/\/api.w.org\/{rel}","templated":true}]}}