{"id":25478,"date":"2025-05-24T17:40:29","date_gmt":"2025-05-24T16:40:29","guid":{"rendered":"https:\/\/mamaterra.lt\/parduotuve\/uncategorized\/frankincense-bosveliju-mikrozirniuku-kapsules\/"},"modified":"2025-05-24T17:59:56","modified_gmt":"2025-05-24T16:59:56","slug":"frankincense-microbead-capsules","status":"publish","type":"product","link":"https:\/\/mamaterra.lt\/lv\/parduotuve\/eteriskas-ellas\/eterisko-ellu-maisijumi\/frankincense-microbead-capsules\/","title":{"rendered":"Frankincense Microbead Capsules"},"content":{"rendered":"<h6 class=\"spotlight__head-title\">Frankincense Microbead Capsules<\/h6>\n<p>Uztura bag\u0101tin\u0101t\u0101js ar AKBA kadi\u0137koka ekstraktu un kadi\u0137koka \u0113terisko e\u013c\u013cu<br \/>\nAtbr\u012bvo kadi\u0137koka sp\u0113ku k\u0101 v\u0113l nekad agr\u0101k&#8230;.. Inovat\u012bv\u0101 form\u0101t\u0101 ietvert\u0101 formula apvieno sen\u0101s gudr\u012bbas, ko sniedz v\u012braka \u0113terisk\u0101 e\u013c\u013ca un v\u012braka sve\u0137i, vien\u0101 apbr\u012bnojam\u0101 mikrokapsul\u0101 uz \u0161\u0137idruma b\u0101zes. Ar sp\u0113c\u012bgu 60 % AKBA (acetil-11-keto-beta-bosve\u013csk\u0101bes) koncentr\u0101ciju no bosv\u0113lijas sve\u0137iem, \u0161\u012b ir visaptvero\u0161a, viegli norijama deva, kas nodro\u0161ina nevainojamu integr\u0101ciju jebkur\u0101 labsaj\u016btas rut\u012bn\u0101. \u0160\u012b \u0113terisk\u0101 viela labsaj\u016btai bez piep\u016bles iek\u013caujas J\u016bsu dien\u0101, sniedzot Jums Frankincense priek\u0161roc\u012bbas vis\u0113rt\u0101kaj\u0101 un sp\u0113c\u012bg\u0101kaj\u0101 veid\u0101, k\u0101du vien iesp\u0113jams iedom\u0101ties.<\/p>\n","protected":false},"excerpt":{"rendered":"<ul class=\"spotlight__list-custom custom-list\">\n<li>Kompakta un \u0113rta \u0161\u0137idro mikrokodu kapsula vieglai un \u0101trai uzs\u016bk\u0161anai.<\/li>\n<li>Ikdienas labsaj\u016btas risin\u0101jums, kas pie\u0161\u0137ir v\u012braka sp\u0113kam j\u016bsu ikdienas rut\u012bnas priek\u0161pl\u0101n\u0101.<\/li>\n<li>Veg\u0101nu, bez \u0122MO un glut\u0113na.<\/li>\n<li>30 mikrokapsu\u013cu kapsulas | 17 g.<\/li>\n<\/ul>\n","protected":false},"featured_media":25472,"template":"","meta":{"site-sidebar-layout":"default","site-content-layout":"","ast-site-content-layout":"default","site-content-style":"default","site-sidebar-style":"default","ast-global-header-display":"","ast-banner-title-visibility":"","ast-main-header-display":"","ast-hfb-above-header-display":"","ast-hfb-below-header-display":"","ast-hfb-mobile-header-display":"","site-post-title":"","ast-breadcrumbs-content":"","ast-featured-img":"","footer-sml-layout":"","ast-disable-related-posts":"","theme-transparent-header-meta":"default","adv-header-id-meta":"","stick-header-meta":"","header-above-stick-meta":"","header-main-stick-meta":"","header-below-stick-meta":"","astra-migrate-meta-layouts":"set","ast-page-background-enabled":"default","ast-page-background-meta":{"desktop":{"background-color":"","background-image":"","background-repeat":"repeat","background-position":"center center","background-size":"auto","background-attachment":"scroll","background-type":"","background-media":"","overlay-type":"","overlay-color":"","overlay-opacity":"","overlay-gradient":""},"tablet":{"background-color":"","background-image":"","background-repeat":"repeat","background-position":"center center","background-size":"auto","background-attachment":"scroll","background-type":"","background-media":"","overlay-type":"","overlay-color":"","overlay-opacity":"","overlay-gradient":""},"mobile":{"background-color":"","background-image":"","background-repeat":"repeat","background-position":"center center","background-size":"auto","background-attachment":"scroll","background-type":"","background-media":"","overlay-type":"","overlay-color":"","overlay-opacity":"","overlay-gradient":""}},"ast-content-background-meta":{"desktop":{"background-color":"var(--ast-global-color-5)","background-image":"","background-repeat":"repeat","background-position":"center center","background-size":"auto","background-attachment":"scroll","background-type":"","background-media":"","overlay-type":"","overlay-color":"","overlay-opacity":"","overlay-gradient":""},"tablet":{"background-color":"var(--ast-global-color-5)","background-image":"","background-repeat":"repeat","background-position":"center center","background-size":"auto","background-attachment":"scroll","background-type":"","background-media":"","overlay-type":"","overlay-color":"","overlay-opacity":"","overlay-gradient":""},"mobile":{"background-color":"var(--ast-global-color-5)","background-image":"","background-repeat":"repeat","background-position":"center center","background-size":"auto","background-attachment":"scroll","background-type":"","background-media":"","overlay-type":"","overlay-color":"","overlay-opacity":"","overlay-gradient":""}}},"product_brand":[],"product_cat":[601],"product_tag":[],"class_list":{"0":"post-25478","1":"product","2":"type-product","3":"status-publish","4":"has-post-thumbnail","6":"product_cat-eterisko-ellu-maisijumi","7":"desktop-align-left","8":"tablet-align-left","9":"mobile-align-left","11":"first","12":"instock","13":"taxable","14":"shipping-taxable","15":"purchasable","16":"product-type-simple"},"_links":{"self":[{"href":"https:\/\/mamaterra.lt\/lv\/wp-json\/wp\/v2\/product\/25478","targetHints":{"allow":["GET"]}}],"collection":[{"href":"https:\/\/mamaterra.lt\/lv\/wp-json\/wp\/v2\/product"}],"about":[{"href":"https:\/\/mamaterra.lt\/lv\/wp-json\/wp\/v2\/types\/product"}],"wp:featuredmedia":[{"embeddable":true,"href":"https:\/\/mamaterra.lt\/lv\/wp-json\/wp\/v2\/media\/25472"}],"wp:attachment":[{"href":"https:\/\/mamaterra.lt\/lv\/wp-json\/wp\/v2\/media?parent=25478"}],"wp:term":[{"taxonomy":"product_brand","embeddable":true,"href":"https:\/\/mamaterra.lt\/lv\/wp-json\/wp\/v2\/product_brand?post=25478"},{"taxonomy":"product_cat","embeddable":true,"href":"https:\/\/mamaterra.lt\/lv\/wp-json\/wp\/v2\/product_cat?post=25478"},{"taxonomy":"product_tag","embeddable":true,"href":"https:\/\/mamaterra.lt\/lv\/wp-json\/wp\/v2\/product_tag?post=25478"}],"curies":[{"name":"wp","href":"https:\/\/api.w.org\/{rel}","templated":true}]}}