{"id":25460,"date":"2025-05-24T14:36:57","date_gmt":"2025-05-24T13:36:57","guid":{"rendered":"https:\/\/mamaterra.lt\/parduotuve\/uncategorized\/doterra-vmg\/"},"modified":"2025-05-24T14:51:06","modified_gmt":"2025-05-24T13:51:06","slug":"doterra-vmg","status":"publish","type":"product","link":"https:\/\/mamaterra.lt\/lv\/parduotuve\/imunitates-stiprinasanai\/doterra-vmg\/","title":{"rendered":"doTERRA VMG+"},"content":{"rendered":"<p>VMG+<\/p>\n<p>VMG+ &#8211; jauna pieeja ikdienas vitam\u012bniem<\/p>\n<p>VMG+ pilnv\u0113rt\u012bgu uzturvielu komplekss ir uzlabots, visaptvero\u0161s ikdienas uzturvielu pulvera dz\u0113riens, kas paredz\u0113ts, lai atbalst\u012btu svar\u012bg\u0101kos organisma dz\u012bv\u012bbas procesus. Un, j\u0101 &#8211; tas patie\u0161\u0101m ir gar\u0161\u012bgs! \ud83d\ude0b<\/p>\n<p>\ud83e\uddec Satur vair\u0101k nek\u0101 90 augst\u0101k\u0101s kvalit\u0101tes sast\u0101vda\u013cu:<br \/>\n&#8211; Dab\u012bgi vitam\u012bni un miner\u0101lvielas no augiem<br \/>\n&#8211; Aug\u013ci, d\u0101rze\u0146i, gremo\u0161anas enz\u012bmi<br \/>\n&#8211; Probiotikas<br \/>\n&#8211; CPTG\u00ae \u0113terisk\u0101s e\u013c\u013cas<br \/>\n&#8211; Citas labv\u0113l\u012bgas mikroelementu vielas.<\/p>\n<p>\u2705 Veg\u0101ns<br \/>\n\u2705 Bez lipek\u013ca<br \/>\n\u2705 Piem\u0113rots ikdienas lieto\u0161anai<\/p>\n<p>\u2728 Galven\u0101s priek\u0161roc\u012bbas J\u016bsu organismam:<\/p>\n<p>\ud83d\udd39 Ener\u0123ijas atbalsts<br \/>\n\ud83d\udd39 Im\u016bnsist\u0113ma<br \/>\n\ud83d\udd39 Zarnu vesel\u012bba un gremo\u0161ana<br \/>\n\ud83d\udd39 Aknu darb\u012bba<br \/>\n\ud83d\udd39 Hormonu l\u012bdzsvars<br \/>\n\ud83d\udd39 Smadze\u0146u darb\u012bba.<\/p>\n<p>\ud83d\udc9a 3 produkti vien\u0101:<\/p>\n<p>VMG+ apvieno Alpha CRS+\u00ae, Microplex VMz\u00ae (veg\u0101nisk\u0101 versija) un za\u013co superproduktu mais\u012bjumu.<\/p>\n<p>\ud83e\uddea Satur 5 patent\u0113tus kompleksus:<\/p>\n<p>Uztura komplekss &#8211; augu izcelsmes vitam\u012bni, miner\u0101lvielas, kofaktori.<\/p>\n<p>Superfood Blend &#8211; antioksidanti, fitonutrienti.<\/p>\n<p>Cell Support Blend &#8211; \u0161\u016bnu aizsardz\u012bba<\/p>\n<p>Biotransform\u0101cijas mais\u012bjums &#8211; uzlabota uzs\u016bk\u0161an\u0101s.<\/p>\n<p>Biopieejam\u012bbas pastiprin\u0101t\u0101js &#8211; uzlabo uzturvielu uz\u0146em\u0161anu<\/p>\n<p>\ud83c\udfaf Ikdienas maisi\u0146\u0161 = sp\u0113c\u012bga vesel\u012bbas b\u0101ze.<br \/>\n\u0112rts, gar\u0161\u012bgs, viss vien\u0101. Vesel\u012bgs dz\u012bvesveids v\u0113l nekad nav bijis viegl\u0101k!<\/p>\n","protected":false},"excerpt":{"rendered":"<p>VMG+ apvieno 3 produktus vien\u0101:<br \/>\nAlpha CRS+\u00ae, Microplex VMz\u00ae (veg\u0101ns) un za\u013co superproduktu mais\u012bjumu.<\/p>\n<p>Tas satur 5 patent\u0113tus kompleksus, kas atbalsta b\u016btiskus vesel\u012bbas procesus:<\/p>\n<p>1\ufe0f\u20e3 Uztura komplekss &#8211; augu izcelsmes vitam\u012bni, miner\u0101lvielas un b\u016btiski augu izcelsmes kofaktori<br \/>\n2\ufe0f\u20e3 Superfood komplekss &#8211; atbalsta visp\u0101r\u0113jo vesel\u012bbu ar fitonutrientiem, antioksidantiem, vitam\u012bniem un miner\u0101lviel\u0101m*<br \/>\n3\ufe0f\u20e3 Cell Support Complex &#8211; atbalsta \u0161\u016bnu vesel\u012bbu un antioksidantu aizsardz\u012bbu*<br \/>\n4\ufe0f\u20e3 Biotransform\u0101cijas komplekss &#8211; nodro\u0161ina biolo\u0123iski akt\u012bvas uzturvielas*<br \/>\n5\ufe0f\u20e3 Biopieejam\u012bbas uzlabo\u0161anas komplekss &#8211; uzlabo mikroelementu uzs\u016bk\u0161anos, k\u0101 pier\u0101d\u012bts pirmskl\u012bniskajos p\u0113t\u012bjumos*<\/p>\n","protected":false},"featured_media":25454,"template":"","meta":{"site-sidebar-layout":"default","site-content-layout":"","ast-site-content-layout":"default","site-content-style":"default","site-sidebar-style":"default","ast-global-header-display":"","ast-banner-title-visibility":"","ast-main-header-display":"","ast-hfb-above-header-display":"","ast-hfb-below-header-display":"","ast-hfb-mobile-header-display":"","site-post-title":"","ast-breadcrumbs-content":"","ast-featured-img":"","footer-sml-layout":"","ast-disable-related-posts":"","theme-transparent-header-meta":"default","adv-header-id-meta":"","stick-header-meta":"","header-above-stick-meta":"","header-main-stick-meta":"","header-below-stick-meta":"","astra-migrate-meta-layouts":"set","ast-page-background-enabled":"default","ast-page-background-meta":{"desktop":{"background-color":"","background-image":"","background-repeat":"repeat","background-position":"center center","background-size":"auto","background-attachment":"scroll","background-type":"","background-media":"","overlay-type":"","overlay-color":"","overlay-opacity":"","overlay-gradient":""},"tablet":{"background-color":"","background-image":"","background-repeat":"repeat","background-position":"center center","background-size":"auto","background-attachment":"scroll","background-type":"","background-media":"","overlay-type":"","overlay-color":"","overlay-opacity":"","overlay-gradient":""},"mobile":{"background-color":"","background-image":"","background-repeat":"repeat","background-position":"center center","background-size":"auto","background-attachment":"scroll","background-type":"","background-media":"","overlay-type":"","overlay-color":"","overlay-opacity":"","overlay-gradient":""}},"ast-content-background-meta":{"desktop":{"background-color":"var(--ast-global-color-5)","background-image":"","background-repeat":"repeat","background-position":"center center","background-size":"auto","background-attachment":"scroll","background-type":"","background-media":"","overlay-type":"","overlay-color":"","overlay-opacity":"","overlay-gradient":""},"tablet":{"background-color":"var(--ast-global-color-5)","background-image":"","background-repeat":"repeat","background-position":"center center","background-size":"auto","background-attachment":"scroll","background-type":"","background-media":"","overlay-type":"","overlay-color":"","overlay-opacity":"","overlay-gradient":""},"mobile":{"background-color":"var(--ast-global-color-5)","background-image":"","background-repeat":"repeat","background-position":"center center","background-size":"auto","background-attachment":"scroll","background-type":"","background-media":"","overlay-type":"","overlay-color":"","overlay-opacity":"","overlay-gradient":""}}},"product_brand":[],"product_cat":[610],"product_tag":[],"class_list":{"0":"post-25460","1":"product","2":"type-product","3":"status-publish","4":"has-post-thumbnail","6":"product_cat-imunitates-stiprinasanai","7":"desktop-align-left","8":"tablet-align-left","9":"mobile-align-left","11":"first","12":"instock","13":"taxable","14":"shipping-taxable","15":"purchasable","16":"product-type-simple"},"_links":{"self":[{"href":"https:\/\/mamaterra.lt\/lv\/wp-json\/wp\/v2\/product\/25460","targetHints":{"allow":["GET"]}}],"collection":[{"href":"https:\/\/mamaterra.lt\/lv\/wp-json\/wp\/v2\/product"}],"about":[{"href":"https:\/\/mamaterra.lt\/lv\/wp-json\/wp\/v2\/types\/product"}],"wp:featuredmedia":[{"embeddable":true,"href":"https:\/\/mamaterra.lt\/lv\/wp-json\/wp\/v2\/media\/25454"}],"wp:attachment":[{"href":"https:\/\/mamaterra.lt\/lv\/wp-json\/wp\/v2\/media?parent=25460"}],"wp:term":[{"taxonomy":"product_brand","embeddable":true,"href":"https:\/\/mamaterra.lt\/lv\/wp-json\/wp\/v2\/product_brand?post=25460"},{"taxonomy":"product_cat","embeddable":true,"href":"https:\/\/mamaterra.lt\/lv\/wp-json\/wp\/v2\/product_cat?post=25460"},{"taxonomy":"product_tag","embeddable":true,"href":"https:\/\/mamaterra.lt\/lv\/wp-json\/wp\/v2\/product_tag?post=25460"}],"curies":[{"name":"wp","href":"https:\/\/api.w.org\/{rel}","templated":true}]}}