{"id":25424,"date":"2025-05-01T09:59:37","date_gmt":"2025-05-01T08:59:37","guid":{"rendered":"https:\/\/mamaterra.lt\/parduotuve\/uncategorized\/doterra-sun-lip-balm-lupu-balzamas\/"},"modified":"2025-05-01T10:15:34","modified_gmt":"2025-05-01T09:15:34","slug":"doterra-sun-lip-balm-lupu-balzams","status":"publish","type":"product","link":"https:\/\/mamaterra.lt\/lv\/parduotuve\/eteriskas-ellas\/doterra-sun-lip-balm-lupu-balzams\/","title":{"rendered":"doTERRA sun Lip Balm (L\u016bpu balzams)"},"content":{"rendered":"<h6 class=\"spotlight__head-title\">d\u014dTERRA sun Lip Balm (L\u016bpu balzams)<\/h6>\n<p>&nbsp;<\/p>\n<p>M\u012bliet savas l\u016bpas katru dienu, izmantojot doTERRA sauli. \u0160\u012b uz miner\u0101liem balst\u012bt\u0101 formula ar SPF 15 UVA\/UVB aizsardz\u012bbu nomierina, m\u012bkstina un pal\u012bdz pasarg\u0101t l\u016bpas no karstuma, aukstuma un v\u0113ja. Sast\u0101v\u0101 ir nenano cinka oks\u012bds, kas neabsorb\u0113jas uz \u0101das, un doTERRA sun l\u016bpu balzama sast\u0101v\u0101 ir augu izcelsmes sast\u0101vda\u013cas, piem\u0113ram, \u0161\u012b sviests un mongongo e\u013c\u013ca, kas nodro\u0161ina bag\u0101t\u012bgu, mitrino\u0161u baro\u0161anu, k\u0101 ar\u012b Frankincense, Helichrysum, Lemongrass, Spearmint un Manuka \u0113terisk\u0101s e\u013c\u013cas.<\/p>\n<h6 class=\"spotlight__foot-block-title\">Galvenie ieguvumi<\/h6>\n<div class=\"spotlight__foot-block-content\">\n<ul class=\"spotlight__list-custom custom-list\">\n<li>Izstr\u0101d\u0101ts ar nenano cinka oks\u012bdu, \u0161\u012b sviestu, mongongo e\u013c\u013cu un CPTG\u2122 \u0113teriskaj\u0101m e\u013c\u013c\u0101m.<\/li>\n<li>Mitrino\u0161s, nomierino\u0161s, dermatologu p\u0101rbaud\u012bts, dro\u0161s jut\u012bgai \u0101dai.<br \/>\nNesatur ftal\u0101tus, oksibenzonu un sint\u0113tisk\u0101s smar\u017evielas.<\/li>\n<li>Nekait\u012bgs pret cietsird\u012bbu un dro\u0161s rifiem.<\/li>\n<\/ul>\n<\/div>\n","protected":false},"excerpt":{"rendered":"<ul class=\"spotlight__list-custom custom-list\">\n<li>Izstr\u0101d\u0101ts ar nenano cinka oks\u012bdu, \u0161\u012b sviestu, mongongo e\u013c\u013cu un CPTG\u2122 \u0113teriskaj\u0101m e\u013c\u013c\u0101m.<\/li>\n<li>Mitrino\u0161s, nomierino\u0161s, dermatologu p\u0101rbaud\u012bts, dro\u0161s jut\u012bgai \u0101dai.<br \/>\nNesatur ftal\u0101tus, oksibenzonu un sint\u0113tisk\u0101s smar\u017evielas.<\/li>\n<li>Nekait\u012bgs pret cietsird\u012bbu un dro\u0161s rifiem.<\/li>\n<\/ul>\n","protected":false},"featured_media":25418,"template":"","meta":{"site-sidebar-layout":"default","site-content-layout":"","ast-site-content-layout":"default","site-content-style":"default","site-sidebar-style":"default","ast-global-header-display":"","ast-banner-title-visibility":"","ast-main-header-display":"","ast-hfb-above-header-display":"","ast-hfb-below-header-display":"","ast-hfb-mobile-header-display":"","site-post-title":"","ast-breadcrumbs-content":"","ast-featured-img":"","footer-sml-layout":"","ast-disable-related-posts":"","theme-transparent-header-meta":"default","adv-header-id-meta":"","stick-header-meta":"","header-above-stick-meta":"","header-main-stick-meta":"","header-below-stick-meta":"","astra-migrate-meta-layouts":"set","ast-page-background-enabled":"default","ast-page-background-meta":{"desktop":{"background-color":"","background-image":"","background-repeat":"repeat","background-position":"center center","background-size":"auto","background-attachment":"scroll","background-type":"","background-media":"","overlay-type":"","overlay-color":"","overlay-opacity":"","overlay-gradient":""},"tablet":{"background-color":"","background-image":"","background-repeat":"repeat","background-position":"center center","background-size":"auto","background-attachment":"scroll","background-type":"","background-media":"","overlay-type":"","overlay-color":"","overlay-opacity":"","overlay-gradient":""},"mobile":{"background-color":"","background-image":"","background-repeat":"repeat","background-position":"center center","background-size":"auto","background-attachment":"scroll","background-type":"","background-media":"","overlay-type":"","overlay-color":"","overlay-opacity":"","overlay-gradient":""}},"ast-content-background-meta":{"desktop":{"background-color":"var(--ast-global-color-5)","background-image":"","background-repeat":"repeat","background-position":"center center","background-size":"auto","background-attachment":"scroll","background-type":"","background-media":"","overlay-type":"","overlay-color":"","overlay-opacity":"","overlay-gradient":""},"tablet":{"background-color":"var(--ast-global-color-5)","background-image":"","background-repeat":"repeat","background-position":"center center","background-size":"auto","background-attachment":"scroll","background-type":"","background-media":"","overlay-type":"","overlay-color":"","overlay-opacity":"","overlay-gradient":""},"mobile":{"background-color":"var(--ast-global-color-5)","background-image":"","background-repeat":"repeat","background-position":"center center","background-size":"auto","background-attachment":"scroll","background-type":"","background-media":"","overlay-type":"","overlay-color":"","overlay-opacity":"","overlay-gradient":""}}},"product_brand":[],"product_cat":[3584,600],"product_tag":[],"class_list":{"0":"post-25424","1":"product","2":"type-product","3":"status-publish","4":"has-post-thumbnail","6":"product_cat-doterra-saules-linija-lv","7":"product_cat-eteriskas-ellas","8":"desktop-align-left","9":"tablet-align-left","10":"mobile-align-left","12":"first","13":"instock","14":"taxable","15":"shipping-taxable","16":"purchasable","17":"product-type-simple"},"_links":{"self":[{"href":"https:\/\/mamaterra.lt\/lv\/wp-json\/wp\/v2\/product\/25424","targetHints":{"allow":["GET"]}}],"collection":[{"href":"https:\/\/mamaterra.lt\/lv\/wp-json\/wp\/v2\/product"}],"about":[{"href":"https:\/\/mamaterra.lt\/lv\/wp-json\/wp\/v2\/types\/product"}],"wp:featuredmedia":[{"embeddable":true,"href":"https:\/\/mamaterra.lt\/lv\/wp-json\/wp\/v2\/media\/25418"}],"wp:attachment":[{"href":"https:\/\/mamaterra.lt\/lv\/wp-json\/wp\/v2\/media?parent=25424"}],"wp:term":[{"taxonomy":"product_brand","embeddable":true,"href":"https:\/\/mamaterra.lt\/lv\/wp-json\/wp\/v2\/product_brand?post=25424"},{"taxonomy":"product_cat","embeddable":true,"href":"https:\/\/mamaterra.lt\/lv\/wp-json\/wp\/v2\/product_cat?post=25424"},{"taxonomy":"product_tag","embeddable":true,"href":"https:\/\/mamaterra.lt\/lv\/wp-json\/wp\/v2\/product_tag?post=25424"}],"curies":[{"name":"wp","href":"https:\/\/api.w.org\/{rel}","templated":true}]}}