{"id":25373,"date":"2025-04-04T19:05:54","date_gmt":"2025-04-04T18:05:54","guid":{"rendered":"https:\/\/mamaterra.lt\/?post_type=product&#038;p=25373"},"modified":"2025-04-04T19:28:28","modified_gmt":"2025-04-04T18:28:28","slug":"copaiba-cp-softgels-mikstas-kapsulas","status":"publish","type":"product","link":"https:\/\/mamaterra.lt\/lv\/parduotuve\/eteriskas-ellas\/tiras-eteriskas-ellas\/copaiba-cp-softgels-mikstas-kapsulas\/","title":{"rendered":"COPAIBA CP+ Softgels (M\u012bkst\u0101s kapsulas)"},"content":{"rendered":"<h6>COPAIBA CP+ Softgels (M\u012bkst\u0101s kapsulas)<\/h6>\n<p>Copaifera reticulata, officinalis, coriacea, langsdorffii |<\/p>\n<p>&nbsp;<\/p>\n<h3 class=\"spotlight__head-latin-title\">Uztura bag\u0101tin\u0101t\u0101js ar ol\u012bve\u013c\u013cu<\/h3>\n<div class=\"spotlight__head-copy\">\n<p>CP+ Softgels (M\u012bkst\u0101s kapsulas) satur Copaiba (Kopaiva) k\u0101 aromatiz\u0113t\u0101ju ol\u012bve\u013c\u013cas b\u0101z\u0113 un pied\u0101v\u0101 \u0113rtu veidu, k\u0101 g\u016bt labv\u0113l\u012bgo iedarb\u012bbu, lietojot augu m\u012bkst\u0101s kapsulas. Unik\u0101l\u0101 kombin\u0101cija var pal\u012bdz\u0113t remd\u0113t un nomierin\u0101t gremo\u0161anas sist\u0113mu.<\/p>\n<\/div>\n<p>&nbsp;<\/p>\n<h3 class=\"product-uses__block-title\">Izmanto\u0161ana<\/h3>\n<div class=\"product-uses__block-list\">\n<ul class=\"custom-list\">\n<li>Lai ar\u012b uztura bag\u0101tin\u0101t\u0101ji ir lielisks papildin\u0101jums ikdien\u0101, tie nedr\u012bkst aizst\u0101t daudzveid\u012bgu un sabalans\u0113tu uzturu un vesel\u012bgu dz\u012bvesveidu.<\/li>\n<li>Pirms lieto\u0161anas izlasiet visus piesardz\u012bbas un br\u012bdin\u0101juma pazi\u0146ojumus.<\/li>\n<li>Nep\u0101rsniedziet ieteicamo devu.<\/li>\n<\/ul>\n<\/div>\n<h3 class=\"product-uses__block-title\">Lieto\u0161anas nor\u0101d\u012bjumi<\/h3>\n<div class=\"product-uses__directions-for-use\">\n<div class=\"product-uses__directions-for-use-item\">\n<div class=\"product-uses__directions-for-use-icon\">\n<div class=\"icon--internally icon--xxl\"><\/div>\n<\/div>\n<div class=\"product-uses__directions-for-use-copy\">Lietojiet 1\u00a0m\u012bksto kapsulu dien\u0101.<\/div>\n<\/div>\n<\/div>\n<div class=\"product-uses__cautions\">\n<h3 class=\"product-uses__block-title\">Piesardz\u012bbas pas\u0101kumi<\/h3>\n<div class=\"product-uses__cautions-body\">\n<p>Sarg\u0101t no b\u0113rniem. Nep\u0101rsniedziet ieteicamo dienas devu. Uztura bag\u0101tin\u0101t\u0101ji nedr\u012bkst aizst\u0101t daudzveid\u012bgu un sabalans\u0113tu uzturu un vesel\u012bgu dz\u012bvesveidu. Gr\u016btniec\u0113m vai sieviet\u0113m, kuras baro b\u0113rnu ar kr\u016bti, k\u0101 ar\u012b person\u0101m ar zin\u0101m\u0101m vesel\u012bbas probl\u0113m\u0101m pirms lieto\u0161anas j\u0101konsult\u0113jas ar \u0101rstu. Uzglab\u0101jiet v\u0113s\u0101, saus\u0101 viet\u0101. Lieto\u0161anas termi\u0146\u0161 un partijas numurs: sk. pudel\u012btes apak\u0161\u0101.<\/p>\n<\/div>\n<\/div>\n<p><iframe title=\"Copaiba e\u013c\u013cas atkl\u0101\u0161ana: uzziniet vair\u0101k par doTERRA Copaiba \u0113terisk\u0101s e\u013c\u013cas priek\u0161roc\u012bb\u0101m\" src=\"https:\/\/www.youtube.com\/embed\/VtQtsM4qs-0\" width=\"853\" height=\"480\" frameborder=\"0\" allowfullscreen=\"allowfullscreen\"><\/iframe><\/p>\n","protected":false},"excerpt":{"rendered":"<p>CP+ Softgels (M\u012bkst\u0101s kapsulas) satur Copaiba (Kopaiva) k\u0101 aromatiz\u0113t\u0101ju ol\u012bve\u013c\u013cas b\u0101z\u0113 un pied\u0101v\u0101 \u0113rtu veidu, k\u0101 g\u016bt labv\u0113l\u012bgo iedarb\u012bbu, lietojot augu m\u012bkst\u0101s kapsulas<\/p>\n","protected":false},"featured_media":25389,"template":"","meta":{"site-sidebar-layout":"default","site-content-layout":"default","ast-site-content-layout":"default","site-content-style":"default","site-sidebar-style":"default","ast-global-header-display":"","ast-banner-title-visibility":"","ast-main-header-display":"","ast-hfb-above-header-display":"","ast-hfb-below-header-display":"","ast-hfb-mobile-header-display":"","site-post-title":"","ast-breadcrumbs-content":"","ast-featured-img":"","footer-sml-layout":"","ast-disable-related-posts":"","theme-transparent-header-meta":"default","adv-header-id-meta":"","stick-header-meta":"","header-above-stick-meta":"","header-main-stick-meta":"","header-below-stick-meta":"","astra-migrate-meta-layouts":"set","ast-page-background-enabled":"default","ast-page-background-meta":{"desktop":{"background-color":"","background-image":"","background-repeat":"repeat","background-position":"center center","background-size":"auto","background-attachment":"scroll","background-type":"","background-media":"","overlay-type":"","overlay-color":"","overlay-opacity":"","overlay-gradient":""},"tablet":{"background-color":"","background-image":"","background-repeat":"repeat","background-position":"center center","background-size":"auto","background-attachment":"scroll","background-type":"","background-media":"","overlay-type":"","overlay-color":"","overlay-opacity":"","overlay-gradient":""},"mobile":{"background-color":"","background-image":"","background-repeat":"repeat","background-position":"center center","background-size":"auto","background-attachment":"scroll","background-type":"","background-media":"","overlay-type":"","overlay-color":"","overlay-opacity":"","overlay-gradient":""}},"ast-content-background-meta":{"desktop":{"background-color":"var(--ast-global-color-5)","background-image":"","background-repeat":"repeat","background-position":"center center","background-size":"auto","background-attachment":"scroll","background-type":"","background-media":"","overlay-type":"","overlay-color":"","overlay-opacity":"","overlay-gradient":""},"tablet":{"background-color":"var(--ast-global-color-5)","background-image":"","background-repeat":"repeat","background-position":"center center","background-size":"auto","background-attachment":"scroll","background-type":"","background-media":"","overlay-type":"","overlay-color":"","overlay-opacity":"","overlay-gradient":""},"mobile":{"background-color":"var(--ast-global-color-5)","background-image":"","background-repeat":"repeat","background-position":"center center","background-size":"auto","background-attachment":"scroll","background-type":"","background-media":"","overlay-type":"","overlay-color":"","overlay-opacity":"","overlay-gradient":""}}},"product_brand":[],"product_cat":[600,620,612,613,618,602],"product_tag":[676,1244,631,643],"class_list":{"0":"post-25373","1":"product","2":"type-product","3":"status-publish","4":"has-post-thumbnail","6":"product_cat-eteriskas-ellas","7":"product_cat-gremosanai","8":"product_cat-masazai","9":"product_cat-miegam","10":"product_cat-nomierinosas","11":"product_cat-tiras-eteriskas-ellas","12":"product_tag-15-ml-lv","13":"product_tag-copaiba-lv","14":"product_tag-eteriskas-ellas","15":"product_tag-populars","16":"desktop-align-left","17":"tablet-align-left","18":"mobile-align-left","20":"first","21":"instock","22":"featured","23":"taxable","24":"shipping-taxable","25":"purchasable","26":"product-type-simple"},"_links":{"self":[{"href":"https:\/\/mamaterra.lt\/lv\/wp-json\/wp\/v2\/product\/25373","targetHints":{"allow":["GET"]}}],"collection":[{"href":"https:\/\/mamaterra.lt\/lv\/wp-json\/wp\/v2\/product"}],"about":[{"href":"https:\/\/mamaterra.lt\/lv\/wp-json\/wp\/v2\/types\/product"}],"wp:featuredmedia":[{"embeddable":true,"href":"https:\/\/mamaterra.lt\/lv\/wp-json\/wp\/v2\/media\/25389"}],"wp:attachment":[{"href":"https:\/\/mamaterra.lt\/lv\/wp-json\/wp\/v2\/media?parent=25373"}],"wp:term":[{"taxonomy":"product_brand","embeddable":true,"href":"https:\/\/mamaterra.lt\/lv\/wp-json\/wp\/v2\/product_brand?post=25373"},{"taxonomy":"product_cat","embeddable":true,"href":"https:\/\/mamaterra.lt\/lv\/wp-json\/wp\/v2\/product_cat?post=25373"},{"taxonomy":"product_tag","embeddable":true,"href":"https:\/\/mamaterra.lt\/lv\/wp-json\/wp\/v2\/product_tag?post=25373"}],"curies":[{"name":"wp","href":"https:\/\/api.w.org\/{rel}","templated":true}]}}