{"id":25338,"date":"2025-03-12T20:27:34","date_gmt":"2025-03-12T19:27:34","guid":{"rendered":"https:\/\/mamaterra.lt\/parduotuve\/uncategorized\/doterra-turmeric-dual-chamber-capsules\/"},"modified":"2025-10-19T17:51:19","modified_gmt":"2025-10-19T16:51:19","slug":"doterra-turmeric-divu-kameru-kapsulas","status":"publish","type":"product","link":"https:\/\/mamaterra.lt\/lv\/parduotuve\/eteriskas-ellas\/doterra-turmeric-divu-kameru-kapsulas\/","title":{"rendered":"doTERRA Turmeric divu kameru kapsulas"},"content":{"rendered":"<h6 class=\"spotlight__head-title\">Turmeric divu kameru kapsulas<\/h6>\n<p>doTERRA ir pirm\u0101, kas apvieno kurkuma \u0113terisko e\u013c\u013cu un kurkuma ekstraktu \u012bpa\u0161i izstr\u0101d\u0101t\u0101 divu kameru kapsul\u0101. Apvienojot kurkuma \u0113terisko e\u013c\u013cu un kurkuma ekstraktu, katra komponenta efektivit\u0101te ir maksim\u0101li palielin\u0101ta. Rezult\u0101ts ir revolucion\u0101rs bioakt\u012bvo augu savienojumu produkts, kas rada unik\u0101li sp\u0113c\u012bgu kurkumo\u0146u un kurkumino\u012bdu siner\u0123iju. Katra kapsula ir \u0113rta un \u0113rti uz\u0146emt\u0101 form\u0101, un katr\u0101 kapsul\u0101 ir 2 pilieni kurkuma \u0113terisk\u0101s e\u013c\u013cas.<\/p>\n<ul class=\"spotlight__list-custom custom-list\">\n<li>Kurkuma ekstrakts (sakne\u0146u ekstrakts) ar kurkumino\u012bdiem<br \/>\nSatur dabiskus antioksidantus. *<br \/>\nPal\u012bdz uztur\u0113t loc\u012btavu un kaulu vesel\u012bbu. *<br \/>\nPal\u012bdz uztur\u0113t vesel\u012bgu \u0101du. *<br \/>\nAtbalsta asins ra\u017eo\u0161anu un kvalit\u0101ti. *<br \/>\nAtbalsta sirds darb\u012bbu. *<br \/>\nAtbalsta asinsriti. *<br \/>\nAtbalsta gremo\u0161anu.*<br \/>\nSekm\u0113 norm\u0101lu ku\u0146\u0123a un zarnu trakta darb\u012bbu.*<br \/>\nSekm\u0113 norm\u0101lu \u017eults sekr\u0113ciju. *<br \/>\nPal\u012bdz uztur\u0113t im\u016bnsist\u0113mas efektivit\u0101ti. *<br \/>\nPal\u012bdz uztur\u0113t iztur\u012bbu pret aler\u0123ij\u0101m. *<br \/>\n* \u0160\u012bs vesel\u012bguma nor\u0101des joproj\u0101m tiek izskat\u012btas ES un EFSA.<\/li>\n<\/ul>\n<p>Lietojiet 2 kapsulas dien\u0101.<br \/>\nBr\u012bdin\u0101jumi<br \/>\nUzglab\u0101t b\u0113rniem nepieejam\u0101 viet\u0101. Nep\u0101rsniedziet ieteicamo dienas devu. Uztura bag\u0101tin\u0101t\u0101ji nedr\u012bkst aizst\u0101t daudzveid\u012bgu un sabalans\u0113tu uzturu un vesel\u012bgu dz\u012bvesveidu. Pirms lieto\u0161anas gr\u016btniec\u0113m vai sieviet\u0113m, kas baro b\u0113rnu ar kr\u016bti, un cilv\u0113kiem ar zin\u0101miem vesel\u012bbas trauc\u0113jumiem j\u0101konsult\u0113jas ar \u0101rstu. Nav ieteicams lietot b\u0113rniem l\u012bdz 12 gadu vecumam. Konsult\u0113jieties ar \u0101rstu vai farmaceitu, ja vienlaikus lietojat antikoagulantus. Ja lietojat z\u0101les, j\u0101v\u0113r\u0161as pie \u0101rsta p\u0113c padoma. Aknu darb\u012bbas, \u017eults darb\u012bbas vai \u017eultsakme\u0146u izmai\u0146u gad\u012bjum\u0101 prepar\u0101ta lieto\u0161ana nav ieteicama. Uzglab\u0101t v\u0113s\u0101, saus\u0101 viet\u0101.<\/p>\n","protected":false},"excerpt":{"rendered":"<ul class=\"spotlight__list-custom custom-list\">\n<li><span style=\"font-size: 16px;\">Kurkuma ekstrakts (sakne\u0146u ekstrakts) ar kurkumino\u012bdiem<br \/>\nSatur dabiskus antioksidantus. *<br \/>\nPal\u012bdz uztur\u0113t loc\u012btavu un kaulu vesel\u012bbu. *<br \/>\nPal\u012bdz uztur\u0113t vesel\u012bgu \u0101du. *<br \/>\nAtbalsta asins ra\u017eo\u0161anu un kvalit\u0101ti. *<br \/>\nAtbalsta sirds darb\u012bbu. *<br \/>\nAtbalsta asinsriti. *<br \/>\nAtbalsta gremo\u0161anu.*<br \/>\nSekm\u0113 norm\u0101lu ku\u0146\u0123a un zarnu trakta darb\u012bbu.*<br \/>\nSekm\u0113 norm\u0101lu \u017eults sekr\u0113ciju. *<br \/>\nPal\u012bdz uztur\u0113t im\u016bnsist\u0113mas efektivit\u0101ti. *<br \/>\nPal\u012bdz uztur\u0113t iztur\u012bbu pret aler\u0123ij\u0101m. *<br \/>\n* \u0160\u012bs vesel\u012bguma nor\u0101des joproj\u0101m tiek izskat\u012btas ES un EFSA.*<\/span><\/li>\n<\/ul>\n","protected":false},"featured_media":25332,"template":"","meta":{"site-sidebar-layout":"default","site-content-layout":"","ast-site-content-layout":"default","site-content-style":"default","site-sidebar-style":"default","ast-global-header-display":"","ast-banner-title-visibility":"","ast-main-header-display":"","ast-hfb-above-header-display":"","ast-hfb-below-header-display":"","ast-hfb-mobile-header-display":"","site-post-title":"","ast-breadcrumbs-content":"","ast-featured-img":"","footer-sml-layout":"","ast-disable-related-posts":"","theme-transparent-header-meta":"default","adv-header-id-meta":"","stick-header-meta":"","header-above-stick-meta":"","header-main-stick-meta":"","header-below-stick-meta":"","astra-migrate-meta-layouts":"set","ast-page-background-enabled":"default","ast-page-background-meta":{"desktop":{"background-color":"","background-image":"","background-repeat":"repeat","background-position":"center center","background-size":"auto","background-attachment":"scroll","background-type":"","background-media":"","overlay-type":"","overlay-color":"","overlay-opacity":"","overlay-gradient":""},"tablet":{"background-color":"","background-image":"","background-repeat":"repeat","background-position":"center center","background-size":"auto","background-attachment":"scroll","background-type":"","background-media":"","overlay-type":"","overlay-color":"","overlay-opacity":"","overlay-gradient":""},"mobile":{"background-color":"","background-image":"","background-repeat":"repeat","background-position":"center center","background-size":"auto","background-attachment":"scroll","background-type":"","background-media":"","overlay-type":"","overlay-color":"","overlay-opacity":"","overlay-gradient":""}},"ast-content-background-meta":{"desktop":{"background-color":"var(--ast-global-color-5)","background-image":"","background-repeat":"repeat","background-position":"center center","background-size":"auto","background-attachment":"scroll","background-type":"","background-media":"","overlay-type":"","overlay-color":"","overlay-opacity":"","overlay-gradient":""},"tablet":{"background-color":"var(--ast-global-color-5)","background-image":"","background-repeat":"repeat","background-position":"center center","background-size":"auto","background-attachment":"scroll","background-type":"","background-media":"","overlay-type":"","overlay-color":"","overlay-opacity":"","overlay-gradient":""},"mobile":{"background-color":"var(--ast-global-color-5)","background-image":"","background-repeat":"repeat","background-position":"center center","background-size":"auto","background-attachment":"scroll","background-type":"","background-media":"","overlay-type":"","overlay-color":"","overlay-opacity":"","overlay-gradient":""}}},"product_brand":[],"product_cat":[600,620,610],"product_tag":[],"class_list":{"0":"post-25338","1":"product","2":"type-product","3":"status-publish","4":"has-post-thumbnail","6":"product_cat-eteriskas-ellas","7":"product_cat-gremosanai","8":"product_cat-imunitates-stiprinasanai","9":"desktop-align-left","10":"tablet-align-left","11":"mobile-align-left","13":"first","14":"instock","15":"taxable","16":"shipping-taxable","17":"purchasable","18":"product-type-simple"},"_links":{"self":[{"href":"https:\/\/mamaterra.lt\/lv\/wp-json\/wp\/v2\/product\/25338","targetHints":{"allow":["GET"]}}],"collection":[{"href":"https:\/\/mamaterra.lt\/lv\/wp-json\/wp\/v2\/product"}],"about":[{"href":"https:\/\/mamaterra.lt\/lv\/wp-json\/wp\/v2\/types\/product"}],"wp:featuredmedia":[{"embeddable":true,"href":"https:\/\/mamaterra.lt\/lv\/wp-json\/wp\/v2\/media\/25332"}],"wp:attachment":[{"href":"https:\/\/mamaterra.lt\/lv\/wp-json\/wp\/v2\/media?parent=25338"}],"wp:term":[{"taxonomy":"product_brand","embeddable":true,"href":"https:\/\/mamaterra.lt\/lv\/wp-json\/wp\/v2\/product_brand?post=25338"},{"taxonomy":"product_cat","embeddable":true,"href":"https:\/\/mamaterra.lt\/lv\/wp-json\/wp\/v2\/product_cat?post=25338"},{"taxonomy":"product_tag","embeddable":true,"href":"https:\/\/mamaterra.lt\/lv\/wp-json\/wp\/v2\/product_tag?post=25338"}],"curies":[{"name":"wp","href":"https:\/\/api.w.org\/{rel}","templated":true}]}}