{"id":25200,"date":"2025-02-09T16:59:43","date_gmt":"2025-02-09T15:59:43","guid":{"rendered":"https:\/\/mamaterra.lt\/parduotuve\/uncategorized\/citrus-bloom-15ml\/"},"modified":"2025-02-09T17:08:59","modified_gmt":"2025-02-09T16:08:59","slug":"citrus-bloom-15ml","status":"publish","type":"product","link":"https:\/\/mamaterra.lt\/lv\/parduotuve\/eteriskas-ellas\/citrus-bloom-15ml\/","title":{"rendered":"Citrus bloom 15ml"},"content":{"rendered":"<p>Citrus Bloom\u2122 \u0113terisko e\u013c\u013cu mais\u012bjums uzbur atmi\u0146as par pavasari, un tas ir skaisti rad\u012bts, apvienojot ko\u0161us citrusaug\u013cus un smar\u017e\u012bgus ziedus. Savva\u013cas apels\u012bnu un greipfr\u016btu \u0113terisk\u0101s e\u013c\u013cas Citrus Bloom pie\u0161\u0137ir saulainas un saldas arom\u0101tisk\u0101s notis, bet ziedo\u0161as lavandas e\u013c\u013cas, romie\u0161u kumel\u012b\u0161u e\u013c\u013cas un magnolijas e\u013c\u013cas arom\u0101ts pie\u0161\u0137ir maig\u0101ku, ziedu arom\u0101tu. Mais\u012bjums rada pozit\u012bvu, dz\u012bvespriec\u012bgu arom\u0101tu, ko var izsmidzin\u0101t, lietot uz \u0101das, lai rad\u012btu skaistu arom\u0101tu, vai iek\u013caut grezn\u0101 sevis lutin\u0101\u0161anas vakar\u0101.<\/p>\n<p>\u0112terisk\u0101s e\u013c\u013cas<br \/>\nSavva\u013cas apels\u012bnu e\u013c\u013ca ir paz\u012bstama ar savu saldo un dz\u012bv\u012bgo arom\u0101tu. T\u0101pat k\u0101 citas citrusaug\u013cu e\u013c\u013cas, t\u0101 efekt\u012bvi att\u012bra virsmas.<br \/>\nGreipfr\u016btu e\u013c\u013ca ir paz\u012bstama ar savu spilgto, dzirksto\u0161o arom\u0101tu, un to bie\u017ei izmanto \u0101das kop\u0161an\u0101, jo tai piem\u012bt lok\u0101li att\u012bro\u0161as \u012bpa\u0161\u012bbas.<br \/>\nLavandas e\u013c\u013cas ziedu arom\u0101ts ir neatk\u0101rtojams un iecien\u012bts. T\u0101 ar\u012b nomierina \u0101du.<br \/>\nRomas kumel\u012bte un magnolija ir dekadentas un nomierino\u0161as smar\u017eas, kas bie\u017ei sastopamas smar\u017e\u0101s. Gan romie\u0161u kumel\u012b\u0161u, gan magnolijas \u0113teriskaj\u0101m e\u013c\u013c\u0101m piem\u012bt arom\u0101ti, kas pal\u012bdz rad\u012bt nomierino\u0161u vidi.<\/p>\n","protected":false},"excerpt":{"rendered":"<p>Citrus Bloom\u2122 \u0113terisko e\u013c\u013cu mais\u012bjums uzbur atmi\u0146as par pavasari, un tas ir skaisti rad\u012bts, apvienojot ko\u0161us citrusaug\u013cus un smar\u017e\u012bgus ziedus.<\/p>\n","protected":false},"featured_media":25189,"template":"","meta":{"site-sidebar-layout":"default","site-content-layout":"","ast-site-content-layout":"default","site-content-style":"default","site-sidebar-style":"default","ast-global-header-display":"","ast-banner-title-visibility":"","ast-main-header-display":"","ast-hfb-above-header-display":"","ast-hfb-below-header-display":"","ast-hfb-mobile-header-display":"","site-post-title":"","ast-breadcrumbs-content":"","ast-featured-img":"","footer-sml-layout":"","ast-disable-related-posts":"","theme-transparent-header-meta":"default","adv-header-id-meta":"","stick-header-meta":"","header-above-stick-meta":"","header-main-stick-meta":"","header-below-stick-meta":"","astra-migrate-meta-layouts":"set","ast-page-background-enabled":"default","ast-page-background-meta":{"desktop":{"background-color":"","background-image":"","background-repeat":"repeat","background-position":"center center","background-size":"auto","background-attachment":"scroll","background-type":"","background-media":"","overlay-type":"","overlay-color":"","overlay-opacity":"","overlay-gradient":""},"tablet":{"background-color":"","background-image":"","background-repeat":"repeat","background-position":"center center","background-size":"auto","background-attachment":"scroll","background-type":"","background-media":"","overlay-type":"","overlay-color":"","overlay-opacity":"","overlay-gradient":""},"mobile":{"background-color":"","background-image":"","background-repeat":"repeat","background-position":"center center","background-size":"auto","background-attachment":"scroll","background-type":"","background-media":"","overlay-type":"","overlay-color":"","overlay-opacity":"","overlay-gradient":""}},"ast-content-background-meta":{"desktop":{"background-color":"var(--ast-global-color-5)","background-image":"","background-repeat":"repeat","background-position":"center center","background-size":"auto","background-attachment":"scroll","background-type":"","background-media":"","overlay-type":"","overlay-color":"","overlay-opacity":"","overlay-gradient":""},"tablet":{"background-color":"var(--ast-global-color-5)","background-image":"","background-repeat":"repeat","background-position":"center center","background-size":"auto","background-attachment":"scroll","background-type":"","background-media":"","overlay-type":"","overlay-color":"","overlay-opacity":"","overlay-gradient":""},"mobile":{"background-color":"var(--ast-global-color-5)","background-image":"","background-repeat":"repeat","background-position":"center center","background-size":"auto","background-attachment":"scroll","background-type":"","background-media":"","overlay-type":"","overlay-color":"","overlay-opacity":"","overlay-gradient":""}}},"product_brand":[],"product_cat":[600],"product_tag":[],"class_list":{"0":"post-25200","1":"product","2":"type-product","3":"status-publish","4":"has-post-thumbnail","6":"product_cat-eteriskas-ellas","7":"desktop-align-left","8":"tablet-align-left","9":"mobile-align-left","11":"first","12":"instock","13":"taxable","14":"shipping-taxable","15":"purchasable","16":"product-type-simple"},"_links":{"self":[{"href":"https:\/\/mamaterra.lt\/lv\/wp-json\/wp\/v2\/product\/25200","targetHints":{"allow":["GET"]}}],"collection":[{"href":"https:\/\/mamaterra.lt\/lv\/wp-json\/wp\/v2\/product"}],"about":[{"href":"https:\/\/mamaterra.lt\/lv\/wp-json\/wp\/v2\/types\/product"}],"wp:featuredmedia":[{"embeddable":true,"href":"https:\/\/mamaterra.lt\/lv\/wp-json\/wp\/v2\/media\/25189"}],"wp:attachment":[{"href":"https:\/\/mamaterra.lt\/lv\/wp-json\/wp\/v2\/media?parent=25200"}],"wp:term":[{"taxonomy":"product_brand","embeddable":true,"href":"https:\/\/mamaterra.lt\/lv\/wp-json\/wp\/v2\/product_brand?post=25200"},{"taxonomy":"product_cat","embeddable":true,"href":"https:\/\/mamaterra.lt\/lv\/wp-json\/wp\/v2\/product_cat?post=25200"},{"taxonomy":"product_tag","embeddable":true,"href":"https:\/\/mamaterra.lt\/lv\/wp-json\/wp\/v2\/product_tag?post=25200"}],"curies":[{"name":"wp","href":"https:\/\/api.w.org\/{rel}","templated":true}]}}