{"id":24982,"date":"2025-01-04T20:29:26","date_gmt":"2025-01-04T19:29:26","guid":{"rendered":"https:\/\/mamaterra.lt\/parduotuve\/uncategorized\/metapwr-recharge-elektrolitai\/"},"modified":"2025-01-04T20:40:19","modified_gmt":"2025-01-04T19:40:19","slug":"metapwr-recharge-elektrolitu-maisijums","status":"publish","type":"product","link":"https:\/\/mamaterra.lt\/lv\/parduotuve\/imunitates-stiprinasanai\/metapwr-recharge-elektrolitu-maisijums\/","title":{"rendered":"MetaPWR Recharge Elektrol\u012btu mais\u012bjums"},"content":{"rendered":"<h6 class=\"product__title mb-3\">MetaPWR Recharge Elektrol\u012btu mais\u012bjums<\/h6>\n<p>MetaPWR Recharge nodro\u0161ina ekskluz\u012bvu, sabalans\u0113tu elektrol\u012btu mais\u012bjumu, tostarp k\u0101liju, n\u0101triju un magniju, kas ir ide\u0101li piem\u0113rots ikvienam, ne tikai augstas veiktsp\u0113jas sportistiem. T\u0101 sast\u0101v\u0101 ir ar\u012b baobaba ekstrakts un dzi\u013c\u016bdens miner\u0101lvielas, piem\u0113ram, molibd\u0113ns, magnijs un van\u0101dijs no Klus\u0101 oke\u0101na Kuroshio straumes, kas pal\u012bdz \u016bdenim lab\u0101k sadarboties ar \u0161\u016bn\u0101m, lai Jums neb\u016btu j\u0101pieliek p\u016bles, lai saglab\u0101tu mitrumu.*.<\/p>\n<p>MetaPWR Recharge elektrol\u012btu dz\u0113rienu mais\u012bjums MetaPWR Recharge Electrolyte Drink Mix ar gardu savva\u013cas citrona un laima gar\u0161u var sniegt j\u016bsu organismam nepiecie\u0161amo mitrino\u0161o sp\u0113ku!* Tas lieliski iek\u013caujas kop\u0113j\u0101 MetaPWR\u00ae sist\u0113m\u0101, uzlabojot j\u016bsu hidrat\u0101ciju un palielinot visp\u0101r\u0113jo ener\u0123iju un vitalit\u0101ti, lai j\u016bs var\u0113tu dz\u012bvot savu sp\u0113c\u012bg\u0101ko dz\u012bvi.*<\/p>\n","protected":false},"excerpt":{"rendered":"<ul>\n<li>uzlabo \u0161\u016bnu mitrin\u0101\u0161anu.<\/li>\n<li>Atvieglo \u016bdens transport\u0113\u0161anu starp \u0161\u016bn\u0101m.<\/li>\n<li>Nodro\u0161ina l\u012bdzsvarotu se\u0161u galveno elektrol\u012btu: k\u0101lija, n\u0101trija, magnija, kalcija, hlor\u012bda un fosf\u0101ta, attiec\u012bbu.<\/li>\n<li>Satur vair\u0101k nek\u0101 75 dzi\u013c\u016bdens miner\u0101lvielas, piem\u0113ram, molibd\u0113nu, magniju, van\u0101diju.<\/li>\n<li>Nesatur \u0122MO, lipekli, glut\u0113nu, piena produktus, konservantus un m\u0101ksl\u012bg\u0101s sast\u0101vda\u013cas.<\/li>\n<li>30 paci\u0146as<\/li>\n<\/ul>\n","protected":false},"featured_media":24978,"template":"","meta":{"site-sidebar-layout":"default","site-content-layout":"","ast-site-content-layout":"default","site-content-style":"default","site-sidebar-style":"default","ast-global-header-display":"","ast-banner-title-visibility":"","ast-main-header-display":"","ast-hfb-above-header-display":"","ast-hfb-below-header-display":"","ast-hfb-mobile-header-display":"","site-post-title":"","ast-breadcrumbs-content":"","ast-featured-img":"","footer-sml-layout":"","ast-disable-related-posts":"","theme-transparent-header-meta":"default","adv-header-id-meta":"","stick-header-meta":"","header-above-stick-meta":"","header-main-stick-meta":"","header-below-stick-meta":"","astra-migrate-meta-layouts":"set","ast-page-background-enabled":"default","ast-page-background-meta":{"desktop":{"background-color":"","background-image":"","background-repeat":"repeat","background-position":"center center","background-size":"auto","background-attachment":"scroll","background-type":"","background-media":"","overlay-type":"","overlay-color":"","overlay-opacity":"","overlay-gradient":""},"tablet":{"background-color":"","background-image":"","background-repeat":"repeat","background-position":"center center","background-size":"auto","background-attachment":"scroll","background-type":"","background-media":"","overlay-type":"","overlay-color":"","overlay-opacity":"","overlay-gradient":""},"mobile":{"background-color":"","background-image":"","background-repeat":"repeat","background-position":"center center","background-size":"auto","background-attachment":"scroll","background-type":"","background-media":"","overlay-type":"","overlay-color":"","overlay-opacity":"","overlay-gradient":""}},"ast-content-background-meta":{"desktop":{"background-color":"var(--ast-global-color-5)","background-image":"","background-repeat":"repeat","background-position":"center center","background-size":"auto","background-attachment":"scroll","background-type":"","background-media":"","overlay-type":"","overlay-color":"","overlay-opacity":"","overlay-gradient":""},"tablet":{"background-color":"var(--ast-global-color-5)","background-image":"","background-repeat":"repeat","background-position":"center center","background-size":"auto","background-attachment":"scroll","background-type":"","background-media":"","overlay-type":"","overlay-color":"","overlay-opacity":"","overlay-gradient":""},"mobile":{"background-color":"var(--ast-global-color-5)","background-image":"","background-repeat":"repeat","background-position":"center center","background-size":"auto","background-attachment":"scroll","background-type":"","background-media":"","overlay-type":"","overlay-color":"","overlay-opacity":"","overlay-gradient":""}}},"product_brand":[],"product_cat":[610],"product_tag":[],"class_list":{"0":"post-24982","1":"product","2":"type-product","3":"status-publish","4":"has-post-thumbnail","6":"product_cat-imunitates-stiprinasanai","7":"desktop-align-left","8":"tablet-align-left","9":"mobile-align-left","11":"first","12":"instock","13":"taxable","14":"shipping-taxable","15":"purchasable","16":"product-type-simple"},"_links":{"self":[{"href":"https:\/\/mamaterra.lt\/lv\/wp-json\/wp\/v2\/product\/24982","targetHints":{"allow":["GET"]}}],"collection":[{"href":"https:\/\/mamaterra.lt\/lv\/wp-json\/wp\/v2\/product"}],"about":[{"href":"https:\/\/mamaterra.lt\/lv\/wp-json\/wp\/v2\/types\/product"}],"wp:featuredmedia":[{"embeddable":true,"href":"https:\/\/mamaterra.lt\/lv\/wp-json\/wp\/v2\/media\/24978"}],"wp:attachment":[{"href":"https:\/\/mamaterra.lt\/lv\/wp-json\/wp\/v2\/media?parent=24982"}],"wp:term":[{"taxonomy":"product_brand","embeddable":true,"href":"https:\/\/mamaterra.lt\/lv\/wp-json\/wp\/v2\/product_brand?post=24982"},{"taxonomy":"product_cat","embeddable":true,"href":"https:\/\/mamaterra.lt\/lv\/wp-json\/wp\/v2\/product_cat?post=24982"},{"taxonomy":"product_tag","embeddable":true,"href":"https:\/\/mamaterra.lt\/lv\/wp-json\/wp\/v2\/product_tag?post=24982"}],"curies":[{"name":"wp","href":"https:\/\/api.w.org\/{rel}","templated":true}]}}