{"id":24930,"date":"2025-01-04T17:42:50","date_gmt":"2025-01-04T16:42:50","guid":{"rendered":"https:\/\/mamaterra.lt\/parduotuve\/uncategorized\/tropical-cuisine-blend\/"},"modified":"2025-01-04T18:02:04","modified_gmt":"2025-01-04T17:02:04","slug":"tropical-cuisine-blend","status":"publish","type":"product","link":"https:\/\/mamaterra.lt\/lv\/parduotuve\/eteriskas-ellas\/eterisko-ellu-maisijumi\/tropical-cuisine-blend\/","title":{"rendered":"Tropical cuisine blend"},"content":{"rendered":"<h6>Tropical cuisine blend 15 ml<\/h6>\n<p>&nbsp;<\/p>\n<p>Sap\u0146ojiet &#8211; aizbrauciet uz skaistu, siltu pludmali ar dzidru, zilu j\u016bru. Izbaudiet burv\u012bg\u0101s salas parad\u012bzes skatus, ska\u0146as un smar\u017eas. \u013baujiet Tropu virtuves mais\u012bjumam aizvest j\u016bs tur.<br \/>\nM\u0113s esam pievienoju\u0161i arom\u0101tisko kokosriekstu e\u013c\u013cu ar iedvesmojo\u0161\u0101m tropu \u0113teriskaj\u0101m e\u013c\u013c\u0101m: CPTG\u00ae savva\u013cas apels\u012bna, citrona, laima, greipfr\u016bta, za\u013c\u0101 mandar\u012bna, bergamotes, juzu un ilang ilanga arom\u0101tu.<br \/>\nvilino\u0161u gar\u0161u un smar\u017eu.<\/p>\n<p>Ide\u0101li piem\u0113rots marin\u0101d\u0113m, m\u0113rc\u0113m, koktei\u013ciem vai iecien\u012bt\u0101kajiem tropiskajiem dz\u0113rieniem.<\/p>\n","protected":false},"excerpt":{"rendered":"<ul>\n<li>Ieg\u016bstiet v\u0113lamo gar\u0161u, s\u0101kot ar vienu l\u012bdz diviem arom\u0101tiem.<br \/>\npilieniem p\u0113c gar\u0161as<\/li>\n<li>\u00a0Pievienojiet da\u017eus pilienus dz\u0113rieniem un koktei\u013ciem, lai ieg\u016btu unik\u0101lu arom\u0101tu.<br \/>\ntropu gar\u0161u<\/li>\n<li>\u00a0Izveidojiet \u012bpa\u0161u marin\u0101di vai m\u0113rci<\/li>\n<li>\u00a0Izmantojiet m\u0101j\u0101s gatavot\u0101 sal\u0101tu m\u0113rc\u0113<\/li>\n<li>\u00a0Iek\u013caujiet p\u0113c gatavo\u0161anas, lai ieg\u016btu lab\u0101kos rezult\u0101tus<\/li>\n<\/ul>\n","protected":false},"featured_media":24924,"template":"","meta":{"site-sidebar-layout":"default","site-content-layout":"","ast-site-content-layout":"default","site-content-style":"default","site-sidebar-style":"default","ast-global-header-display":"","ast-banner-title-visibility":"","ast-main-header-display":"","ast-hfb-above-header-display":"","ast-hfb-below-header-display":"","ast-hfb-mobile-header-display":"","site-post-title":"","ast-breadcrumbs-content":"","ast-featured-img":"","footer-sml-layout":"","ast-disable-related-posts":"","theme-transparent-header-meta":"default","adv-header-id-meta":"","stick-header-meta":"","header-above-stick-meta":"","header-main-stick-meta":"","header-below-stick-meta":"","astra-migrate-meta-layouts":"set","ast-page-background-enabled":"default","ast-page-background-meta":{"desktop":{"background-color":"","background-image":"","background-repeat":"repeat","background-position":"center center","background-size":"auto","background-attachment":"scroll","background-type":"","background-media":"","overlay-type":"","overlay-color":"","overlay-opacity":"","overlay-gradient":""},"tablet":{"background-color":"","background-image":"","background-repeat":"repeat","background-position":"center center","background-size":"auto","background-attachment":"scroll","background-type":"","background-media":"","overlay-type":"","overlay-color":"","overlay-opacity":"","overlay-gradient":""},"mobile":{"background-color":"","background-image":"","background-repeat":"repeat","background-position":"center center","background-size":"auto","background-attachment":"scroll","background-type":"","background-media":"","overlay-type":"","overlay-color":"","overlay-opacity":"","overlay-gradient":""}},"ast-content-background-meta":{"desktop":{"background-color":"var(--ast-global-color-5)","background-image":"","background-repeat":"repeat","background-position":"center center","background-size":"auto","background-attachment":"scroll","background-type":"","background-media":"","overlay-type":"","overlay-color":"","overlay-opacity":"","overlay-gradient":""},"tablet":{"background-color":"var(--ast-global-color-5)","background-image":"","background-repeat":"repeat","background-position":"center center","background-size":"auto","background-attachment":"scroll","background-type":"","background-media":"","overlay-type":"","overlay-color":"","overlay-opacity":"","overlay-gradient":""},"mobile":{"background-color":"var(--ast-global-color-5)","background-image":"","background-repeat":"repeat","background-position":"center center","background-size":"auto","background-attachment":"scroll","background-type":"","background-media":"","overlay-type":"","overlay-color":"","overlay-opacity":"","overlay-gradient":""}}},"product_brand":[],"product_cat":[600,601],"product_tag":[],"class_list":{"0":"post-24930","1":"product","2":"type-product","3":"status-publish","4":"has-post-thumbnail","6":"product_cat-eteriskas-ellas","7":"product_cat-eterisko-ellu-maisijumi","8":"desktop-align-left","9":"tablet-align-left","10":"mobile-align-left","12":"first","13":"instock","14":"taxable","15":"shipping-taxable","16":"purchasable","17":"product-type-simple"},"_links":{"self":[{"href":"https:\/\/mamaterra.lt\/lv\/wp-json\/wp\/v2\/product\/24930","targetHints":{"allow":["GET"]}}],"collection":[{"href":"https:\/\/mamaterra.lt\/lv\/wp-json\/wp\/v2\/product"}],"about":[{"href":"https:\/\/mamaterra.lt\/lv\/wp-json\/wp\/v2\/types\/product"}],"wp:featuredmedia":[{"embeddable":true,"href":"https:\/\/mamaterra.lt\/lv\/wp-json\/wp\/v2\/media\/24924"}],"wp:attachment":[{"href":"https:\/\/mamaterra.lt\/lv\/wp-json\/wp\/v2\/media?parent=24930"}],"wp:term":[{"taxonomy":"product_brand","embeddable":true,"href":"https:\/\/mamaterra.lt\/lv\/wp-json\/wp\/v2\/product_brand?post=24930"},{"taxonomy":"product_cat","embeddable":true,"href":"https:\/\/mamaterra.lt\/lv\/wp-json\/wp\/v2\/product_cat?post=24930"},{"taxonomy":"product_tag","embeddable":true,"href":"https:\/\/mamaterra.lt\/lv\/wp-json\/wp\/v2\/product_tag?post=24930"}],"curies":[{"name":"wp","href":"https:\/\/api.w.org\/{rel}","templated":true}]}}