{"id":23982,"date":"2024-11-28T18:08:43","date_gmt":"2024-11-28T17:08:43","guid":{"rendered":"https:\/\/mamaterra.lt\/parduotuve\/uncategorized\/doterra-pb-restore\/"},"modified":"2024-11-28T18:26:57","modified_gmt":"2024-11-28T17:26:57","slug":"doterra-pb-restore","status":"publish","type":"product","link":"https:\/\/mamaterra.lt\/lv\/parduotuve\/gremosanai\/doterra-pb-restore\/","title":{"rendered":"DoTERRA PB Restore"},"content":{"rendered":"<h6>DoTERRA PB Restore<\/h6>\n<h6 class=\"spotlight__head-latin-title\">ar dz\u012bv\u0101m bakt\u0113riju kult\u016br\u0101m un fruktooligosahar\u012bdiem<\/h6>\n<p>PB Restore ir izstr\u0101d\u0101ts k\u0101 pamatpapildin\u0101jums, kas sniedz labumu j\u016bsu organismam. Divu kameru kapsul\u0101 ir 30 bioakt\u012bvas prebiotikas, probiotikas un postbiotikas sast\u0101vda\u013cas. Katra kapsula lieto\u0161anas laik\u0101 nodro\u0161ina 18 miljardus dz\u012bvu \u0161\u016bnu. Izmantojot modernu iekapsul\u0113\u0161anas tehnolo\u0123iju, \u0101r\u0113j\u0101 kapsula aizsarg\u0101 prebiotikas un postbiotikas, savuk\u0101rt iek\u0161\u0113j\u0101 kapsula, kas atbr\u012bvojas laika gait\u0101, satur 28 probiotiku celmus. \u0160\u012b inovat\u012bv\u0101 divsl\u0101\u0146u kapsulu sist\u0113ma pasarg\u0101 bioakt\u012bv\u0101s kult\u016bras no nelabv\u0113l\u012bg\u0101s ku\u0146\u0123a vides, nodro\u0161inot optim\u0101lu akt\u012bvo vielu iedarb\u012bbu.<\/p>\n<p>Lietojiet 1 kapsulu dien\u0101 tie\u0161i pirms \u0113\u0161anas.<\/p>\n","protected":false},"excerpt":{"rendered":"<ul class=\"spotlight__list-custom custom-list\">\n<li>Unik\u0101ls 30 prebiotiku, probiotiku un postbiotiku sast\u0101vs.<br \/>\nSatur 28 probioti\u0137u celmus, kas at\u0161\u0137iras no PB Assist+\u2122.<\/li>\n<li>Satur b\u016btisku prebiotiku fruktooligosahar\u012bdu (FOS), dab\u0101 sastopamu og\u013chidr\u0101tu, kas selekt\u012bvi veicina labv\u0113l\u012bgo bakt\u0113riju aug\u0161anu.<\/li>\n<li>Sniedz kolonijas veidojo\u0161\u0101s vien\u012bbas (KVO) probiotiku, kas ietver daudzveid\u012bgu 28 akt\u012bvo kult\u016bru kl\u0101stu, kas r\u016bp\u012bgi atlas\u012btas no 20 da\u017e\u0101d\u0101m sug\u0101m, nodro\u0161inot izcilu mikrobu daudzveid\u012bbu.<\/li>\n<li>Unik\u0101la divsl\u0101\u0146u kapsulu tehnolo\u0123ija aizsarg\u0101 bioakt\u012bv\u0101s kult\u016bras no nelabv\u0113l\u012bg\u0101s ku\u0146\u0123a vides, nodro\u0161inot to akt\u012bv\u0101s \u012bpa\u0161\u012bbas.<\/li>\n<\/ul>\n","protected":false},"featured_media":23976,"template":"","meta":{"site-sidebar-layout":"default","site-content-layout":"","ast-site-content-layout":"default","site-content-style":"default","site-sidebar-style":"default","ast-global-header-display":"","ast-banner-title-visibility":"","ast-main-header-display":"","ast-hfb-above-header-display":"","ast-hfb-below-header-display":"","ast-hfb-mobile-header-display":"","site-post-title":"","ast-breadcrumbs-content":"","ast-featured-img":"","footer-sml-layout":"","ast-disable-related-posts":"","theme-transparent-header-meta":"default","adv-header-id-meta":"","stick-header-meta":"","header-above-stick-meta":"","header-main-stick-meta":"","header-below-stick-meta":"","astra-migrate-meta-layouts":"set","ast-page-background-enabled":"default","ast-page-background-meta":{"desktop":{"background-color":"","background-image":"","background-repeat":"repeat","background-position":"center center","background-size":"auto","background-attachment":"scroll","background-type":"","background-media":"","overlay-type":"","overlay-color":"","overlay-opacity":"","overlay-gradient":""},"tablet":{"background-color":"","background-image":"","background-repeat":"repeat","background-position":"center center","background-size":"auto","background-attachment":"scroll","background-type":"","background-media":"","overlay-type":"","overlay-color":"","overlay-opacity":"","overlay-gradient":""},"mobile":{"background-color":"","background-image":"","background-repeat":"repeat","background-position":"center center","background-size":"auto","background-attachment":"scroll","background-type":"","background-media":"","overlay-type":"","overlay-color":"","overlay-opacity":"","overlay-gradient":""}},"ast-content-background-meta":{"desktop":{"background-color":"var(--ast-global-color-5)","background-image":"","background-repeat":"repeat","background-position":"center center","background-size":"auto","background-attachment":"scroll","background-type":"","background-media":"","overlay-type":"","overlay-color":"","overlay-opacity":"","overlay-gradient":""},"tablet":{"background-color":"var(--ast-global-color-5)","background-image":"","background-repeat":"repeat","background-position":"center center","background-size":"auto","background-attachment":"scroll","background-type":"","background-media":"","overlay-type":"","overlay-color":"","overlay-opacity":"","overlay-gradient":""},"mobile":{"background-color":"var(--ast-global-color-5)","background-image":"","background-repeat":"repeat","background-position":"center center","background-size":"auto","background-attachment":"scroll","background-type":"","background-media":"","overlay-type":"","overlay-color":"","overlay-opacity":"","overlay-gradient":""}}},"product_brand":[],"product_cat":[620],"product_tag":[],"class_list":{"0":"post-23982","1":"product","2":"type-product","3":"status-publish","4":"has-post-thumbnail","6":"product_cat-gremosanai","7":"desktop-align-left","8":"tablet-align-left","9":"mobile-align-left","11":"first","12":"instock","13":"taxable","14":"shipping-taxable","15":"purchasable","16":"product-type-simple"},"_links":{"self":[{"href":"https:\/\/mamaterra.lt\/lv\/wp-json\/wp\/v2\/product\/23982","targetHints":{"allow":["GET"]}}],"collection":[{"href":"https:\/\/mamaterra.lt\/lv\/wp-json\/wp\/v2\/product"}],"about":[{"href":"https:\/\/mamaterra.lt\/lv\/wp-json\/wp\/v2\/types\/product"}],"wp:featuredmedia":[{"embeddable":true,"href":"https:\/\/mamaterra.lt\/lv\/wp-json\/wp\/v2\/media\/23976"}],"wp:attachment":[{"href":"https:\/\/mamaterra.lt\/lv\/wp-json\/wp\/v2\/media?parent=23982"}],"wp:term":[{"taxonomy":"product_brand","embeddable":true,"href":"https:\/\/mamaterra.lt\/lv\/wp-json\/wp\/v2\/product_brand?post=23982"},{"taxonomy":"product_cat","embeddable":true,"href":"https:\/\/mamaterra.lt\/lv\/wp-json\/wp\/v2\/product_cat?post=23982"},{"taxonomy":"product_tag","embeddable":true,"href":"https:\/\/mamaterra.lt\/lv\/wp-json\/wp\/v2\/product_tag?post=23982"}],"curies":[{"name":"wp","href":"https:\/\/api.w.org\/{rel}","templated":true}]}}