{"id":23858,"date":"2024-11-03T19:39:24","date_gmt":"2024-11-03T18:39:24","guid":{"rendered":"https:\/\/mamaterra.lt\/parduotuve\/uncategorized\/doterra-karsto-vandens-sildykle-ir-holiday-love-5-ml\/"},"modified":"2024-11-03T19:46:13","modified_gmt":"2024-11-03T18:46:13","slug":"doterra-karsta-udens-pudele-holiday-love-5-ml","status":"publish","type":"product","link":"https:\/\/mamaterra.lt\/lv\/parduotuve\/davanas\/doterra-karsta-udens-pudele-holiday-love-5-ml\/","title":{"rendered":"doTERRA karst\u0101 \u016bdens pudele &#038; Holiday Love (5 ml)"},"content":{"rendered":"<h6 class=\"spotlight__head-title\">doTERRA karst\u0101 \u016bdens pudele &amp; Holiday Love (5 ml)<\/h6>\n<p>&nbsp;<\/p>\n<p>Duets, kas iem\u016b\u017eina sv\u0113tku sezonas m\u0101j\u012bgo siltumu.<\/p>\n<p>\u201cHoliday Love\u201d sast\u0101v\u0101 ir t\u012bras \u0113terisk\u0101s e\u013c\u013cas un absol\u016bti, piem\u0113ram, ciedru koks, Sib\u012brijas egle, savva\u013cas apels\u012bns, v\u012braks\u012bns un bosvelija, Peru balzams, nootka, labdanums, kan\u0113lis, tonka pupi\u0146as un vani\u013ca.<\/p>\n<p>Gumijas karst\u0101 \u016bdens sild\u012bt\u0101js ar \u012bpa\u0161i m\u012bkstu vilnas p\u0101rvalku, kas nodro\u0161ina komfortu un aizsardz\u012bbu, sasild\u012bs ikviena \u0113terisko e\u013c\u013cu m\u012b\u013cot\u0101ja sirdi un pr\u0101tu. Kombin\u0101cijai ir burv\u012bgs izskats, un t\u0101 ir pasniegta gl\u012bt\u0101 d\u014dTERRA z\u012bmola d\u0101vanu kast\u012bt\u0113.<\/p>\n","protected":false},"excerpt":{"rendered":"<p>doTERRA karst\u0101 \u016bdens pudele &amp; Holiday Love (5 ml)-duets, kas iem\u016b\u017eina sv\u0113tku sezonas m\u0101j\u012bgo siltumu.<\/p>\n","protected":false},"featured_media":23845,"template":"","meta":{"site-sidebar-layout":"default","site-content-layout":"","ast-site-content-layout":"default","site-content-style":"default","site-sidebar-style":"default","ast-global-header-display":"","ast-banner-title-visibility":"","ast-main-header-display":"","ast-hfb-above-header-display":"","ast-hfb-below-header-display":"","ast-hfb-mobile-header-display":"","site-post-title":"","ast-breadcrumbs-content":"","ast-featured-img":"","footer-sml-layout":"","ast-disable-related-posts":"","theme-transparent-header-meta":"default","adv-header-id-meta":"","stick-header-meta":"","header-above-stick-meta":"","header-main-stick-meta":"","header-below-stick-meta":"","astra-migrate-meta-layouts":"set","ast-page-background-enabled":"default","ast-page-background-meta":{"desktop":{"background-color":"","background-image":"","background-repeat":"repeat","background-position":"center center","background-size":"auto","background-attachment":"scroll","background-type":"","background-media":"","overlay-type":"","overlay-color":"","overlay-opacity":"","overlay-gradient":""},"tablet":{"background-color":"","background-image":"","background-repeat":"repeat","background-position":"center center","background-size":"auto","background-attachment":"scroll","background-type":"","background-media":"","overlay-type":"","overlay-color":"","overlay-opacity":"","overlay-gradient":""},"mobile":{"background-color":"","background-image":"","background-repeat":"repeat","background-position":"center center","background-size":"auto","background-attachment":"scroll","background-type":"","background-media":"","overlay-type":"","overlay-color":"","overlay-opacity":"","overlay-gradient":""}},"ast-content-background-meta":{"desktop":{"background-color":"var(--ast-global-color-5)","background-image":"","background-repeat":"repeat","background-position":"center center","background-size":"auto","background-attachment":"scroll","background-type":"","background-media":"","overlay-type":"","overlay-color":"","overlay-opacity":"","overlay-gradient":""},"tablet":{"background-color":"var(--ast-global-color-5)","background-image":"","background-repeat":"repeat","background-position":"center center","background-size":"auto","background-attachment":"scroll","background-type":"","background-media":"","overlay-type":"","overlay-color":"","overlay-opacity":"","overlay-gradient":""},"mobile":{"background-color":"var(--ast-global-color-5)","background-image":"","background-repeat":"repeat","background-position":"center center","background-size":"auto","background-attachment":"scroll","background-type":"","background-media":"","overlay-type":"","overlay-color":"","overlay-opacity":"","overlay-gradient":""}}},"product_brand":[],"product_cat":[597],"product_tag":[],"class_list":{"0":"post-23858","1":"product","2":"type-product","3":"status-publish","4":"has-post-thumbnail","6":"product_cat-davanas","7":"desktop-align-left","8":"tablet-align-left","9":"mobile-align-left","11":"first","12":"instock","13":"taxable","14":"shipping-taxable","15":"purchasable","16":"product-type-simple"},"_links":{"self":[{"href":"https:\/\/mamaterra.lt\/lv\/wp-json\/wp\/v2\/product\/23858","targetHints":{"allow":["GET"]}}],"collection":[{"href":"https:\/\/mamaterra.lt\/lv\/wp-json\/wp\/v2\/product"}],"about":[{"href":"https:\/\/mamaterra.lt\/lv\/wp-json\/wp\/v2\/types\/product"}],"wp:featuredmedia":[{"embeddable":true,"href":"https:\/\/mamaterra.lt\/lv\/wp-json\/wp\/v2\/media\/23845"}],"wp:attachment":[{"href":"https:\/\/mamaterra.lt\/lv\/wp-json\/wp\/v2\/media?parent=23858"}],"wp:term":[{"taxonomy":"product_brand","embeddable":true,"href":"https:\/\/mamaterra.lt\/lv\/wp-json\/wp\/v2\/product_brand?post=23858"},{"taxonomy":"product_cat","embeddable":true,"href":"https:\/\/mamaterra.lt\/lv\/wp-json\/wp\/v2\/product_cat?post=23858"},{"taxonomy":"product_tag","embeddable":true,"href":"https:\/\/mamaterra.lt\/lv\/wp-json\/wp\/v2\/product_tag?post=23858"}],"curies":[{"name":"wp","href":"https:\/\/api.w.org\/{rel}","templated":true}]}}