{"id":23585,"date":"2024-08-22T18:36:46","date_gmt":"2024-08-22T17:36:46","guid":{"rendered":"https:\/\/mamaterra.lt\/parduotuve\/uncategorized\/pb-assist\/"},"modified":"2024-08-22T18:43:02","modified_gmt":"2024-08-22T17:43:02","slug":"pb-assist","status":"publish","type":"product","link":"https:\/\/mamaterra.lt\/lv\/parduotuve\/imunitates-stiprinasanai\/pb-assist\/","title":{"rendered":"PB Assist+"},"content":{"rendered":"<p>PB Assist+\u2122 ProBiome visai \u0123imenei satur ekskluz\u012bvu da\u017e\u0101du prebiotiku un probiotiku \u0123in\u0161u, sugu un celmu mais\u012bjumu. PB Assist+ ar 13 probiotiskajiem celmiem un viena veida prebiotikas \u0161\u0137iedrviel\u0101m &#8211; fruktooligosahar\u012bdiem (FOS) &#8211; pal\u012bdz koloniz\u0113t organismu ar mikroorganismiem, kas veicina vesel\u012bgu zarnu darb\u012bbu. PB Assist+ izce\u013cas ar dz\u012bvo kult\u016bru mikrokapsul\u0101ciju: tas nodro\u0161ina to izdz\u012bvo\u0161anu ku\u0146\u0123\u012b, t\u0101p\u0113c t\u0101s v\u0113l dz\u012bvas non\u0101k zarn\u0101s, kur t\u0101m ir optim\u0101li apst\u0101k\u013ci augt. Nodro\u0161inot organismu ar 7 miljardiem AFU (akt\u012bv\u0101s fluoresc\u0113jo\u0161\u0101s vien\u012bbas) dz\u012bvu probiotikas kult\u016bru un \u0161\u0137\u012bsto\u0161o prebiotiku FOS, PB Assist+ veicina draudz\u012bgo bakt\u0113riju aug\u0161anu un pal\u012bdz uztur\u0113t vesel\u012bgu zarnu mikrobiomu.<\/p>\n<p>Lieto\u0161ana<br \/>\nUztura bag\u0101tin\u0101t\u0101ji ir lielisks papildin\u0101jums J\u016bsu ikdienas gait\u0101m, ta\u010du tie nevar aizst\u0101t daudzveid\u012bgu un sabalans\u0113tu uzturu un vesel\u012bgu dz\u012bvesveidu.<br \/>\nPirms lieto\u0161anas izlasiet visus br\u012bdin\u0101jumus un br\u012bdin\u0101jumus.<br \/>\nNep\u0101rsniedziet ieteicamo devu.<br \/>\nLieto\u0161anas nor\u0101d\u012bjumi<\/p>\n<p>Lietojiet vienu paci\u0146u dien\u0101. Nesajaukt ar karstiem dz\u0113rieniem. Ielejiet paci\u0146as saturu tie\u0161i mut\u0113 vai sajauciet ar 120 ml \u016bdens, sulas vai v\u0113sa dz\u0113riena p\u0113c izv\u0113les un nekav\u0113joties izdzeriet. Maisi\u0146a saturu var sajaukt ar\u012b ar aukstiem p\u0101rtikas produktiem, piem\u0113ram, jogurtu, koktei\u013ciem vai brokastu p\u0101rsl\u0101m. Uzglab\u0101t v\u0113s\u0101, saus\u0101 viet\u0101.<br \/>\nPiesardz\u012bbas pas\u0101kumi<\/p>\n<p>Uzglab\u0101t b\u0113rniem nepieejam\u0101 viet\u0101. Nep\u0101rsniegt ieteicamo dienas devu. Uztura bag\u0101tin\u0101t\u0101ji neaizst\u0101j daudzveid\u012bgu un sabalans\u0113tu uzturu un vesel\u012bgu dz\u012bvesveidu. Pirms lieto\u0161anas gr\u016btniec\u0113m un sieviet\u0113m, kas baro b\u0113rnu ar kr\u016bti, un person\u0101m ar vesel\u012bbas trauc\u0113jumiem j\u0101konsult\u0113jas ar \u0101rstu.<\/p>\n<p>Pilns sast\u0101vda\u013cu saraksts<\/p>\n<p>Saldin\u0101t\u0101js (ksilitols), fruktooligosahar\u012bdi, gar\u0161as pastiprin\u0101t\u0101js (citronsk\u0101be), nes\u0113jviela (arabisk\u0101 gumija), glanc\u0113jo\u0161a viela (tauksk\u0101bju glicer\u012bdi), Bifidobacterium lactis BS01, saistviela (sil\u012bcija dioks\u012bds), Lactobacillus rhamnosus GG, Lactobacillus rhamnosus LR06, dab\u012bgs aromatiz\u0113t\u0101js, Bifidobacterium breve B632, Bifidobacterium breve BR03, Bifidobacterium longum 04, Lactobacillus plantarum LP01, Lactobacillus plantarum LP02, Lactobacillus rhamnosus LR04, Bifidobacterium lactis BS05, Lactobacillus reuteri LRE02, Lactobacillus salivarius subsp. salivarius CRL1328, Streptococcus thermophilus FP4.<\/p>\n","protected":false},"excerpt":{"rendered":"<ul class=\"spotlight__list-custom custom-list\">\n<li>Tas ir gar\u0161\u012bgs un viegli lietojams produkts b\u0113rniem un pieaugu\u0161ajiem.<br \/>\nPB Assist+ ir \u0123imenei draudz\u012bgs probiotiku mais\u012bjums ar prebiotik\u0101m un 13 celmiem, kas at\u0161\u0137iras no PB Restore\u2122.<br \/>\nSepti\u0146i miljardi AFU (akt\u012bvo fluoresc\u0113jo\u0161o vien\u012bbu) tiek ievad\u012bti organism\u0101 lieto\u0161anas laik\u0101, atspogu\u013cojot dz\u012bv\u0101s kult\u016bras.<br \/>\nSatur prebiotikas FOS inul\u012bnu.<br \/>\nNodro\u0161ina organismu ar mikrokapsul\u0101s iekapsul\u0113tiem probiotiku celmiem, kas efekt\u012bvi sasniedz zarnas, pateicoties mikrokapsul\u0101m.<\/li>\n<\/ul>\n","protected":false},"featured_media":23581,"template":"","meta":{"site-sidebar-layout":"default","site-content-layout":"","ast-site-content-layout":"default","site-content-style":"default","site-sidebar-style":"default","ast-global-header-display":"","ast-banner-title-visibility":"","ast-main-header-display":"","ast-hfb-above-header-display":"","ast-hfb-below-header-display":"","ast-hfb-mobile-header-display":"","site-post-title":"","ast-breadcrumbs-content":"","ast-featured-img":"","footer-sml-layout":"","ast-disable-related-posts":"","theme-transparent-header-meta":"","adv-header-id-meta":"","stick-header-meta":"","header-above-stick-meta":"","header-main-stick-meta":"","header-below-stick-meta":"","astra-migrate-meta-layouts":"set","ast-page-background-enabled":"default","ast-page-background-meta":{"desktop":{"background-color":"","background-image":"","background-repeat":"repeat","background-position":"center center","background-size":"auto","background-attachment":"scroll","background-type":"","background-media":"","overlay-type":"","overlay-color":"","overlay-opacity":"","overlay-gradient":""},"tablet":{"background-color":"","background-image":"","background-repeat":"repeat","background-position":"center center","background-size":"auto","background-attachment":"scroll","background-type":"","background-media":"","overlay-type":"","overlay-color":"","overlay-opacity":"","overlay-gradient":""},"mobile":{"background-color":"","background-image":"","background-repeat":"repeat","background-position":"center center","background-size":"auto","background-attachment":"scroll","background-type":"","background-media":"","overlay-type":"","overlay-color":"","overlay-opacity":"","overlay-gradient":""}},"ast-content-background-meta":{"desktop":{"background-color":"var(--ast-global-color-5)","background-image":"","background-repeat":"repeat","background-position":"center center","background-size":"auto","background-attachment":"scroll","background-type":"","background-media":"","overlay-type":"","overlay-color":"","overlay-opacity":"","overlay-gradient":""},"tablet":{"background-color":"var(--ast-global-color-5)","background-image":"","background-repeat":"repeat","background-position":"center center","background-size":"auto","background-attachment":"scroll","background-type":"","background-media":"","overlay-type":"","overlay-color":"","overlay-opacity":"","overlay-gradient":""},"mobile":{"background-color":"var(--ast-global-color-5)","background-image":"","background-repeat":"repeat","background-position":"center center","background-size":"auto","background-attachment":"scroll","background-type":"","background-media":"","overlay-type":"","overlay-color":"","overlay-opacity":"","overlay-gradient":""}}},"product_brand":[],"product_cat":[619,620,610],"product_tag":[],"class_list":{"0":"post-23585","1":"product","2":"type-product","3":"status-publish","4":"has-post-thumbnail","6":"product_cat-berniem","7":"product_cat-gremosanai","8":"product_cat-imunitates-stiprinasanai","9":"desktop-align-left","10":"tablet-align-left","11":"mobile-align-left","13":"first","14":"instock","15":"taxable","16":"shipping-taxable","17":"product-type-simple"},"_links":{"self":[{"href":"https:\/\/mamaterra.lt\/lv\/wp-json\/wp\/v2\/product\/23585","targetHints":{"allow":["GET"]}}],"collection":[{"href":"https:\/\/mamaterra.lt\/lv\/wp-json\/wp\/v2\/product"}],"about":[{"href":"https:\/\/mamaterra.lt\/lv\/wp-json\/wp\/v2\/types\/product"}],"wp:featuredmedia":[{"embeddable":true,"href":"https:\/\/mamaterra.lt\/lv\/wp-json\/wp\/v2\/media\/23581"}],"wp:attachment":[{"href":"https:\/\/mamaterra.lt\/lv\/wp-json\/wp\/v2\/media?parent=23585"}],"wp:term":[{"taxonomy":"product_brand","embeddable":true,"href":"https:\/\/mamaterra.lt\/lv\/wp-json\/wp\/v2\/product_brand?post=23585"},{"taxonomy":"product_cat","embeddable":true,"href":"https:\/\/mamaterra.lt\/lv\/wp-json\/wp\/v2\/product_cat?post=23585"},{"taxonomy":"product_tag","embeddable":true,"href":"https:\/\/mamaterra.lt\/lv\/wp-json\/wp\/v2\/product_tag?post=23585"}],"curies":[{"name":"wp","href":"https:\/\/api.w.org\/{rel}","templated":true}]}}