{"id":23499,"date":"2024-07-11T19:27:59","date_gmt":"2024-07-11T18:27:59","guid":{"rendered":"https:\/\/mamaterra.lt\/parduotuve\/maaratlemata\/doterra-putojancio-ranku-prausiklio-koncentratas\/"},"modified":"2024-07-11T19:39:26","modified_gmt":"2024-07-11T18:39:26","slug":"doterra-on-guard-putojoss-roku-mazgasanas-koncentrats","status":"publish","type":"product","link":"https:\/\/mamaterra.lt\/lv\/parduotuve\/higiena-un-adas-kopsana\/doterra-on-guard-putojoss-roku-mazgasanas-koncentrats\/","title":{"rendered":"doTERRA On Guard putojo\u0161s roku mazg\u0101\u0161anas koncentr\u0101ts"},"content":{"rendered":"<p><strong>doTERRA On Guard putojo\u0161s roku mazg\u0101\u0161anas koncentr\u0101ts<\/strong><\/p>\n<p>237 ml<\/p>\n<p>Palutiniet rokas ar On Guard\u2122 putojo\u0161\u0101 roku mazg\u0101\u0161anas l\u012bdzek\u013ca koncentr\u0101ta maigo t\u012br\u012b\u0161anu. \u0160is koncentr\u0101ts, kas pies\u0101tin\u0101ts ar On Guard\u2122 \u0113terisko e\u013c\u013cu mais\u012bjuma pikanto citrusaug\u013cu smar\u017eu, ir izstr\u0101d\u0101ts t\u0101, lai at\u0161\u0137aid\u012bts pal\u012bdz\u0113tu dzi\u013ci att\u012br\u012bt un b\u016btu saudz\u012bgs pret visiem \u0101das tipiem. \u0160is roku mazg\u0101\u0161anas koncentr\u0101ts, kas ir maig\u0101ka alternat\u012bva asaj\u0101m ziep\u0113m, padara rokas svaigas un t\u012bras, nov\u0113r\u0161ot net\u012brumus un lieko e\u013c\u013cu ar r\u016bp\u012bgi izv\u0113l\u0113t\u0101m, dab\u012bg\u0101m virsmakt\u012bvaj\u0101m viel\u0101m un \u0113teriskaj\u0101m e\u013c\u013c\u0101m. Izstr\u0101d\u0101ts vieglai uzpild\u012b\u0161anai, \u0161is produkts nodro\u0161ina \u0113rtu roku mazg\u0101\u0161anas dozatoru papildin\u0101\u0161anu. Maksim\u0101li palieliniet efektivit\u0101ti, iev\u0113rojot at\u0161\u0137aid\u012b\u0161anas nor\u0101d\u012bjumus, lai nodro\u0161in\u0101tu vislab\u0101kos rezult\u0101tus.<\/p>\n","protected":false},"excerpt":{"rendered":"<ul class=\"spotlight__list-custom custom-list\">\n<li>Sast\u0101vs ar dab\u012bg\u0101m virsmakt\u012bvaj\u0101m viel\u0101m un \u0113teriskaj\u0101m e\u013c\u013c\u0101m nodro\u0161ina maigu ikdienas mazg\u0101\u0161anu visiem \u0101das tipiem.<\/li>\n<li>Izstr\u0101d\u0101ts, lai efekt\u012bvi no\u0146emtu net\u012brumus un lieko e\u013c\u013cu, veicinot t\u012bru un atsvaidzin\u0101tu rokas ar katru lieto\u0161anas reizi.<\/li>\n<li>Lai nodro\u0161in\u0101tu v\u0113l ilgtsp\u0113j\u012bg\u0101ku risin\u0101jumu, koncentr\u0101ts ir iepakots ar\u012b alum\u012bnija pudel\u0113, kas nesatur plastmasu un ir p\u0101rstr\u0101d\u0101jama.<\/li>\n<\/ul>\n","protected":false},"featured_media":23758,"template":"","meta":{"site-sidebar-layout":"default","site-content-layout":"","ast-site-content-layout":"default","site-content-style":"default","site-sidebar-style":"default","ast-global-header-display":"","ast-banner-title-visibility":"","ast-main-header-display":"","ast-hfb-above-header-display":"","ast-hfb-below-header-display":"","ast-hfb-mobile-header-display":"","site-post-title":"","ast-breadcrumbs-content":"","ast-featured-img":"","footer-sml-layout":"","ast-disable-related-posts":"","theme-transparent-header-meta":"","adv-header-id-meta":"","stick-header-meta":"","header-above-stick-meta":"","header-main-stick-meta":"","header-below-stick-meta":"","astra-migrate-meta-layouts":"set","ast-page-background-enabled":"default","ast-page-background-meta":{"desktop":{"background-color":"","background-image":"","background-repeat":"repeat","background-position":"center center","background-size":"auto","background-attachment":"scroll","background-type":"","background-media":"","overlay-type":"","overlay-color":"","overlay-opacity":"","overlay-gradient":""},"tablet":{"background-color":"","background-image":"","background-repeat":"repeat","background-position":"center center","background-size":"auto","background-attachment":"scroll","background-type":"","background-media":"","overlay-type":"","overlay-color":"","overlay-opacity":"","overlay-gradient":""},"mobile":{"background-color":"","background-image":"","background-repeat":"repeat","background-position":"center center","background-size":"auto","background-attachment":"scroll","background-type":"","background-media":"","overlay-type":"","overlay-color":"","overlay-opacity":"","overlay-gradient":""}},"ast-content-background-meta":{"desktop":{"background-color":"var(--ast-global-color-5)","background-image":"","background-repeat":"repeat","background-position":"center center","background-size":"auto","background-attachment":"scroll","background-type":"","background-media":"","overlay-type":"","overlay-color":"","overlay-opacity":"","overlay-gradient":""},"tablet":{"background-color":"var(--ast-global-color-5)","background-image":"","background-repeat":"repeat","background-position":"center center","background-size":"auto","background-attachment":"scroll","background-type":"","background-media":"","overlay-type":"","overlay-color":"","overlay-opacity":"","overlay-gradient":""},"mobile":{"background-color":"var(--ast-global-color-5)","background-image":"","background-repeat":"repeat","background-position":"center center","background-size":"auto","background-attachment":"scroll","background-type":"","background-media":"","overlay-type":"","overlay-color":"","overlay-opacity":"","overlay-gradient":""}}},"product_brand":[],"product_cat":[604,616],"product_tag":[],"class_list":{"0":"post-23499","1":"product","2":"type-product","3":"status-publish","4":"has-post-thumbnail","6":"product_cat-higiena-un-adas-kopsana","7":"product_cat-on-guard-produktiem","8":"desktop-align-left","9":"tablet-align-left","10":"mobile-align-left","12":"first","13":"instock","14":"taxable","15":"shipping-taxable","16":"product-type-simple"},"_links":{"self":[{"href":"https:\/\/mamaterra.lt\/lv\/wp-json\/wp\/v2\/product\/23499","targetHints":{"allow":["GET"]}}],"collection":[{"href":"https:\/\/mamaterra.lt\/lv\/wp-json\/wp\/v2\/product"}],"about":[{"href":"https:\/\/mamaterra.lt\/lv\/wp-json\/wp\/v2\/types\/product"}],"wp:featuredmedia":[{"embeddable":true,"href":"https:\/\/mamaterra.lt\/lv\/wp-json\/wp\/v2\/media\/23758"}],"wp:attachment":[{"href":"https:\/\/mamaterra.lt\/lv\/wp-json\/wp\/v2\/media?parent=23499"}],"wp:term":[{"taxonomy":"product_brand","embeddable":true,"href":"https:\/\/mamaterra.lt\/lv\/wp-json\/wp\/v2\/product_brand?post=23499"},{"taxonomy":"product_cat","embeddable":true,"href":"https:\/\/mamaterra.lt\/lv\/wp-json\/wp\/v2\/product_cat?post=23499"},{"taxonomy":"product_tag","embeddable":true,"href":"https:\/\/mamaterra.lt\/lv\/wp-json\/wp\/v2\/product_tag?post=23499"}],"curies":[{"name":"wp","href":"https:\/\/api.w.org\/{rel}","templated":true}]}}