{"id":23472,"date":"2024-07-11T19:00:46","date_gmt":"2024-07-11T18:00:46","guid":{"rendered":"https:\/\/mamaterra.lt\/parduotuve\/maaratlemata\/pripildomas-ranku-prausiklio-dozatorius-stiklinis\/"},"modified":"2024-07-11T19:14:11","modified_gmt":"2024-07-11T18:14:11","slug":"atkartoti-uzpildams-roku-mazgasanas-trauks","status":"publish","type":"product","link":"https:\/\/mamaterra.lt\/lv\/parduotuve\/higiena-un-adas-kopsana\/atkartoti-uzpildams-roku-mazgasanas-trauks\/","title":{"rendered":"Atk\u0101rtoti uzpild\u0101ms roku mazg\u0101\u0161anas trauks"},"content":{"rendered":"<p><strong>Atk\u0101rtoti uzpild\u0101ms roku mazg\u0101\u0161anas trauks<\/strong><\/p>\n<p>\u0160\u012b iztur\u012bg\u0101, atk\u0101rtoti lietojam\u0101 stikla pudel\u012bte ir paredz\u0113ta apzin\u012bgam pat\u0113r\u0113t\u0101jam, un to ir \u0113rti un viegli piepild\u012bt ar savu iecien\u012bt\u0101ko doTERRA roku mazg\u0101\u0161anas l\u012bdzekli. M\u016bsu d\u014dTERRA ab\u014dde\u2122 produktu kl\u0101st\u0101 m\u0113s p\u0113c iesp\u0113jas vair\u0101k koncentr\u0113jamies uz p\u0101rstr\u0101d\u0101jama stikla izmanto\u0161anu vienreizlietojamas plastmasas viet\u0101. \u0160\u012b videi draudz\u012bg\u0101 izv\u0113le ne tikai samazina plastmasas izmanto\u0161anu m\u0101jsaimniec\u012bb\u0101s, bet ar\u012b pie\u0161\u0137ir est\u0113tisku izskatu produktam un j\u016bsu m\u0101joklim. Pied\u0101v\u0101jot efektivit\u0101ti un ilgtsp\u0113ju, j\u016bs varat pa\u013cauties uz doTERRA ekolo\u0123iski apzin\u0101tiem risin\u0101jumiem, kas atspogu\u013co m\u016bsu kop\u012bgo atbild\u012bbu par plan\u0113tas aizsardz\u012bbu.<\/p>\n<p>Skaisti izstr\u0101d\u0101ts un est\u0113tiski pievilc\u012bgs dizains.<br \/>\n\u013boti iztur\u012bgs dzintara stikla dozators ar sl\u012bp\u0113ta met\u0101la s\u016bkni.<br \/>\nFunkcion\u0101ls un ilgtsp\u0113j\u012bgs, viegli uzpild\u0101ms.<br \/>\nParedz\u0113ts lieto\u0161anai ar doTERRA roku mazg\u0101\u0161anas koncentr\u0101tiem.<\/p>\n","protected":false},"excerpt":{"rendered":"<p>1. Ielejiet doTERRA putojo\u0161\u0101 roku mazg\u0101\u0161anas l\u012bdzek\u013ca koncentr\u0101tu* stikla pudel\u0113, l\u012bdz tas sasniedz koncentr\u0101ta uzpildes l\u012bniju.<br \/>\n2. Pievienojiet att\u012br\u012btu \u016bdeni, l\u012bdz mais\u012bjums sasniedz \u016bdens uzpildes l\u012bniju.<br \/>\n3. Dro\u0161i piestipriniet s\u016bkni pie pudeles un viegli sakratiet.<br \/>\n4. Lietojiet p\u0113c vajadz\u012bbas roku mazg\u0101\u0161anai.<\/p>\n","protected":false},"featured_media":23463,"template":"","meta":{"site-sidebar-layout":"default","site-content-layout":"","ast-site-content-layout":"default","site-content-style":"default","site-sidebar-style":"default","ast-global-header-display":"","ast-banner-title-visibility":"","ast-main-header-display":"","ast-hfb-above-header-display":"","ast-hfb-below-header-display":"","ast-hfb-mobile-header-display":"","site-post-title":"","ast-breadcrumbs-content":"","ast-featured-img":"","footer-sml-layout":"","ast-disable-related-posts":"","theme-transparent-header-meta":"","adv-header-id-meta":"","stick-header-meta":"","header-above-stick-meta":"","header-main-stick-meta":"","header-below-stick-meta":"","astra-migrate-meta-layouts":"set","ast-page-background-enabled":"default","ast-page-background-meta":{"desktop":{"background-color":"","background-image":"","background-repeat":"repeat","background-position":"center center","background-size":"auto","background-attachment":"scroll","background-type":"","background-media":"","overlay-type":"","overlay-color":"","overlay-opacity":"","overlay-gradient":""},"tablet":{"background-color":"","background-image":"","background-repeat":"repeat","background-position":"center center","background-size":"auto","background-attachment":"scroll","background-type":"","background-media":"","overlay-type":"","overlay-color":"","overlay-opacity":"","overlay-gradient":""},"mobile":{"background-color":"","background-image":"","background-repeat":"repeat","background-position":"center center","background-size":"auto","background-attachment":"scroll","background-type":"","background-media":"","overlay-type":"","overlay-color":"","overlay-opacity":"","overlay-gradient":""}},"ast-content-background-meta":{"desktop":{"background-color":"var(--ast-global-color-5)","background-image":"","background-repeat":"repeat","background-position":"center center","background-size":"auto","background-attachment":"scroll","background-type":"","background-media":"","overlay-type":"","overlay-color":"","overlay-opacity":"","overlay-gradient":""},"tablet":{"background-color":"var(--ast-global-color-5)","background-image":"","background-repeat":"repeat","background-position":"center center","background-size":"auto","background-attachment":"scroll","background-type":"","background-media":"","overlay-type":"","overlay-color":"","overlay-opacity":"","overlay-gradient":""},"mobile":{"background-color":"var(--ast-global-color-5)","background-image":"","background-repeat":"repeat","background-position":"center center","background-size":"auto","background-attachment":"scroll","background-type":"","background-media":"","overlay-type":"","overlay-color":"","overlay-opacity":"","overlay-gradient":""}}},"product_brand":[],"product_cat":[604,1856],"product_tag":[],"class_list":{"0":"post-23472","1":"product","2":"type-product","3":"status-publish","4":"has-post-thumbnail","6":"product_cat-higiena-un-adas-kopsana","7":"product_cat-piegadataji","8":"desktop-align-left","9":"tablet-align-left","10":"mobile-align-left","12":"first","13":"instock","14":"taxable","15":"shipping-taxable","16":"product-type-simple"},"_links":{"self":[{"href":"https:\/\/mamaterra.lt\/lv\/wp-json\/wp\/v2\/product\/23472","targetHints":{"allow":["GET"]}}],"collection":[{"href":"https:\/\/mamaterra.lt\/lv\/wp-json\/wp\/v2\/product"}],"about":[{"href":"https:\/\/mamaterra.lt\/lv\/wp-json\/wp\/v2\/types\/product"}],"wp:featuredmedia":[{"embeddable":true,"href":"https:\/\/mamaterra.lt\/lv\/wp-json\/wp\/v2\/media\/23463"}],"wp:attachment":[{"href":"https:\/\/mamaterra.lt\/lv\/wp-json\/wp\/v2\/media?parent=23472"}],"wp:term":[{"taxonomy":"product_brand","embeddable":true,"href":"https:\/\/mamaterra.lt\/lv\/wp-json\/wp\/v2\/product_brand?post=23472"},{"taxonomy":"product_cat","embeddable":true,"href":"https:\/\/mamaterra.lt\/lv\/wp-json\/wp\/v2\/product_cat?post=23472"},{"taxonomy":"product_tag","embeddable":true,"href":"https:\/\/mamaterra.lt\/lv\/wp-json\/wp\/v2\/product_tag?post=23472"}],"curies":[{"name":"wp","href":"https:\/\/api.w.org\/{rel}","templated":true}]}}