{"id":23448,"date":"2024-07-11T18:29:26","date_gmt":"2024-07-11T17:29:26","guid":{"rendered":"https:\/\/mamaterra.lt\/parduotuve\/maaratlemata\/doterra-costa-brio-ir-automobilinis-difuzorius\/"},"modified":"2024-07-11T18:49:42","modified_gmt":"2024-07-11T17:49:42","slug":"doterra-costa-brio-un-auto-difuzors","status":"publish","type":"product","link":"https:\/\/mamaterra.lt\/lv\/parduotuve\/eteriskas-ellas\/eterisko-ellu-maisijumi\/doterra-costa-brio-un-auto-difuzors\/","title":{"rendered":"doTERRA Costa Brio un auto difuzors"},"content":{"rendered":"<p><strong>doTERRA Costa Brio un auto difuzors<\/strong><\/p>\n<p>Costa Brio Enlivening Blend ir Dienvidamerikas spilgt\u0101 valdzin\u0101juma arom\u0101ts ar saldiem, zemes, citrusaug\u013cu, sve\u0137u, kokainiem un ziedu arom\u0101tiem. Jebkura telpa k\u013c\u016bst par mier\u012bgu patv\u0113rumu ar daudziem izmanto\u0161anas veidiem un priek\u0161roc\u012bb\u0101m. Savienojum\u0101 ar difuzoru ar automa\u0161\u012bnas klipu. Izbaudiet ce\u013cojumu ce\u013c\u0101 neatkar\u012bgi no t\u0101, kur ce\u013c\u0161 j\u016bs aizved\u012bs.<\/p>\n<p>\u013baujiet doTERRA Costa Brio hipnotiz\u0113jo\u0161ajai esencei aizvest j\u016bs uz Dienvidamerikas kr\u0101sainaj\u0101m ainav\u0101m, kur katrs piliens iem\u016b\u017eina t\u0101s burv\u012bbu. Costa Brio Enlivening Blend arom\u0101ts ir saldo, zemes, citrusaug\u013cu, sve\u0137u, koka un ziedu notu simfonija. \u0160aj\u0101 harmoniskaj\u0101 \u0113terisko e\u013c\u013cu salikum\u0101 ir ciedra koks, magnolija, Breu Branco, bergamotes piparm\u0113tra, sald\u0101 fenhe\u013ca, citrona un Peru balzams. Savva\u013cas apels\u012bns, roz\u0101 pipari, kopaiba, petitgrains, gvajakoks un tonka pupi\u0146as ir ieg\u016btas no Dienvidamerikas, izmantojot Co-Impact Sourcing\u2122 iniciat\u012bvas, t\u0101d\u0113j\u0101di nodro\u0161inot mais\u012bjumu, kas sniedz da\u017e\u0101das priek\u0161roc\u012bbas un ar\u012b uzlabo kopienas.<\/p>\n<p>Tas var b\u016bt ar\u012b unik\u0101ls person\u012bgais arom\u0101ts. Tas ir veidots k\u0101 v\u012bri\u0161\u0137\u012bgs arom\u0101ts, ta\u010du ir \u013coti pievilc\u012bgs ar\u012b sieviet\u0113m.<\/p>\n","protected":false},"excerpt":{"rendered":"<ul>\n<li>\u00a0Costa Brio &#8211; atsvaidzino\u0161s z\u0101les koksnes un d\u016bmu arom\u0101ts.<\/li>\n<li>P\u0101rliecino\u0161s, nomierino\u0161s un piezem\u0113jo\u0161s.<\/li>\n<li>Ide\u0101li piem\u0113rots medit\u0101cijai un ikdienas lieto\u0161anai k\u0101 iedvesmojo\u0161a burvest\u012bba.<\/li>\n<\/ul>\n","protected":false},"featured_media":23730,"template":"","meta":{"site-sidebar-layout":"default","site-content-layout":"","ast-site-content-layout":"default","site-content-style":"default","site-sidebar-style":"default","ast-global-header-display":"","ast-banner-title-visibility":"","ast-main-header-display":"","ast-hfb-above-header-display":"","ast-hfb-below-header-display":"","ast-hfb-mobile-header-display":"","site-post-title":"","ast-breadcrumbs-content":"","ast-featured-img":"","footer-sml-layout":"","ast-disable-related-posts":"","theme-transparent-header-meta":"","adv-header-id-meta":"","stick-header-meta":"","header-above-stick-meta":"","header-main-stick-meta":"","header-below-stick-meta":"","astra-migrate-meta-layouts":"set","ast-page-background-enabled":"default","ast-page-background-meta":{"desktop":{"background-color":"","background-image":"","background-repeat":"repeat","background-position":"center center","background-size":"auto","background-attachment":"scroll","background-type":"","background-media":"","overlay-type":"","overlay-color":"","overlay-opacity":"","overlay-gradient":""},"tablet":{"background-color":"","background-image":"","background-repeat":"repeat","background-position":"center center","background-size":"auto","background-attachment":"scroll","background-type":"","background-media":"","overlay-type":"","overlay-color":"","overlay-opacity":"","overlay-gradient":""},"mobile":{"background-color":"","background-image":"","background-repeat":"repeat","background-position":"center center","background-size":"auto","background-attachment":"scroll","background-type":"","background-media":"","overlay-type":"","overlay-color":"","overlay-opacity":"","overlay-gradient":""}},"ast-content-background-meta":{"desktop":{"background-color":"var(--ast-global-color-5)","background-image":"","background-repeat":"repeat","background-position":"center center","background-size":"auto","background-attachment":"scroll","background-type":"","background-media":"","overlay-type":"","overlay-color":"","overlay-opacity":"","overlay-gradient":""},"tablet":{"background-color":"var(--ast-global-color-5)","background-image":"","background-repeat":"repeat","background-position":"center center","background-size":"auto","background-attachment":"scroll","background-type":"","background-media":"","overlay-type":"","overlay-color":"","overlay-opacity":"","overlay-gradient":""},"mobile":{"background-color":"var(--ast-global-color-5)","background-image":"","background-repeat":"repeat","background-position":"center center","background-size":"auto","background-attachment":"scroll","background-type":"","background-media":"","overlay-type":"","overlay-color":"","overlay-opacity":"","overlay-gradient":""}}},"product_brand":[],"product_cat":[599,596,601],"product_tag":[],"class_list":{"0":"post-23448","1":"product","2":"type-product","3":"status-publish","4":"has-post-thumbnail","6":"product_cat-davanas-viriesiem","7":"product_cat-difuzori","8":"product_cat-eterisko-ellu-maisijumi","9":"desktop-align-left","10":"tablet-align-left","11":"mobile-align-left","13":"first","14":"instock","15":"taxable","16":"shipping-taxable","17":"product-type-simple"},"_links":{"self":[{"href":"https:\/\/mamaterra.lt\/lv\/wp-json\/wp\/v2\/product\/23448","targetHints":{"allow":["GET"]}}],"collection":[{"href":"https:\/\/mamaterra.lt\/lv\/wp-json\/wp\/v2\/product"}],"about":[{"href":"https:\/\/mamaterra.lt\/lv\/wp-json\/wp\/v2\/types\/product"}],"wp:featuredmedia":[{"embeddable":true,"href":"https:\/\/mamaterra.lt\/lv\/wp-json\/wp\/v2\/media\/23730"}],"wp:attachment":[{"href":"https:\/\/mamaterra.lt\/lv\/wp-json\/wp\/v2\/media?parent=23448"}],"wp:term":[{"taxonomy":"product_brand","embeddable":true,"href":"https:\/\/mamaterra.lt\/lv\/wp-json\/wp\/v2\/product_brand?post=23448"},{"taxonomy":"product_cat","embeddable":true,"href":"https:\/\/mamaterra.lt\/lv\/wp-json\/wp\/v2\/product_cat?post=23448"},{"taxonomy":"product_tag","embeddable":true,"href":"https:\/\/mamaterra.lt\/lv\/wp-json\/wp\/v2\/product_tag?post=23448"}],"curies":[{"name":"wp","href":"https:\/\/api.w.org\/{rel}","templated":true}]}}