{"id":23315,"date":"2024-06-01T14:05:21","date_gmt":"2024-06-01T13:05:21","guid":{"rendered":"https:\/\/mamaterra.lt\/parduotuve\/maaratlemata\/doterra-moringa-rose-moringu-ir-roziu-misinys\/"},"modified":"2024-06-01T14:23:30","modified_gmt":"2024-06-01T13:23:30","slug":"doterra-moringa-rose","status":"publish","type":"product","link":"https:\/\/mamaterra.lt\/lv\/parduotuve\/eteriskas-ellas\/doterra-moringa-rose\/","title":{"rendered":"d\u014dTERRA Moringa Rose"},"content":{"rendered":"<h3 class=\"spotlight__head-title\">d\u014dTERRA Moringa Rose<\/h3>\n<h6 class=\"spotlight__head-latin-title\">Baro\u0161anas mais\u012bjums<\/h6>\n<p>Palutiniet savu \u0101du ar moringa un ro\u017eu e\u013c\u013cu neticamaj\u0101m \u012bpa\u0161\u012bb\u0101m. \u0160\u012b grezn\u0101 sejas e\u013c\u013ca dzi\u013ci mitrina un lieliski baro, un tai piem\u012bt svaigs ziedu arom\u0101ts, ko rada ro\u017eu \u0113terisk\u0101 e\u013c\u013ca, un viegli salds moringas (Moringa) arom\u0101ts. Viegl\u0101 e\u013c\u013ca ir maiga un \u0101tri ies\u016bcas \u0101d\u0101, padarot to maigu, mirdzo\u0161u un starojo\u0161u. Barojo\u0161\u0101 Moringa (Moringa) e\u013c\u013ca apvienojum\u0101 ar doTERRA Ro\u017eu (Rose) \u0113terisko e\u013c\u013cu var pal\u012bdz\u0113t saglab\u0101t vesel\u012bgu un vienm\u0113r\u012bgu sejas izskatu. \u013boti efekt\u012bvais Moringas (Moringa) un rozes (Rose) e\u013c\u013cu mais\u012bjums nodro\u0161in\u0101s starojo\u0161u un mirdzo\u0161u \u0101du katru dienu.<\/p>\n<p>Moringa (Moringa) e\u013c\u013ca tiek ieg\u016bta no moringa koka, kura s\u0113klas ir bag\u0101tas ar ole\u012bnsk\u0101bi un cit\u0101m tauksk\u0101b\u0113m.<\/p>\n","protected":false},"excerpt":{"rendered":"<ul class=\"spotlight__list-custom custom-list\">\n<li>Produkta pamat\u0101 ir Moringa e\u013c\u013ca, ko grie\u0137i, romie\u0161i un \u0113\u0123iptie\u0161i izmantoja kosm\u0113tik\u0101 un parfim\u0113rij\u0101 t\u0101s m\u012bkstino\u0161o \u012bpa\u0161\u012bbu d\u0113\u013c.<\/li>\n<li>Bag\u0101t\u012bga, mitrino\u0161a un grezna sejas e\u013c\u013ca, kas satur doTERRA ro\u017eu \u0113terisko e\u013c\u013cu.<\/li>\n<li>T\u0101 nomierina \u0101du un pal\u012bdz saglab\u0101t t\u0101s maigumu un gludumu.<\/li>\n<li>Tai ir viegls, nedaudz salds ziedu arom\u0101ts.<\/li>\n<\/ul>\n<div class=\"spotlight__foot-block-icons\">\n<div class=\"body-system-list\">\n<div class=\"body-system-list__item\">\n<div class=\"body-system-list__item-label\"><\/div>\n<\/div>\n<\/div>\n<\/div>\n","protected":false},"featured_media":23335,"template":"","meta":{"site-sidebar-layout":"default","site-content-layout":"","ast-site-content-layout":"default","site-content-style":"default","site-sidebar-style":"default","ast-global-header-display":"","ast-banner-title-visibility":"","ast-main-header-display":"","ast-hfb-above-header-display":"","ast-hfb-below-header-display":"","ast-hfb-mobile-header-display":"","site-post-title":"","ast-breadcrumbs-content":"","ast-featured-img":"","footer-sml-layout":"","ast-disable-related-posts":"","theme-transparent-header-meta":"","adv-header-id-meta":"","stick-header-meta":"","header-above-stick-meta":"","header-main-stick-meta":"","header-below-stick-meta":"","astra-migrate-meta-layouts":"set","ast-page-background-enabled":"default","ast-page-background-meta":{"desktop":{"background-color":"","background-image":"","background-repeat":"repeat","background-position":"center center","background-size":"auto","background-attachment":"scroll","background-type":"","background-media":"","overlay-type":"","overlay-color":"","overlay-opacity":"","overlay-gradient":""},"tablet":{"background-color":"","background-image":"","background-repeat":"repeat","background-position":"center center","background-size":"auto","background-attachment":"scroll","background-type":"","background-media":"","overlay-type":"","overlay-color":"","overlay-opacity":"","overlay-gradient":""},"mobile":{"background-color":"","background-image":"","background-repeat":"repeat","background-position":"center center","background-size":"auto","background-attachment":"scroll","background-type":"","background-media":"","overlay-type":"","overlay-color":"","overlay-opacity":"","overlay-gradient":""}},"ast-content-background-meta":{"desktop":{"background-color":"var(--ast-global-color-5)","background-image":"","background-repeat":"repeat","background-position":"center center","background-size":"auto","background-attachment":"scroll","background-type":"","background-media":"","overlay-type":"","overlay-color":"","overlay-opacity":"","overlay-gradient":""},"tablet":{"background-color":"var(--ast-global-color-5)","background-image":"","background-repeat":"repeat","background-position":"center center","background-size":"auto","background-attachment":"scroll","background-type":"","background-media":"","overlay-type":"","overlay-color":"","overlay-opacity":"","overlay-gradient":""},"mobile":{"background-color":"var(--ast-global-color-5)","background-image":"","background-repeat":"repeat","background-position":"center center","background-size":"auto","background-attachment":"scroll","background-type":"","background-media":"","overlay-type":"","overlay-color":"","overlay-opacity":"","overlay-gradient":""}}},"product_brand":[],"product_cat":[600],"product_tag":[],"class_list":{"0":"post-23315","1":"product","2":"type-product","3":"status-publish","4":"has-post-thumbnail","6":"product_cat-eteriskas-ellas","7":"desktop-align-left","8":"tablet-align-left","9":"mobile-align-left","11":"first","12":"instock","13":"taxable","14":"shipping-taxable","15":"product-type-simple"},"_links":{"self":[{"href":"https:\/\/mamaterra.lt\/lv\/wp-json\/wp\/v2\/product\/23315","targetHints":{"allow":["GET"]}}],"collection":[{"href":"https:\/\/mamaterra.lt\/lv\/wp-json\/wp\/v2\/product"}],"about":[{"href":"https:\/\/mamaterra.lt\/lv\/wp-json\/wp\/v2\/types\/product"}],"wp:featuredmedia":[{"embeddable":true,"href":"https:\/\/mamaterra.lt\/lv\/wp-json\/wp\/v2\/media\/23335"}],"wp:attachment":[{"href":"https:\/\/mamaterra.lt\/lv\/wp-json\/wp\/v2\/media?parent=23315"}],"wp:term":[{"taxonomy":"product_brand","embeddable":true,"href":"https:\/\/mamaterra.lt\/lv\/wp-json\/wp\/v2\/product_brand?post=23315"},{"taxonomy":"product_cat","embeddable":true,"href":"https:\/\/mamaterra.lt\/lv\/wp-json\/wp\/v2\/product_cat?post=23315"},{"taxonomy":"product_tag","embeddable":true,"href":"https:\/\/mamaterra.lt\/lv\/wp-json\/wp\/v2\/product_tag?post=23315"}],"curies":[{"name":"wp","href":"https:\/\/api.w.org\/{rel}","templated":true}]}}