{"id":22889,"date":"2024-04-01T11:33:09","date_gmt":"2024-04-01T10:33:09","guid":{"rendered":"https:\/\/mamaterra.lt\/?post_type=product&#038;p=22889"},"modified":"2025-10-08T05:34:21","modified_gmt":"2025-10-08T04:34:21","slug":"doterra-burbulu-difuzors-un-hygge-eterisko-ellu-maisijums","status":"publish","type":"product","link":"https:\/\/mamaterra.lt\/lv\/parduotuve\/eteriskas-ellas\/eterisko-ellu-maisijumi\/doterra-burbulu-difuzors-un-hygge-eterisko-ellu-maisijums\/","title":{"rendered":"doTERRA burbu\u013cu difuzors un Hygge \u0113terisko e\u013c\u013cu mais\u012bjums"},"content":{"rendered":"<p><strong>doTERRA burbu\u013cu difuzors un Hygge \u0113terisko e\u013c\u013cu mais\u012bjums 10ml<\/strong><\/p>\n<p>Izbaudiet doTERRA burbu\u013cu difuzora un doTERRA Hygge p\u0101rn\u0113s\u0101jamo jaudu (5ml).<\/p>\n<ul>\n<li>\u0160is \u012bpa\u0161ais duets sast\u0101v no diviem produktiem, kas tiek pied\u0101v\u0101ti ierobe\u017eotu laiku &#8211; Burbu\u013cu difuzors un doTERRA Cheer \u0113terisko e\u013c\u013cu mais\u012bjums.<\/li>\n<li>Bubble difuzora mazais un diskr\u0113tais dizains pie\u0161\u0137ir tam labu izskatu.<\/li>\n<li>Difuzoram nav nepiecie\u0161ams izmantot \u016bdeni.<\/li>\n<li>Kad tiek iedarbin\u0101ts difuzora kust\u012bbas sensors, arom\u0101ti izplat\u0101s bez jebk\u0101d\u0101m p\u016bl\u0113m.<\/li>\n<\/ul>\n<p>Noskatieties video par to, k\u0101 izmantot burbu\u013cu difuzoru ar doTERRA Hygge \u0113terisko e\u013c\u013cu mais\u012bjumu.<\/p>\n<p><iframe title=\"YouTube video atska\u0146ot\u0101js\" src=\"https:\/\/www.youtube-nocookie.com\/embed\/sbjYtKSPFGs\" width=\"560\" height=\"315\" frameborder=\"0\" allowfullscreen=\"allowfullscreen\"><\/iframe><\/p>\n","protected":false},"excerpt":{"rendered":"<ul>\n<li>\u0160is \u012bpa\u0161ais duets sast\u0101v no diviem produktiem, kas tiek pied\u0101v\u0101ti ierobe\u017eotu laiku &#8211; Bubble Diffuser un doTERRA Hygge \u0113terisko e\u013c\u013cu mais\u012bjums<\/li>\n<li>Burbu\u013cu difuzora mazais un diskr\u0113tais dizains pie\u0161\u0137ir tam labu izskatu<\/li>\n<li>Difuzoram nav nepiecie\u0161ams izmantot \u016bdeni<\/li>\n<li>Kad tiek iedarbin\u0101ts difuzora kust\u012bbas sensors, arom\u0101ti izplat\u0101s bez jebk\u0101das piep\u016bles<\/li>\n<\/ul>\n","protected":false},"featured_media":25882,"template":"","meta":{"site-sidebar-layout":"default","site-content-layout":"","ast-site-content-layout":"default","site-content-style":"default","site-sidebar-style":"default","ast-global-header-display":"","ast-banner-title-visibility":"","ast-main-header-display":"","ast-hfb-above-header-display":"","ast-hfb-below-header-display":"","ast-hfb-mobile-header-display":"","site-post-title":"","ast-breadcrumbs-content":"","ast-featured-img":"","footer-sml-layout":"","ast-disable-related-posts":"","theme-transparent-header-meta":"","adv-header-id-meta":"","stick-header-meta":"","header-above-stick-meta":"","header-main-stick-meta":"","header-below-stick-meta":"","astra-migrate-meta-layouts":"set","ast-page-background-enabled":"default","ast-page-background-meta":{"desktop":{"background-color":"","background-image":"","background-repeat":"repeat","background-position":"center center","background-size":"auto","background-attachment":"scroll","background-type":"","background-media":"","overlay-type":"","overlay-color":"","overlay-opacity":"","overlay-gradient":""},"tablet":{"background-color":"","background-image":"","background-repeat":"repeat","background-position":"center center","background-size":"auto","background-attachment":"scroll","background-type":"","background-media":"","overlay-type":"","overlay-color":"","overlay-opacity":"","overlay-gradient":""},"mobile":{"background-color":"","background-image":"","background-repeat":"repeat","background-position":"center center","background-size":"auto","background-attachment":"scroll","background-type":"","background-media":"","overlay-type":"","overlay-color":"","overlay-opacity":"","overlay-gradient":""}},"ast-content-background-meta":{"desktop":{"background-color":"var(--ast-global-color-5)","background-image":"","background-repeat":"repeat","background-position":"center center","background-size":"auto","background-attachment":"scroll","background-type":"","background-media":"","overlay-type":"","overlay-color":"","overlay-opacity":"","overlay-gradient":""},"tablet":{"background-color":"var(--ast-global-color-5)","background-image":"","background-repeat":"repeat","background-position":"center center","background-size":"auto","background-attachment":"scroll","background-type":"","background-media":"","overlay-type":"","overlay-color":"","overlay-opacity":"","overlay-gradient":""},"mobile":{"background-color":"var(--ast-global-color-5)","background-image":"","background-repeat":"repeat","background-position":"center center","background-size":"auto","background-attachment":"scroll","background-type":"","background-media":"","overlay-type":"","overlay-color":"","overlay-opacity":"","overlay-gradient":""}}},"product_brand":[],"product_cat":[597,596,600,601,617],"product_tag":[683,1329,629,632],"class_list":{"0":"post-22889","1":"product","2":"type-product","3":"status-publish","4":"has-post-thumbnail","6":"product_cat-davanas","7":"product_cat-difuzori","8":"product_cat-eteriskas-ellas","9":"product_cat-eterisko-ellu-maisijumi","10":"product_cat-gaisa-attirisana","11":"product_tag-15ml-lv","12":"product_tag-bubble-lv","13":"product_tag-difuzors","14":"product_tag-eterisko-ellu-maisijumi","15":"desktop-align-left","16":"tablet-align-left","17":"mobile-align-left","19":"first","20":"instock","21":"taxable","22":"shipping-taxable","23":"product-type-simple"},"_links":{"self":[{"href":"https:\/\/mamaterra.lt\/lv\/wp-json\/wp\/v2\/product\/22889","targetHints":{"allow":["GET"]}}],"collection":[{"href":"https:\/\/mamaterra.lt\/lv\/wp-json\/wp\/v2\/product"}],"about":[{"href":"https:\/\/mamaterra.lt\/lv\/wp-json\/wp\/v2\/types\/product"}],"wp:featuredmedia":[{"embeddable":true,"href":"https:\/\/mamaterra.lt\/lv\/wp-json\/wp\/v2\/media\/25882"}],"wp:attachment":[{"href":"https:\/\/mamaterra.lt\/lv\/wp-json\/wp\/v2\/media?parent=22889"}],"wp:term":[{"taxonomy":"product_brand","embeddable":true,"href":"https:\/\/mamaterra.lt\/lv\/wp-json\/wp\/v2\/product_brand?post=22889"},{"taxonomy":"product_cat","embeddable":true,"href":"https:\/\/mamaterra.lt\/lv\/wp-json\/wp\/v2\/product_cat?post=22889"},{"taxonomy":"product_tag","embeddable":true,"href":"https:\/\/mamaterra.lt\/lv\/wp-json\/wp\/v2\/product_tag?post=22889"}],"curies":[{"name":"wp","href":"https:\/\/api.w.org\/{rel}","templated":true}]}}