{"id":22820,"date":"2023-05-10T20:36:20","date_gmt":"2023-05-10T19:36:20","guid":{"rendered":"https:\/\/mamaterra.lt\/parduotuve\/uncategorized\/metapwr-assist\/"},"modified":"2024-03-24T15:14:01","modified_gmt":"2024-03-24T14:14:01","slug":"metapwr-assist","status":"publish","type":"product","link":"https:\/\/mamaterra.lt\/lv\/parduotuve\/eteriskas-ellas\/eterisko-ellu-maisijumi\/metapwr-assist\/","title":{"rendered":"MetaPWR Assist"},"content":{"rendered":"<p>Palieliniet sava uztura uzturv\u0113rt\u012bbu ar MetaPWR\u2122 Assist. Katra kapsula satur z\u012bdkoka lapu ekstraktu, berber\u012bnu, kan\u0113\u013ca mizas pulveri un MetaPWR patent\u0113tu \u0113terisko e\u013c\u013cu mais\u012bjumu. Lietojot pirms dienas galven\u0101s \u0113dienreizes, \u0161is sp\u0113c\u012bgais papildin\u0101jums J\u016bsu ikdienas labsaj\u016btas rut\u012bnai sniegs visliel\u0101ko ietekmi uz J\u016bsu organismu. Izmantojot augst\u0101k\u0101s kvalit\u0101tes procesu, lai maksim\u0101li palielin\u0101tu z\u012bdkoka lapu ekstrakta akt\u012bv\u0101s vielas ekstrakciju, d\u014dTERRA kl\u012bniskie p\u0113tnieki ir izstr\u0101d\u0101ju\u0161i iek\u0161\u0113ji stimul\u0113jo\u0161o MetaPWR Assist.<\/p>\n<p>Galven\u0101s priek\u0161roc\u012bbas<br \/>\nNesatur \u0122MO, pienu, soju, lipekli, lipekli, konservantus, m\u0101ksl\u012bgos saldin\u0101t\u0101jus un aromatiz\u0113t\u0101jus.<br \/>\nZ\u012bdkoka melle\u0146u lapas var veicin\u0101t og\u013chidr\u0101tu vielmai\u0146as l\u012bdzsvara uztur\u0113\u0161anu organism\u0101*.<\/p>\n<p>&#8220;MetaPWR Assist&#8221; var pal\u012bdz\u0113t samazin\u0101t glikozes sv\u0101rst\u012bbas p\u0113c \u0113\u0161anas. Z\u012bdkoka lapu sast\u0101vda\u013ca saist\u0101s ar glikozi saisto\u0161ajiem receptoriem, t\u0101p\u0113c glikozei vairs nav kur saist\u012bties, t\u0101p\u0113c glikoze tik \u0101tri nenon\u0101k asinsrit\u0113. *<\/p>\n","protected":false},"excerpt":{"rendered":"<p>MetaPWR Assist ir dab\u012bgs uztura bag\u0101tin\u0101t\u0101js, kas izstr\u0101d\u0101ts, lai pal\u012bdz\u0113tu uztur\u0113t norm\u0101lu cukura l\u012bmeni asin\u012bs \u012bsi p\u0113c \u0113\u0161anas.<\/p>\n","protected":false},"featured_media":17604,"template":"","meta":{"site-sidebar-layout":"default","site-content-layout":"default","ast-site-content-layout":"default","site-content-style":"default","site-sidebar-style":"default","ast-global-header-display":"","ast-banner-title-visibility":"","ast-main-header-display":"","ast-hfb-above-header-display":"","ast-hfb-below-header-display":"","ast-hfb-mobile-header-display":"","site-post-title":"","ast-breadcrumbs-content":"","ast-featured-img":"","footer-sml-layout":"","ast-disable-related-posts":"","theme-transparent-header-meta":"default","adv-header-id-meta":"","stick-header-meta":"","header-above-stick-meta":"","header-main-stick-meta":"","header-below-stick-meta":"","astra-migrate-meta-layouts":"set","ast-page-background-enabled":"default","ast-page-background-meta":{"desktop":{"background-color":"","background-image":"","background-repeat":"repeat","background-position":"center center","background-size":"auto","background-attachment":"scroll","background-type":"","background-media":"","overlay-type":"","overlay-color":"","overlay-opacity":"","overlay-gradient":""},"tablet":{"background-color":"","background-image":"","background-repeat":"repeat","background-position":"center center","background-size":"auto","background-attachment":"scroll","background-type":"","background-media":"","overlay-type":"","overlay-color":"","overlay-opacity":"","overlay-gradient":""},"mobile":{"background-color":"","background-image":"","background-repeat":"repeat","background-position":"center center","background-size":"auto","background-attachment":"scroll","background-type":"","background-media":"","overlay-type":"","overlay-color":"","overlay-opacity":"","overlay-gradient":""}},"ast-content-background-meta":{"desktop":{"background-color":"var(--ast-global-color-5)","background-image":"","background-repeat":"repeat","background-position":"center center","background-size":"auto","background-attachment":"scroll","background-type":"","background-media":"","overlay-type":"","overlay-color":"","overlay-opacity":"","overlay-gradient":""},"tablet":{"background-color":"var(--ast-global-color-5)","background-image":"","background-repeat":"repeat","background-position":"center center","background-size":"auto","background-attachment":"scroll","background-type":"","background-media":"","overlay-type":"","overlay-color":"","overlay-opacity":"","overlay-gradient":""},"mobile":{"background-color":"var(--ast-global-color-5)","background-image":"","background-repeat":"repeat","background-position":"center center","background-size":"auto","background-attachment":"scroll","background-type":"","background-media":"","overlay-type":"","overlay-color":"","overlay-opacity":"","overlay-gradient":""}}},"product_brand":[],"product_cat":[601,620],"product_tag":[],"class_list":{"0":"post-22820","1":"product","2":"type-product","3":"status-publish","4":"has-post-thumbnail","6":"product_cat-eterisko-ellu-maisijumi","7":"product_cat-gremosanai","8":"desktop-align-left","9":"tablet-align-left","10":"mobile-align-left","12":"first","13":"instock","14":"taxable","15":"shipping-taxable","16":"purchasable","17":"product-type-simple"},"_links":{"self":[{"href":"https:\/\/mamaterra.lt\/lv\/wp-json\/wp\/v2\/product\/22820","targetHints":{"allow":["GET"]}}],"collection":[{"href":"https:\/\/mamaterra.lt\/lv\/wp-json\/wp\/v2\/product"}],"about":[{"href":"https:\/\/mamaterra.lt\/lv\/wp-json\/wp\/v2\/types\/product"}],"wp:featuredmedia":[{"embeddable":true,"href":"https:\/\/mamaterra.lt\/lv\/wp-json\/wp\/v2\/media\/17604"}],"wp:attachment":[{"href":"https:\/\/mamaterra.lt\/lv\/wp-json\/wp\/v2\/media?parent=22820"}],"wp:term":[{"taxonomy":"product_brand","embeddable":true,"href":"https:\/\/mamaterra.lt\/lv\/wp-json\/wp\/v2\/product_brand?post=22820"},{"taxonomy":"product_cat","embeddable":true,"href":"https:\/\/mamaterra.lt\/lv\/wp-json\/wp\/v2\/product_cat?post=22820"},{"taxonomy":"product_tag","embeddable":true,"href":"https:\/\/mamaterra.lt\/lv\/wp-json\/wp\/v2\/product_tag?post=22820"}],"curies":[{"name":"wp","href":"https:\/\/api.w.org\/{rel}","templated":true}]}}