{"id":21956,"date":"2024-03-01T20:25:42","date_gmt":"2024-03-01T19:25:42","guid":{"rendered":"https:\/\/mamaterra.lt\/?post_type=product&#038;p=21956"},"modified":"2024-03-01T20:57:50","modified_gmt":"2024-03-01T19:57:50","slug":"myst-sienas-kontaktdifuzors-ar-malama-blend","status":"publish","type":"product","link":"https:\/\/mamaterra.lt\/lv\/parduotuve\/eteriskas-ellas\/eterisko-ellu-maisijumi\/myst-sienas-kontaktdifuzors-ar-malama-blend\/","title":{"rendered":"Myst sienas kontaktdifuzors ar Malama Blend"},"content":{"rendered":"<p>Myst difuzors un Malama 15ml<br \/>\nEkskluz\u012bvs pied\u0101v\u0101jums, kas apvieno valdzino\u0161o M\u0101lama\u2122 mais\u012bjumu un inovat\u012bvo Myst difuzoru.<\/p>\n<p>M\u0101lama\u2122 atspogu\u013co M\u0101tes Dabas un m\u016bsu dz\u012bv\u0113 svar\u012bgo sievie\u0161u kop\u012bg\u0101s r\u016bpes, ko papildina Myst difuzora unikalit\u0101te, kas izmanto izsmidzino\u0161u bez\u016bdens un bezkarsuma tehnolo\u0123iju, lai nekav\u0113joties atsvaidzin\u0101tu jebkuru telpu.<\/p>\n<p>d\u014dTERRA\u2122 Myst difuzors tiek piesl\u0113gts tie\u0161i pie sienas, un tam ir pievienots ES spraudnis<\/p>\n<p>Gatavojieties izbaud\u012bt jaun\u0101ko inov\u0101ciju difuzoru tehnolo\u0123ij\u0101 &#8211; iepaz\u012bstin\u0101m ar sp\u0113li maino\u0161o doTERRA Myst Wall Plug difuzoru! \u0160\u012b pirm\u0101 \u0161\u0101da veida konstrukcija acumirkl\u012b uzpilda jebkuru telpu, izmantojot modernu bez\u016bdens un bezkarstuma izsmidzin\u0101\u0161anu. Vienk\u0101r\u0161i ieskr\u016bv\u0113jiet 5 vai 15 ml pudel\u012bti, pievienojiet to un \u013caujiet kust\u012bbu aktiviz\u0113tajai ma\u0123ijai s\u0101kties! Ar t\u0101d\u0101m funkcij\u0101m k\u0101 piel\u0101gojami miglas re\u017e\u012bmi, tum\u0161ais re\u017e\u012bms nakts klusumam un \u0123eni\u0101lais ener\u0123ijas form\u0101ts, Myst padara j\u016bsu atmosf\u0113ras uzlabo\u0161anu viegl\u0101ku nek\u0101 jebkad agr\u0101k.<\/p>\n<p>Br\u012bdin\u0101jumi<br \/>\n\u0112terisk\u0101s e\u013c\u013cas, kuru konsistence ir biez\u0101ka, var trauc\u0113t difuzoram pareizi miglot. Ar \u0161o difuzoru nedr\u012bkst izmantot formulas ar frakcion\u0113tu kokosriekstu e\u013c\u013cu.<\/p>\n","protected":false},"excerpt":{"rendered":"<p>Tr\u012bs piel\u0101gojami iestat\u012bjumi<br \/>\nVar izmantot da\u017e\u0101dos virzienos sienas rozet\u0113s, izmantojot groz\u0101mo sienas adapteri.<br \/>\n5 ml vai 15 ml pudeles<br \/>\nBez\u016bdens, bez karstuma un videi draudz\u012bga tehnolo\u0123ija<br \/>\nIzm\u0113ri: 4,6 x 4,6 x 7,55 cm. T\u012br\u012b\u0161anas nor\u0101d\u012bjumus skatiet difuzora lieto\u0161anas pam\u0101c\u012bb\u0101.<\/p>\n<p>&nbsp;<\/p>\n<p>&nbsp;<\/p>\n","protected":false},"featured_media":21964,"template":"","meta":{"site-sidebar-layout":"default","site-content-layout":"","ast-site-content-layout":"default","site-content-style":"default","site-sidebar-style":"default","ast-global-header-display":"","ast-banner-title-visibility":"","ast-main-header-display":"","ast-hfb-above-header-display":"","ast-hfb-below-header-display":"","ast-hfb-mobile-header-display":"","site-post-title":"","ast-breadcrumbs-content":"","ast-featured-img":"","footer-sml-layout":"","ast-disable-related-posts":"","theme-transparent-header-meta":"","adv-header-id-meta":"","stick-header-meta":"","header-above-stick-meta":"","header-main-stick-meta":"","header-below-stick-meta":"","astra-migrate-meta-layouts":"set","ast-page-background-enabled":"default","ast-page-background-meta":{"desktop":{"background-color":"","background-image":"","background-repeat":"repeat","background-position":"center center","background-size":"auto","background-attachment":"scroll","background-type":"","background-media":"","overlay-type":"","overlay-color":"","overlay-opacity":"","overlay-gradient":""},"tablet":{"background-color":"","background-image":"","background-repeat":"repeat","background-position":"center center","background-size":"auto","background-attachment":"scroll","background-type":"","background-media":"","overlay-type":"","overlay-color":"","overlay-opacity":"","overlay-gradient":""},"mobile":{"background-color":"","background-image":"","background-repeat":"repeat","background-position":"center center","background-size":"auto","background-attachment":"scroll","background-type":"","background-media":"","overlay-type":"","overlay-color":"","overlay-opacity":"","overlay-gradient":""}},"ast-content-background-meta":{"desktop":{"background-color":"var(--ast-global-color-5)","background-image":"","background-repeat":"repeat","background-position":"center center","background-size":"auto","background-attachment":"scroll","background-type":"","background-media":"","overlay-type":"","overlay-color":"","overlay-opacity":"","overlay-gradient":""},"tablet":{"background-color":"var(--ast-global-color-5)","background-image":"","background-repeat":"repeat","background-position":"center center","background-size":"auto","background-attachment":"scroll","background-type":"","background-media":"","overlay-type":"","overlay-color":"","overlay-opacity":"","overlay-gradient":""},"mobile":{"background-color":"var(--ast-global-color-5)","background-image":"","background-repeat":"repeat","background-position":"center center","background-size":"auto","background-attachment":"scroll","background-type":"","background-media":"","overlay-type":"","overlay-color":"","overlay-opacity":"","overlay-gradient":""}}},"product_brand":[],"product_cat":[597,599,596,601],"product_tag":[],"class_list":{"0":"post-21956","1":"product","2":"type-product","3":"status-publish","4":"has-post-thumbnail","6":"product_cat-davanas","7":"product_cat-davanas-viriesiem","8":"product_cat-difuzori","9":"product_cat-eterisko-ellu-maisijumi","10":"desktop-align-left","11":"tablet-align-left","12":"mobile-align-left","14":"first","15":"instock","16":"taxable","17":"shipping-taxable","18":"product-type-simple"},"_links":{"self":[{"href":"https:\/\/mamaterra.lt\/lv\/wp-json\/wp\/v2\/product\/21956","targetHints":{"allow":["GET"]}}],"collection":[{"href":"https:\/\/mamaterra.lt\/lv\/wp-json\/wp\/v2\/product"}],"about":[{"href":"https:\/\/mamaterra.lt\/lv\/wp-json\/wp\/v2\/types\/product"}],"wp:featuredmedia":[{"embeddable":true,"href":"https:\/\/mamaterra.lt\/lv\/wp-json\/wp\/v2\/media\/21964"}],"wp:attachment":[{"href":"https:\/\/mamaterra.lt\/lv\/wp-json\/wp\/v2\/media?parent=21956"}],"wp:term":[{"taxonomy":"product_brand","embeddable":true,"href":"https:\/\/mamaterra.lt\/lv\/wp-json\/wp\/v2\/product_brand?post=21956"},{"taxonomy":"product_cat","embeddable":true,"href":"https:\/\/mamaterra.lt\/lv\/wp-json\/wp\/v2\/product_cat?post=21956"},{"taxonomy":"product_tag","embeddable":true,"href":"https:\/\/mamaterra.lt\/lv\/wp-json\/wp\/v2\/product_tag?post=21956"}],"curies":[{"name":"wp","href":"https:\/\/api.w.org\/{rel}","templated":true}]}}