{"id":21783,"date":"2023-04-30T17:42:56","date_gmt":"2023-04-30T16:42:56","guid":{"rendered":"https:\/\/mamaterra.lt\/parduotuve\/uncategorized\/doterra-abode-eteriniu-alieju-misinys-15ml\/"},"modified":"2024-03-10T19:30:24","modified_gmt":"2024-03-10T18:30:24","slug":"doterra-abode-eterisko-ellu-maisijums-15ml","status":"publish","type":"product","link":"https:\/\/mamaterra.lt\/lv\/parduotuve\/eteriskas-ellas\/eterisko-ellu-maisijumi\/doterra-abode-eterisko-ellu-maisijums-15ml\/","title":{"rendered":"doTERRA Abode \u0113terisko e\u013c\u013cu mais\u012bjums 15ml"},"content":{"rendered":"<p>Atsvaidzino\u0161s mais\u012bjums<\/p>\n<p>Ekskluz\u012bvais doTERRA abode mais\u012bjums ir dinamisks CPTG\u2122 \u0113terisko e\u013c\u013cu mais\u012bjums, kas satur destil\u0113tas laima, litseja, kasija un kan\u0113lis, citronu eikalipta, t\u0113jas koka, arborvitas, Ko\u010dijas eikalipta, koriandra, lavand\u012bna, citronu mirtes. T\u0101 ir bag\u0101ta ar t\u0101d\u0101m efekt\u012bv\u0101m sast\u0101vda\u013c\u0101m k\u0101 limon\u0113ns, gerani\u0101ls, ner\u0101ls un 1,8-cineols. E\u013c\u013c\u0101, kas ieg\u016bta no Ko\u010dija eikalipta, kur\u0161 aug tikai Rietumaustr\u0101lijas pussausaj\u0101 klimat\u0101, 1,8-cineola (jeb eikalipta) koncentr\u0101cija ir liel\u0101ka nek\u0101 jebkur\u0101 cit\u0101 eikalipta e\u013c\u013c\u0101. Mais\u012bjums doTERRA m\u0101jokl\u012b vienm\u0113r ir atsvaidzino\u0161s.<\/p>\n<p>Lieto\u0161ana<br \/>\nGlab\u0101jiet vannas istabas skap\u012bt\u012b un izbaudiet att\u012bro\u0161o un atsvaidzino\u0161o iedarb\u012bbu uz \u0101du.<br \/>\nLai kur j\u016bs dotos, \u0146emiet l\u012bdzi svaigo abode arom\u0101tu.<br \/>\nIzveidojiet person\u012bgu sv\u0113tn\u012bcu pirms saspringtas dienas, izmantojot abode k\u0101 da\u013cu no r\u012bta rut\u012bnas.<br \/>\nLieto\u0161anas nor\u0101d\u012bjumi<\/p>\n<p>Sajauciet 5 pilienus e\u013c\u013cas ar 10 ml b\u0101zes e\u013c\u013cas mas\u0101\u017eai. Vannai sajauciet 5 pilienus e\u013c\u013cas ar 5 ml b\u0101zes e\u013c\u013cas. Ja izmantojat smar\u017e\u0101m, sajauciet 1 pilienu ar 10 pilieniem b\u0101zes e\u013c\u013cas. Tikai \u0101r\u0113jai lieto\u0161anai.<br \/>\nPiesardz\u012bbas pas\u0101kumi<\/p>\n<p>Var izrais\u012bt \u0101das kairin\u0101jumu. Glab\u0101t b\u0113rniem nepieejam\u0101 viet\u0101. Ja gaid\u0101t b\u0113rnu vai \u0101rst\u0113jaties, konsult\u0113jieties ar \u0101rstu. Izvair\u012bties no saskares ar ac\u012bm, iek\u0161\u0113jo ausi un ausu \u013cipi\u0146u.<\/p>\n","protected":false},"excerpt":{"rendered":"<p>Ar CPTG\u2122 \u0113teriskaj\u0101m e\u013c\u013c\u0101m, kas paz\u012bstamas ar t\u0101d\u0101m att\u012bro\u0161\u0101m sast\u0101vda\u013c\u0101m k\u0101 limon\u0113ns, gerani\u0101ls un ner\u0101ls.<br \/>\nAr Kochii Eucalyptus (Eikalipta e\u013c\u013ca) \u0113terisko e\u013c\u013cu, kurai ir augst\u0101kais 1,8-cineola saturs.<br \/>\nSvaigs citrusaug\u013cu arom\u0101ts.<\/p>\n","protected":false},"featured_media":17591,"template":"","meta":{"site-sidebar-layout":"default","site-content-layout":"default","ast-site-content-layout":"default","site-content-style":"default","site-sidebar-style":"default","ast-global-header-display":"","ast-banner-title-visibility":"","ast-main-header-display":"","ast-hfb-above-header-display":"","ast-hfb-below-header-display":"","ast-hfb-mobile-header-display":"","site-post-title":"","ast-breadcrumbs-content":"","ast-featured-img":"","footer-sml-layout":"","ast-disable-related-posts":"","theme-transparent-header-meta":"default","adv-header-id-meta":"","stick-header-meta":"","header-above-stick-meta":"","header-main-stick-meta":"","header-below-stick-meta":"","astra-migrate-meta-layouts":"set","ast-page-background-enabled":"default","ast-page-background-meta":{"desktop":{"background-color":"","background-image":"","background-repeat":"repeat","background-position":"center center","background-size":"auto","background-attachment":"scroll","background-type":"","background-media":"","overlay-type":"","overlay-color":"","overlay-opacity":"","overlay-gradient":""},"tablet":{"background-color":"","background-image":"","background-repeat":"repeat","background-position":"center center","background-size":"auto","background-attachment":"scroll","background-type":"","background-media":"","overlay-type":"","overlay-color":"","overlay-opacity":"","overlay-gradient":""},"mobile":{"background-color":"","background-image":"","background-repeat":"repeat","background-position":"center center","background-size":"auto","background-attachment":"scroll","background-type":"","background-media":"","overlay-type":"","overlay-color":"","overlay-opacity":"","overlay-gradient":""}},"ast-content-background-meta":{"desktop":{"background-color":"var(--ast-global-color-5)","background-image":"","background-repeat":"repeat","background-position":"center center","background-size":"auto","background-attachment":"scroll","background-type":"","background-media":"","overlay-type":"","overlay-color":"","overlay-opacity":"","overlay-gradient":""},"tablet":{"background-color":"var(--ast-global-color-5)","background-image":"","background-repeat":"repeat","background-position":"center center","background-size":"auto","background-attachment":"scroll","background-type":"","background-media":"","overlay-type":"","overlay-color":"","overlay-opacity":"","overlay-gradient":""},"mobile":{"background-color":"var(--ast-global-color-5)","background-image":"","background-repeat":"repeat","background-position":"center center","background-size":"auto","background-attachment":"scroll","background-type":"","background-media":"","overlay-type":"","overlay-color":"","overlay-opacity":"","overlay-gradient":""}}},"product_brand":[],"product_cat":[600,601,617,610,615],"product_tag":[],"class_list":{"0":"post-21783","1":"product","2":"type-product","3":"status-publish","4":"has-post-thumbnail","6":"product_cat-eteriskas-ellas","7":"product_cat-eterisko-ellu-maisijumi","8":"product_cat-gaisa-attirisana","9":"product_cat-imunitates-stiprinasanai","10":"product_cat-no-odiem-un-ercem","11":"desktop-align-left","12":"tablet-align-left","13":"mobile-align-left","15":"first","16":"instock","17":"taxable","18":"shipping-taxable","19":"purchasable","20":"product-type-simple"},"_links":{"self":[{"href":"https:\/\/mamaterra.lt\/lv\/wp-json\/wp\/v2\/product\/21783","targetHints":{"allow":["GET"]}}],"collection":[{"href":"https:\/\/mamaterra.lt\/lv\/wp-json\/wp\/v2\/product"}],"about":[{"href":"https:\/\/mamaterra.lt\/lv\/wp-json\/wp\/v2\/types\/product"}],"wp:featuredmedia":[{"embeddable":true,"href":"https:\/\/mamaterra.lt\/lv\/wp-json\/wp\/v2\/media\/17591"}],"wp:attachment":[{"href":"https:\/\/mamaterra.lt\/lv\/wp-json\/wp\/v2\/media?parent=21783"}],"wp:term":[{"taxonomy":"product_brand","embeddable":true,"href":"https:\/\/mamaterra.lt\/lv\/wp-json\/wp\/v2\/product_brand?post=21783"},{"taxonomy":"product_cat","embeddable":true,"href":"https:\/\/mamaterra.lt\/lv\/wp-json\/wp\/v2\/product_cat?post=21783"},{"taxonomy":"product_tag","embeddable":true,"href":"https:\/\/mamaterra.lt\/lv\/wp-json\/wp\/v2\/product_tag?post=21783"}],"curies":[{"name":"wp","href":"https:\/\/api.w.org\/{rel}","templated":true}]}}