{"id":21592,"date":"2024-02-23T21:32:35","date_gmt":"2024-02-23T20:32:35","guid":{"rendered":"https:\/\/mamaterra.lt\/parduotuve\/uncategorized\/doterra-citrus-spring-15ml\/"},"modified":"2024-03-07T20:43:55","modified_gmt":"2024-03-07T19:43:55","slug":"doterra-citrus-spring-15ml","status":"publish","type":"product","link":"https:\/\/mamaterra.lt\/lv\/parduotuve\/eteriskas-ellas\/eterisko-ellu-maisijumi\/doterra-citrus-spring-15ml\/","title":{"rendered":"doTERRA Citrus Spring 15ml"},"content":{"rendered":"<h6 class=\"spotlight__head-title\">Citrus Spring<\/h6>\n<h6 class=\"spotlight__head-latin-title\">Zied\u0113\u0161anas mais\u012bjums<\/h6>\n<div class=\"spotlight__head-copy\">\n<p>Pavasaris atnes pasaul\u0113 jaunu dz\u012bv\u012bbu un ener\u0123iju. Sp\u012bd saule, dzied putni, zied koki un d\u0101rzi. L\u012bdz\u012bgi ar\u012b doTERRA Citrus Citrus Spring Blooming Blend ir ide\u0101ls mais\u012bjums, kas pal\u012bdz\u0113s jums sagaid\u012bt jaunus gadalaikus sav\u0101 dz\u012bv\u0113. \u0160is nomierino\u0161ais un relaks\u0113jo\u0161ais mais\u012bjums var pal\u012bdz\u0113t rad\u012bt pozit\u012bvu vidi un noska\u0146ojumu, lietojot to lok\u0101li. T\u0101 arom\u0101ts atg\u0101dina svaigu pavasara dienu ar citrusaug\u013cu un saldo ziedu nokr\u0101su. doTERRA Citrus Spring apvieno CPTG\u2122 savva\u013cas apels\u012bna, lavandas, bergamotes, dugl\u0101zijas egles, ciedra koka, salvijas un litseja \u0113terisk\u0101s e\u013c\u013cas, kas paz\u012bstamas ar sav\u0101m unik\u0101laj\u0101m priek\u0161roc\u012bb\u0101m. S\u0101ciet svaigu ikdienu ar doTERRA Citrus Spring!<\/p>\n<ul class=\"spotlight__list-custom custom-list\">\n<li>Katru r\u012btu uzkl\u0101j lok\u0101li, lai sagaid\u012btu jauno dienu.<br \/>\nLietojiet pirms gul\u0113tie\u0161anas vai k\u0101 da\u013cu no relaks\u0101cijas rut\u012bnas, lai veicin\u0101tu pozit\u012bvismu un mieru.<br \/>\nSajauciet ar frakcion\u0113tu kokosriekstu e\u013c\u013cu vai losjonu bez smar\u017eas un izmantojiet relaks\u0113jo\u0161as mas\u0101\u017eas laik\u0101.<br \/>\nLieto\u0161anas nor\u0101d\u012bjumi<br \/>\nMas\u0101\u017eai 5 pilienus samaisiet ar \u2248 10 ml nes\u0113je\u013c\u013cas. Vannai 5 pilienus sajauciet ar \u2248 5 ml nes\u0113je\u013c\u013cas. Parfim\u0113\u0161anai 1 pilienu sajauc ar 10 pilieniem nes\u0113je\u013c\u013cas. Tikai lok\u0101lai lieto\u0161anai.<br \/>\nBr\u012bdin\u0101jumi<br \/>\nIesp\u0113jama \u0101das jut\u012bba. Glab\u0101t b\u0113rniem nepieejam\u0101 viet\u0101. Gr\u016btniec\u012bbas vai \u0101rst\u0113\u0161an\u0101s gad\u012bjum\u0101 konsult\u0113ties ar \u0101rstu. Izvair\u012bties no acu, iek\u0161\u0113jo ausu un jut\u012bgu vietu apskates. P\u0113c lieto\u0161anas vismaz 12 stundas izvair\u012bties no saules gaismas un UV stariem.<\/li>\n<\/ul>\n<\/div>\n","protected":false},"excerpt":{"rendered":"<p>Lietojiet pirms gul\u0113tie\u0161anas vai k\u0101 da\u013cu no relaks\u0101cijas rut\u012bnas, lai veicin\u0101tu pozit\u012bvismu un mieru.Sajauciet ar frakcion\u0113tu kokosriekstu e\u013c\u013cu vai losjonu bez smar\u017eas un izmantojiet relaks\u0113jo\u0161as mas\u0101\u017eas laik\u0101..<\/p>\n","protected":false},"featured_media":23737,"template":"","meta":{"site-sidebar-layout":"default","site-content-layout":"","ast-site-content-layout":"default","site-content-style":"default","site-sidebar-style":"default","ast-global-header-display":"","ast-banner-title-visibility":"","ast-main-header-display":"","ast-hfb-above-header-display":"","ast-hfb-below-header-display":"","ast-hfb-mobile-header-display":"","site-post-title":"","ast-breadcrumbs-content":"","ast-featured-img":"","footer-sml-layout":"","ast-disable-related-posts":"","theme-transparent-header-meta":"","adv-header-id-meta":"","stick-header-meta":"","header-above-stick-meta":"","header-main-stick-meta":"","header-below-stick-meta":"","astra-migrate-meta-layouts":"set","ast-page-background-enabled":"default","ast-page-background-meta":{"desktop":{"background-color":"","background-image":"","background-repeat":"repeat","background-position":"center center","background-size":"auto","background-attachment":"scroll","background-type":"","background-media":"","overlay-type":"","overlay-color":"","overlay-opacity":"","overlay-gradient":""},"tablet":{"background-color":"","background-image":"","background-repeat":"repeat","background-position":"center center","background-size":"auto","background-attachment":"scroll","background-type":"","background-media":"","overlay-type":"","overlay-color":"","overlay-opacity":"","overlay-gradient":""},"mobile":{"background-color":"","background-image":"","background-repeat":"repeat","background-position":"center center","background-size":"auto","background-attachment":"scroll","background-type":"","background-media":"","overlay-type":"","overlay-color":"","overlay-opacity":"","overlay-gradient":""}},"ast-content-background-meta":{"desktop":{"background-color":"var(--ast-global-color-5)","background-image":"","background-repeat":"repeat","background-position":"center center","background-size":"auto","background-attachment":"scroll","background-type":"","background-media":"","overlay-type":"","overlay-color":"","overlay-opacity":"","overlay-gradient":""},"tablet":{"background-color":"var(--ast-global-color-5)","background-image":"","background-repeat":"repeat","background-position":"center center","background-size":"auto","background-attachment":"scroll","background-type":"","background-media":"","overlay-type":"","overlay-color":"","overlay-opacity":"","overlay-gradient":""},"mobile":{"background-color":"var(--ast-global-color-5)","background-image":"","background-repeat":"repeat","background-position":"center center","background-size":"auto","background-attachment":"scroll","background-type":"","background-media":"","overlay-type":"","overlay-color":"","overlay-opacity":"","overlay-gradient":""}}},"product_brand":[],"product_cat":[600,601,613,618],"product_tag":[],"class_list":{"0":"post-21592","1":"product","2":"type-product","3":"status-publish","4":"has-post-thumbnail","6":"product_cat-eteriskas-ellas","7":"product_cat-eterisko-ellu-maisijumi","8":"product_cat-miegam","9":"product_cat-nomierinosas","10":"desktop-align-left","11":"tablet-align-left","12":"mobile-align-left","14":"first","15":"instock","16":"taxable","17":"shipping-taxable","18":"product-type-simple"},"_links":{"self":[{"href":"https:\/\/mamaterra.lt\/lv\/wp-json\/wp\/v2\/product\/21592","targetHints":{"allow":["GET"]}}],"collection":[{"href":"https:\/\/mamaterra.lt\/lv\/wp-json\/wp\/v2\/product"}],"about":[{"href":"https:\/\/mamaterra.lt\/lv\/wp-json\/wp\/v2\/types\/product"}],"wp:featuredmedia":[{"embeddable":true,"href":"https:\/\/mamaterra.lt\/lv\/wp-json\/wp\/v2\/media\/23737"}],"wp:attachment":[{"href":"https:\/\/mamaterra.lt\/lv\/wp-json\/wp\/v2\/media?parent=21592"}],"wp:term":[{"taxonomy":"product_brand","embeddable":true,"href":"https:\/\/mamaterra.lt\/lv\/wp-json\/wp\/v2\/product_brand?post=21592"},{"taxonomy":"product_cat","embeddable":true,"href":"https:\/\/mamaterra.lt\/lv\/wp-json\/wp\/v2\/product_cat?post=21592"},{"taxonomy":"product_tag","embeddable":true,"href":"https:\/\/mamaterra.lt\/lv\/wp-json\/wp\/v2\/product_tag?post=21592"}],"curies":[{"name":"wp","href":"https:\/\/api.w.org\/{rel}","templated":true}]}}