{"id":21307,"date":"2024-01-31T19:33:45","date_gmt":"2024-01-31T18:33:45","guid":{"rendered":"https:\/\/mamaterra.lt\/parduotuve\/uncategorized\/doterra-kudikiu-prieziuros-rinkinys-baby-care-set\/"},"modified":"2024-02-09T19:44:00","modified_gmt":"2024-02-09T18:44:00","slug":"doterra-mazulu-kopsanas-komplekts-baby-care-set","status":"publish","type":"product","link":"https:\/\/mamaterra.lt\/lv\/parduotuve\/higiena-un-adas-kopsana\/doterra-mazulu-kopsanas-komplekts-baby-care-set\/","title":{"rendered":"doTERRA mazu\u013cu kop\u0161anas komplekts (baby care set)"},"content":{"rendered":"<p>M\u012bliet un r\u016bp\u0113jieties par saviem mazajiem ar mazu\u013cu aksesu\u0101riem un izbaudiet jaunus ekskluz\u012bvus pied\u0101v\u0101jumus!<br \/>\nPirmo reizi Eirop\u0101 \u0161aj\u0101 kolekcij\u0101 ir iek\u013cauti favor\u012bti: d\u014dTERRA Baby Diaper Cream un d\u014dTERRA Baby Baby Hair and Body Wash, k\u0101 ar\u012b pirmo reizi pied\u0101v\u0101jums d\u014dTERRA Baby Lotion.<br \/>\nJ\u016bsu mazais sa\u0146ems ar\u012b ve\u013cas lupati\u0146as un musl\u012bna dr\u0101nas pied\u0101v\u0101jumu uz ierobe\u017eotu laiku, kas iepakotas aukli\u0146u maisi\u0146\u0101.<\/p>\n<p>Ieskauj savu mazuli ar maiguma un maiguma produktiem, kas veicina nomierino\u0161u vec\u0101ku un mazu\u013ca saikni.<\/p>\n","protected":false},"excerpt":{"rendered":"<p>d\u014dTERRA b\u0113rnu auti\u0146biks\u012b\u0161u kr\u0113ms un d\u014dTERRA Baby Baby matu un \u0137erme\u0146a mazg\u0101\u0161anas l\u012bdzeklis, k\u0101 ar\u012b pirmais d\u014dTERRA b\u0113rnu losjons.<br \/>\nJ\u016bsu mazais sa\u0146ems ar\u012b ve\u013cas lupati\u0146as un musl\u012bna dr\u0101nas pied\u0101v\u0101jumu uz ierobe\u017eotu laiku, kas iepakotas aukli\u0146u maisi\u0146\u0101.<\/p>\n","protected":false},"featured_media":23765,"template":"","meta":{"site-sidebar-layout":"default","site-content-layout":"","ast-site-content-layout":"default","site-content-style":"default","site-sidebar-style":"default","ast-global-header-display":"","ast-banner-title-visibility":"","ast-main-header-display":"","ast-hfb-above-header-display":"","ast-hfb-below-header-display":"","ast-hfb-mobile-header-display":"","site-post-title":"","ast-breadcrumbs-content":"","ast-featured-img":"","footer-sml-layout":"","ast-disable-related-posts":"","theme-transparent-header-meta":"","adv-header-id-meta":"","stick-header-meta":"","header-above-stick-meta":"","header-main-stick-meta":"","header-below-stick-meta":"","astra-migrate-meta-layouts":"set","ast-page-background-enabled":"default","ast-page-background-meta":{"desktop":{"background-color":"","background-image":"","background-repeat":"repeat","background-position":"center center","background-size":"auto","background-attachment":"scroll","background-type":"","background-media":"","overlay-type":"","overlay-color":"","overlay-opacity":"","overlay-gradient":""},"tablet":{"background-color":"","background-image":"","background-repeat":"repeat","background-position":"center center","background-size":"auto","background-attachment":"scroll","background-type":"","background-media":"","overlay-type":"","overlay-color":"","overlay-opacity":"","overlay-gradient":""},"mobile":{"background-color":"","background-image":"","background-repeat":"repeat","background-position":"center center","background-size":"auto","background-attachment":"scroll","background-type":"","background-media":"","overlay-type":"","overlay-color":"","overlay-opacity":"","overlay-gradient":""}},"ast-content-background-meta":{"desktop":{"background-color":"var(--ast-global-color-5)","background-image":"","background-repeat":"repeat","background-position":"center center","background-size":"auto","background-attachment":"scroll","background-type":"","background-media":"","overlay-type":"","overlay-color":"","overlay-opacity":"","overlay-gradient":""},"tablet":{"background-color":"var(--ast-global-color-5)","background-image":"","background-repeat":"repeat","background-position":"center center","background-size":"auto","background-attachment":"scroll","background-type":"","background-media":"","overlay-type":"","overlay-color":"","overlay-opacity":"","overlay-gradient":""},"mobile":{"background-color":"var(--ast-global-color-5)","background-image":"","background-repeat":"repeat","background-position":"center center","background-size":"auto","background-attachment":"scroll","background-type":"","background-media":"","overlay-type":"","overlay-color":"","overlay-opacity":"","overlay-gradient":""}}},"product_brand":[],"product_cat":[619,604],"product_tag":[3535,3536,3537,654,3538,3539,3540,644,3541],"class_list":{"0":"post-21307","1":"product","2":"type-product","3":"status-publish","4":"has-post-thumbnail","6":"product_cat-berniem","7":"product_cat-higiena-un-adas-kopsana","8":"product_tag-baby-lv","9":"product_tag-baby-lotion-lv","10":"product_tag-babyset-lv","11":"product_tag-berniem","12":"product_tag-kremas-nuo-issutimu-lv","13":"product_tag-kudikiams-lv","14":"product_tag-kudikiusampunas-lv","15":"product_tag-mazgasanas-lidzeklis","16":"product_tag-sauskelniu-kremas-lv","17":"desktop-align-left","18":"tablet-align-left","19":"mobile-align-left","21":"first","22":"instock","23":"taxable","24":"shipping-taxable","25":"product-type-simple"},"_links":{"self":[{"href":"https:\/\/mamaterra.lt\/lv\/wp-json\/wp\/v2\/product\/21307","targetHints":{"allow":["GET"]}}],"collection":[{"href":"https:\/\/mamaterra.lt\/lv\/wp-json\/wp\/v2\/product"}],"about":[{"href":"https:\/\/mamaterra.lt\/lv\/wp-json\/wp\/v2\/types\/product"}],"wp:featuredmedia":[{"embeddable":true,"href":"https:\/\/mamaterra.lt\/lv\/wp-json\/wp\/v2\/media\/23765"}],"wp:attachment":[{"href":"https:\/\/mamaterra.lt\/lv\/wp-json\/wp\/v2\/media?parent=21307"}],"wp:term":[{"taxonomy":"product_brand","embeddable":true,"href":"https:\/\/mamaterra.lt\/lv\/wp-json\/wp\/v2\/product_brand?post=21307"},{"taxonomy":"product_cat","embeddable":true,"href":"https:\/\/mamaterra.lt\/lv\/wp-json\/wp\/v2\/product_cat?post=21307"},{"taxonomy":"product_tag","embeddable":true,"href":"https:\/\/mamaterra.lt\/lv\/wp-json\/wp\/v2\/product_tag?post=21307"}],"curies":[{"name":"wp","href":"https:\/\/api.w.org\/{rel}","templated":true}]}}