{"id":21265,"date":"2024-01-31T19:48:51","date_gmt":"2024-01-31T18:48:51","guid":{"rendered":"https:\/\/mamaterra.lt\/parduotuve\/uncategorized\/doterra-kremas-nuo-issutimu-kudikiams-baby-diaper-cream\/"},"modified":"2024-02-10T19:58:50","modified_gmt":"2024-02-10T18:58:50","slug":"doterra-baby-diaper-krems","status":"publish","type":"product","link":"https:\/\/mamaterra.lt\/lv\/parduotuve\/higiena-un-adas-kopsana\/doterra-baby-diaper-krems\/","title":{"rendered":"doTERRA Baby Diaper kr\u0113ms"},"content":{"rendered":"<p>Dro\u0161s un efekt\u012bvs doTERRA Baby Bumps kr\u0113ms viegli kl\u0101jas uz jut\u012bgas \u0101das, lai dzied\u0113tu, nomierin\u0101tu un nov\u0113rstu \u0101das boj\u0101jumus. doTERRA Baby Bumps kr\u0113ms satur CPTG\u2122 lavandas, burk\u0101nu s\u0113klu un t\u0113jas koka \u0113terisk\u0101s e\u013c\u013cas, kas nomierina \u0101du un pie\u0161\u0137ir tai vesel\u012bgu izskatu. Tas ir ar\u012b bag\u0101ts ar Muyao Shea sviestu, kas mitrina \u0101du un padara to m\u012bkstu un gludu. Aizsarg\u0101jiet savus mazu\u013cus ar \u0161o maigo kr\u0113mu, kas \u012bpa\u0161i izstr\u0101d\u0101ts jut\u012bgai b\u0113rnu \u0101dai.<\/p>\n<p>T\u012brais Muyao Shea sviests no Austrum\u0101frikas pal\u012bdz saglab\u0101t \u0101das mitrumu.<br \/>\nCPTG lavandas, burk\u0101nu s\u0113klu un t\u0113jas koka \u0113terisk\u0101s e\u013c\u013cas nomierina \u0101du, nodro\u0161inot vesel\u012bgu izskatu.<br \/>\nViegli ies\u016bcas jut\u012bg\u0101 \u0101d\u0101, lai dzied\u0113tu, nomierin\u0101tu un nov\u0113rstu \u0101das boj\u0101jumus.<br \/>\nR\u016bp\u012bgi izstr\u0101d\u0101ts z\u012bdai\u0146u jut\u012bgai \u0101dai.<br \/>\nLieto\u0161ana<br \/>\nLietojiet k\u0101 maigu alternat\u012bvu saspr\u0113g\u0101ju\u0161as \u0101das nomierin\u0101\u0161anai.<br \/>\nLietojiet p\u0113c mazu\u013ca mazg\u0101\u0161anas pirms gul\u0113tie\u0161anas, lai nomierin\u0101tu jut\u012bgu \u0101du.<br \/>\nLieto mazu\u013ciem un vec\u0101kiem b\u0113rniem k\u0101 maigu alternat\u012bvu citiem losjoniem un kr\u0113miem.<br \/>\nLietojiet kop\u0101 ar citiem doTERRA Baby produktiem, lai sasniegtu vislab\u0101kos rezult\u0101tus.<\/p>\n<p>Lieto\u0161anas instrukcija<br \/>\nNekav\u0113joties nomainiet slapj\u0101s vai net\u012br\u0101s auti\u0146biks\u012btes, not\u012briet apak\u0161u un \u013caujiet tai no\u017e\u016bt. Uzkl\u0101jiet kr\u0113mu katru reizi, mainot auti\u0146biks\u012btes.<br \/>\nPiesardz\u012bbas pas\u0101kumi<\/p>\n<p>Tikai \u0101r\u012bgai lieto\u0161anai.<br \/>\nIzvairieties no saskares ar ac\u012bm. Uzglab\u0101t b\u0113rniem nepieejam\u0101 viet\u0101. Uzglab\u0101t 20-25 \u00b0C temperat\u016br\u0101. Nelietot, ja ir boj\u0101ts kvalit\u0101tes bl\u012bv\u0113jums<\/p>\n","protected":false},"excerpt":{"rendered":"<p>60 g<\/p>\n<ul class=\"spotlight__list-custom custom-list\">\n<li>Grynas \u201eMuyao\u201c sviestmed\u017ei\u0173 sviestas i\u0161 Ryt\u0173 Afrikos padeda palaikyti odos dr\u0117gm\u0119<\/li>\n<li>CPTG levand\u0173, mork\u0173 s\u0117kl\u0173 ir arbatmed\u017ei\u0173 eteriniai aliejai ramina od\u0105 ir suteikia jai sveik\u0105 i\u0161vaizd\u0105.<\/li>\n<li>Lengvai susigeria \u012f jautri\u0105 od\u0105, gydo, ramina ir neleid\u017eia atsirasti i\u0161\u0161utimams<\/li>\n<li>R\u016bpestingai sukurtas jautriai k\u016bdiki\u0173 odai<\/li>\n<\/ul>\n","protected":false},"featured_media":23772,"template":"","meta":{"site-sidebar-layout":"default","site-content-layout":"","ast-site-content-layout":"default","site-content-style":"default","site-sidebar-style":"default","ast-global-header-display":"","ast-banner-title-visibility":"","ast-main-header-display":"","ast-hfb-above-header-display":"","ast-hfb-below-header-display":"","ast-hfb-mobile-header-display":"","site-post-title":"","ast-breadcrumbs-content":"","ast-featured-img":"","footer-sml-layout":"","ast-disable-related-posts":"","theme-transparent-header-meta":"","adv-header-id-meta":"","stick-header-meta":"","header-above-stick-meta":"","header-main-stick-meta":"","header-below-stick-meta":"","astra-migrate-meta-layouts":"set","ast-page-background-enabled":"default","ast-page-background-meta":{"desktop":{"background-color":"","background-image":"","background-repeat":"repeat","background-position":"center center","background-size":"auto","background-attachment":"scroll","background-type":"","background-media":"","overlay-type":"","overlay-color":"","overlay-opacity":"","overlay-gradient":""},"tablet":{"background-color":"","background-image":"","background-repeat":"repeat","background-position":"center center","background-size":"auto","background-attachment":"scroll","background-type":"","background-media":"","overlay-type":"","overlay-color":"","overlay-opacity":"","overlay-gradient":""},"mobile":{"background-color":"","background-image":"","background-repeat":"repeat","background-position":"center center","background-size":"auto","background-attachment":"scroll","background-type":"","background-media":"","overlay-type":"","overlay-color":"","overlay-opacity":"","overlay-gradient":""}},"ast-content-background-meta":{"desktop":{"background-color":"var(--ast-global-color-5)","background-image":"","background-repeat":"repeat","background-position":"center center","background-size":"auto","background-attachment":"scroll","background-type":"","background-media":"","overlay-type":"","overlay-color":"","overlay-opacity":"","overlay-gradient":""},"tablet":{"background-color":"var(--ast-global-color-5)","background-image":"","background-repeat":"repeat","background-position":"center center","background-size":"auto","background-attachment":"scroll","background-type":"","background-media":"","overlay-type":"","overlay-color":"","overlay-opacity":"","overlay-gradient":""},"mobile":{"background-color":"var(--ast-global-color-5)","background-image":"","background-repeat":"repeat","background-position":"center center","background-size":"auto","background-attachment":"scroll","background-type":"","background-media":"","overlay-type":"","overlay-color":"","overlay-opacity":"","overlay-gradient":""}}},"product_brand":[],"product_cat":[619,604],"product_tag":[],"class_list":{"0":"post-21265","1":"product","2":"type-product","3":"status-publish","4":"has-post-thumbnail","6":"product_cat-berniem","7":"product_cat-higiena-un-adas-kopsana","8":"desktop-align-left","9":"tablet-align-left","10":"mobile-align-left","12":"first","13":"instock","14":"taxable","15":"shipping-taxable","16":"product-type-simple"},"_links":{"self":[{"href":"https:\/\/mamaterra.lt\/lv\/wp-json\/wp\/v2\/product\/21265","targetHints":{"allow":["GET"]}}],"collection":[{"href":"https:\/\/mamaterra.lt\/lv\/wp-json\/wp\/v2\/product"}],"about":[{"href":"https:\/\/mamaterra.lt\/lv\/wp-json\/wp\/v2\/types\/product"}],"wp:featuredmedia":[{"embeddable":true,"href":"https:\/\/mamaterra.lt\/lv\/wp-json\/wp\/v2\/media\/23772"}],"wp:attachment":[{"href":"https:\/\/mamaterra.lt\/lv\/wp-json\/wp\/v2\/media?parent=21265"}],"wp:term":[{"taxonomy":"product_brand","embeddable":true,"href":"https:\/\/mamaterra.lt\/lv\/wp-json\/wp\/v2\/product_brand?post=21265"},{"taxonomy":"product_cat","embeddable":true,"href":"https:\/\/mamaterra.lt\/lv\/wp-json\/wp\/v2\/product_cat?post=21265"},{"taxonomy":"product_tag","embeddable":true,"href":"https:\/\/mamaterra.lt\/lv\/wp-json\/wp\/v2\/product_tag?post=21265"}],"curies":[{"name":"wp","href":"https:\/\/api.w.org\/{rel}","templated":true}]}}