{"id":19316,"date":"2023-12-17T16:41:50","date_gmt":"2023-12-17T15:41:50","guid":{"rendered":"https:\/\/mamaterra.lt\/parduotuve\/uncategorized\/thai-priskoniu-misinys-15-ml\/"},"modified":"2023-12-17T16:54:23","modified_gmt":"2023-12-17T15:54:23","slug":"thai-priskoniu-misinys-15-ml","status":"publish","type":"product","link":"https:\/\/mamaterra.lt\/lv\/parduotuve\/eteriskas-ellas\/eterisko-ellu-maisijumi\/thai-priskoniu-misinys-15-ml\/","title":{"rendered":"THAI virtuves mais\u012bjums 15ml"},"content":{"rendered":"<p>&nbsp;<\/p>\n<p>Ar koriandra, galangas, romie\u0161u \u0137ime\u0146u, citronz\u0101les, za\u013c\u0101s piparm\u0113tras, kaf\u012bra laima, ingvera, bazilika un roz\u0101 piparu mais\u012bjumu kokosriekstu e\u013c\u013c\u0101 j\u016bsu virtuv\u0113 pagatavotie \u0113dieni k\u013c\u016bs par \u0113dieniem, kas konkur\u0113 ar Smaidu zemes lab\u0101kaj\u0101m gar\u0161\u0101m. Ide\u0101li piem\u0113rots n\u016bdel\u0113m, karija, ga\u013cai un zup\u0101m, Taizemes virtuves mais\u012bjums iemieso s\u0101\u013co, saldo, sk\u0101bo un aso gar\u0161u l\u012bdzsvaru, kas pie\u0161\u0137ir Taizemes \u0113dieniem to unik\u0101lo gar\u0161u.<\/p>\n<p>Uzglab\u0101t v\u0113s\u0101, saus\u0101 viet\u0101. Lietojiet tikai saska\u0146\u0101 ar nor\u0101d\u012bjumiem. Glab\u0101t b\u0113rniem nepieejam\u0101 viet\u0101<\/p>\n","protected":false},"excerpt":{"rendered":"<ul>\n<li>Ieg\u016bstiet v\u0113lamo gar\u0161u, s\u0101kot ar vienu l\u012bdz diviem pilieniem p\u0113c gar\u0161as<\/li>\n<li>Pievienojiet da\u017eus pilienus \u0113dieniem, piem\u0113ram, karijam un zupai.<\/li>\n<li>Pagatavojiet m\u0113rci n\u016bdel\u0113m vai ga\u013cai.<\/li>\n<li>Lai ieg\u016btu lab\u0101kos rezult\u0101tus, pievienojiet p\u0113c v\u0101r\u012b\u0161anas.<\/li>\n<\/ul>\n","protected":false},"featured_media":12227,"template":"","meta":{"site-sidebar-layout":"default","site-content-layout":"","ast-site-content-layout":"default","site-content-style":"default","site-sidebar-style":"default","ast-global-header-display":"","ast-banner-title-visibility":"","ast-main-header-display":"","ast-hfb-above-header-display":"","ast-hfb-below-header-display":"","ast-hfb-mobile-header-display":"","site-post-title":"","ast-breadcrumbs-content":"","ast-featured-img":"","footer-sml-layout":"","ast-disable-related-posts":"","theme-transparent-header-meta":"default","adv-header-id-meta":"","stick-header-meta":"","header-above-stick-meta":"","header-main-stick-meta":"","header-below-stick-meta":"","astra-migrate-meta-layouts":"set","ast-page-background-enabled":"default","ast-page-background-meta":{"desktop":{"background-color":"","background-image":"","background-repeat":"repeat","background-position":"center center","background-size":"auto","background-attachment":"scroll","background-type":"","background-media":"","overlay-type":"","overlay-color":"","overlay-opacity":"","overlay-gradient":""},"tablet":{"background-color":"","background-image":"","background-repeat":"repeat","background-position":"center center","background-size":"auto","background-attachment":"scroll","background-type":"","background-media":"","overlay-type":"","overlay-color":"","overlay-opacity":"","overlay-gradient":""},"mobile":{"background-color":"","background-image":"","background-repeat":"repeat","background-position":"center center","background-size":"auto","background-attachment":"scroll","background-type":"","background-media":"","overlay-type":"","overlay-color":"","overlay-opacity":"","overlay-gradient":""}},"ast-content-background-meta":{"desktop":{"background-color":"var(--ast-global-color-5)","background-image":"","background-repeat":"repeat","background-position":"center center","background-size":"auto","background-attachment":"scroll","background-type":"","background-media":"","overlay-type":"","overlay-color":"","overlay-opacity":"","overlay-gradient":""},"tablet":{"background-color":"var(--ast-global-color-5)","background-image":"","background-repeat":"repeat","background-position":"center center","background-size":"auto","background-attachment":"scroll","background-type":"","background-media":"","overlay-type":"","overlay-color":"","overlay-opacity":"","overlay-gradient":""},"mobile":{"background-color":"var(--ast-global-color-5)","background-image":"","background-repeat":"repeat","background-position":"center center","background-size":"auto","background-attachment":"scroll","background-type":"","background-media":"","overlay-type":"","overlay-color":"","overlay-opacity":"","overlay-gradient":""}}},"product_brand":[],"product_cat":[597,601],"product_tag":[],"class_list":{"0":"post-19316","1":"product","2":"type-product","3":"status-publish","4":"has-post-thumbnail","6":"product_cat-davanas","7":"product_cat-eterisko-ellu-maisijumi","8":"desktop-align-left","9":"tablet-align-left","10":"mobile-align-left","12":"first","13":"outofstock","14":"sale","15":"taxable","16":"shipping-taxable","17":"purchasable","18":"product-type-simple"},"_links":{"self":[{"href":"https:\/\/mamaterra.lt\/lv\/wp-json\/wp\/v2\/product\/19316","targetHints":{"allow":["GET"]}}],"collection":[{"href":"https:\/\/mamaterra.lt\/lv\/wp-json\/wp\/v2\/product"}],"about":[{"href":"https:\/\/mamaterra.lt\/lv\/wp-json\/wp\/v2\/types\/product"}],"wp:featuredmedia":[{"embeddable":true,"href":"https:\/\/mamaterra.lt\/lv\/wp-json\/wp\/v2\/media\/12227"}],"wp:attachment":[{"href":"https:\/\/mamaterra.lt\/lv\/wp-json\/wp\/v2\/media?parent=19316"}],"wp:term":[{"taxonomy":"product_brand","embeddable":true,"href":"https:\/\/mamaterra.lt\/lv\/wp-json\/wp\/v2\/product_brand?post=19316"},{"taxonomy":"product_cat","embeddable":true,"href":"https:\/\/mamaterra.lt\/lv\/wp-json\/wp\/v2\/product_cat?post=19316"},{"taxonomy":"product_tag","embeddable":true,"href":"https:\/\/mamaterra.lt\/lv\/wp-json\/wp\/v2\/product_tag?post=19316"}],"curies":[{"name":"wp","href":"https:\/\/api.w.org\/{rel}","templated":true}]}}