{"id":19231,"date":"2023-12-02T21:16:39","date_gmt":"2023-12-02T20:16:39","guid":{"rendered":"https:\/\/mamaterra.lt\/parduotuve\/uncategorized\/doterra-glow-diffuser-difuzorius-ir-hygge-15-ml\/"},"modified":"2024-01-20T20:34:12","modified_gmt":"2024-01-20T19:34:12","slug":"doterra-glow-diffuser-difuzorius-ir-hygge-15-ml","status":"publish","type":"product","link":"https:\/\/mamaterra.lt\/lv\/parduotuve\/eteriskas-ellas\/eterisko-ellu-maisijumi\/doterra-glow-diffuser-difuzorius-ir-hygge-15-ml\/","title":{"rendered":"doTERRA\u2122 Glow Diffuser un Hygge (15 ml)"},"content":{"rendered":"<h5 class=\"spotlight__head-title\">doTERRA\u2122 Glow Diffuser un Hygge (15 ml)<\/h5>\n<div class=\"spotlight__head-copy\">\n<p>Padariet savu dz\u012bvi m\u0101j\u012bgu ar ekskluz\u012bvo Hygge un Glow difuzora mais\u012bjumu. \u0160o kombin\u0101ciju iedvesmojis d\u0101\u0146u j\u0113dziens hygge, kas raksturo visu, kas ir m\u0101j\u012bgs.<\/p>\n<h3 class=\"spotlight__foot-block-title\">Produkta \u012bpa\u0161\u012bbas<\/h3>\n<div class=\"spotlight__foot-block-content\">\n<ul class=\"spotlight__list-custom custom-list\">\n<li>L\u012bdz pat 10 stund\u0101m iztvaiko, pie\u0161\u0137irot jebkurai videi siltu, aicino\u0161u mirdzumu.<br \/>\nRegul\u0113jami siltas gaismas iestat\u012bjumi un mirgojo\u0161s sve\u010du gaismas efekts.<br \/>\nSkaists dizains ar ar rok\u0101m darin\u0101tu stikla virsmu un p\u012btu auklu.<br \/>\nNep\u0101rtraukta lieto\u0161ana: l\u012bdz 5 stund\u0101m.<br \/>\nPeriodiska lieto\u0161ana: l\u012bdz 10 stund\u0101m.<br \/>\nAutom\u0101tiska dro\u0161\u012bbas izsl\u0113g\u0161an\u0101s.<br \/>\nKomplekt\u0101 ir adapteris.<br \/>\n2 gadu garantija.<\/li>\n<\/ul>\n<div class=\"spotlight__foot-block-icons\">\n<div class=\"body-system-list\">\n<div class=\"body-system-list__item\">\n<div class=\"body-system-list__item-img\">\n<div class=\"span icon--relaxation icon--xl\">\n<h3 class=\"product-uses__block-title\">Izmanto\u0161ana<\/h3>\n<div class=\"product-uses__block-list\">\n<ul class=\"custom-list\">\n<li>Izmantojiet t\u012bru kr\u0101na \u016bdeni istabas temperat\u016br\u0101. P\u0101rliecinieties, ka \u016bdens l\u012bmenis nep\u0101rsniedz atz\u012bmi.<br \/>\nPievienojiet 5-10 pilienus \u0113terisk\u0101s e\u013c\u013cas.<br \/>\n* Br\u012bdin\u0101jumus un nor\u0101d\u012bjumus var atrast difuzora lieto\u0161anas pam\u0101c\u012bb\u0101.<\/li>\n<\/ul>\n<\/div>\n<div class=\"product-uses__cautions\">\n<h3 class=\"product-uses__block-title\">Difuzora t\u012br\u012b\u0161ana<\/h3>\n<div class=\"product-uses__cautions-body\">\n<p>Vismaz divas reizes ned\u0113\u013c\u0101 izt\u012briet \u016bdens tvertni un tvaika padevi. T\u012br\u012b\u0161anai izmantojiet kokvilnas dr\u0101nu un neitr\u0101lu t\u012br\u012b\u0161anas l\u012bdzekli. Noskalojiet ar t\u012bru \u016bdeni un nosusiniet ar dr\u0101nu.<\/p>\n<\/div>\n<\/div>\n<\/div>\n<\/div>\n<div class=\"body-system-list__item-label\"><\/div>\n<\/div>\n<\/div>\n<\/div>\n<\/div>\n<\/div>\n","protected":false},"excerpt":{"rendered":"<p>P\u0101rv\u0113rtiet savas m\u0101jas par mier\u012bgu sv\u0113tn\u012bcu ar doTERRA Glow difuzoru. D\u0101\u0146u kult\u016br\u0101 ar j\u0113dzienu hygge apz\u012bm\u0113 m\u0101j\u012bgu saj\u016btu, kad cilv\u0113ks ir apmierin\u0101ts ar dz\u012bvi un j\u016btas \u0113rti. \u0160is j\u0113dziens iedvesmoja doTERRA Glow difuzoru, kura virsma ir izgatavota no mat\u0113ta stikla un kura mier\u012bg\u0101 mirgojo\u0161\u0101 gaisma pie\u0161\u0137ir siltu vitalit\u0101ti jebkurai videi. Lai ko jums noz\u012bm\u0113tu &#8220;hygge&#8221;, \u0161is difuzors var pal\u012bdz\u0113t to rad\u012bt.<\/p>\n<p>Izm\u0113ri: 15 x 15 x 12,2 cm. T\u012br\u012b\u0161anas nor\u0101d\u012bjumus skatiet difuzora lieto\u0161anas pam\u0101c\u012bb\u0101.<\/p>\n","protected":false},"featured_media":23686,"template":"","meta":{"site-sidebar-layout":"default","site-content-layout":"","ast-site-content-layout":"default","site-content-style":"default","site-sidebar-style":"default","ast-global-header-display":"","ast-banner-title-visibility":"","ast-main-header-display":"","ast-hfb-above-header-display":"","ast-hfb-below-header-display":"","ast-hfb-mobile-header-display":"","site-post-title":"","ast-breadcrumbs-content":"","ast-featured-img":"","footer-sml-layout":"","ast-disable-related-posts":"","theme-transparent-header-meta":"default","adv-header-id-meta":"","stick-header-meta":"","header-above-stick-meta":"","header-main-stick-meta":"","header-below-stick-meta":"","astra-migrate-meta-layouts":"set","ast-page-background-enabled":"default","ast-page-background-meta":{"desktop":{"background-color":"","background-image":"","background-repeat":"repeat","background-position":"center center","background-size":"auto","background-attachment":"scroll","background-type":"","background-media":"","overlay-type":"","overlay-color":"","overlay-opacity":"","overlay-gradient":""},"tablet":{"background-color":"","background-image":"","background-repeat":"repeat","background-position":"center center","background-size":"auto","background-attachment":"scroll","background-type":"","background-media":"","overlay-type":"","overlay-color":"","overlay-opacity":"","overlay-gradient":""},"mobile":{"background-color":"","background-image":"","background-repeat":"repeat","background-position":"center center","background-size":"auto","background-attachment":"scroll","background-type":"","background-media":"","overlay-type":"","overlay-color":"","overlay-opacity":"","overlay-gradient":""}},"ast-content-background-meta":{"desktop":{"background-color":"var(--ast-global-color-5)","background-image":"","background-repeat":"repeat","background-position":"center center","background-size":"auto","background-attachment":"scroll","background-type":"","background-media":"","overlay-type":"","overlay-color":"","overlay-opacity":"","overlay-gradient":""},"tablet":{"background-color":"var(--ast-global-color-5)","background-image":"","background-repeat":"repeat","background-position":"center center","background-size":"auto","background-attachment":"scroll","background-type":"","background-media":"","overlay-type":"","overlay-color":"","overlay-opacity":"","overlay-gradient":""},"mobile":{"background-color":"var(--ast-global-color-5)","background-image":"","background-repeat":"repeat","background-position":"center center","background-size":"auto","background-attachment":"scroll","background-type":"","background-media":"","overlay-type":"","overlay-color":"","overlay-opacity":"","overlay-gradient":""}}},"product_brand":[],"product_cat":[597,598,599,596,601,613,618],"product_tag":[],"class_list":{"0":"post-19231","1":"product","2":"type-product","3":"status-publish","4":"has-post-thumbnail","6":"product_cat-davanas","7":"product_cat-davanas-sievietem","8":"product_cat-davanas-viriesiem","9":"product_cat-difuzori","10":"product_cat-eterisko-ellu-maisijumi","11":"product_cat-miegam","12":"product_cat-nomierinosas","13":"desktop-align-left","14":"tablet-align-left","15":"mobile-align-left","17":"first","18":"outofstock","19":"sold-individually","20":"taxable","21":"shipping-taxable","22":"purchasable","23":"product-type-simple"},"_links":{"self":[{"href":"https:\/\/mamaterra.lt\/lv\/wp-json\/wp\/v2\/product\/19231","targetHints":{"allow":["GET"]}}],"collection":[{"href":"https:\/\/mamaterra.lt\/lv\/wp-json\/wp\/v2\/product"}],"about":[{"href":"https:\/\/mamaterra.lt\/lv\/wp-json\/wp\/v2\/types\/product"}],"wp:featuredmedia":[{"embeddable":true,"href":"https:\/\/mamaterra.lt\/lv\/wp-json\/wp\/v2\/media\/23686"}],"wp:attachment":[{"href":"https:\/\/mamaterra.lt\/lv\/wp-json\/wp\/v2\/media?parent=19231"}],"wp:term":[{"taxonomy":"product_brand","embeddable":true,"href":"https:\/\/mamaterra.lt\/lv\/wp-json\/wp\/v2\/product_brand?post=19231"},{"taxonomy":"product_cat","embeddable":true,"href":"https:\/\/mamaterra.lt\/lv\/wp-json\/wp\/v2\/product_cat?post=19231"},{"taxonomy":"product_tag","embeddable":true,"href":"https:\/\/mamaterra.lt\/lv\/wp-json\/wp\/v2\/product_tag?post=19231"}],"curies":[{"name":"wp","href":"https:\/\/api.w.org\/{rel}","templated":true}]}}