{"id":19192,"date":"2023-11-23T21:42:57","date_gmt":"2023-11-23T20:42:57","guid":{"rendered":"https:\/\/mamaterra.lt\/parduotuve\/uncategorized\/doterra-niaouli-eteriska-ella-15-ml\/"},"modified":"2024-01-20T21:23:53","modified_gmt":"2024-01-20T20:23:53","slug":"doterra-niaouli-essential-oil-15-ml","status":"publish","type":"product","link":"https:\/\/mamaterra.lt\/lv\/parduotuve\/eteriskas-ellas\/tiras-eteriskas-ellas\/doterra-niaouli-essential-oil-15-ml\/","title":{"rendered":"doterra Niaouli \u0113terisk\u0101 e\u013c\u013ca 15 ml"},"content":{"rendered":"<h3 class=\"spotlight__head-title\">Niaoulis \u0113terisk\u0101 e\u013c\u013ca (piecc\u012b\u0146as mirte)<\/h3>\n<h3 class=\"spotlight__head-latin-title\">Melaleuca quinquenervia<\/h3>\n<div class=\"spotlight__head-copy\">\n<p>Piecu k\u0101ju mirte ir liels m\u016b\u017eza\u013c\u0161 koks, kura dzimtene ir Austr\u0101lija. \u0160o koku lapas aug l\u012bdz 13 cm garum\u0101, un ziedi, kas atrodas zaru galos, ir dzelten\u012bgi un atg\u0101dina mazus \u016bsas. \u0160\u012b koka neparast\u0101 izskata d\u0113\u013c cilv\u0113ki n\u0101ca klaj\u0101 ar daudziem nosaukumiem &#8211; vi\u0146i to sauc par koku ar pap\u012bra mizu vai pude\u013cu suku. Piecst\u016bra mirte ir t\u0113jas kokam l\u012bdz\u012bgs augs ar saldu koksnes arom\u0101tu. Sakar\u0101 ar eikalipta un monoterp\u0113nu kombin\u0101ciju sast\u0101v\u0101, \u0161ai \u0113teriskajai e\u013c\u013cai ir stimul\u0113jo\u0161a iedarb\u012bba. Niaoul \u0113terisk\u0101 e\u013c\u013ca, ko pla\u0161i izmanto da\u017e\u0101dos kosm\u0113tikas l\u012bdzek\u013cos, piem\u0113ram, losjonos, kr\u0113mos un ziep\u0113s, pal\u012bdz \u0101dai izskat\u012bties vesel\u012bgai un t\u012brai. \u0160\u012b e\u013c\u013ca, ko izmanto mas\u0101\u017eai, var pal\u012bdz\u0113t atsl\u0101bin\u0101ties noteikt\u0101s viet\u0101s.<\/p>\n<p>Vecaj\u0101s dien\u0101s viet\u0113jie Autralia iedz\u012bvot\u0101ji nov\u0113rt\u0113ja \u0161\u012bs e\u013c\u013cas dezinfekcijas \u012bpa\u0161\u012bbas un, kad par\u0101d\u012bj\u0101s \u0101das br\u016bces, kairin\u0101jumi vienk\u0101r\u0161i ievietoja lapas kairin\u0101juma viet\u0101.<\/p>\n<p>Pozit\u012bvi ietekm\u0113 ar\u012b elpce\u013cus, im\u016bnsist\u0113mu, \u0161\u016bnas re\u0123ener\u0101cijas procesu<\/p>\n<h3 class=\"product-uses__block-title\">Piesardz\u012bbas pas\u0101kumi<\/h3>\n<div class=\"product-uses__cautions-body\">\n<p>Var kairin\u0101t \u0101du. Uzglab\u0101t b\u0113rniem nepieejam\u0101 viet\u0101. Ja j\u016bs gaid\u0101t, barojat b\u0113rnu ar kr\u016bti vai slims, jums j\u0101konsult\u0113jas ar \u0101rstu. Neiek\u013c\u016bstiet ac\u012bs, iek\u0161\u0113j\u0101 aus\u012b, uz sejas un jut\u012bg\u0101s viet\u0101s.<\/p>\n<\/div>\n<\/div>\n","protected":false},"excerpt":{"rendered":"<p>Vecaj\u0101s dien\u0101s viet\u0113jie Autralia iedz\u012bvot\u0101ji nov\u0113rt\u0113ja \u0161\u012bs e\u013c\u013cas dezinfekcijas \u012bpa\u0161\u012bbas un, kad par\u0101d\u012bj\u0101s \u0101das br\u016bces, kairin\u0101jumi vienk\u0101r\u0161i ievietoja lapas kairin\u0101juma viet\u0101.<\/p>\n","protected":false},"featured_media":19188,"template":"","meta":{"site-sidebar-layout":"default","site-content-layout":"","ast-site-content-layout":"default","site-content-style":"default","site-sidebar-style":"default","ast-global-header-display":"","ast-banner-title-visibility":"","ast-main-header-display":"","ast-hfb-above-header-display":"","ast-hfb-below-header-display":"","ast-hfb-mobile-header-display":"","site-post-title":"","ast-breadcrumbs-content":"","ast-featured-img":"","footer-sml-layout":"","ast-disable-related-posts":"","theme-transparent-header-meta":"default","adv-header-id-meta":"","stick-header-meta":"","header-above-stick-meta":"","header-main-stick-meta":"","header-below-stick-meta":"","astra-migrate-meta-layouts":"set","ast-page-background-enabled":"default","ast-page-background-meta":{"desktop":{"background-color":"","background-image":"","background-repeat":"repeat","background-position":"center center","background-size":"auto","background-attachment":"scroll","background-type":"","background-media":"","overlay-type":"","overlay-color":"","overlay-opacity":"","overlay-gradient":""},"tablet":{"background-color":"","background-image":"","background-repeat":"repeat","background-position":"center center","background-size":"auto","background-attachment":"scroll","background-type":"","background-media":"","overlay-type":"","overlay-color":"","overlay-opacity":"","overlay-gradient":""},"mobile":{"background-color":"","background-image":"","background-repeat":"repeat","background-position":"center center","background-size":"auto","background-attachment":"scroll","background-type":"","background-media":"","overlay-type":"","overlay-color":"","overlay-opacity":"","overlay-gradient":""}},"ast-content-background-meta":{"desktop":{"background-color":"var(--ast-global-color-5)","background-image":"","background-repeat":"repeat","background-position":"center center","background-size":"auto","background-attachment":"scroll","background-type":"","background-media":"","overlay-type":"","overlay-color":"","overlay-opacity":"","overlay-gradient":""},"tablet":{"background-color":"var(--ast-global-color-5)","background-image":"","background-repeat":"repeat","background-position":"center center","background-size":"auto","background-attachment":"scroll","background-type":"","background-media":"","overlay-type":"","overlay-color":"","overlay-opacity":"","overlay-gradient":""},"mobile":{"background-color":"var(--ast-global-color-5)","background-image":"","background-repeat":"repeat","background-position":"center center","background-size":"auto","background-attachment":"scroll","background-type":"","background-media":"","overlay-type":"","overlay-color":"","overlay-opacity":"","overlay-gradient":""}}},"product_brand":[],"product_cat":[600,617,604,612,602],"product_tag":[],"class_list":{"0":"post-19192","1":"product","2":"type-product","3":"status-publish","4":"has-post-thumbnail","6":"product_cat-eteriskas-ellas","7":"product_cat-gaisa-attirisana","8":"product_cat-higiena-un-adas-kopsana","9":"product_cat-masazai","10":"product_cat-tiras-eteriskas-ellas","11":"desktop-align-left","12":"tablet-align-left","13":"mobile-align-left","15":"first","16":"outofstock","17":"sale","18":"taxable","19":"shipping-taxable","20":"purchasable","21":"product-type-simple"},"_links":{"self":[{"href":"https:\/\/mamaterra.lt\/lv\/wp-json\/wp\/v2\/product\/19192","targetHints":{"allow":["GET"]}}],"collection":[{"href":"https:\/\/mamaterra.lt\/lv\/wp-json\/wp\/v2\/product"}],"about":[{"href":"https:\/\/mamaterra.lt\/lv\/wp-json\/wp\/v2\/types\/product"}],"wp:featuredmedia":[{"embeddable":true,"href":"https:\/\/mamaterra.lt\/lv\/wp-json\/wp\/v2\/media\/19188"}],"wp:attachment":[{"href":"https:\/\/mamaterra.lt\/lv\/wp-json\/wp\/v2\/media?parent=19192"}],"wp:term":[{"taxonomy":"product_brand","embeddable":true,"href":"https:\/\/mamaterra.lt\/lv\/wp-json\/wp\/v2\/product_brand?post=19192"},{"taxonomy":"product_cat","embeddable":true,"href":"https:\/\/mamaterra.lt\/lv\/wp-json\/wp\/v2\/product_cat?post=19192"},{"taxonomy":"product_tag","embeddable":true,"href":"https:\/\/mamaterra.lt\/lv\/wp-json\/wp\/v2\/product_tag?post=19192"}],"curies":[{"name":"wp","href":"https:\/\/api.w.org\/{rel}","templated":true}]}}