{"id":19175,"date":"2023-11-21T20:13:21","date_gmt":"2023-11-21T19:13:21","guid":{"rendered":"https:\/\/mamaterra.lt\/parduotuve\/uncategorized\/doterra-tinted-lip-gloss\/"},"modified":"2024-02-10T11:17:52","modified_gmt":"2024-02-10T10:17:52","slug":"doterra-tonets-lupu-spidums","status":"publish","type":"product","link":"https:\/\/mamaterra.lt\/lv\/parduotuve\/davanas\/davanas-sievietem\/doterra-tonets-lupu-spidums\/","title":{"rendered":"doTERRA ton\u0113ts l\u016bpu sp\u012bdums"},"content":{"rendered":"<p>\u012apa\u0161i mitrino\u0161s ton\u0113ts l\u016bpu sp\u012bdums, kas papildin\u0101ts ar CPTG Certified Pure Tested Grade\u00ae Jap\u0101nas piparm\u0113tru, savva\u013cas apels\u012bnu un krustnagli\u0146u \u0113teriskaj\u0101m e\u013c\u013c\u0101m, pie\u0161\u0137ir l\u016bp\u0101m skaistu ingvera kr\u0101su un mirdzumu. \u0160is piparm\u0113tru sp\u012bdums, kas bag\u0101tin\u0101ts ar t\u0101du dab\u012bgu m\u012bkstino\u0161u vielu mais\u012bjumu k\u0101 jojobas esteri un saulespu\u0137u s\u0113klu e\u013c\u013ca, pie\u0161\u0137ir l\u016bp\u0101m bag\u0101t\u012bgu sp\u012bdumu, augstu mirdzumu un rasas mitrumu.<\/p>\n<p>Flakonam ir pievienots aplikators ar uzga\u013ca galu, kas nodro\u0161ina vienm\u0113r\u012bgu un gludu uzkl\u0101\u0161anu, un to var viegli uzglab\u0101t kosm\u0113tikas somi\u0146\u0101, rokassomi\u0146\u0101 vai kabat\u0101. \u0160is sp\u012bdums ir ide\u0101li piem\u0113rots ikdienas valk\u0101\u0161anai vai vakariem, jo nodro\u0161ina l\u016bpu gludumu un mitrumu.<\/p>\n<ul>\n<li>Nodro\u0161ina l\u016bp\u0101m sp\u012bdumu un mirdzumu.<\/li>\n<li>Pie\u0161\u0137ir siltu nokr\u0101su.<\/li>\n<li>Mitrina un izl\u012bdzina.<\/li>\n<li>Sast\u0101v no mitrino\u0161u m\u012bkstino\u0161u vielu mais\u012bjuma.<\/li>\n<\/ul>\n<p>&nbsp;<\/p>\n<p>Tikai \u0101r\u0113jai lieto\u0161anai. Glab\u0101t b\u0113rniem nepieejam\u0101 viet\u0101<\/p>\n","protected":false},"excerpt":{"rendered":"<p>\u012apa\u0161i mitrino\u0161s ton\u0113ts l\u016bpu sp\u012bdums, kas papildin\u0101ts ar CPTG Certified Pure Tested Grade\u00ae Jap\u0101nas piparm\u0113tru, savva\u013cas apels\u012bnu un krustnagli\u0146u \u0113teriskaj\u0101m e\u013c\u013c\u0101m, pie\u0161\u0137ir l\u016bp\u0101m skaistu ingvera kr\u0101su un mirdzumu.<\/p>\n","protected":false},"featured_media":19171,"template":"","meta":{"site-sidebar-layout":"default","site-content-layout":"","ast-site-content-layout":"default","site-content-style":"default","site-sidebar-style":"default","ast-global-header-display":"","ast-banner-title-visibility":"","ast-main-header-display":"","ast-hfb-above-header-display":"","ast-hfb-below-header-display":"","ast-hfb-mobile-header-display":"","site-post-title":"","ast-breadcrumbs-content":"","ast-featured-img":"","footer-sml-layout":"","ast-disable-related-posts":"","theme-transparent-header-meta":"default","adv-header-id-meta":"","stick-header-meta":"","header-above-stick-meta":"","header-main-stick-meta":"","header-below-stick-meta":"","astra-migrate-meta-layouts":"set","ast-page-background-enabled":"default","ast-page-background-meta":{"desktop":{"background-color":"","background-image":"","background-repeat":"repeat","background-position":"center center","background-size":"auto","background-attachment":"scroll","background-type":"","background-media":"","overlay-type":"","overlay-color":"","overlay-opacity":"","overlay-gradient":""},"tablet":{"background-color":"","background-image":"","background-repeat":"repeat","background-position":"center center","background-size":"auto","background-attachment":"scroll","background-type":"","background-media":"","overlay-type":"","overlay-color":"","overlay-opacity":"","overlay-gradient":""},"mobile":{"background-color":"","background-image":"","background-repeat":"repeat","background-position":"center center","background-size":"auto","background-attachment":"scroll","background-type":"","background-media":"","overlay-type":"","overlay-color":"","overlay-opacity":"","overlay-gradient":""}},"ast-content-background-meta":{"desktop":{"background-color":"var(--ast-global-color-5)","background-image":"","background-repeat":"repeat","background-position":"center center","background-size":"auto","background-attachment":"scroll","background-type":"","background-media":"","overlay-type":"","overlay-color":"","overlay-opacity":"","overlay-gradient":""},"tablet":{"background-color":"var(--ast-global-color-5)","background-image":"","background-repeat":"repeat","background-position":"center center","background-size":"auto","background-attachment":"scroll","background-type":"","background-media":"","overlay-type":"","overlay-color":"","overlay-opacity":"","overlay-gradient":""},"mobile":{"background-color":"var(--ast-global-color-5)","background-image":"","background-repeat":"repeat","background-position":"center center","background-size":"auto","background-attachment":"scroll","background-type":"","background-media":"","overlay-type":"","overlay-color":"","overlay-opacity":"","overlay-gradient":""}}},"product_brand":[],"product_cat":[597,598,614],"product_tag":[],"class_list":{"0":"post-19175","1":"product","2":"type-product","3":"status-publish","4":"has-post-thumbnail","6":"product_cat-davanas","7":"product_cat-davanas-sievietem","8":"product_cat-sievietem","9":"desktop-align-left","10":"tablet-align-left","11":"mobile-align-left","13":"first","14":"outofstock","15":"taxable","16":"shipping-taxable","17":"purchasable","18":"product-type-simple"},"_links":{"self":[{"href":"https:\/\/mamaterra.lt\/lv\/wp-json\/wp\/v2\/product\/19175","targetHints":{"allow":["GET"]}}],"collection":[{"href":"https:\/\/mamaterra.lt\/lv\/wp-json\/wp\/v2\/product"}],"about":[{"href":"https:\/\/mamaterra.lt\/lv\/wp-json\/wp\/v2\/types\/product"}],"wp:featuredmedia":[{"embeddable":true,"href":"https:\/\/mamaterra.lt\/lv\/wp-json\/wp\/v2\/media\/19171"}],"wp:attachment":[{"href":"https:\/\/mamaterra.lt\/lv\/wp-json\/wp\/v2\/media?parent=19175"}],"wp:term":[{"taxonomy":"product_brand","embeddable":true,"href":"https:\/\/mamaterra.lt\/lv\/wp-json\/wp\/v2\/product_brand?post=19175"},{"taxonomy":"product_cat","embeddable":true,"href":"https:\/\/mamaterra.lt\/lv\/wp-json\/wp\/v2\/product_cat?post=19175"},{"taxonomy":"product_tag","embeddable":true,"href":"https:\/\/mamaterra.lt\/lv\/wp-json\/wp\/v2\/product_tag?post=19175"}],"curies":[{"name":"wp","href":"https:\/\/api.w.org\/{rel}","templated":true}]}}