{"id":19133,"date":"2023-11-20T19:33:11","date_gmt":"2023-11-20T18:33:11","guid":{"rendered":"https:\/\/mamaterra.lt\/parduotuve\/uncategorized\/doterra-serenity-stick-valerian\/"},"modified":"2024-03-26T19:50:38","modified_gmt":"2024-03-26T18:50:38","slug":"doterra-serenity-stick-valerian","status":"publish","type":"product","link":"https:\/\/mamaterra.lt\/lv\/parduotuve\/eteriskas-ellas\/eterisko-ellu-maisijumi\/doterra-serenity-stick-valerian\/","title":{"rendered":"doTERRA Serenity Stick + Valerian"},"content":{"rendered":"<p>Gatavo\u0161an\u0101s gul\u0113t v\u0113l nekad nav bijusi tik \u0113rta k\u0101 ar doTERRA Serenity Stick + baldri\u0101ns \u0101tri uzs\u016bcas un vienm\u0113r\u012bgi uzkl\u0101j. doTERRA Serenity Restful Blend sast\u0101v\u0101 ir CPTG Certified Pure Tested Grade\u00ae lavandas \u0113terisk\u0101 e\u013c\u013ca, kas ir paz\u012bstama ar to, ka t\u0101 nomierina \u0101du, lietojot lok\u0101li, un vienlaikus nodro\u0161ina nomierino\u0161u, piezem\u0113jo\u0161u arom\u0101tu, kas veicina mier\u012bgu atp\u016btu. Lazdi\u0146\u0101 ir apvienots Atp\u016btas mais\u012bjums ar baldri\u0101na \u0113terisko e\u013c\u013cu, lai rad\u012btu relaks\u0113jo\u0161u gaisotni, ja to lieto kop\u0101 ar vesel\u012bgu miega higi\u0113nu.<\/p>\n<p>Lavanda<br \/>\nCiedru koks<br \/>\nbaldri\u0101na sakne<br \/>\nKoriandrs<br \/>\nYlang Ylang<br \/>\nMajor\u0101ns<br \/>\nRomas kumel\u012bte<br \/>\nSandalkoks<br \/>\nVetiveris<\/p>\n<p>DoTERRA Serenity Stick + Valerian nesatur parab\u0113nus, ftal\u0101tus un sint\u0113tiskas smar\u017evielas.<\/p>\n<h6>Izmanto<\/h6>\n<p>Gatavojoties atp\u016btai, p\u0113c vajadz\u012bbas uzkl\u0101jiet uz plaukstu loc\u012btavu iek\u0161puses, kakla aizmugures, kr\u016b\u0161kurvja un p\u0113du apak\u0161as.<\/p>\n<h6>Br\u012bdin\u0101jumi<\/h6>\n<p>Izvairieties no uzkl\u0101\u0161anas uz sejas. Izvair\u012bties no saskares ar ac\u012bm. Tikai \u0101r\u0113jai lieto\u0161anai. Ja rodas kairin\u0101jums, p\u0101rtrauciet lieto\u0161anu.<\/p>\n<p>&nbsp;<\/p>\n","protected":false},"excerpt":{"rendered":"<ul>\n<li>\u0112rt\u0101 veid\u0101 pieg\u0101d\u0101 baldri\u0101na \u0113terisko e\u013c\u013cu un doTERRA Serenity Restful Blend, kas nodro\u0161ina nomierino\u0161u, nomierino\u0161u arom\u0101tu, lietojot lok\u0101li.<\/li>\n<li>Gludi uzkl\u0101j bez taukainiem atlikumiem.<\/li>\n<li>Nesatur parab\u0113nus, ftal\u0101tus un sint\u0113tiskas smar\u017evielas.<\/li>\n<\/ul>\n","protected":false},"featured_media":19124,"template":"","meta":{"site-sidebar-layout":"default","site-content-layout":"","ast-site-content-layout":"default","site-content-style":"default","site-sidebar-style":"default","ast-global-header-display":"","ast-banner-title-visibility":"","ast-main-header-display":"","ast-hfb-above-header-display":"","ast-hfb-below-header-display":"","ast-hfb-mobile-header-display":"","site-post-title":"","ast-breadcrumbs-content":"","ast-featured-img":"","footer-sml-layout":"","ast-disable-related-posts":"","theme-transparent-header-meta":"","adv-header-id-meta":"","stick-header-meta":"","header-above-stick-meta":"","header-main-stick-meta":"","header-below-stick-meta":"","astra-migrate-meta-layouts":"set","ast-page-background-enabled":"default","ast-page-background-meta":{"desktop":{"background-color":"","background-image":"","background-repeat":"repeat","background-position":"center center","background-size":"auto","background-attachment":"scroll","background-type":"","background-media":"","overlay-type":"","overlay-color":"","overlay-opacity":"","overlay-gradient":""},"tablet":{"background-color":"","background-image":"","background-repeat":"repeat","background-position":"center center","background-size":"auto","background-attachment":"scroll","background-type":"","background-media":"","overlay-type":"","overlay-color":"","overlay-opacity":"","overlay-gradient":""},"mobile":{"background-color":"","background-image":"","background-repeat":"repeat","background-position":"center center","background-size":"auto","background-attachment":"scroll","background-type":"","background-media":"","overlay-type":"","overlay-color":"","overlay-opacity":"","overlay-gradient":""}},"ast-content-background-meta":{"desktop":{"background-color":"var(--ast-global-color-5)","background-image":"","background-repeat":"repeat","background-position":"center center","background-size":"auto","background-attachment":"scroll","background-type":"","background-media":"","overlay-type":"","overlay-color":"","overlay-opacity":"","overlay-gradient":""},"tablet":{"background-color":"var(--ast-global-color-5)","background-image":"","background-repeat":"repeat","background-position":"center center","background-size":"auto","background-attachment":"scroll","background-type":"","background-media":"","overlay-type":"","overlay-color":"","overlay-opacity":"","overlay-gradient":""},"mobile":{"background-color":"var(--ast-global-color-5)","background-image":"","background-repeat":"repeat","background-position":"center center","background-size":"auto","background-attachment":"scroll","background-type":"","background-media":"","overlay-type":"","overlay-color":"","overlay-opacity":"","overlay-gradient":""}}},"product_brand":[],"product_cat":[619,597,601,613,618,614],"product_tag":[],"class_list":{"0":"post-19133","1":"product","2":"type-product","3":"status-publish","4":"has-post-thumbnail","6":"product_cat-berniem","7":"product_cat-davanas","8":"product_cat-eterisko-ellu-maisijumi","9":"product_cat-miegam","10":"product_cat-nomierinosas","11":"product_cat-sievietem","12":"desktop-align-left","13":"tablet-align-left","14":"mobile-align-left","16":"first","17":"instock","18":"taxable","19":"shipping-taxable","20":"product-type-simple"},"_links":{"self":[{"href":"https:\/\/mamaterra.lt\/lv\/wp-json\/wp\/v2\/product\/19133","targetHints":{"allow":["GET"]}}],"collection":[{"href":"https:\/\/mamaterra.lt\/lv\/wp-json\/wp\/v2\/product"}],"about":[{"href":"https:\/\/mamaterra.lt\/lv\/wp-json\/wp\/v2\/types\/product"}],"wp:featuredmedia":[{"embeddable":true,"href":"https:\/\/mamaterra.lt\/lv\/wp-json\/wp\/v2\/media\/19124"}],"wp:attachment":[{"href":"https:\/\/mamaterra.lt\/lv\/wp-json\/wp\/v2\/media?parent=19133"}],"wp:term":[{"taxonomy":"product_brand","embeddable":true,"href":"https:\/\/mamaterra.lt\/lv\/wp-json\/wp\/v2\/product_brand?post=19133"},{"taxonomy":"product_cat","embeddable":true,"href":"https:\/\/mamaterra.lt\/lv\/wp-json\/wp\/v2\/product_cat?post=19133"},{"taxonomy":"product_tag","embeddable":true,"href":"https:\/\/mamaterra.lt\/lv\/wp-json\/wp\/v2\/product_tag?post=19133"}],"curies":[{"name":"wp","href":"https:\/\/api.w.org\/{rel}","templated":true}]}}