{"id":19113,"date":"2023-11-20T18:56:02","date_gmt":"2023-11-20T17:56:02","guid":{"rendered":"https:\/\/mamaterra.lt\/parduotuve\/uncategorized\/doterra-supermint-toothpaste-125g\/"},"modified":"2023-11-20T19:17:00","modified_gmt":"2023-11-20T18:17:00","slug":"doterra-supermint-toothpaste-125g","status":"publish","type":"product","link":"https:\/\/mamaterra.lt\/lv\/parduotuve\/higiena-un-adas-kopsana\/doterra-supermint-toothpaste-125g\/","title":{"rendered":"doTERRA SuperMint Zobu Pasta 125g"},"content":{"rendered":"<p>Krauk\u0161\u0137\u012bga un atsvaidzino\u0161a doTERRA SuperMint zobu pasta pal\u012bdz atsvaidzin\u0101t elpu un izt\u012br\u012bt smaganas, vienlaikus balinot un remineraliz\u0113jot zobus. \u0160\u012b zobu pasta ar doTERRA SuperMint Mentha mais\u012bjumu, kas sast\u0101v no CPTG Certified Pure Tested Grade\u00ae piparm\u0113tras, Jap\u0101nas piparm\u0113tras, bergamotes piparm\u0113tras un dzintara \u0113teriskaj\u0101m e\u013c\u013c\u0101m, ir lielisks papildin\u0101jums dab\u012bgai mutes dobuma higi\u0113nai.<\/p>\n<p>Zobu t\u012br\u012b\u0161ana divas reizes dien\u0101 ar doTERRA SuperMint zobu pastu, k\u0101 ar\u012b pareiza zobu kop\u0161ana var pal\u012bdz\u0113t samazin\u0101t kariesa veido\u0161anos un zobu aplikuma veido\u0161anos. DoTERRA SuperMint zobu pasta bez fluor\u012bdiem satur hidroksiapat\u012btu &#8211; dab\u0101 sastopamu kalcija un fosfora savienojumu. Jaun\u0101kie p\u0113t\u012bjumi liecina, ka hidroksiapat\u012bts var pal\u012bdz\u0113t remineraliz\u0113t un atjaunot emalju, padarot zobus stipr\u0101kus, glud\u0101kus, vesel\u012bg\u0101kus un maz\u0101k jut\u012bgus pret karstumu un aukstumu. doTERRA SuperMint zobu pasta satur ar\u012b hidrat\u0113tu sil\u012bcija dioks\u012bdu un kalcija karbon\u0101tu, kas maigi pul\u0113 zobus. T\u012br\u0101 piparm\u0113tru gar\u0161a padara zobu t\u012br\u012b\u0161anu pat\u012bkamu un pat\u012bkamu ikdienas s\u0101kumu un beigas.<\/p>\n<p>Veg\u0101niem draudz\u012bga &#8211; bez m\u0101ksl\u012bg\u0101m kr\u0101sviel\u0101m un aromatiz\u0113t\u0101jiem &#8211; bez fluor\u012bdiem<\/p>\n<h6>Hydroxyapatite<\/h6>\n<p>Saska\u0146\u0101 ar eksperiment\u0101liem p\u0113t\u012bjumiem pal\u012bdz remineraliz\u0113t un atjaunot zobu emalju. Padara zobus stipr\u0101kus, glud\u0101kus, vesel\u012bg\u0101kus un maz\u0101k jut\u012bgus pret karstumu un aukstumu.<\/p>\n<h6>doTERRA SuperMint Mentha Blend<\/h6>\n<p>Nodro\u0161ina papildu t\u012br\u012b\u0161anas veicin\u0101\u0161anu. Zobu pastai pie\u0161\u0137ir \u012bpa\u0161i svaigu, krauk\u0161\u0137\u012bgu piparm\u0113tru gar\u0161u, kas nodro\u0161ina svaigu un t\u012bru elpu &#8211; un zobu birst\u012bti!- visas dienas garum\u0101.<\/p>\n<p>Uzlabo kop\u0113jo gar\u0161u. Pal\u012bdz uztur\u0113t t\u012brus zobus un smaganas.<br \/>\nHydrated Silica and Calcium Carbonate<br \/>\nDabiski pul\u0113 un pal\u012bdz no\u0146emt zobu traipus, vienlaikus ir pietiekami saudz\u012bgs, lai neboj\u0101tu zobu emalju.<\/p>\n<p>R\u016bp\u012bgi t\u012briet zobus vismaz divas reizes dien\u0101 vai p\u0113c zob\u0101rsta vai \u0101rsta nor\u0101d\u012bjumiem. B\u0113rniem l\u012bdz divu gadu vecumam konsult\u0113jieties ar \u0123imenes \u0101rstu.<\/p>\n<h6>\nBr\u012bdin\u0101jumi<\/h6>\n<p>Lietojiet tikai atbilsto\u0161i nor\u0101d\u012bjumiem. Uzglab\u0101t b\u0113rniem nepieejam\u0101 viet\u0101.<\/p>\n","protected":false},"excerpt":{"rendered":"<ul>\n<li>Nodro\u0161ina hidroksiapat\u012btu, kas pal\u012bdz saglab\u0101t un atjaunot zobu emalju.<\/li>\n<li>Sniedz doTERRA SuperMint Mentha mais\u012bjumu, kas sast\u0101v no piparm\u0113tras, jap\u0101\u0146u piparm\u0113tras, bergamotes piparm\u0113tras un dzintara \u0113teriskaj\u0101m e\u013c\u013c\u0101m, kas nodro\u0161ina svaigu un t\u012bru gar\u0161u.<\/li>\n<li>Satur hidrat\u0113tu sil\u012bcija dioks\u012bdu un kalcija karbon\u0101tu, kas ir dabiski pul\u0113\u0161anas l\u012bdzek\u013ci.<br \/>\n<h2><\/h2>\n<\/li>\n<\/ul>\n","protected":false},"featured_media":19108,"template":"","meta":{"site-sidebar-layout":"default","site-content-layout":"","ast-site-content-layout":"default","site-content-style":"default","site-sidebar-style":"default","ast-global-header-display":"","ast-banner-title-visibility":"","ast-main-header-display":"","ast-hfb-above-header-display":"","ast-hfb-below-header-display":"","ast-hfb-mobile-header-display":"","site-post-title":"","ast-breadcrumbs-content":"","ast-featured-img":"","footer-sml-layout":"","ast-disable-related-posts":"","theme-transparent-header-meta":"default","adv-header-id-meta":"","stick-header-meta":"","header-above-stick-meta":"","header-main-stick-meta":"","header-below-stick-meta":"","astra-migrate-meta-layouts":"set","ast-page-background-enabled":"default","ast-page-background-meta":{"desktop":{"background-color":"","background-image":"","background-repeat":"repeat","background-position":"center center","background-size":"auto","background-attachment":"scroll","background-type":"","background-media":"","overlay-type":"","overlay-color":"","overlay-opacity":"","overlay-gradient":""},"tablet":{"background-color":"","background-image":"","background-repeat":"repeat","background-position":"center center","background-size":"auto","background-attachment":"scroll","background-type":"","background-media":"","overlay-type":"","overlay-color":"","overlay-opacity":"","overlay-gradient":""},"mobile":{"background-color":"","background-image":"","background-repeat":"repeat","background-position":"center center","background-size":"auto","background-attachment":"scroll","background-type":"","background-media":"","overlay-type":"","overlay-color":"","overlay-opacity":"","overlay-gradient":""}},"ast-content-background-meta":{"desktop":{"background-color":"var(--ast-global-color-5)","background-image":"","background-repeat":"repeat","background-position":"center center","background-size":"auto","background-attachment":"scroll","background-type":"","background-media":"","overlay-type":"","overlay-color":"","overlay-opacity":"","overlay-gradient":""},"tablet":{"background-color":"var(--ast-global-color-5)","background-image":"","background-repeat":"repeat","background-position":"center center","background-size":"auto","background-attachment":"scroll","background-type":"","background-media":"","overlay-type":"","overlay-color":"","overlay-opacity":"","overlay-gradient":""},"mobile":{"background-color":"var(--ast-global-color-5)","background-image":"","background-repeat":"repeat","background-position":"center center","background-size":"auto","background-attachment":"scroll","background-type":"","background-media":"","overlay-type":"","overlay-color":"","overlay-opacity":"","overlay-gradient":""}}},"product_brand":[],"product_cat":[619,604,614],"product_tag":[],"class_list":{"0":"post-19113","1":"product","2":"type-product","3":"status-publish","4":"has-post-thumbnail","6":"product_cat-berniem","7":"product_cat-higiena-un-adas-kopsana","8":"product_cat-sievietem","9":"desktop-align-left","10":"tablet-align-left","11":"mobile-align-left","13":"first","14":"instock","15":"taxable","16":"shipping-taxable","17":"purchasable","18":"product-type-simple"},"_links":{"self":[{"href":"https:\/\/mamaterra.lt\/lv\/wp-json\/wp\/v2\/product\/19113","targetHints":{"allow":["GET"]}}],"collection":[{"href":"https:\/\/mamaterra.lt\/lv\/wp-json\/wp\/v2\/product"}],"about":[{"href":"https:\/\/mamaterra.lt\/lv\/wp-json\/wp\/v2\/types\/product"}],"wp:featuredmedia":[{"embeddable":true,"href":"https:\/\/mamaterra.lt\/lv\/wp-json\/wp\/v2\/media\/19108"}],"wp:attachment":[{"href":"https:\/\/mamaterra.lt\/lv\/wp-json\/wp\/v2\/media?parent=19113"}],"wp:term":[{"taxonomy":"product_brand","embeddable":true,"href":"https:\/\/mamaterra.lt\/lv\/wp-json\/wp\/v2\/product_brand?post=19113"},{"taxonomy":"product_cat","embeddable":true,"href":"https:\/\/mamaterra.lt\/lv\/wp-json\/wp\/v2\/product_cat?post=19113"},{"taxonomy":"product_tag","embeddable":true,"href":"https:\/\/mamaterra.lt\/lv\/wp-json\/wp\/v2\/product_tag?post=19113"}],"curies":[{"name":"wp","href":"https:\/\/api.w.org\/{rel}","templated":true}]}}