{"id":19081,"date":"2023-11-17T19:31:34","date_gmt":"2023-11-17T18:31:34","guid":{"rendered":"https:\/\/mamaterra.lt\/parduotuve\/uncategorized\/jasmine-oil-jasminum-grandiflorum-25-ml\/"},"modified":"2024-03-10T18:17:14","modified_gmt":"2024-03-10T17:17:14","slug":"jasmine-oil-jasminum-grandiflorum-25-ml","status":"publish","type":"product","link":"https:\/\/mamaterra.lt\/lv\/parduotuve\/eteriskas-ellas\/tiras-eteriskas-ellas\/jasmine-oil-jasminum-grandiflorum-25-ml\/","title":{"rendered":"Jasmine Oil  Jasminum grandiflorum 2,5 ml"},"content":{"rendered":"<p>&nbsp;<\/p>\n<p>Vizu\u0101li skaists un izteiksm\u012bgs, t\u012bri balts jasm\u012bna zieds tiek asoci\u0113ts ar m\u012blest\u012bbu un romantiku. Jasm\u012bnam piem\u012bt nomierino\u0161s arom\u0101ts, un tas pal\u012bdz rad\u012bt optimistisku atmosf\u0113ru.<\/p>\n<h6>Apraksts<\/h6>\n<p>&nbsp;<\/p>\n<p>T\u0101s arom\u0101ts ir sare\u017e\u0123\u012bts un burv\u012bgs. V\u0113l nesen vien\u012bgais veids, k\u0101 uztvert arom\u0101ta esenci, bija sare\u017e\u0123\u012bts process, kur\u0101 no smalko ziedlapi\u0146u vaskiem un sve\u0137iem atdal\u012bja gaisto\u0161\u0101s vielas, t\u0101d\u0113j\u0101di radot absol\u016bto arom\u0101tu. Tvaika destil\u0101cija nebija iesp\u0113jama, jo jasm\u012bna ziedlapi\u0146as ir delik\u0101tas. P\u0113c gadiem ilgiem p\u0113t\u012bjumiem doTERRA ir atkl\u0101jusi veidu, k\u0101 veiksm\u012bgi ieg\u016bt t\u012bru un dabisku jasm\u012bna ziedu \u0113terisko e\u013c\u013cu, izmantojot tvaika destil\u0101ciju. doTERRA tvaika destil\u0113t\u0101 jasm\u012bna \u0113terisk\u0101 e\u013c\u013ca ir salda, svaiga un ziedu e\u013c\u013ca, kas izsmalcin\u0101ti iem\u016b\u017eina zieda esenci t\u0101 atv\u0113r\u0161an\u0101s laik\u0101. Jasm\u012bnam piem\u012bt nomierino\u0161s arom\u0101ts, un tas pal\u012bdz rad\u012bt optimistisku atmosf\u0113ru. Pievienota nes\u0113jai e\u013c\u013cai, t\u0101 var b\u016bt relaks\u0113jo\u0161as vannas vai nomierino\u0161as mas\u0101\u017eas sast\u0101vda\u013ca. Jasm\u012bna galven\u0101 \u0137\u012bmisk\u0101 sast\u0101vda\u013ca &#8211; benzilbenzo\u0101ts &#8211; veicina vesel\u012bgu \u0101das izskatu.<\/p>\n<p>&nbsp;<\/p>\n<h6>Izmanto<\/h6>\n<ul>\n<li>Izsmidziniet, lai rad\u012btu siltu un aicino\u0161u arom\u0101tu.<\/li>\n<li>At\u0161\u0137aidiet nes\u0113je\u013c\u013c\u0101 un pievienojiet siltai vannai.<\/li>\n<li>Pievienojiet da\u017eus pilienus frakcion\u0113tai kokosriekstu e\u013c\u013cai relaks\u0113jo\u0161ai mas\u0101\u017eai.<\/li>\n<li>Lietojiet lok\u0101li vai pievienojiet \u0101dai vai matiem.<\/li>\n<\/ul>\n<h2><\/h2>\n<p>Arom\u0101tisk\u0101 izmanto\u0161ana: Pievienojiet tr\u012bs l\u012bdz \u010detrus pilienus izv\u0113l\u0113tajam difuzoram.<br \/>\nLok\u0101lai lieto\u0161anai: Uzkl\u0101jiet vienu l\u012bdz divus pilienus uz v\u0113lam\u0101s vietas. At\u0161\u0137aidiet ar nes\u0113je\u013c\u013cu, lai samazin\u0101tu \u0101das jut\u012bgumu. Skat\u012bt turpm\u0101k sniegtos papildu piesardz\u012bbas pas\u0101kumus.<\/p>\n<h6>Br\u012bdin\u0101jumi<\/h6>\n<p>Iesp\u0113jama \u0101das jut\u012bba. Uzglab\u0101t b\u0113rniem nepieejam\u0101 viet\u0101. Ja esat gr\u016btniece, barojat b\u0113rnu ar kr\u016bti vai esat \u0101rsta apr\u016bp\u0113, konsult\u0113jieties ar savu \u0101rstu. Izvair\u012bties no saskares ar ac\u012bm, iek\u0161\u0113j\u0101m aus\u012bm un jut\u012bg\u0101m viet\u0101m.<\/p>\n","protected":false},"excerpt":{"rendered":"<p>Galvenie ieguvumi<br \/>\nNodro\u0161ina nomierino\u0161u un uzmundrino\u0161u arom\u0101tu<br \/>\nrada uzmundrino\u0161u un iedvesmojo\u0161u vidi<br \/>\nVeicina vesel\u012bgu \u0101das izskatu<\/p>\n","protected":false},"featured_media":19077,"template":"","meta":{"site-sidebar-layout":"default","site-content-layout":"","ast-site-content-layout":"default","site-content-style":"default","site-sidebar-style":"default","ast-global-header-display":"","ast-banner-title-visibility":"","ast-main-header-display":"","ast-hfb-above-header-display":"","ast-hfb-below-header-display":"","ast-hfb-mobile-header-display":"","site-post-title":"","ast-breadcrumbs-content":"","ast-featured-img":"","footer-sml-layout":"","ast-disable-related-posts":"","theme-transparent-header-meta":"default","adv-header-id-meta":"","stick-header-meta":"","header-above-stick-meta":"","header-main-stick-meta":"","header-below-stick-meta":"","astra-migrate-meta-layouts":"set","ast-page-background-enabled":"default","ast-page-background-meta":{"desktop":{"background-color":"","background-image":"","background-repeat":"repeat","background-position":"center center","background-size":"auto","background-attachment":"scroll","background-type":"","background-media":"","overlay-type":"","overlay-color":"","overlay-opacity":"","overlay-gradient":""},"tablet":{"background-color":"","background-image":"","background-repeat":"repeat","background-position":"center center","background-size":"auto","background-attachment":"scroll","background-type":"","background-media":"","overlay-type":"","overlay-color":"","overlay-opacity":"","overlay-gradient":""},"mobile":{"background-color":"","background-image":"","background-repeat":"repeat","background-position":"center center","background-size":"auto","background-attachment":"scroll","background-type":"","background-media":"","overlay-type":"","overlay-color":"","overlay-opacity":"","overlay-gradient":""}},"ast-content-background-meta":{"desktop":{"background-color":"var(--ast-global-color-5)","background-image":"","background-repeat":"repeat","background-position":"center center","background-size":"auto","background-attachment":"scroll","background-type":"","background-media":"","overlay-type":"","overlay-color":"","overlay-opacity":"","overlay-gradient":""},"tablet":{"background-color":"var(--ast-global-color-5)","background-image":"","background-repeat":"repeat","background-position":"center center","background-size":"auto","background-attachment":"scroll","background-type":"","background-media":"","overlay-type":"","overlay-color":"","overlay-opacity":"","overlay-gradient":""},"mobile":{"background-color":"var(--ast-global-color-5)","background-image":"","background-repeat":"repeat","background-position":"center center","background-size":"auto","background-attachment":"scroll","background-type":"","background-media":"","overlay-type":"","overlay-color":"","overlay-opacity":"","overlay-gradient":""}}},"product_brand":[],"product_cat":[600,602],"product_tag":[],"class_list":{"0":"post-19081","1":"product","2":"type-product","3":"status-publish","4":"has-post-thumbnail","6":"product_cat-eteriskas-ellas","7":"product_cat-tiras-eteriskas-ellas","8":"desktop-align-left","9":"tablet-align-left","10":"mobile-align-left","12":"first","13":"outofstock","14":"sale","15":"taxable","16":"shipping-taxable","17":"purchasable","18":"product-type-simple"},"_links":{"self":[{"href":"https:\/\/mamaterra.lt\/lv\/wp-json\/wp\/v2\/product\/19081","targetHints":{"allow":["GET"]}}],"collection":[{"href":"https:\/\/mamaterra.lt\/lv\/wp-json\/wp\/v2\/product"}],"about":[{"href":"https:\/\/mamaterra.lt\/lv\/wp-json\/wp\/v2\/types\/product"}],"wp:featuredmedia":[{"embeddable":true,"href":"https:\/\/mamaterra.lt\/lv\/wp-json\/wp\/v2\/media\/19077"}],"wp:attachment":[{"href":"https:\/\/mamaterra.lt\/lv\/wp-json\/wp\/v2\/media?parent=19081"}],"wp:term":[{"taxonomy":"product_brand","embeddable":true,"href":"https:\/\/mamaterra.lt\/lv\/wp-json\/wp\/v2\/product_brand?post=19081"},{"taxonomy":"product_cat","embeddable":true,"href":"https:\/\/mamaterra.lt\/lv\/wp-json\/wp\/v2\/product_cat?post=19081"},{"taxonomy":"product_tag","embeddable":true,"href":"https:\/\/mamaterra.lt\/lv\/wp-json\/wp\/v2\/product_tag?post=19081"}],"curies":[{"name":"wp","href":"https:\/\/api.w.org\/{rel}","templated":true}]}}