{"id":19044,"date":"2023-11-17T18:48:45","date_gmt":"2023-11-17T17:48:45","guid":{"rendered":"https:\/\/mamaterra.lt\/parduotuve\/uncategorized\/kintana-essential-oil-personal-aroma-8-ml-spray\/"},"modified":"2023-11-17T18:59:26","modified_gmt":"2023-11-17T17:59:26","slug":"kintana-essential-oil-personal-aroma-8-ml-spray","status":"publish","type":"product","link":"https:\/\/mamaterra.lt\/lv\/parduotuve\/eteriskas-ellas\/eterisko-ellu-maisijumi\/kintana-essential-oil-personal-aroma-8-ml-spray\/","title":{"rendered":"Kintana \u0113terisko e\u013c\u013cu person\u012bgais arom\u0101ts 8 ml aerosola"},"content":{"rendered":"<h6>Kintana \u0113terisko e\u013c\u013cu person\u012bgais arom\u0101ts 8 ml aerosola<\/h6>\n<p>Galvenie ieguvumi<br \/>\n+ Salds, smalks arom\u0101ts<br \/>\n+ Sniedz neparastu person\u012bgo arom\u0101tu, izmantojot CPTG\u00ae \u0113terisk\u0101s e\u013c\u013cas un no cukura atvasin\u0101tu spirtu.<br \/>\n+ Nodro\u0161ina burv\u012bgi bag\u0101t\u012bgu, spilgtu arom\u0101tu<\/p>\n<p>Neskart\u0101 un iespaid\u012bg\u0101, majest\u0101tisk\u0101 Madagaskaras sala ir m\u0101jvieta satrieco\u0161\u0101m ainav\u0101m, elpu aizraujo\u0161am dabas skaistumam un pasaul\u0113 unik\u0101l\u0101kajai florai un faunai.<br \/>\nkas nav sastopama nekur citur uz Zemes. \u0160\u012b idillisk\u0101 sala ir iedvesmojusi Kintana person\u012bgo arom\u0101tisko aerosolu ar maigi saldo arom\u0101tu, kas sast\u0101v no Ylang Ylang, gard\u0113nijas un sandalkoka,<br \/>\nVetivera, pa\u010d\u016blijas un krustnagli\u0146u pumpuru. \u0160\u012bs \u0113terisk\u0101s e\u013c\u013cas kop\u0101 rada neatvair\u0101mu un pacil\u0101jo\u0161u smar\u017eu.<\/p>\n<p>Lieto\u0161ana<br \/>\n+ Uzsmidzin\u0101t uz kailas \u0101das.<br \/>\n+ Lietojiet uz pulsa punktiem, piem\u0113ram, plaukstu loc\u012btav\u0101m, elko\u0146iem, kakla vai aiz ce\u013cgaliem.<br \/>\n+ P\u0113c du\u0161as izsmidziniet smar\u017eu uz visa \u0137erme\u0146a, lai t\u0101 iesl\u0113gtos arom\u0101t\u0101.<\/p>\n<p>Uzman\u012bbu<br \/>\nIesp\u0113jama \u0101das jut\u012bba. Uzglab\u0101t b\u0113rniem nepieejam\u0101 viet\u0101. Ja esat gr\u016btniece, barojat b\u0113rnu ar kr\u016bti vai esat \u0101rsta apr\u016bp\u0113, konsult\u0113jieties ar savu \u0101rstu. Izvair\u012bties no saskares ar ac\u012bm, iek\u0161\u0113j\u0101m aus\u012bm un jut\u012bg\u0101m viet\u0101m.<\/p>\n<p>Izvair\u012bties no saules un UV staru iedarb\u012bbas vismaz 12 stundas p\u0113c produkta lieto\u0161anas.<\/p>\n<p>L\u012bdz iz\u017e\u016b\u0161anai viegli uzliesmojo\u0161s. Uzglab\u0101t prom no liesm\u0101m un karstuma.<\/p>\n<p>Sast\u0101vs<\/p>\n<p>Alcohol, Water (Aqua), Cananga odorata Flower Oil, Gardenia florida Oil, Citrus aurantium bergamia (Bergamot) Fruit Oil, Santalum album (Sandalwood) Oil, Vetiveria zizanoides (Vetiver) Root Oil, Pogostemon cablin Oil, Styrax benzoin Resin Extract, Eugenia caryophyllus (Clove) Bud Oil, Evernia prunastri (Oakmoss) Extract<\/p>\n","protected":false},"excerpt":{"rendered":"<p>Galvenie ieguvumi<br \/>\n+ Salds, smalks arom\u0101ts<br \/>\n+ Sniedz neparastu person\u012bgo arom\u0101tu, izmantojot CPTG\u00ae \u0113terisk\u0101s e\u013c\u013cas un no cukura atvasin\u0101tu spirtu.<br \/>\n+ Nodro\u0161ina burv\u012bgi bag\u0101t\u012bgu, spilgtu arom\u0101tu<\/p>\n<p>&nbsp;<\/p>\n","protected":false},"featured_media":19040,"template":"","meta":{"site-sidebar-layout":"default","site-content-layout":"","ast-site-content-layout":"default","site-content-style":"default","site-sidebar-style":"default","ast-global-header-display":"","ast-banner-title-visibility":"","ast-main-header-display":"","ast-hfb-above-header-display":"","ast-hfb-below-header-display":"","ast-hfb-mobile-header-display":"","site-post-title":"","ast-breadcrumbs-content":"","ast-featured-img":"","footer-sml-layout":"","ast-disable-related-posts":"","theme-transparent-header-meta":"default","adv-header-id-meta":"","stick-header-meta":"","header-above-stick-meta":"","header-main-stick-meta":"","header-below-stick-meta":"","astra-migrate-meta-layouts":"set","ast-page-background-enabled":"default","ast-page-background-meta":{"desktop":{"background-color":"","background-image":"","background-repeat":"repeat","background-position":"center center","background-size":"auto","background-attachment":"scroll","background-type":"","background-media":"","overlay-type":"","overlay-color":"","overlay-opacity":"","overlay-gradient":""},"tablet":{"background-color":"","background-image":"","background-repeat":"repeat","background-position":"center center","background-size":"auto","background-attachment":"scroll","background-type":"","background-media":"","overlay-type":"","overlay-color":"","overlay-opacity":"","overlay-gradient":""},"mobile":{"background-color":"","background-image":"","background-repeat":"repeat","background-position":"center center","background-size":"auto","background-attachment":"scroll","background-type":"","background-media":"","overlay-type":"","overlay-color":"","overlay-opacity":"","overlay-gradient":""}},"ast-content-background-meta":{"desktop":{"background-color":"var(--ast-global-color-5)","background-image":"","background-repeat":"repeat","background-position":"center center","background-size":"auto","background-attachment":"scroll","background-type":"","background-media":"","overlay-type":"","overlay-color":"","overlay-opacity":"","overlay-gradient":""},"tablet":{"background-color":"var(--ast-global-color-5)","background-image":"","background-repeat":"repeat","background-position":"center center","background-size":"auto","background-attachment":"scroll","background-type":"","background-media":"","overlay-type":"","overlay-color":"","overlay-opacity":"","overlay-gradient":""},"mobile":{"background-color":"var(--ast-global-color-5)","background-image":"","background-repeat":"repeat","background-position":"center center","background-size":"auto","background-attachment":"scroll","background-type":"","background-media":"","overlay-type":"","overlay-color":"","overlay-opacity":"","overlay-gradient":""}}},"product_brand":[],"product_cat":[597,598,601,614],"product_tag":[1872,1873,1874,1875,1876],"class_list":{"0":"post-19044","1":"product","2":"type-product","3":"status-publish","4":"has-post-thumbnail","6":"product_cat-davanas","7":"product_cat-davanas-sievietem","8":"product_cat-eterisko-ellu-maisijumi","9":"product_cat-sievietem","10":"product_tag-for-women-lv","11":"product_tag-fragrance-lv","12":"product_tag-gift-lv","13":"product_tag-personal-aroma-lv","14":"product_tag-personalhygiene-lv","15":"desktop-align-left","16":"tablet-align-left","17":"mobile-align-left","19":"first","20":"outofstock","21":"sale","22":"taxable","23":"shipping-taxable","24":"purchasable","25":"product-type-simple"},"_links":{"self":[{"href":"https:\/\/mamaterra.lt\/lv\/wp-json\/wp\/v2\/product\/19044","targetHints":{"allow":["GET"]}}],"collection":[{"href":"https:\/\/mamaterra.lt\/lv\/wp-json\/wp\/v2\/product"}],"about":[{"href":"https:\/\/mamaterra.lt\/lv\/wp-json\/wp\/v2\/types\/product"}],"wp:featuredmedia":[{"embeddable":true,"href":"https:\/\/mamaterra.lt\/lv\/wp-json\/wp\/v2\/media\/19040"}],"wp:attachment":[{"href":"https:\/\/mamaterra.lt\/lv\/wp-json\/wp\/v2\/media?parent=19044"}],"wp:term":[{"taxonomy":"product_brand","embeddable":true,"href":"https:\/\/mamaterra.lt\/lv\/wp-json\/wp\/v2\/product_brand?post=19044"},{"taxonomy":"product_cat","embeddable":true,"href":"https:\/\/mamaterra.lt\/lv\/wp-json\/wp\/v2\/product_cat?post=19044"},{"taxonomy":"product_tag","embeddable":true,"href":"https:\/\/mamaterra.lt\/lv\/wp-json\/wp\/v2\/product_tag?post=19044"}],"curies":[{"name":"wp","href":"https:\/\/api.w.org\/{rel}","templated":true}]}}